{"id":3167,"date":"2018-10-17T15:59:46","date_gmt":"2018-10-17T07:59:46","guid":{"rendered":"https:\/\/believeindustry.company\/?page_id=3167"},"modified":"2026-04-12T12:54:30","modified_gmt":"2026-04-12T04:54:30","slug":"degistirilebilir-cz-asik-rulo-sekillendirme-makinesi-2","status":"publish","type":"page","link":"https:\/\/believeindustry.company\/tr\/interchangeable-c-z-purlin-roll-forming-machine-2\/","title":{"rendered":"De\u011fi\u015ftirilebilir C\/Z A\u015f\u0131k Rulo \u015eekillendirme Makinesi"},"content":{"rendered":"<p><strong>De\u011fi\u015ftirilebilir c\/z a\u015f\u0131k rulo \u015fekillendirme<\/strong> Bu makine, \u00e7e\u015fitli ebatlarda C ve Z profilli a\u015f\u0131klar \u00fcretir. Ve ebat ayarlamas\u0131 tamamen otomatiktir.<\/p>\n\n\n\n<p>Geleneksel bir C veya Z profilli kiri\u015f \u015fekillendirme makinesi yaln\u0131zca \u00e7e\u015fitli boyutlarda C veya Z profiller \u00fcretebilir. G\u00f6vde boyutu 80-350 mm, flan\u015f boyutu 50-100 mm ve dudak boyutu 10-20 mm&#039;dir. Makine, ara par\u00e7alar\u0131n manuel olarak ayarlanmas\u0131n\u0131 ve kesici b\u0131\u00e7a\u011f\u0131n de\u011fi\u015ftirilmesini gerektirir. Ve bu i\u015flem, deneyimli bir m\u00fchendis i\u00e7in en az 2 saat s\u00fcrer.<\/p>\n\n\n\n<p><a href=\"http:\/\/www.belirollform.com\" target=\"_blank\" rel=\"noopener\">Believe Industry Company<\/a> De\u011fi\u015ftirilebilir C\/Z a\u015f\u0131k rulo \u015fekillendirme makinesi, yukar\u0131da belirtilen t\u00fcm C ve Z a\u015f\u0131k ebatlar\u0131n\u0131 \u00fcretebilir. Boyut ayarlamas\u0131 tamamen otomatiktir ve kesit de\u011fi\u015fimi sadece 2 dakika s\u00fcrer. <a href=\"https:\/\/believeindustry.company\/tr\/rulo-sekillendirme-makinesi\/asik-rulo-sekillendirme-makinesi\/cz-asik-rulo-sekillendirme-makinesi\/\">Daha Fazlas\u0131n\u0131 G\u00f6r\u00fcnt\u00fcle<\/a>.<\/p>\n\n\n\n<figure class=\"wp-block-image\"><img fetchpriority=\"high\" decoding=\"async\" width=\"803\" height=\"585\" data-attachment-id=\"3168\" data-permalink=\"https:\/\/believeindustry.company\/tr\/?attachment_id=3168\" data-orig-file=\"https:\/\/believeindustry.company\/wp-content\/uploads\/2018\/10\/interchangeable-c-z-purlin-roll-forming-machine.png\" data-orig-size=\"803,585\" data-comments-opened=\"1\" data-image-meta=\"{&quot;aperture&quot;:&quot;0&quot;,&quot;credit&quot;:&quot;&quot;,&quot;camera&quot;:&quot;&quot;,&quot;caption&quot;:&quot;&quot;,&quot;created_timestamp&quot;:&quot;0&quot;,&quot;copyright&quot;:&quot;&quot;,&quot;focal_length&quot;:&quot;0&quot;,&quot;iso&quot;:&quot;0&quot;,&quot;shutter_speed&quot;:&quot;0&quot;,&quot;title&quot;:&quot;&quot;,&quot;orientation&quot;:&quot;0&quot;}\" data-image-title=\"interchangeable c z purlin roll forming machine\" data-image-description=\"\" data-image-caption=\"\" data-large-file=\"https:\/\/believeindustry.company\/wp-content\/uploads\/2018\/10\/interchangeable-c-z-purlin-roll-forming-machine.png\" src=\"https:\/\/believeindustry.company\/wp-content\/uploads\/2018\/10\/interchangeable-c-z-purlin-roll-forming-machine.png\" alt=\"de\u011fi\u015ftirilebilir c\/z a\u015f\u0131k rulo \u015fekillendirme makinesi\" class=\"wp-image-3168\" srcset=\"https:\/\/believeindustry.company\/wp-content\/uploads\/2018\/10\/interchangeable-c-z-purlin-roll-forming-machine.png 803w, https:\/\/believeindustry.company\/wp-content\/uploads\/2018\/10\/interchangeable-c-z-purlin-roll-forming-machine-600x437.png 600w, https:\/\/believeindustry.company\/wp-content\/uploads\/2018\/10\/interchangeable-c-z-purlin-roll-forming-machine-300x219.png 300w\" sizes=\"(max-width: 803px) 100vw, 803px\" \/><\/figure>\n\n\n\n<h2 class=\"wp-block-heading\">C\/Z a\u015f\u0131k rulosu \u015fekillendiricisinin d\u00fczeni<\/h2>\n\n\n\n<figure class=\"wp-block-image\"><img decoding=\"async\" width=\"1500\" height=\"341\" data-attachment-id=\"3170\" data-permalink=\"https:\/\/believeindustry.company\/tr\/interchangeable-c-z-purlin-roll-forming-machine-2\/layout-of-c-z-purlin-roll-former\/\" data-orig-file=\"https:\/\/believeindustry.company\/wp-content\/uploads\/2018\/10\/layout-of-c-z-purlin-roll-former.png\" data-orig-size=\"1500,341\" data-comments-opened=\"1\" data-image-meta=\"{&quot;aperture&quot;:&quot;0&quot;,&quot;credit&quot;:&quot;&quot;,&quot;camera&quot;:&quot;&quot;,&quot;caption&quot;:&quot;&quot;,&quot;created_timestamp&quot;:&quot;0&quot;,&quot;copyright&quot;:&quot;&quot;,&quot;focal_length&quot;:&quot;0&quot;,&quot;iso&quot;:&quot;0&quot;,&quot;shutter_speed&quot;:&quot;0&quot;,&quot;title&quot;:&quot;&quot;,&quot;orientation&quot;:&quot;0&quot;}\" data-image-title=\"layout of c z purlin roll former\" data-image-description=\"\" data-image-caption=\"\" data-large-file=\"https:\/\/believeindustry.company\/wp-content\/uploads\/2018\/10\/layout-of-c-z-purlin-roll-former-1024x233.png\" src=\"https:\/\/believeindustry.company\/wp-content\/uploads\/2018\/10\/layout-of-c-z-purlin-roll-former.png\" alt=\"\" class=\"wp-image-3170\" srcset=\"https:\/\/believeindustry.company\/wp-content\/uploads\/2018\/10\/layout-of-c-z-purlin-roll-former.png 1500w, https:\/\/believeindustry.company\/wp-content\/uploads\/2018\/10\/layout-of-c-z-purlin-roll-former-600x136.png 600w, https:\/\/believeindustry.company\/wp-content\/uploads\/2018\/10\/layout-of-c-z-purlin-roll-former-300x68.png 300w, https:\/\/believeindustry.company\/wp-content\/uploads\/2018\/10\/layout-of-c-z-purlin-roll-former-1024x233.png 1024w\" sizes=\"(max-width: 1500px) 100vw, 1500px\" \/><\/figure>\n\n\n\n<h2 class=\"wp-block-heading\">De\u011fi\u015ftirilebilir C\/Z A\u015f\u0131k Rulo \u015eekillendirme Makinesinin Tan\u0131t\u0131m\u0131<\/h2>\n\n\n\n<h3 class=\"wp-block-heading\"><strong>5 Tonluk Hidrolik Bobin A\u00e7\u0131c\u0131<\/strong><\/h3>\n\n\n\n<figure class=\"wp-block-table aligncenter\"><table><tbody><tr><td><strong>Tan\u0131m<\/strong><\/td><td><strong>Teknik \u00d6zellikler<\/strong><\/td><\/tr><tr><td>Y\u00fckleme Kapasitesi<\/td><td>5 Ton<\/td><\/tr><tr><td>Maksimum Bobin Geni\u015fli\u011fi:<\/td><td>600 mm<\/td><\/tr><tr><td>Bobin \u0130\u00e7 \u00c7ap\u0131<\/td><td>480-600 mm<\/td><\/tr><tr><td>Bobin D\u0131\u015f \u00c7ap\u0131<\/td><td>Maksimum 1600 mm<\/td><\/tr><tr><td>Motor G\u00fcc\u00fcn\u00fc A\u00e7ma<\/td><td>4 kW<\/td><\/tr><tr><td>Hidrolik \u0130stasyon Motor G\u00fcc\u00fc<\/td><td>3 kW<\/td><\/tr><tr><td>H\u0131z\u0131n A\u00e7\u0131lmas\u0131<\/td><td>12-15 m\/dak, rulo \u015fekillendirme makinesinin h\u0131z\u0131yla e\u015fle\u015fecektir.<\/td><\/tr><\/tbody><\/table><\/figure>\n\n\n\n<h3 class=\"wp-block-heading\"><strong>Besleme, Y\u00f6nlendirme ve Dengeleme<\/strong><\/h3>\n\n\n\n<figure class=\"wp-block-table aligncenter\"><table><tbody><tr><td>Tan\u0131m<\/td><td><strong>Teknik \u00d6zellikler<\/strong><\/td><\/tr><tr><td>Geni\u015flik aral\u0131\u011f\u0131<\/td><td>150-600 mm<\/td><\/tr><tr><td>Kesme Kal\u0131b\u0131 Malzemesi<\/td><td>CR12, HRC 58-62<\/td><\/tr><tr><td>Hidrolik Motor G\u00fcc\u00fc<\/td><td>Direk kesme makinesiyle ayn\u0131 hidrolik istasyonu kullan\u0131n.<\/td><\/tr><tr><td>S\u0131k\u0131\u015ft\u0131rma Silindiri Malzemesi<\/td><td>ASTM 1045 standard\u0131na uygun, y\u00fczeyi krom kapl\u0131.<\/td><\/tr><tr><td>Yan Duvar Paneli ve Tekerlekler<\/td><td>Siyah Kaplama<\/td><\/tr><tr><td>Kol Makaralar\u0131<\/td><td>\u00dcst 3, Alt 4<\/td><\/tr><tr><td>Tesviye Silindirleri Malzemesi<\/td><td>ASTM 1045, Kromlu, 90 mm \u00c7ap<\/td><\/tr><tr><td>Dengeleme Motor G\u00fcc\u00fc<\/td><td>5,5 kW<\/td><\/tr><\/tbody><\/table><\/figure>\n\n\n\n<h3 class=\"wp-block-heading\">C\/Z A\u015f\u0131k Rulo \u015eekillendirme Makinesi De\u011firmeni<\/h3>\n\n\n\n<figure class=\"wp-block-table aligncenter\"><table><tbody><tr><td><strong>Tan\u0131m<\/strong><\/td><td><strong>Teknik \u00d6zellikler<\/strong><\/td><\/tr><tr><td>Kal\u0131nl\u0131k<\/td><td>1,5-3 mm Yumu\u015fak \u00c7elik<\/td><\/tr><tr><td>Makaral\u0131 \u0130stasyonlar<\/td><td>18-20<\/td><\/tr><tr><td>\u015eaft Malzemesi<\/td><td>ASTM 1045, 90 mm \u00c7ap, HB 220-260<\/td><\/tr><tr><td>Silindir Malzemesi<\/td><td>CR12, 58-62&#039;de s\u00f6nd\u00fcr\u00fclm\u00fc\u015f, y\u00fczeyi krom kapl\u0131<\/td><\/tr><tr><td>Motor G\u00fcc\u00fc:<\/td><td>22 kW<\/td><\/tr><tr><td>Geni\u015flik Ayar G\u00fcc\u00fc:<\/td><td>Flan\u015f ayar\u0131 i\u00e7in 0,75KW*2, g\u00f6vde ayar\u0131 i\u00e7in 1,5KW<\/td><\/tr><tr><td>\u015eekillendirme H\u0131z\u0131<\/td><td>12-15 m\/dak (delme ve kesme i\u015flemleri hari\u00e7)<\/td><\/tr><tr><td>Y\u00f6nlendirilmi\u015f Y\u00f6ntem<\/td><td>Zincir ve Di\u015fli<\/td><\/tr><\/tbody><\/table><\/figure>\n\n\n\n<h3 class=\"wp-block-heading\">Delik A\u00e7ma Cihaz\u0131<\/h3>\n\n\n\n<figure class=\"wp-block-table aligncenter\"><table class=\"has-fixed-layout\"><tbody><tr><td><strong>Tan\u0131m<\/strong><\/td><td><strong>Teknik \u00d6zellikler<\/strong><\/td><\/tr><tr><td>Delme Kal\u0131p Malzemesi<\/td><td>CR12, HRC 60-62 derece<\/td><\/tr><tr><td>Hidrolik Motor G\u00fcc\u00fc<\/td><td>7,5 kW<\/td><\/tr><tr><td>Hidrolik \u00c7al\u0131\u015fma Bas\u0131nc\u0131<\/td><td>12-16 MPa<\/td><\/tr><tr><td>Uzunluk \u00d6l\u00e7\u00fcm\u00fc<\/td><td>Omron Kodlay\u0131c\u0131<\/td><\/tr><\/tbody><\/table><\/figure>\n\n\n\n<h3 class=\"wp-block-heading\">\u00c7ok Fonksiyonlu<strong> Hidrolik Kesme Cihaz\u0131<\/strong><\/h3>\n\n\n\n<figure class=\"wp-block-table aligncenter\"><table><tbody><tr><td><strong>Tan\u0131m<\/strong><\/td><td><strong>Teknik \u00d6zellikler<\/strong><\/td><\/tr><tr><td>Kesme Kal\u0131b\u0131 Malzemesi<\/td><td>CR12, HRC 60-62 derece<\/td><\/tr><tr><td>Hidrolik Motor G\u00fcc\u00fc<\/td><td>7,5 kW<\/td><\/tr><tr><td>Hidrolik \u00c7al\u0131\u015fma Bas\u0131nc\u0131<\/td><td>12-16 MPa<\/td><\/tr><tr><td>Uzunluk \u00d6l\u00e7\u00fcm\u00fc<\/td><td>Omron Kodlay\u0131c\u0131<\/td><\/tr><\/tbody><\/table><\/figure>\n\n\n\n<h3 class=\"wp-block-heading\">Kontrol Paneli<\/h3>\n\n\n\n<figure class=\"wp-block-table aligncenter\"><table><tbody><tr><td><strong>Tan\u0131m<\/strong><\/td><td><strong>Teknik \u00d6zellikler<\/strong><\/td><\/tr><tr><td>Gerilim ve Frekans<\/td><td>400V, 50Hz, 3 Faz <strong>L\u00fctfen onaylay\u0131n.<\/strong>)<\/td><\/tr><tr><td>Dokunmatik Ekran<\/td><td>MCGS<\/td><\/tr><tr><td>PLC<\/td><td>Panasonic<\/td><\/tr><tr><td>Kodlay\u0131c\u0131<\/td><td>Omron<\/td><\/tr><tr><td>Frekans D\u00f6n\u00fc\u015ft\u00fcr\u00fcc\u00fc Markas\u0131<\/td><td>Yaskava<\/td><\/tr><\/tbody><\/table><\/figure>\n\n\n\n<h2 class=\"wp-block-heading\">Foto\u011fraf Galerisi<\/h2>\n\n\n\n<figure class=\"wp-block-gallery has-nested-images columns-default is-cropped wp-block-gallery-1 is-layout-flex wp-block-gallery-is-layout-flex\">\n<figure class=\"wp-block-image\"><img decoding=\"async\" width=\"719\" height=\"529\" data-attachment-id=\"3178\" data-permalink=\"https:\/\/believeindustry.company\/tr\/feeding-and-leveler-of-c-and-z-purlin-roll-forming-machine-2\/\" data-orig-file=\"https:\/\/believeindustry.company\/wp-content\/uploads\/2018\/10\/Feeding-and-Leveler-of-c-and-z-purlin-roll-forming-machine-1.png\" data-orig-size=\"719,529\" data-comments-opened=\"1\" data-image-meta=\"{&quot;aperture&quot;:&quot;0&quot;,&quot;credit&quot;:&quot;&quot;,&quot;camera&quot;:&quot;&quot;,&quot;caption&quot;:&quot;&quot;,&quot;created_timestamp&quot;:&quot;0&quot;,&quot;copyright&quot;:&quot;&quot;,&quot;focal_length&quot;:&quot;0&quot;,&quot;iso&quot;:&quot;0&quot;,&quot;shutter_speed&quot;:&quot;0&quot;,&quot;title&quot;:&quot;&quot;,&quot;orientation&quot;:&quot;0&quot;}\" data-image-title=\"Feeding and Leveler of c and z purlin roll forming machine\" data-image-description=\"\" data-image-caption=\"\" data-large-file=\"https:\/\/believeindustry.company\/wp-content\/uploads\/2018\/10\/Feeding-and-Leveler-of-c-and-z-purlin-roll-forming-machine-1.png\" data-id=\"3178\" src=\"https:\/\/believeindustry.company\/wp-content\/uploads\/2018\/10\/Feeding-and-Leveler-of-c-and-z-purlin-roll-forming-machine-1.png\" alt=\"\" class=\"wp-image-3178\" srcset=\"https:\/\/believeindustry.company\/wp-content\/uploads\/2018\/10\/Feeding-and-Leveler-of-c-and-z-purlin-roll-forming-machine-1.png 719w, https:\/\/believeindustry.company\/wp-content\/uploads\/2018\/10\/Feeding-and-Leveler-of-c-and-z-purlin-roll-forming-machine-1-600x441.png 600w, https:\/\/believeindustry.company\/wp-content\/uploads\/2018\/10\/Feeding-and-Leveler-of-c-and-z-purlin-roll-forming-machine-1-300x221.png 300w\" sizes=\"(max-width: 719px) 100vw, 719px\" \/><\/figure>\n\n\n\n<figure class=\"wp-block-image\"><img loading=\"lazy\" decoding=\"async\" width=\"800\" height=\"600\" data-attachment-id=\"3174\" data-permalink=\"https:\/\/believeindustry.company\/tr\/interchangeable-c-z-purlin-roll-forming-machine-2\/roll-forming-parts-of-c-and-z-purlin-roll-forming-mill\/\" data-orig-file=\"https:\/\/believeindustry.company\/wp-content\/uploads\/2018\/10\/roll-forming-parts-of-c-and-z-purlin-roll-forming-mill.png\" data-orig-size=\"800,600\" data-comments-opened=\"1\" data-image-meta=\"{&quot;aperture&quot;:&quot;0&quot;,&quot;credit&quot;:&quot;&quot;,&quot;camera&quot;:&quot;&quot;,&quot;caption&quot;:&quot;&quot;,&quot;created_timestamp&quot;:&quot;0&quot;,&quot;copyright&quot;:&quot;&quot;,&quot;focal_length&quot;:&quot;0&quot;,&quot;iso&quot;:&quot;0&quot;,&quot;shutter_speed&quot;:&quot;0&quot;,&quot;title&quot;:&quot;&quot;,&quot;orientation&quot;:&quot;0&quot;}\" data-image-title=\"roll forming parts of c and z purlin roll forming mill\" data-image-description=\"\" data-image-caption=\"\" data-large-file=\"https:\/\/believeindustry.company\/wp-content\/uploads\/2018\/10\/roll-forming-parts-of-c-and-z-purlin-roll-forming-mill.png\" data-id=\"3174\" src=\"https:\/\/believeindustry.company\/wp-content\/uploads\/2018\/10\/roll-forming-parts-of-c-and-z-purlin-roll-forming-mill.png\" alt=\"C ve Z a\u015f\u0131k rulo \u015fekillendirme de\u011firmeninin rulo \u015fekillendirme par\u00e7alar\u0131\" class=\"wp-image-3174\" srcset=\"https:\/\/believeindustry.company\/wp-content\/uploads\/2018\/10\/roll-forming-parts-of-c-and-z-purlin-roll-forming-mill.png 800w, https:\/\/believeindustry.company\/wp-content\/uploads\/2018\/10\/roll-forming-parts-of-c-and-z-purlin-roll-forming-mill-600x450.png 600w, https:\/\/believeindustry.company\/wp-content\/uploads\/2018\/10\/roll-forming-parts-of-c-and-z-purlin-roll-forming-mill-300x225.png 300w\" sizes=\"(max-width: 800px) 100vw, 800px\" \/><\/figure>\n\n\n\n<figure class=\"wp-block-image\"><img loading=\"lazy\" decoding=\"async\" width=\"741\" height=\"541\" data-attachment-id=\"3175\" data-permalink=\"https:\/\/believeindustry.company\/tr\/roll-forming-machine\/purlin-roll-forming-machine\/c-z-purlin-roll-forming-machine\/punch-holes-device-2\/\" data-orig-file=\"https:\/\/believeindustry.company\/wp-content\/uploads\/2018\/10\/punch-holes-device-1.png\" data-orig-size=\"741,541\" data-comments-opened=\"1\" data-image-meta=\"{&quot;aperture&quot;:&quot;0&quot;,&quot;credit&quot;:&quot;&quot;,&quot;camera&quot;:&quot;&quot;,&quot;caption&quot;:&quot;&quot;,&quot;created_timestamp&quot;:&quot;0&quot;,&quot;copyright&quot;:&quot;&quot;,&quot;focal_length&quot;:&quot;0&quot;,&quot;iso&quot;:&quot;0&quot;,&quot;shutter_speed&quot;:&quot;0&quot;,&quot;title&quot;:&quot;&quot;,&quot;orientation&quot;:&quot;0&quot;}\" data-image-title=\"punch holes device\" data-image-description=\"\" data-image-caption=\"\" data-large-file=\"https:\/\/believeindustry.company\/wp-content\/uploads\/2018\/10\/punch-holes-device-1.png\" data-id=\"3175\" src=\"https:\/\/believeindustry.company\/wp-content\/uploads\/2018\/10\/punch-holes-device-1.png\" alt=\"delik a\u00e7ma cihaz\u0131\" class=\"wp-image-3175\" srcset=\"https:\/\/believeindustry.company\/wp-content\/uploads\/2018\/10\/punch-holes-device-1.png 741w, https:\/\/believeindustry.company\/wp-content\/uploads\/2018\/10\/punch-holes-device-1-600x438.png 600w, https:\/\/believeindustry.company\/wp-content\/uploads\/2018\/10\/punch-holes-device-1-300x219.png 300w\" sizes=\"(max-width: 741px) 100vw, 741px\" \/><\/figure>\n<\/figure>","protected":false},"excerpt":{"rendered":"<p>Interchangeable c\/z purlin roll forming machine produce cee and zed purlins with various sizes. And the size adjustment is whole automatic A traditional c or z purlin roll forming machine only can produce various sizes of c or z purlins. The web size 80-350mm, flange size 50-100mm and the lip size is 10-20mm. The machine [&hellip;]<\/p>\n","protected":false},"author":2,"featured_media":3172,"parent":0,"menu_order":0,"comment_status":"closed","ping_status":"closed","template":"","meta":{"_angie_page":false,"footnotes":"","big_sky_generated":false},"tags":[607848726,607846397,607848725,607851244],"class_list":["post-3167","page","type-page","status-publish","has-post-thumbnail","hentry","tag-c-z-purlin-cold-roll-forming-machine","tag-c-z-purlin-roll-forming-machine","tag-c-z-purlin-roll-former","tag-construction-and-steel-structure"],"blocksy_meta":[],"jetpack_sharing_enabled":true,"jetpack_shortlink":"https:\/\/wp.me\/P9K5n8-P5","jetpack_likes_enabled":false,"jetpack-related-posts":[{"id":838,"url":"https:\/\/believeindustry.company\/tr\/roll-forming-machine\/purlin-roll-forming-machine\/z-purlin-roll-forming-machine\/","url_meta":{"origin":3167,"position":0},"title":"Z A\u015f\u0131k Rulo \u015eekillendirme Makinesi","author":"Believe Industry Group","date":"Nisan 2, 2018","format":false,"excerpt":"Z \u00a0Purlin Roll Forming Machine is used to produce Z Purlins, which webs width is 80-350mm, flange width is 35-80mm, thickness is 1.5-5mm. Introduction of Z Purlin Roll Forming Machine What's Z Purlin? Z Purlin, \u00a0which point symmetric sections that are shaped similar to the letter \"Z\" are referenced as\u2026","rel":"","context":"\"Construction and Steel Structure\" i\u00e7inde","block_context":{"text":"Construction and Steel Structure","link":"https:\/\/believeindustry.company\/tr\/tag\/construction-and-steel-structure\/"},"img":{"alt_text":"z purlin roll forming machine","src":"https:\/\/i0.wp.com\/believeindustry.company\/wp-content\/uploads\/2018\/04\/z-purlin-roll-forming-machine-e1522733510258.jpg?resize=350%2C200&ssl=1","width":350,"height":200,"srcset":"https:\/\/i0.wp.com\/believeindustry.company\/wp-content\/uploads\/2018\/04\/z-purlin-roll-forming-machine-e1522733510258.jpg?resize=350%2C200&ssl=1 1x, https:\/\/i0.wp.com\/believeindustry.company\/wp-content\/uploads\/2018\/04\/z-purlin-roll-forming-machine-e1522733510258.jpg?resize=525%2C300&ssl=1 1.5x, https:\/\/i0.wp.com\/believeindustry.company\/wp-content\/uploads\/2018\/04\/z-purlin-roll-forming-machine-e1522733510258.jpg?resize=700%2C400&ssl=1 2x"},"classes":[]},{"id":659,"url":"https:\/\/believeindustry.company\/tr\/roll-forming-machine\/purlin-roll-forming-machine\/c-z-purlin-roll-forming-machine\/","url_meta":{"origin":3167,"position":1},"title":"CZ A\u015f\u0131k Rulo \u015eekillendirme Makinesi","author":"Believe Industry Group","date":"Mart 24, 2018","format":false,"excerpt":"C \u00a0Z Purlin Roll Forming Machine is for producing C and Z Purlins with less change over time. \u00a0BELI\u00ae new technology design, exchange time is only 2 minutes. Our latest design c and z purlin machine price is only around 35000$ EXW factory. Contact us for more inforamtion. Believe Industry\u2026","rel":"","context":"&quot;Company News&quot; i\u00e7inde","block_context":{"text":"Company News","link":"https:\/\/believeindustry.company\/tr\/category\/company-news\/"},"img":{"alt_text":"A wide shot displaying the entire integrated C Z Purlin Roll Forming Machine production line, showcasing all components from decoiling to final cut-off in a professional factory setting.","src":"https:\/\/i0.wp.com\/believeindustry.company\/wp-content\/uploads\/2025\/12\/high-speed-c-z-purlin-roll-forming-machine.webp?resize=350%2C200&ssl=1","width":350,"height":200,"srcset":"https:\/\/i0.wp.com\/believeindustry.company\/wp-content\/uploads\/2025\/12\/high-speed-c-z-purlin-roll-forming-machine.webp?resize=350%2C200&ssl=1 1x, https:\/\/i0.wp.com\/believeindustry.company\/wp-content\/uploads\/2025\/12\/high-speed-c-z-purlin-roll-forming-machine.webp?resize=525%2C300&ssl=1 1.5x, https:\/\/i0.wp.com\/believeindustry.company\/wp-content\/uploads\/2025\/12\/high-speed-c-z-purlin-roll-forming-machine.webp?resize=700%2C400&ssl=1 2x"},"classes":[]},{"id":4625,"url":"https:\/\/believeindustry.company\/tr\/c-z-purlin-cold-roll-forming-machine-video\/","url_meta":{"origin":3167,"position":2},"title":"CZ A\u015f\u0131k So\u011fuk Haddeleme \u015eekillendirme Makinesi Videosu","author":"Believe Industry Group","date":"Mart 8, 2019","format":false,"excerpt":"The C Z Purlin Cold Roll Forming Machine Video will show the working process of purlin machine. And you will easy to find out the machine components. The layout of c z purlin cold roll forming machine C Z Purlin Cold Roll Forming Machine Components Single Mandrel Uncoiler Feeder and\u2026","rel":"","context":"Benzer yaz\u0131","block_context":{"text":"Benzer yaz\u0131","link":""},"img":{"alt_text":"interchangeable c\/z purlin roll forming machine","src":"https:\/\/i0.wp.com\/believeindustry.company\/wp-content\/uploads\/2018\/10\/interchangeable-c-z-purlin-roll-forming-machine.png?resize=350%2C200&ssl=1","width":350,"height":200,"srcset":"https:\/\/i0.wp.com\/believeindustry.company\/wp-content\/uploads\/2018\/10\/interchangeable-c-z-purlin-roll-forming-machine.png?resize=350%2C200&ssl=1 1x, https:\/\/i0.wp.com\/believeindustry.company\/wp-content\/uploads\/2018\/10\/interchangeable-c-z-purlin-roll-forming-machine.png?resize=525%2C300&ssl=1 1.5x, https:\/\/i0.wp.com\/believeindustry.company\/wp-content\/uploads\/2018\/10\/interchangeable-c-z-purlin-roll-forming-machine.png?resize=700%2C400&ssl=1 2x"},"classes":[]},{"id":3099,"url":"https:\/\/believeindustry.company\/tr\/c-purlin-roll-former\/","url_meta":{"origin":3167,"position":3},"title":"C A\u015f\u0131k Rulosu Kal\u0131b\u0131","author":"Believe Industry Group","date":"Ekim 6, 2018","format":false,"excerpt":"C Purlin Roll Former is for produce C Purlins as per requirements. The Purlin web size is from 80-350mm, flange size is from 40-60mm, and thickness is 1.0-3.5mm.\u00a0 C Purlin Roll Former C Purlin Specifications Material: CR, HR, Galvanized Steel Yield Strength: 235-400 Mpa Hole designs can be customized C\u2026","rel":"","context":"\"C Purlin Machine\" i\u00e7inde","block_context":{"text":"C Purlin Machine","link":"https:\/\/believeindustry.company\/tr\/tag\/c-purlin-machine\/"},"img":{"alt_text":"c purlin roll former","src":"https:\/\/i0.wp.com\/believeindustry.company\/wp-content\/uploads\/2018\/10\/c-purlin-roll-former-e1538810763224.jpg?resize=350%2C200&ssl=1","width":350,"height":200,"srcset":"https:\/\/i0.wp.com\/believeindustry.company\/wp-content\/uploads\/2018\/10\/c-purlin-roll-former-e1538810763224.jpg?resize=350%2C200&ssl=1 1x, https:\/\/i0.wp.com\/believeindustry.company\/wp-content\/uploads\/2018\/10\/c-purlin-roll-former-e1538810763224.jpg?resize=525%2C300&ssl=1 1.5x, https:\/\/i0.wp.com\/believeindustry.company\/wp-content\/uploads\/2018\/10\/c-purlin-roll-former-e1538810763224.jpg?resize=700%2C400&ssl=1 2x"},"classes":[]},{"id":1279,"url":"https:\/\/believeindustry.company\/tr\/video\/purlin-roll-forming-machine-video\/","url_meta":{"origin":3167,"position":4},"title":"A\u015f\u0131k Rulo \u015eekillendirme Makinesi Videosu","author":"Believe Industry Group","date":"Nisan 16, 2018","format":false,"excerpt":"Purlin Roll Forming Machine Video will help you to know how the machine working and how to operate the c z purlin roll forming machine. requirements. Believe Industry Company have a full range of purlin roll forming machines for different:\u00a0C Purlin Roll Forming Machine, Z Purlin Roll Forming Machine. C\u2026","rel":"","context":"\"Purlin Roll Forming Machine\" i\u00e7inde","block_context":{"text":"Purlin Roll Forming Machine","link":"https:\/\/believeindustry.company\/tr\/tag\/purlin-roll-forming-machine\/"},"img":{"alt_text":"c z purlin","src":"https:\/\/i0.wp.com\/believeindustry.company\/wp-content\/uploads\/2018\/05\/c-z-purlin.jpg?resize=350%2C200&ssl=1","width":350,"height":200,"srcset":"https:\/\/i0.wp.com\/believeindustry.company\/wp-content\/uploads\/2018\/05\/c-z-purlin.jpg?resize=350%2C200&ssl=1 1x, https:\/\/i0.wp.com\/believeindustry.company\/wp-content\/uploads\/2018\/05\/c-z-purlin.jpg?resize=525%2C300&ssl=1 1.5x, https:\/\/i0.wp.com\/believeindustry.company\/wp-content\/uploads\/2018\/05\/c-z-purlin.jpg?resize=700%2C400&ssl=1 2x, https:\/\/i0.wp.com\/believeindustry.company\/wp-content\/uploads\/2018\/05\/c-z-purlin.jpg?resize=1050%2C600&ssl=1 3x"},"classes":[]},{"id":727,"url":"https:\/\/believeindustry.company\/tr\/roll-forming-machine\/purlin-roll-forming-machine\/","url_meta":{"origin":3167,"position":5},"title":"A\u015f\u0131k Rulo \u015eekillendirme Makinesi","author":"Believe Industry Group","date":"Mart 28, 2018","format":false,"excerpt":"Beli RollForming's Roll Forming Machines for Purlins are amazing, heavy-duty systems specifically engineered for the high-volume, continuous production of C, Z, U, and Sigma-shaped purlins and girts. These machines are designed for positive material efficiency, utilizing pre-punched coil or in-line hydraulic punching to create precise holes for quick assembly. Featuring\u2026","rel":"","context":"\"believe industry machine\" i\u00e7inde","block_context":{"text":"believe industry machine","link":"https:\/\/believeindustry.company\/tr\/tag\/believe-industry-machine\/"},"img":{"alt_text":"c z purlin","src":"https:\/\/i0.wp.com\/believeindustry.company\/wp-content\/uploads\/2018\/05\/c-z-purlin.jpg?resize=350%2C200&ssl=1","width":350,"height":200,"srcset":"https:\/\/i0.wp.com\/believeindustry.company\/wp-content\/uploads\/2018\/05\/c-z-purlin.jpg?resize=350%2C200&ssl=1 1x, https:\/\/i0.wp.com\/believeindustry.company\/wp-content\/uploads\/2018\/05\/c-z-purlin.jpg?resize=525%2C300&ssl=1 1.5x, https:\/\/i0.wp.com\/believeindustry.company\/wp-content\/uploads\/2018\/05\/c-z-purlin.jpg?resize=700%2C400&ssl=1 2x, https:\/\/i0.wp.com\/believeindustry.company\/wp-content\/uploads\/2018\/05\/c-z-purlin.jpg?resize=1050%2C600&ssl=1 3x"},"classes":[]}],"amp_enabled":true,"_links":{"self":[{"href":"https:\/\/believeindustry.company\/tr\/wp-json\/wp\/v2\/pages\/3167","targetHints":{"allow":["GET"]}}],"collection":[{"href":"https:\/\/believeindustry.company\/tr\/wp-json\/wp\/v2\/pages"}],"about":[{"href":"https:\/\/believeindustry.company\/tr\/wp-json\/wp\/v2\/types\/page"}],"author":[{"embeddable":true,"href":"https:\/\/believeindustry.company\/tr\/wp-json\/wp\/v2\/users\/2"}],"replies":[{"embeddable":true,"href":"https:\/\/believeindustry.company\/tr\/wp-json\/wp\/v2\/comments?post=3167"}],"version-history":[{"count":3,"href":"https:\/\/believeindustry.company\/tr\/wp-json\/wp\/v2\/pages\/3167\/revisions"}],"predecessor-version":[{"id":18527,"href":"https:\/\/believeindustry.company\/tr\/wp-json\/wp\/v2\/pages\/3167\/revisions\/18527"}],"wp:featuredmedia":[{"embeddable":true,"href":"https:\/\/believeindustry.company\/tr\/wp-json\/wp\/v2\/media\/3172"}],"wp:attachment":[{"href":"https:\/\/believeindustry.company\/tr\/wp-json\/wp\/v2\/media?parent=3167"}],"wp:term":[{"taxonomy":"post_tag","embeddable":true,"href":"https:\/\/believeindustry.company\/tr\/wp-json\/wp\/v2\/tags?post=3167"}],"curies":[{"name":"wp","href":"https:\/\/api.w.org\/{rel}","templated":true}]}}