{"id":3224,"date":"2018-10-30T16:02:08","date_gmt":"2018-10-30T08:02:08","guid":{"rendered":"https:\/\/believeindustry.company\/?page_id=3224"},"modified":"2026-03-13T15:27:24","modified_gmt":"2026-03-13T07:27:24","slug":"downspout-roll-forming-machine","status":"publish","type":"page","link":"https:\/\/believeindustry.company\/tr\/roll-forming-machine\/downspoutgutter-roll-forming-machine\/downspout-roll-forming-machine\/","title":{"rendered":"Ya\u011fmur Oluk Borusu Rulo \u015eekillendirme Makinesi"},"content":{"rendered":"<p><strong>Ya\u011fmur Oluk Borusu Rulo \u015eekillendirme Makinesi<\/strong> is for producing rectangular or round downpipes, which is always equipped with a elbow machine.<!--more--><\/p>\n\n\n\n<h2 class=\"wp-block-heading\"><span style=\"font-size: 18pt;\">Ya\u011fmur Oluk Borusu Rulo \u015eekillendirme Makinesi<\/span><\/h2>\n\n\n\n<h3 class=\"wp-block-heading\"><span style=\"font-size: 14pt;\">What&#8217;s downspout?<\/span><\/h3>\n\n\n\n<p>A downspout is also named as waterspout, downpipe, drain spout, roof drain pipe, or sone. Which is a pipe for carrying rainwater from the gutter.<\/p>\n\n\n\n<p>The downspouts are usually vertical and extend down to the ground. The rainwater is directed away from the building&#8217;s foundation, to protect it from water damage.&nbsp;<\/p>\n\n\n\n<p>The material of the downspout are usually PPGI, GI, Copper, Aluminum, etc.<\/p>\n\n\n\n<h3 class=\"wp-block-heading\"><span style=\"font-size: 12pt;\">Machine Components of Downspout Machine<\/span><\/h3>\n\n\n\n<ol class=\"wp-block-list\">\n<li>3 Ton electric uncoiler<\/li>\n\n\n\n<li>Rulo \u015eekillendirme Makinesi De\u011firmeni<\/li>\n\n\n\n<li>D\u00fczle\u015ftirici<\/li>\n\n\n\n<li>Kesme \u00dcnitesi<\/li>\n\n\n\n<li>Kontrol Paneli<\/li>\n\n\n\n<li>Koleksiyon Tablosu<\/li>\n\n\n\n<li>Hidrolik \u0130stasyon<\/li>\n\n\n\n<li>Elbow Machine( Optional)<\/li>\n<\/ol>\n\n\n\n<h3 class=\"wp-block-heading\"><span style=\"font-size: 14pt;\">Technical Parameters of Downspout Roll Forming Machine<\/span><\/h3>\n\n\n\n<h4 class=\"wp-block-heading\"><span style=\"font-size: 12pt;\">3 Ton electric decoiler<\/span><\/h4>\n\n\n\n<ol class=\"wp-block-list\">\n<li>Capacity: Max 3 Ton<\/li>\n\n\n\n<li>Motor Power: 2.2KW<\/li>\n\n\n\n<li>Inner Diameter of the coil: 450-600mm<\/li>\n\n\n\n<li>Outer Diameter of the coil: Max 1500mm<\/li>\n\n\n\n<li>Manual Loosen and Tension.\u00a0<\/li>\n<\/ol>\n\n\n\n<h4 class=\"wp-block-heading\"><span style=\"font-size: 12pt;\"><a href=\"https:\/\/believeindustry.company\/tr\/rulo-sekillendirme-makine-hatti\/\">Rulo \u015eekillendirme Makinesi De\u011firmeni<\/a><\/span><\/h4>\n\n\n\n<ol class=\"wp-block-list\">\n<li>Machine Base: 350 H steel welded<\/li>\n\n\n\n<li>Machine structure: Chrome Pillar<\/li>\n\n\n\n<li>Roller Material: ASTM 1045, chromed 0.05mm<\/li>\n\n\n\n<li>Shaft Diameter: 70mm<\/li>\n\n\n\n<li>Motor G\u00fcc\u00fc: 7,5 kW<\/li>\n\n\n\n<li>Downspout Machine Speed: 8-10m\/min<\/li>\n\n\n\n<li>Forming Steps: 18<\/li>\n<\/ol>\n\n\n\n<h4 class=\"wp-block-heading\"><span style=\"font-size: 12pt;\">Kesme \u00dcnitesi<\/span><\/h4>\n\n\n\n<ol class=\"wp-block-list\">\n<li>Kesme Tipi: Hidrolik kesme, kesim s\u0131ras\u0131nda rulo \u015fekillendirme par\u00e7as\u0131n\u0131n durmas\u0131<\/li>\n\n\n\n<li>Hidrolik Motor G\u00fcc\u00fc: 4KW<\/li>\n\n\n\n<li>Hidrolik \u00c7al\u0131\u015fma Bas\u0131nc\u0131: 12-16 MPa<\/li>\n\n\n\n<li>Kesici B\u0131\u00e7a\u011f\u0131n Malzemesi: Is\u0131l i\u015flem g\u00f6rm\u00fc\u015f Cr12<\/li>\n\n\n\n<li>Uzunluk \u00f6l\u00e7\u00fcm\u00fc: Otomatik kodlay\u0131c\u0131 (Omron Marka) uzunluk \u00f6l\u00e7\u00fcm\u00fc<\/li>\n\n\n\n<li>Uzunluk Tolerans\u0131: \u00b11,0 mm<\/li>\n<\/ol>\n\n\n\n<h4 class=\"wp-block-heading\"><span style=\"font-size: 12pt;\">Kontrol Paneli<\/span><\/h4>\n\n\n\n<ol class=\"wp-block-list\">\n<li>Gerilim ve Frekans: 415V, 50Hz, 3 Faz<\/li>\n\n\n\n<li>Kontrol Paneli: Dokunmatik ekran ve d\u00fc\u011fme tipi anahtar.<\/li>\n\n\n\n<li>\u00d6l\u00e7\u00fc Birimi: Milimetre (kontrol panelinden de\u011fi\u015ftirilebilir)<\/li>\n\n\n\n<li>PLC Markas\u0131: Panasonic<\/li>\n\n\n\n<li>Frequency Converter\u00a0Brand: Yaskawa<\/li>\n\n\n\n<li>Kodlay\u0131c\u0131 Markas\u0131: Omron<\/li>\n\n\n\n<li>Touch Screen Brand: Siemens<\/li>\n\n\n\n<li>M\u00fc\u015fterilerin kablolar\u0131 kolayca birle\u015ftirebilmesi i\u00e7in havac\u0131l\u0131k tipi fi\u015f kullan\u0131yoruz.<\/li>\n\n\n\n<li>Kesme uzunlu\u011funu ve miktar\u0131n\u0131 dokunmatik ekrandan ayarlayabilirsiniz. Makine, kesme program\u0131 tamamland\u0131ktan sonra otomatik olarak duracakt\u0131r.<\/li>\n<\/ol>\n\n\n\n<h4 class=\"wp-block-heading\"><span style=\"font-size: 12pt;\">Elbow Machine (Optional)<\/span><\/h4>\n\n\n\n<ol class=\"wp-block-list\">\n<li>Max bend angle: 90 degree<\/li>\n\n\n\n<li>Function: bend and fasten at the same time<\/li>\n\n\n\n<li>Electric Power: 2.2KW<\/li>\n<\/ol>\n\n\n\n<figure class=\"wp-block-image\"><img fetchpriority=\"high\" decoding=\"async\" width=\"1024\" height=\"768\" data-attachment-id=\"3228\" data-permalink=\"https:\/\/believeindustry.company\/tr\/elbow-machine\/\" data-orig-file=\"https:\/\/believeindustry.company\/wp-content\/uploads\/2018\/10\/elbow-machine-e1540886664286.jpg\" data-orig-size=\"720,725\" data-comments-opened=\"1\" data-image-meta=\"{&quot;aperture&quot;:&quot;0&quot;,&quot;credit&quot;:&quot;&quot;,&quot;camera&quot;:&quot;&quot;,&quot;caption&quot;:&quot;&quot;,&quot;created_timestamp&quot;:&quot;0&quot;,&quot;copyright&quot;:&quot;&quot;,&quot;focal_length&quot;:&quot;0&quot;,&quot;iso&quot;:&quot;0&quot;,&quot;shutter_speed&quot;:&quot;0&quot;,&quot;title&quot;:&quot;&quot;,&quot;orientation&quot;:&quot;0&quot;}\" data-image-title=\"elbow machine\" data-image-description=\"\" data-image-caption=\"\" data-large-file=\"https:\/\/believeindustry.company\/wp-content\/uploads\/2018\/10\/elbow-machine-1024x768.jpg\" src=\"https:\/\/believeindustry.company\/wp-content\/uploads\/2018\/10\/elbow-machine-1024x768.jpg\" alt=\"elbow machine\" class=\"wp-image-3228\"\/><\/figure>\n\n\n\n<p><a href=\"http:\/\/www.belirollforming.com\" data-type=\"link\" data-id=\"http:\/\/www.belirollforming.com\" target=\"_blank\" rel=\"noopener\">Believe Industry Company <\/a>also have one body <strong>downspout roll forming machine<\/strong> which can produce the pipes and elbow in one machine. <a href=\"https:\/\/believeindustry.company\/tr\/temas-etmek\/\">Bize Ula\u015f\u0131n<\/a> Daha fazla bilgi i\u00e7in.<\/p>","protected":false},"excerpt":{"rendered":"<p>Oluk Borusu \u015eekillendirme Makinesi, dikd\u00f6rtgen veya yuvarlak oluk borular\u0131 \u00fcretmek i\u00e7in kullan\u0131l\u0131r ve her zaman dirsek makinesiyle birlikte gelir.<\/p>","protected":false},"author":2,"featured_media":3231,"parent":1078,"menu_order":3,"comment_status":"closed","ping_status":"closed","template":"","meta":{"_angie_page":false,"footnotes":"","big_sky_generated":false},"tags":[607848792,607849633,607848791,607849061,607848793],"class_list":["post-3224","page","type-page","status-publish","has-post-thumbnail","hentry","tag-downpipe-machine","tag-downspout-lines","tag-downspout-machine","tag-downspout-roll-forming-machine","tag-waterspout-machine"],"blocksy_meta":[],"jetpack_sharing_enabled":true,"jetpack_shortlink":"https:\/\/wp.me\/P9K5n8-Q0","jetpack_likes_enabled":false,"jetpack-related-posts":[{"id":22021,"url":"https:\/\/believeindustry.company\/tr\/elementor-page-22021\/","url_meta":{"origin":3224,"position":0},"title":"Ya\u011fmur olu\u011fu ve ini\u015f borusu","author":"Believe Industry Group","date":"Nisan 12, 2026","format":false,"excerpt":"A roll forming machine for rain downspout and gutter is specialized manufacturing equipment designed to produce the vital components of residential and commercial roof drainage systems.These machines continuously profile flat coils of aluminum, galvanized steel, or copper into functional, weather-resistant water management products. The equipment generally falls into two categories:\u2026","rel":"","context":"Benzer yaz\u0131","block_context":{"text":"Benzer yaz\u0131","link":""},"img":{"alt_text":"downspout and gutter","src":"https:\/\/i0.wp.com\/believeindustry.company\/wp-content\/uploads\/2026\/04\/downspout-and-gutter.webp?resize=350%2C200&ssl=1","width":350,"height":200,"srcset":"https:\/\/i0.wp.com\/believeindustry.company\/wp-content\/uploads\/2026\/04\/downspout-and-gutter.webp?resize=350%2C200&ssl=1 1x, https:\/\/i0.wp.com\/believeindustry.company\/wp-content\/uploads\/2026\/04\/downspout-and-gutter.webp?resize=525%2C300&ssl=1 1.5x, https:\/\/i0.wp.com\/believeindustry.company\/wp-content\/uploads\/2026\/04\/downspout-and-gutter.webp?resize=700%2C400&ssl=1 2x, https:\/\/i0.wp.com\/believeindustry.company\/wp-content\/uploads\/2026\/04\/downspout-and-gutter.webp?resize=1050%2C600&ssl=1 3x, https:\/\/i0.wp.com\/believeindustry.company\/wp-content\/uploads\/2026\/04\/downspout-and-gutter.webp?resize=1400%2C800&ssl=1 4x"},"classes":[]},{"id":6810,"url":"https:\/\/believeindustry.company\/tr\/roll-forming-machine\/downspoutgutter-roll-forming-machine\/downspout-and-elbow-roll-former\/","url_meta":{"origin":3224,"position":1},"title":"Downspout and Elbow Roll Former","author":"Believe Industry Group","date":"Haziran 19, 2019","format":false,"excerpt":"Believe Industry new design downspout and elbow roll former(downpipe machine) offers a complete package for producing downspout and elbow products. Which also have the ability to bend elbow offsets which allows the production of many custom shapes in seamless pieces. Downspout and Elbow Roll Former Downspout and Elbow The new\u2026","rel":"","context":"Benzer yaz\u0131","block_context":{"text":"Benzer yaz\u0131","link":""},"img":{"alt_text":"downspout and elbow machine","src":"https:\/\/i0.wp.com\/believeindustry.company\/wp-content\/uploads\/2019\/06\/downspout-and-elbow-machine.png?resize=350%2C200&ssl=1","width":350,"height":200},"classes":[]},{"id":1078,"url":"https:\/\/believeindustry.company\/tr\/roll-forming-machine\/downspoutgutter-roll-forming-machine\/","url_meta":{"origin":3224,"position":2},"title":"Ya\u011fmur Oluklar\u0131 ve Boru Borusu Rulo \u015eekillendirme Makinesi","author":"Believe Industry Group","date":"Nisan 10, 2018","format":false,"excerpt":"","rel":"","context":"\"believe industry machine\" i\u00e7inde","block_context":{"text":"believe industry machine","link":"https:\/\/believeindustry.company\/tr\/tag\/believe-industry-machine\/"},"img":{"alt_text":"DownspoutGutter Roll Forming Machines","src":"https:\/\/i0.wp.com\/believeindustry.company\/wp-content\/uploads\/2018\/04\/copper-gutter-outlet-elbows-scupper-and-downspout.jpg?resize=350%2C200&ssl=1","width":350,"height":200,"srcset":"https:\/\/i0.wp.com\/believeindustry.company\/wp-content\/uploads\/2018\/04\/copper-gutter-outlet-elbows-scupper-and-downspout.jpg?resize=350%2C200&ssl=1 1x, https:\/\/i0.wp.com\/believeindustry.company\/wp-content\/uploads\/2018\/04\/copper-gutter-outlet-elbows-scupper-and-downspout.jpg?resize=525%2C300&ssl=1 1.5x, https:\/\/i0.wp.com\/believeindustry.company\/wp-content\/uploads\/2018\/04\/copper-gutter-outlet-elbows-scupper-and-downspout.jpg?resize=700%2C400&ssl=1 2x"},"classes":[]},{"id":577,"url":"https:\/\/believeindustry.company\/tr\/roll-forming-machine\/","url_meta":{"origin":3224,"position":3},"title":"Rulo \u015eekillendirme Makinesi","author":"Believe Industry Group","date":"Mart 22, 2018","format":false,"excerpt":"As a premier manufacturer and exporter of machinery from Wuxi, China, Beli RollForming specializes in designing and building a vast range of high-performance roll forming machines for various global industries.Beli RollForming's Roll Forming Machines are advanced, continuous production systems that transform flat metal coils (steel, aluminum, etc.) into precise, long-length\u2026","rel":"","context":"\"Coil Roll Forming Machine\" i\u00e7inde","block_context":{"text":"Coil Roll Forming Machine","link":"https:\/\/believeindustry.company\/tr\/tag\/coil-roll-forming-machine\/"},"img":{"alt_text":"roll forming mills","src":"https:\/\/i0.wp.com\/believeindustry.company\/wp-content\/uploads\/2018\/03\/roll-forming-mills-e1522722506357.jpg?resize=350%2C200&ssl=1","width":350,"height":200,"srcset":"https:\/\/i0.wp.com\/believeindustry.company\/wp-content\/uploads\/2018\/03\/roll-forming-mills-e1522722506357.jpg?resize=350%2C200&ssl=1 1x, https:\/\/i0.wp.com\/believeindustry.company\/wp-content\/uploads\/2018\/03\/roll-forming-mills-e1522722506357.jpg?resize=525%2C300&ssl=1 1.5x, https:\/\/i0.wp.com\/believeindustry.company\/wp-content\/uploads\/2018\/03\/roll-forming-mills-e1522722506357.jpg?resize=700%2C400&ssl=1 2x, https:\/\/i0.wp.com\/believeindustry.company\/wp-content\/uploads\/2018\/03\/roll-forming-mills-e1522722506357.jpg?resize=1050%2C600&ssl=1 3x"},"classes":[]},{"id":2264,"url":"https:\/\/believeindustry.company\/tr\/roll-forming-machine\/downspoutgutter-roll-forming-machine\/portable-gutter-machine-for-sale\/","url_meta":{"origin":3224,"position":4},"title":"Ta\u015f\u0131nabilir Oluk Temizleme Makinesi","author":"Believe Industry Group","date":"Haziran 19, 2018","format":false,"excerpt":"Believe Industry Company have a full range of portable gutter machine for sale. 5\" and 6\" K style, 6\" half round gutter and 7\" industrial gutter machines. Portable Gutter Machine For Sale What's A Gutter? A rain gutter is a components of water discharge system for a building. Water from\u2026","rel":"","context":"\"downspout lines\" i\u00e7inde","block_context":{"text":"downspout lines","link":"https:\/\/believeindustry.company\/tr\/tag\/downspout-lines\/"},"img":{"alt_text":"portable gutter machine for sale (2)","src":"https:\/\/i0.wp.com\/believeindustry.company\/wp-content\/uploads\/2018\/06\/portable-gutter-machine-for-sale-2.jpg?resize=350%2C200&ssl=1","width":350,"height":200,"srcset":"https:\/\/i0.wp.com\/believeindustry.company\/wp-content\/uploads\/2018\/06\/portable-gutter-machine-for-sale-2.jpg?resize=350%2C200&ssl=1 1x, https:\/\/i0.wp.com\/believeindustry.company\/wp-content\/uploads\/2018\/06\/portable-gutter-machine-for-sale-2.jpg?resize=525%2C300&ssl=1 1.5x, https:\/\/i0.wp.com\/believeindustry.company\/wp-content\/uploads\/2018\/06\/portable-gutter-machine-for-sale-2.jpg?resize=700%2C400&ssl=1 2x, https:\/\/i0.wp.com\/believeindustry.company\/wp-content\/uploads\/2018\/06\/portable-gutter-machine-for-sale-2.jpg?resize=1050%2C600&ssl=1 3x"},"classes":[]},{"id":6869,"url":"https:\/\/believeindustry.company\/tr\/roll-forming-machine\/customized-profile-roll-forming-machine\/greenhouse-profile-roll-forming-machine\/","url_meta":{"origin":3224,"position":5},"title":"Sera Profili Rulo \u015eekillendirme Makinesi","author":"Believe Industry Group","date":"Temmuz 2, 2019","format":false,"excerpt":"Greenhouse Profile Roll Forming Machine is for producing greenhouse profiles. Such as steel angle, channel, conduit, or a hat-shaped fastener. Believe Industry Company help you roll your profiles with precision. Making a greenhouse frame that is sturdy is essential. Keeping your or your customers' greenhouse sturdy stands through all weather,\u2026","rel":"","context":"\"custom designs\" i\u00e7inde","block_context":{"text":"custom designs","link":"https:\/\/believeindustry.company\/tr\/tag\/custom-designs\/"},"img":{"alt_text":"cropped greenhouse profile roll forming machine","src":"https:\/\/i0.wp.com\/believeindustry.company\/wp-content\/uploads\/2019\/07\/cropped-greenhouse-profile-roll-forming-machine.jpg?resize=350%2C200&ssl=1","width":350,"height":200,"srcset":"https:\/\/i0.wp.com\/believeindustry.company\/wp-content\/uploads\/2019\/07\/cropped-greenhouse-profile-roll-forming-machine.jpg?resize=350%2C200&ssl=1 1x, https:\/\/i0.wp.com\/believeindustry.company\/wp-content\/uploads\/2019\/07\/cropped-greenhouse-profile-roll-forming-machine.jpg?resize=525%2C300&ssl=1 1.5x, https:\/\/i0.wp.com\/believeindustry.company\/wp-content\/uploads\/2019\/07\/cropped-greenhouse-profile-roll-forming-machine.jpg?resize=700%2C400&ssl=1 2x"},"classes":[]}],"amp_enabled":true,"_links":{"self":[{"href":"https:\/\/believeindustry.company\/tr\/wp-json\/wp\/v2\/pages\/3224","targetHints":{"allow":["GET"]}}],"collection":[{"href":"https:\/\/believeindustry.company\/tr\/wp-json\/wp\/v2\/pages"}],"about":[{"href":"https:\/\/believeindustry.company\/tr\/wp-json\/wp\/v2\/types\/page"}],"author":[{"embeddable":true,"href":"https:\/\/believeindustry.company\/tr\/wp-json\/wp\/v2\/users\/2"}],"replies":[{"embeddable":true,"href":"https:\/\/believeindustry.company\/tr\/wp-json\/wp\/v2\/comments?post=3224"}],"version-history":[{"count":2,"href":"https:\/\/believeindustry.company\/tr\/wp-json\/wp\/v2\/pages\/3224\/revisions"}],"predecessor-version":[{"id":20910,"href":"https:\/\/believeindustry.company\/tr\/wp-json\/wp\/v2\/pages\/3224\/revisions\/20910"}],"up":[{"embeddable":true,"href":"https:\/\/believeindustry.company\/tr\/wp-json\/wp\/v2\/pages\/1078"}],"wp:featuredmedia":[{"embeddable":true,"href":"https:\/\/believeindustry.company\/tr\/wp-json\/wp\/v2\/media\/3231"}],"wp:attachment":[{"href":"https:\/\/believeindustry.company\/tr\/wp-json\/wp\/v2\/media?parent=3224"}],"wp:term":[{"taxonomy":"post_tag","embeddable":true,"href":"https:\/\/believeindustry.company\/tr\/wp-json\/wp\/v2\/tags?post=3224"}],"curies":[{"name":"wp","href":"https:\/\/api.w.org\/{rel}","templated":true}]}}