{"id":3923,"date":"2019-01-21T15:41:20","date_gmt":"2019-01-21T07:41:20","guid":{"rendered":"https:\/\/believeindustry.company\/?page_id=3923"},"modified":"2019-01-21T15:41:20","modified_gmt":"2019-01-21T07:41:20","slug":"gizlilik-politikasi","status":"publish","type":"page","link":"https:\/\/believeindustry.company\/tr\/privacy-policy\/","title":{"rendered":"Gizlilik Politikas\u0131"},"content":{"rendered":"<h2 class=\"wp-block-heading\">Biz kimiz<\/h2>\r\n\r\n\r\n\r\n<p>Web sitemizin adresi \u015fudur: <a href=\"https:\/\/believeindustry.company\/tr\/\">https:\/\/believeindustry.company<\/a>.<\/p>\r\n\r\n\r\n\r\n<h2 class=\"wp-block-heading\">Hangi ki\u015fisel verileri topluyoruz ve neden topluyoruz?<\/h2>\r\n\r\n\r\n\r\n<h3 class=\"wp-block-heading\">Yorumlar<\/h3>\r\n\r\n\r\n\r\n<p>Ziyaret\u00e7iler sitede yorum b\u0131rakt\u0131\u011f\u0131nda, spam tespitine yard\u0131mc\u0131 olmak amac\u0131yla yorum formunda g\u00f6sterilen verileri, ayr\u0131ca ziyaret\u00e7inin IP adresini ve taray\u0131c\u0131 kullan\u0131c\u0131 arac\u0131s\u0131 dizesini toplar\u0131z.<\/p>\r\n\r\n\r\n\r\n<p>E-posta adresinizden olu\u015fturulan anonimle\u015ftirilmi\u015f bir dize (karma kod olarak da adland\u0131r\u0131l\u0131r), Gravatar hizmetini kullan\u0131p kullanmad\u0131\u011f\u0131n\u0131z\u0131 g\u00f6rmek i\u00e7in Gravatar hizmetine sa\u011flanabilir. Gravatar hizmetinin gizlilik politikas\u0131na buradan ula\u015fabilirsiniz: <a href=\"https:\/\/automattic.com\/privacy\/\" rel=\"nofollow\">https:\/\/automattic.com\/privacy\/<\/a>. Yorumunuz onayland\u0131ktan sonra, profil resminiz yorumunuz ba\u011flam\u0131nda herkese a\u00e7\u0131k olarak g\u00f6r\u00fcn\u00fcr.<\/p>\r\n\r\n\r\n\r\n<h3 class=\"wp-block-heading\">Medya<\/h3>\r\n\r\n\r\n\r\n<p>Web sitesine g\u00f6rseller y\u00fckl\u00fcyorsan\u0131z, i\u00e7ine konum verisi (EXIF GPS) g\u00f6m\u00fcl\u00fc g\u00f6rseller y\u00fcklemekten ka\u00e7\u0131nmal\u0131s\u0131n\u0131z. Web sitesi ziyaret\u00e7ileri, sitedeki g\u00f6rsellerden konum verilerini indirebilir ve \u00e7\u0131karabilirler.<\/p>\r\n\r\n\r\n\r\n<h3 class=\"wp-block-heading\">\u0130leti\u015fim formlar\u0131<\/h3>\r\n\r\n\r\n\r\n<h3 class=\"wp-block-heading\">\u00c7erezler<\/h3>\r\n\r\n\r\n\r\n<p>Sitemizde yorum b\u0131rak\u0131rsan\u0131z, ad\u0131n\u0131z\u0131, e-posta adresinizi ve web sitenizi \u00e7erezlere kaydetmeyi se\u00e7ebilirsiniz. Bu, ba\u015fka bir yorum b\u0131rakt\u0131\u011f\u0131n\u0131zda bilgilerinizi tekrar girmenize gerek kalmamas\u0131 i\u00e7in kolayl\u0131k sa\u011flamak amac\u0131yla yap\u0131l\u0131r. Bu \u00e7erezler bir y\u0131l s\u00fcreyle ge\u00e7erli olacakt\u0131r.<\/p>\r\n\r\n\r\n\r\n<p>E\u011fer bir hesab\u0131n\u0131z varsa ve bu siteye giri\u015f yaparsan\u0131z, taray\u0131c\u0131n\u0131z\u0131n \u00e7erezleri kabul edip etmedi\u011fini belirlemek i\u00e7in ge\u00e7ici bir \u00e7erez ayarlayaca\u011f\u0131z. Bu \u00e7erez hi\u00e7bir ki\u015fisel veri i\u00e7ermez ve taray\u0131c\u0131n\u0131z\u0131 kapatt\u0131\u011f\u0131n\u0131zda silinir.<\/p>\r\n\r\n\r\n\r\n<p>Giri\u015f yapt\u0131\u011f\u0131n\u0131zda, giri\u015f bilgilerinizi ve ekran g\u00f6r\u00fcnt\u00fcleme tercihlerinizi kaydetmek i\u00e7in birka\u00e7 \u00e7erez de olu\u015fturaca\u011f\u0131z. Giri\u015f \u00e7erezleri iki g\u00fcn, ekran se\u00e7enekleri \u00e7erezleri ise bir y\u0131l s\u00fcreyle ge\u00e7erlidir. &quot;Beni Hat\u0131rla&quot; se\u00e7ene\u011fini i\u015faretlerseniz, giri\u015finiz iki hafta boyunca ge\u00e7erli kalacakt\u0131r. Hesab\u0131n\u0131zdan \u00e7\u0131k\u0131\u015f yaparsan\u0131z, giri\u015f \u00e7erezleri silinecektir.<\/p>\r\n\r\n\r\n\r\n<p>Bir makaleyi d\u00fczenlerseniz veya yay\u0131nlarsan\u0131z, taray\u0131c\u0131n\u0131za ek bir \u00e7erez kaydedilir. Bu \u00e7erez hi\u00e7bir ki\u015fisel veri i\u00e7ermez ve yaln\u0131zca d\u00fczenledi\u011finiz makalenin g\u00f6nderi kimli\u011fini g\u00f6sterir. 1 g\u00fcn sonra s\u00fcresi dolar.<\/p>\r\n\r\n\r\n\r\n<h3 class=\"wp-block-heading\">Di\u011fer web sitelerinden yerle\u015ftirilmi\u015f i\u00e7erik<\/h3>\r\n\r\n\r\n\r\n<p>Bu sitedeki makaleler, g\u00f6m\u00fcl\u00fc i\u00e7erik (\u00f6rne\u011fin videolar, resimler, makaleler vb.) i\u00e7erebilir. Di\u011fer web sitelerinden gelen g\u00f6m\u00fcl\u00fc i\u00e7erik, ziyaret\u00e7inin o web sitesini ziyaret etmi\u015f gibi davranmas\u0131yla tamamen ayn\u0131 \u015fekilde \u00e7al\u0131\u015f\u0131r.<\/p>\r\n\r\n\r\n\r\n<p>Bu web siteleri sizin hakk\u0131n\u0131zda veri toplayabilir, \u00e7erez kullanabilir, ek \u00fc\u00e7\u00fcnc\u00fc taraf izleme kodlar\u0131 yerle\u015ftirebilir ve yerle\u015ftirilmi\u015f i\u00e7erikle etkile\u015fimlerinizi izleyebilir; bu, bir hesab\u0131n\u0131z varsa ve bu web sitesine giri\u015f yapt\u0131ysan\u0131z, yerle\u015ftirilmi\u015f i\u00e7erikle etkile\u015fimlerinizi izlemeyi de i\u00e7erir.<\/p>\r\n\r\n\r\n\r\n<h3 class=\"wp-block-heading\">Analitik<\/h3>\r\n\r\n\r\n\r\n<h2 class=\"wp-block-heading\">Verilerinizi kimlerle payla\u015f\u0131yoruz?<\/h2>\r\n\r\n\r\n\r\n<h2 class=\"wp-block-heading\">Verilerinizi ne kadar s\u00fcreyle sakl\u0131yoruz?<\/h2>\r\n\r\n\r\n\r\n<p>Bir yorum b\u0131rak\u0131rsan\u0131z, yorum ve meta verileri s\u00fcresiz olarak saklan\u0131r. Bu sayede, takip eden yorumlar\u0131 otomatik olarak tan\u0131y\u0131p onaylayabiliriz ve onlar\u0131 bir moderasyon kuyru\u011funda bekletmek zorunda kalmay\u0131z.<\/p>\r\n\r\n\r\n\r\n<p>Web sitemize kay\u0131t olan kullan\u0131c\u0131lar (varsa), kullan\u0131c\u0131 profillerinde verdikleri ki\u015fisel bilgileri de sakl\u0131yoruz. T\u00fcm kullan\u0131c\u0131lar, ki\u015fisel bilgilerini istedikleri zaman g\u00f6rebilir, d\u00fczenleyebilir veya silebilirler (kullan\u0131c\u0131 adlar\u0131n\u0131 de\u011fi\u015ftiremezler). Web sitesi y\u00f6neticileri de bu bilgilere eri\u015febilir ve bunlar\u0131 d\u00fczenleyebilir.<\/p>\r\n\r\n\r\n\r\n<h2 class=\"wp-block-heading\">Verileriniz \u00fczerinde sahip oldu\u011funuz haklar<\/h2>\r\n\r\n\r\n\r\n<p>Bu sitede bir hesab\u0131n\u0131z varsa veya yorum b\u0131rakt\u0131ysan\u0131z, bize sa\u011flad\u0131\u011f\u0131n\u0131z veriler de dahil olmak \u00fczere hakk\u0131n\u0131zda tuttu\u011fumuz ki\u015fisel verilerin d\u0131\u015fa aktar\u0131lm\u0131\u015f bir dosyas\u0131n\u0131 almay\u0131 talep edebilirsiniz. Ayr\u0131ca, hakk\u0131n\u0131zda tuttu\u011fumuz t\u00fcm ki\u015fisel verilerin silinmesini de talep edebilirsiniz. Bu, idari, yasal veya g\u00fcvenlik ama\u00e7lar\u0131 i\u00e7in saklamak zorunda oldu\u011fumuz verileri kapsamaz.<\/p>\r\n\r\n\r\n\r\n<h2 class=\"wp-block-heading\">Verilerinizi nereye g\u00f6nderiyoruz?<\/h2>\r\n\r\n\r\n\r\n<p>Ziyaret\u00e7i yorumlar\u0131, otomatik bir spam tespit servisi arac\u0131l\u0131\u011f\u0131yla kontrol edilebilir.<\/p>\r\n\r\n\r\n\r\n<h2 class=\"wp-block-heading\">\u0130leti\u015fim bilgileriniz<\/h2>\r\n\r\n\r\n\r\n<h2 class=\"wp-block-heading\">Ek Bilgiler<\/h2>\r\n\r\n\r\n\r\n<h3 class=\"wp-block-heading\">Verilerinizi nas\u0131l koruyoruz?<\/h3>\r\n\r\n\r\n\r\n<h3 class=\"wp-block-heading\">Veri ihlali durumlar\u0131nda uygulad\u0131\u011f\u0131m\u0131z prosed\u00fcrler nelerdir?<\/h3>\r\n\r\n\r\n\r\n<h3 class=\"wp-block-heading\">Hangi \u00fc\u00e7\u00fcnc\u00fc taraflardan veri al\u0131yoruz?<\/h3>\r\n\r\n\r\n\r\n<h3 class=\"wp-block-heading\">Kullan\u0131c\u0131 verileriyle hangi otomatik karar verme ve\/veya profilleme i\u015flemlerini ger\u00e7ekle\u015ftiriyoruz?<\/h3>\r\n\r\n\r\n\r\n<h3 class=\"wp-block-heading\">Sekt\u00f6r d\u00fczenleyici a\u00e7\u0131klama gereklilikleri<\/h3>","protected":false},"excerpt":{"rendered":"<p>Who we are Our website address is: <a href=\"https:\/\/believeindustry.company\">https:\/\/believeindustry.company<\/a>. What personal data we collect and why we collect it Comments When visitors leave comments on the site we collect the data shown in the comments form, and also the visitor\u2019s IP address and browser user agent string to help spam detection. An anonymized string created from [&hellip;]<\/p>\n","protected":false},"author":2,"featured_media":0,"parent":0,"menu_order":0,"comment_status":"closed","ping_status":"closed","template":"","meta":{"_angie_page":false,"footnotes":"","big_sky_generated":false},"tags":[],"class_list":["post-3923","page","type-page","status-publish","hentry"],"blocksy_meta":[],"jetpack_sharing_enabled":true,"jetpack_shortlink":"https:\/\/wp.me\/P9K5n8-11h","jetpack_likes_enabled":false,"jetpack-related-posts":[{"id":888,"url":"https:\/\/believeindustry.company\/tr\/roll-forming-machine\/steel-door-roll-forming-machine\/roller-shutter-door-track-roll-forming-machine\/","url_meta":{"origin":3923,"position":0},"title":"Panjur Kap\u0131 Ray\u0131 Rulo \u015eekillendirme Makinesi","author":"Believe Industry Group","date":"Nisan 4, 2018","format":false,"excerpt":"Roller Shutter Door Track Roll Forming Machine is for producing rolling shutter track rail for raising and lowering the doors Introduction of Roller Shutter Door Track Roll Forming Machine What's Rolling Shutter Door Track? Curved roller shutter door track for Roller-Up door and garage door The Roller Shutter Track Rail\u2026","rel":"","context":"\"door lines\" i\u00e7inde","block_context":{"text":"door lines","link":"https:\/\/believeindustry.company\/tr\/tag\/door-lines\/"},"img":{"alt_text":"door track roll forming machine","src":"https:\/\/i0.wp.com\/believeindustry.company\/wp-content\/uploads\/2018\/04\/door-track-roll-forming-machine-1-e1522828125688.jpg?resize=350%2C200&ssl=1","width":350,"height":200,"srcset":"https:\/\/i0.wp.com\/believeindustry.company\/wp-content\/uploads\/2018\/04\/door-track-roll-forming-machine-1-e1522828125688.jpg?resize=350%2C200&ssl=1 1x, https:\/\/i0.wp.com\/believeindustry.company\/wp-content\/uploads\/2018\/04\/door-track-roll-forming-machine-1-e1522828125688.jpg?resize=525%2C300&ssl=1 1.5x, https:\/\/i0.wp.com\/believeindustry.company\/wp-content\/uploads\/2018\/04\/door-track-roll-forming-machine-1-e1522828125688.jpg?resize=700%2C400&ssl=1 2x"},"classes":[]},{"id":7304,"url":"https:\/\/believeindustry.company\/tr\/upright-post-roll-forming-machine\/","url_meta":{"origin":3923,"position":1},"title":"Upright Post Roll Forming Machine","author":"Believe Industry Group","date":"Ocak 8, 2020","format":false,"excerpt":"Upright Post Roll Forming Machine is for producing upright post as per requirement Upright Post Machine Components UncoilerLevrling MachineServo Feeder and Punch PressQuick replace punch die deviceAdjustable Roll Forming MachineServo Tracking Cutting DeviceCollection TableHydraulic StationController Panel Technical Parameters of Post Machine Line Speed: 10-15m\/minUncoiler Capacity: 5 TonPunch Press Capacity: 110\u2026","rel":"","context":"Benzer yaz\u0131","block_context":{"text":"Benzer yaz\u0131","link":""},"img":{"alt_text":"upright post roll forming machine","src":"https:\/\/i0.wp.com\/believeindustry.company\/wp-content\/uploads\/2020\/01\/upright-post-roll-forming-machine.jpg?resize=350%2C200&ssl=1","width":350,"height":200,"srcset":"https:\/\/i0.wp.com\/believeindustry.company\/wp-content\/uploads\/2020\/01\/upright-post-roll-forming-machine.jpg?resize=350%2C200&ssl=1 1x, https:\/\/i0.wp.com\/believeindustry.company\/wp-content\/uploads\/2020\/01\/upright-post-roll-forming-machine.jpg?resize=525%2C300&ssl=1 1.5x, https:\/\/i0.wp.com\/believeindustry.company\/wp-content\/uploads\/2020\/01\/upright-post-roll-forming-machine.jpg?resize=700%2C400&ssl=1 2x, https:\/\/i0.wp.com\/believeindustry.company\/wp-content\/uploads\/2020\/01\/upright-post-roll-forming-machine.jpg?resize=1050%2C600&ssl=1 3x, https:\/\/i0.wp.com\/believeindustry.company\/wp-content\/uploads\/2020\/01\/upright-post-roll-forming-machine.jpg?resize=1400%2C800&ssl=1 4x"},"classes":[]},{"id":6710,"url":"https:\/\/believeindustry.company\/tr\/cable-tray-rolling-machine\/","url_meta":{"origin":3923,"position":2},"title":"Kablo Kanal\u0131 Sarma Makinesi","author":"Believe Industry Group","date":"May\u0131s 7, 2019","format":false,"excerpt":"Cable Tray Rolling Machine Introduction Cable Tray Rolling Machine is for producing Cable Trays, Cable Tray Ladders, Cable Tray Covers as per desired requirements. Line Layout Working Prcess: Uncoiling-- Leveling-- Servo Feeding and Punching-- Roll Forming Machine-- Cutting-- Collecting Machine Components Hydraulic UncoilerLevelerServo Feeder and Punch PressRoll FormerCutter Collection TableControlled\u2026","rel":"","context":"Benzer yaz\u0131","block_context":{"text":"Benzer yaz\u0131","link":""},"img":{"alt_text":"cable tray roll former","src":"https:\/\/i0.wp.com\/believeindustry.company\/wp-content\/uploads\/2019\/04\/cable-tray-roll-former.png?resize=350%2C200&ssl=1","width":350,"height":200,"srcset":"https:\/\/i0.wp.com\/believeindustry.company\/wp-content\/uploads\/2019\/04\/cable-tray-roll-former.png?resize=350%2C200&ssl=1 1x, https:\/\/i0.wp.com\/believeindustry.company\/wp-content\/uploads\/2019\/04\/cable-tray-roll-former.png?resize=525%2C300&ssl=1 1.5x, https:\/\/i0.wp.com\/believeindustry.company\/wp-content\/uploads\/2019\/04\/cable-tray-roll-former.png?resize=700%2C400&ssl=1 2x"},"classes":[]},{"id":285,"url":"https:\/\/believeindustry.company\/tr\/contact\/","url_meta":{"origin":3923,"position":3},"title":"Temas etmek","author":"Believe Industry Group","date":"A\u011fustos 17, 2020","format":false,"excerpt":"Wanna Chat? Send Us Your Inquiry, We Love Hearing It! We are ready to assist you with your roll forming machine and auxiliary equipment needs.Whether you require a custom quote, technical support, or want to learn more about our innovative machinery, our team is here to help you achieve operational\u2026","rel":"","context":"Benzer yaz\u0131","block_context":{"text":"Benzer yaz\u0131","link":""},"img":{"alt_text":"factory over view","src":"https:\/\/i0.wp.com\/believeindustry.company\/wp-content\/uploads\/2025\/10\/factory-over-view-1024x565.png?resize=350%2C200&ssl=1","width":350,"height":200,"srcset":"https:\/\/i0.wp.com\/believeindustry.company\/wp-content\/uploads\/2025\/10\/factory-over-view-1024x565.png?resize=350%2C200&ssl=1 1x, https:\/\/i0.wp.com\/believeindustry.company\/wp-content\/uploads\/2025\/10\/factory-over-view-1024x565.png?resize=525%2C300&ssl=1 1.5x, https:\/\/i0.wp.com\/believeindustry.company\/wp-content\/uploads\/2025\/10\/factory-over-view-1024x565.png?resize=700%2C400&ssl=1 2x"},"classes":[]},{"id":20891,"url":"https:\/\/believeindustry.company\/tr\/contact-us\/","url_meta":{"origin":3923,"position":4},"title":"Bize Ula\u015f\u0131n","author":"Believe Industry Group","date":"Mart 13, 2026","format":false,"excerpt":"Wanna Chat? Send Us Your Inquiry, We Love Hearing It! We are ready to assist you with your roll forming machine and auxiliary equipment needs.Whether you require a custom quote, technical support, or want to learn more about our innovative machinery, our team is here to help you achieve operational\u2026","rel":"","context":"Benzer yaz\u0131","block_context":{"text":"Benzer yaz\u0131","link":""},"img":{"alt_text":"factory over view","src":"https:\/\/i0.wp.com\/believeindustry.company\/wp-content\/uploads\/2025\/10\/factory-over-view-1024x565.png?resize=350%2C200&ssl=1","width":350,"height":200,"srcset":"https:\/\/i0.wp.com\/believeindustry.company\/wp-content\/uploads\/2025\/10\/factory-over-view-1024x565.png?resize=350%2C200&ssl=1 1x, https:\/\/i0.wp.com\/believeindustry.company\/wp-content\/uploads\/2025\/10\/factory-over-view-1024x565.png?resize=525%2C300&ssl=1 1.5x, https:\/\/i0.wp.com\/believeindustry.company\/wp-content\/uploads\/2025\/10\/factory-over-view-1024x565.png?resize=700%2C400&ssl=1 2x"},"classes":[]},{"id":20906,"url":"https:\/\/believeindustry.company\/tr\/contact-believe-industry\/","url_meta":{"origin":3923,"position":5},"title":"Believe Industry ile ileti\u015fime ge\u00e7in.","author":"Believe Industry Group","date":"Mart 13, 2026","format":false,"excerpt":"Wanna Chat? Send Us Your Inquiry, We Love Hearing It! We are ready to assist you with your roll forming machine and auxiliary equipment needs.Whether you require a custom quote, technical support, or want to learn more about our innovative machinery, our team is here to help you achieve operational\u2026","rel":"","context":"Benzer yaz\u0131","block_context":{"text":"Benzer yaz\u0131","link":""},"img":{"alt_text":"factory over view","src":"https:\/\/i0.wp.com\/believeindustry.company\/wp-content\/uploads\/2025\/10\/factory-over-view-1024x565.png?resize=350%2C200&ssl=1","width":350,"height":200,"srcset":"https:\/\/i0.wp.com\/believeindustry.company\/wp-content\/uploads\/2025\/10\/factory-over-view-1024x565.png?resize=350%2C200&ssl=1 1x, https:\/\/i0.wp.com\/believeindustry.company\/wp-content\/uploads\/2025\/10\/factory-over-view-1024x565.png?resize=525%2C300&ssl=1 1.5x, https:\/\/i0.wp.com\/believeindustry.company\/wp-content\/uploads\/2025\/10\/factory-over-view-1024x565.png?resize=700%2C400&ssl=1 2x"},"classes":[]}],"amp_enabled":true,"_links":{"self":[{"href":"https:\/\/believeindustry.company\/tr\/wp-json\/wp\/v2\/pages\/3923","targetHints":{"allow":["GET"]}}],"collection":[{"href":"https:\/\/believeindustry.company\/tr\/wp-json\/wp\/v2\/pages"}],"about":[{"href":"https:\/\/believeindustry.company\/tr\/wp-json\/wp\/v2\/types\/page"}],"author":[{"embeddable":true,"href":"https:\/\/believeindustry.company\/tr\/wp-json\/wp\/v2\/users\/2"}],"replies":[{"embeddable":true,"href":"https:\/\/believeindustry.company\/tr\/wp-json\/wp\/v2\/comments?post=3923"}],"version-history":[{"count":0,"href":"https:\/\/believeindustry.company\/tr\/wp-json\/wp\/v2\/pages\/3923\/revisions"}],"wp:attachment":[{"href":"https:\/\/believeindustry.company\/tr\/wp-json\/wp\/v2\/media?parent=3923"}],"wp:term":[{"taxonomy":"post_tag","embeddable":true,"href":"https:\/\/believeindustry.company\/tr\/wp-json\/wp\/v2\/tags?post=3923"}],"curies":[{"name":"wp","href":"https:\/\/api.w.org\/{rel}","templated":true}]}}