{"id":403,"date":"2018-03-16T14:09:25","date_gmt":"2018-03-16T06:09:25","guid":{"rendered":"https:\/\/believeindustry.company\/?page_id=403"},"modified":"2025-12-05T15:12:26","modified_gmt":"2025-12-05T07:12:26","slug":"kesme-cizgisi","status":"publish","type":"page","link":"https:\/\/believeindustry.company\/tr\/coil-process-equipment\/slitting-line\/","title":{"rendered":"Kesme Hatt\u0131"},"content":{"rendered":"<p><strong>BELI \u00ae <a title=\"Kesme Hatt\u0131\" href=\"https:\/\/believeindustry.company\/tr\/kesme-cizgisi\/\" rel=\"\">Kesme Hatt\u0131<\/a><\/strong> kullan\u0131l\u0131r<strong>\u00a0<\/strong>Geni\u015f ve b\u00fcy\u00fck rulolar\u0131\/bobinleri dar rulolar halinde kesmek ve otomatik olarak paketlemek.<!--more--><\/p>\n<h1><span style=\"font-size: 12pt;\">Kesme Hatt\u0131 Bilgileri<\/span><\/h1>\n<p>Bobin\u00a0<strong>Dilme Hatt\u0131 Makinesi\u00a0<\/strong>BELI\u00ae&#039;nin tan\u0131nm\u0131\u015f ve geni\u015f \u00fcr\u00fcn yelpazesine sahip \u00fcr\u00fcnleri \u015funlard\u0131r:<\/p>\n<ul>\n<li><a href=\"https:\/\/believeindustry.company\/tr\/bobin-proses-ekipmani\/kesme-cizgisi\/ince-hatli-dilme-hatti\/\">Hafif Kalibre Bobin Dilme Hatt\u0131 Makinesi<\/a> :(0.2-4mm)*2000mm, 20 Ton A\u011f\u0131rl\u0131k.<\/li>\n<li><a href=\"https:\/\/believeindustry.company\/tr\/bobin-proses-ekipmani\/kesme-cizgisi\/orta-kalinlikta-dilme-hatti\/\">Orta Kal\u0131nl\u0131kta Dilme Hatt\u0131<\/a> : (2-8 mm)*2000mm, 20 Ton A\u011f\u0131rl\u0131k<\/li>\n<li><a href=\"https:\/\/believeindustry.company\/tr\/bobin-proses-ekipmani\/kesme-cizgisi\/kalin-hatli-dilme-hatti\/\">Kal\u0131n Tel Dilme Hatt\u0131 Makinesi<\/a>: (8-20 mm)*2600 mm, 35 Ton A\u011f\u0131rl\u0131k<\/li>\n<\/ul>\n<p><strong><b>Ayr\u0131ca her t\u00fcrl\u00fc metal \u015ferit i\u00e7in ve istenen t\u00fcm boyutlarda \u00f6zel kesim hatlar\u0131 da sunuyoruz.<\/b><\/strong><\/p>\n<p>Ad\u0131ndan da anla\u015f\u0131laca\u011f\u0131 gibi, dilimleme hatlar\u0131 b\u00fcy\u00fck malzeme rulolar\u0131n\u0131 dar rulolara dilimler ve t\u00fcm hat genellikle bir sarma cihaz\u0131 i\u00e7erir. Rulo malzemesi ise; HR rulo, CR rulo, galvanizli \u00e7elik, \u00f6nceden boyanm\u0131\u015f \u00e7elik, paslanmaz \u00e7elik, bak\u0131r vb. olabilir.<\/p>\n<p>Bir \u00e7elik fabrikas\u0131n\u0131n farkl\u0131 gereksinimler veya b\u00fcy\u00fck kapasite i\u00e7in \u00e7e\u015fitli hatlar sat\u0131n almas\u0131 gerekir. Dar rulolar\/bilineler, \u00c7elik Boru Fabrikas\u0131, \u00c7elik Yap\u0131 Fabrikas\u0131, Depolama Sistemi \u00dcretim Fabrikas\u0131&#039;nda, Rulo \u015eekillendirme Makinesi, G\u00fc\u00e7 Z\u0131mba Makinesi ve Boru Fabrikalar\u0131 ile birlikte yayg\u0131n olarak kullan\u0131lmaktad\u0131r.<\/p>\n<p><strong>A\u015fa\u011f\u0131daki \u00fcr\u00fcnler aras\u0131ndan size uygun kesim hatt\u0131n\u0131 bulabilirsiniz.<\/strong><\/p>\n<p>&nbsp;<\/p>","protected":false},"excerpt":{"rendered":"<p>BELI \u00ae Slitting Line is used\u00a0to slit the big wide rolls\/coils into narrow rolls, and packaging it automatically.<\/p>","protected":false},"author":2,"featured_media":926,"parent":170,"menu_order":1,"comment_status":"closed","ping_status":"closed","template":"","meta":{"_angie_page":false,"footnotes":"","big_sky_generated":false},"tags":[],"class_list":["post-403","page","type-page","status-publish","has-post-thumbnail","hentry"],"blocksy_meta":[],"jetpack_sharing_enabled":false,"jetpack_shortlink":"https:\/\/wp.me\/P9K5n8-6v","jetpack_likes_enabled":false,"jetpack-related-posts":[{"id":472,"url":"https:\/\/believeindustry.company\/tr\/coil-process-equipment\/slitting-line\/light-gauge-slitting-line\/","url_meta":{"origin":403,"position":0},"title":"Hafif \u00d6l\u00e7\u00fcl\u00fc Dilme Hatt\u0131","author":"Believe Industry Group","date":"Mart 16, 2018","format":false,"excerpt":"Light Gauge Slitting Line, which is used to slitting the coils\/rolls(Thickness is 0.2-4mm, width: 500-2000mm, weight is 55-25 Ton) \u00a0into desired narrow coils\/rolls, Light Gauge Slitting Line Usually, light gauge slitting line is high precision and speed is up to 120m\/min or more. this line widely used in steel roofing\u2026","rel":"","context":"\"Coil Slitting Line\" i\u00e7inde","block_context":{"text":"Coil Slitting Line","link":"https:\/\/believeindustry.company\/tr\/tag\/coil-slitting-line\/"},"img":{"alt_text":"Light Gauge Slitting Line","src":"https:\/\/i0.wp.com\/believeindustry.company\/wp-content\/uploads\/2018\/03\/Light-Gauge-Slitting-Line.jpg?resize=350%2C200&ssl=1","width":350,"height":200,"srcset":"https:\/\/i0.wp.com\/believeindustry.company\/wp-content\/uploads\/2018\/03\/Light-Gauge-Slitting-Line.jpg?resize=350%2C200&ssl=1 1x, https:\/\/i0.wp.com\/believeindustry.company\/wp-content\/uploads\/2018\/03\/Light-Gauge-Slitting-Line.jpg?resize=525%2C300&ssl=1 1.5x, https:\/\/i0.wp.com\/believeindustry.company\/wp-content\/uploads\/2018\/03\/Light-Gauge-Slitting-Line.jpg?resize=700%2C400&ssl=1 2x, https:\/\/i0.wp.com\/believeindustry.company\/wp-content\/uploads\/2018\/03\/Light-Gauge-Slitting-Line.jpg?resize=1050%2C600&ssl=1 3x"},"classes":[]},{"id":1289,"url":"https:\/\/believeindustry.company\/tr\/coil-process-equipment\/slitting-line\/heavy-gauge-slitting-line\/","url_meta":{"origin":403,"position":1},"title":"Kal\u0131n Tel Dilme Hatt\u0131","author":"Believe Industry Group","date":"Nisan 16, 2018","format":false,"excerpt":"Heavy Gauge Slitting Line, which is used to slitting the coils\/rolls(Thickness is 8-20 mm, width: 600-2600mm, weight is 15-35Ton) \u00a0into desired narrow coils\/rolls, Heavy Gauge Slitting Line Details BELI\u00ae is engage in designing and manufacturing full range of Slitting Lines as per demands. We have a professional team with years'\u2026","rel":"","context":"\"Coil Slitting Line\" i\u00e7inde","block_context":{"text":"Coil Slitting Line","link":"https:\/\/believeindustry.company\/tr\/tag\/coil-slitting-line\/"},"img":{"alt_text":"Heavy Gauge Slitting Line","src":"https:\/\/i0.wp.com\/believeindustry.company\/wp-content\/uploads\/2018\/03\/Heavy-Gauge-Slitting-Line-1.jpg?resize=350%2C200&ssl=1","width":350,"height":200,"srcset":"https:\/\/i0.wp.com\/believeindustry.company\/wp-content\/uploads\/2018\/03\/Heavy-Gauge-Slitting-Line-1.jpg?resize=350%2C200&ssl=1 1x, https:\/\/i0.wp.com\/believeindustry.company\/wp-content\/uploads\/2018\/03\/Heavy-Gauge-Slitting-Line-1.jpg?resize=525%2C300&ssl=1 1.5x, https:\/\/i0.wp.com\/believeindustry.company\/wp-content\/uploads\/2018\/03\/Heavy-Gauge-Slitting-Line-1.jpg?resize=700%2C400&ssl=1 2x, https:\/\/i0.wp.com\/believeindustry.company\/wp-content\/uploads\/2018\/03\/Heavy-Gauge-Slitting-Line-1.jpg?resize=1050%2C600&ssl=1 3x"},"classes":[]},{"id":475,"url":"https:\/\/believeindustry.company\/tr\/coil-process-equipment\/slitting-line\/medium-gauge-slitting-line\/","url_meta":{"origin":403,"position":2},"title":"Orta Kal\u0131nl\u0131kta Dilme Hatt\u0131","author":"Believe Industry Group","date":"Mart 16, 2018","format":false,"excerpt":"Medium Gauge Slitting Line, which is used to slitting the coils\/rolls(Thickness is 2-8mm, width: 500-2600mm, weight is 15-25 Ton) \u00a0into desired narrow coils\/rolls, Medium Gauge Slitting Line BELI\u00ae\u00a0is one of slitting line manufacturers in Wuxi, China, we have full range of Light Gauge Slitting Lines for different demands. please refer\u2026","rel":"","context":"\"Coil Slitting Line\" i\u00e7inde","block_context":{"text":"Coil Slitting Line","link":"https:\/\/believeindustry.company\/tr\/tag\/coil-slitting-line\/"},"img":{"alt_text":"Medium Gauge Slitting Line","src":"https:\/\/i0.wp.com\/believeindustry.company\/wp-content\/uploads\/2018\/03\/Medium-Gauge-Slitting-Line-1.jpg?resize=350%2C200&ssl=1","width":350,"height":200,"srcset":"https:\/\/i0.wp.com\/believeindustry.company\/wp-content\/uploads\/2018\/03\/Medium-Gauge-Slitting-Line-1.jpg?resize=350%2C200&ssl=1 1x, https:\/\/i0.wp.com\/believeindustry.company\/wp-content\/uploads\/2018\/03\/Medium-Gauge-Slitting-Line-1.jpg?resize=525%2C300&ssl=1 1.5x, https:\/\/i0.wp.com\/believeindustry.company\/wp-content\/uploads\/2018\/03\/Medium-Gauge-Slitting-Line-1.jpg?resize=700%2C400&ssl=1 2x, https:\/\/i0.wp.com\/believeindustry.company\/wp-content\/uploads\/2018\/03\/Medium-Gauge-Slitting-Line-1.jpg?resize=1050%2C600&ssl=1 3x"},"classes":[]},{"id":3681,"url":"https:\/\/believeindustry.company\/tr\/steel-slitting-machine-line\/","url_meta":{"origin":403,"position":3},"title":"\u00c7elik Dilme Makinesi Hatt\u0131","author":"Believe Industry Group","date":"Ocak 3, 2019","format":false,"excerpt":"Believe Industry Company have a full range of steel slitting machine line for a different requirements. Contact us now for more information. Steel Slitting Machine Line What's Slitting Machine Line? Slitting is the operation of cutting a wide strip\u00a0into a number of narrow strips by passing the\u00a0strip between circular cutters\u2026","rel":"","context":"\"Slitting Line\" i\u00e7inde","block_context":{"text":"Slitting Line","link":"https:\/\/believeindustry.company\/tr\/tag\/slitting-line\/"},"img":{"alt_text":"slitting machine line supplier","src":"https:\/\/i0.wp.com\/believeindustry.company\/wp-content\/uploads\/2019\/01\/slitting-machine-line-supplier.png?resize=350%2C200&ssl=1","width":350,"height":200,"srcset":"https:\/\/i0.wp.com\/believeindustry.company\/wp-content\/uploads\/2019\/01\/slitting-machine-line-supplier.png?resize=350%2C200&ssl=1 1x, https:\/\/i0.wp.com\/believeindustry.company\/wp-content\/uploads\/2019\/01\/slitting-machine-line-supplier.png?resize=525%2C300&ssl=1 1.5x, https:\/\/i0.wp.com\/believeindustry.company\/wp-content\/uploads\/2019\/01\/slitting-machine-line-supplier.png?resize=700%2C400&ssl=1 2x, https:\/\/i0.wp.com\/believeindustry.company\/wp-content\/uploads\/2019\/01\/slitting-machine-line-supplier.png?resize=1050%2C600&ssl=1 3x"},"classes":[]},{"id":6801,"url":"https:\/\/believeindustry.company\/tr\/coil-process-equipment\/slitting-line\/silicon-steel-slitting-line\/","url_meta":{"origin":403,"position":4},"title":"Silikon \u00c7elik Dilme Hatt\u0131","author":"Believe Industry Group","date":"Haziran 17, 2019","format":false,"excerpt":"The Silicon Steel slitting line is used to longitudinal cutting the wide CRGO coil into required width of strips and wind into rolled coil. It is necessary for transformer industry. Silicon Steel Slitting Line Parameters Input Coil Parameters MaterialSilicon, CR, HRThickness0.2-0.8 mmWidth800-1500 mmMechanical CharacterMax 550 MpaCoil I.D508 mmCoil O.DMax 2000\u2026","rel":"","context":"Benzer yaz\u0131","block_context":{"text":"Benzer yaz\u0131","link":""},"img":{"alt_text":"Silicon Slitting Line Machine","src":"https:\/\/i0.wp.com\/believeindustry.company\/wp-content\/uploads\/2019\/06\/Silicon-Slitting-Line-Machine.jpg?resize=350%2C200&ssl=1","width":350,"height":200,"srcset":"https:\/\/i0.wp.com\/believeindustry.company\/wp-content\/uploads\/2019\/06\/Silicon-Slitting-Line-Machine.jpg?resize=350%2C200&ssl=1 1x, https:\/\/i0.wp.com\/believeindustry.company\/wp-content\/uploads\/2019\/06\/Silicon-Slitting-Line-Machine.jpg?resize=525%2C300&ssl=1 1.5x, https:\/\/i0.wp.com\/believeindustry.company\/wp-content\/uploads\/2019\/06\/Silicon-Slitting-Line-Machine.jpg?resize=700%2C400&ssl=1 2x, https:\/\/i0.wp.com\/believeindustry.company\/wp-content\/uploads\/2019\/06\/Silicon-Slitting-Line-Machine.jpg?resize=1050%2C600&ssl=1 3x, https:\/\/i0.wp.com\/believeindustry.company\/wp-content\/uploads\/2019\/06\/Silicon-Slitting-Line-Machine.jpg?resize=1400%2C800&ssl=1 4x"},"classes":[]},{"id":2277,"url":"https:\/\/believeindustry.company\/tr\/coil-process-equipment\/slitting-line\/simple-slitting-line-price\/","url_meta":{"origin":403,"position":5},"title":"Basit Kesme Hatt\u0131","author":"Believe Industry Group","date":"Haziran 19, 2018","format":false,"excerpt":"Want to know more information of simple slitting line price. Which line speed is around 20m\/min. And which is a good choice for a small business. Simple Slitting Line Price Layout of Simple Slitting Line Brief information of Simple Slitting Line Coil Width: Max 1250mm Thickness: 0.5-1.5 mm Line Speed:\u2026","rel":"","context":"\"mini slitting line\" i\u00e7inde","block_context":{"text":"mini slitting line","link":"https:\/\/believeindustry.company\/tr\/tag\/mini-slitting-line\/"},"img":{"alt_text":"simple slitting line price","src":"https:\/\/i0.wp.com\/believeindustry.company\/wp-content\/uploads\/2018\/06\/simple-slitting-line.jpg?resize=350%2C200&ssl=1","width":350,"height":200,"srcset":"https:\/\/i0.wp.com\/believeindustry.company\/wp-content\/uploads\/2018\/06\/simple-slitting-line.jpg?resize=350%2C200&ssl=1 1x, https:\/\/i0.wp.com\/believeindustry.company\/wp-content\/uploads\/2018\/06\/simple-slitting-line.jpg?resize=525%2C300&ssl=1 1.5x, https:\/\/i0.wp.com\/believeindustry.company\/wp-content\/uploads\/2018\/06\/simple-slitting-line.jpg?resize=700%2C400&ssl=1 2x, https:\/\/i0.wp.com\/believeindustry.company\/wp-content\/uploads\/2018\/06\/simple-slitting-line.jpg?resize=1050%2C600&ssl=1 3x"},"classes":[]}],"amp_enabled":true,"_links":{"self":[{"href":"https:\/\/believeindustry.company\/tr\/wp-json\/wp\/v2\/pages\/403","targetHints":{"allow":["GET"]}}],"collection":[{"href":"https:\/\/believeindustry.company\/tr\/wp-json\/wp\/v2\/pages"}],"about":[{"href":"https:\/\/believeindustry.company\/tr\/wp-json\/wp\/v2\/types\/page"}],"author":[{"embeddable":true,"href":"https:\/\/believeindustry.company\/tr\/wp-json\/wp\/v2\/users\/2"}],"replies":[{"embeddable":true,"href":"https:\/\/believeindustry.company\/tr\/wp-json\/wp\/v2\/comments?post=403"}],"version-history":[{"count":1,"href":"https:\/\/believeindustry.company\/tr\/wp-json\/wp\/v2\/pages\/403\/revisions"}],"predecessor-version":[{"id":19696,"href":"https:\/\/believeindustry.company\/tr\/wp-json\/wp\/v2\/pages\/403\/revisions\/19696"}],"up":[{"embeddable":true,"href":"https:\/\/believeindustry.company\/tr\/wp-json\/wp\/v2\/pages\/170"}],"wp:featuredmedia":[{"embeddable":true,"href":"https:\/\/believeindustry.company\/tr\/wp-json\/wp\/v2\/media\/926"}],"wp:attachment":[{"href":"https:\/\/believeindustry.company\/tr\/wp-json\/wp\/v2\/media?parent=403"}],"wp:term":[{"taxonomy":"post_tag","embeddable":true,"href":"https:\/\/believeindustry.company\/tr\/wp-json\/wp\/v2\/tags?post=403"}],"curies":[{"name":"wp","href":"https:\/\/api.w.org\/{rel}","templated":true}]}}