{"id":593,"date":"2018-03-22T11:12:33","date_gmt":"2018-03-22T03:12:33","guid":{"rendered":"https:\/\/believeindustry.company\/?page_id=593"},"modified":"2026-04-11T21:58:58","modified_gmt":"2026-04-11T13:58:58","slug":"cati-levhasi-rulo-sekillendirme-makinesi","status":"publish","type":"page","link":"https:\/\/believeindustry.company\/tr\/roll-forming-machine\/metal-sheet-roll-forming-machine\/roofing-sheet-roll-forming-machine\/","title":{"rendered":"\u00c7at\u0131 Sac Rulo \u015eekillendirme Makinesi"},"content":{"rendered":"<p><strong>\u00c7at\u0131 Sac Rulo \u015eekillendirme Makinesi<\/strong> is designed to produce various kinds of roofing sheets, wall cladding as per design drawing with desired length. The thickness is normal from 0.2 to 0.8mm and the strength is from 235 Mpa to 550 Mpa. <\/p>\n\n\n\n<h2 class=\"wp-block-heading\"><strong><span style=\"font-size: 18pt;\">Introduction of Roofing Sheet Roll Forming Machine<\/span><\/strong><\/h2>\n\n\n\n<h3 class=\"wp-block-heading\"><strong><span style=\"font-size: 14pt;\">Where to use the roofing panel roll forming machine?<\/span><\/strong><\/h3>\n\n\n\n<p>People use Roofing Sheet Machine, Such as &nbsp;Roofing Sheet Roll Forming Machine, Trapezoidal Sheet Roll Forming Machine to produce metal sheet for industrial, commercial and residential roof cladding. Although there are numerous profiles of roofing sheet, the process of forming is the same. Coils (GI coils, PPGI coils, GL coils, PPGL coils, etc) go through decoiling, roll forming, cutting and then come out the desired roof products.<\/p>\n\n\n\n<h3 class=\"wp-block-heading\"><span style=\"font-size: 14pt;\">Makine Bile\u015fenleri&nbsp;<\/span><\/h3>\n\n\n\n<ol class=\"wp-block-list\"><li>5Ton Decoiler: decoil the coils into flat sheet<\/li><li>Feeding And Guiding: guide the material in order to avoid its deviation<\/li><li>Roll Forming: form the sheet into desire profile<\/li><li>Punching: for tile profile sheet to form the shape like tiles<\/li><li>Cutting: cut the formed profile into desired length<\/li><li>Product Table: support the product from falling down<\/li><li>Electric Control System: supply electric power<\/li><li>Hydraulic System: supply hydraulic power<\/li><\/ol>\n\n\n\n<h3 class=\"wp-block-heading\"><strong><span style=\"font-size: 14pt;\">&nbsp;Optional Accessories of Roofing Sheet Roll Forming Machine<\/span><\/strong><\/h3>\n\n\n\n<figure class=\"wp-block-table\"><table><tbody><tr><td><strong><b>Item<\/b><\/strong><\/td><td><strong><b>Common We Use<\/b><\/strong><\/td><td><strong><b>Optional<\/b><\/strong><\/td><\/tr><tr><td>1.&nbsp;Decoiler<\/td><td>5Ton Manual Decoiler<\/td><td>5 Tonluk Hidrolik Bobin A\u00e7\u0131c\u0131<\/td><\/tr><tr><td>2.&nbsp;Side Structure<\/td><td>Wall Panel Type<\/td><td>Guide Pillar Type<\/td><\/tr><tr><td>3.&nbsp;Roller Material<\/td><td>45# Steel<\/td><td>GCr15 Bearing Steel<\/td><\/tr><tr><td>4.&nbsp;Product Table<\/td><td>Unpowered Table<\/td><td>Otomatik \u0130stifleyici<\/td><\/tr><tr><td>5.&nbsp;Bearing<\/td><td>HRB<\/td><td>SKF, FAG,NSK<\/td><\/tr><tr><td>6.&nbsp;Electric Parts<\/td><td>Domestic Brand<\/td><td>Siemens, Panasonic, Mitsubishi<\/td><\/tr><\/tbody><\/table><\/figure>\n\n\n\n<h3 class=\"wp-block-heading\"><strong><span style=\"font-size: 14pt;\">Comparison Between Roofing Sheet Machine Side Structure Type<\/span><\/strong><\/h3>\n\n\n\n<div class=\"wp-block-image\"><figure class=\"alignright\"><img fetchpriority=\"high\" decoding=\"async\" width=\"391\" height=\"560\" data-attachment-id=\"1914\" data-permalink=\"https:\/\/believeindustry.company\/tr\/roll-forming-machine\/metal-sheet-roll-forming-machine\/roofing-sheet-roll-forming-machine\/metal-roofing-sheets-roll-forming-machine\/\" data-orig-file=\"https:\/\/believeindustry.company\/wp-content\/uploads\/2018\/05\/metal-roofing-sheets-roll-forming-machine.jpg\" data-orig-size=\"391,560\" data-comments-opened=\"1\" data-image-meta=\"{&quot;aperture&quot;:&quot;0&quot;,&quot;credit&quot;:&quot;&quot;,&quot;camera&quot;:&quot;&quot;,&quot;caption&quot;:&quot;&quot;,&quot;created_timestamp&quot;:&quot;0&quot;,&quot;copyright&quot;:&quot;&quot;,&quot;focal_length&quot;:&quot;0&quot;,&quot;iso&quot;:&quot;0&quot;,&quot;shutter_speed&quot;:&quot;0&quot;,&quot;title&quot;:&quot;&quot;,&quot;orientation&quot;:&quot;0&quot;}\" data-image-title=\"metal roofing sheets roll forming machine\" data-image-description=\"\" data-image-caption=\"\" data-large-file=\"https:\/\/believeindustry.company\/wp-content\/uploads\/2018\/05\/metal-roofing-sheets-roll-forming-machine.jpg\" src=\"https:\/\/believeindustry.company\/wp-content\/uploads\/2018\/05\/metal-roofing-sheets-roll-forming-machine.jpg\" alt=\"\u00e7at\u0131 levhas\u0131 rulo \u015fekillendirme makinesi\" class=\"wp-image-1914\" srcset=\"https:\/\/believeindustry.company\/wp-content\/uploads\/2018\/05\/metal-roofing-sheets-roll-forming-machine.jpg 391w, https:\/\/believeindustry.company\/wp-content\/uploads\/2018\/05\/metal-roofing-sheets-roll-forming-machine-209x300.jpg 209w\" sizes=\"(max-width: 391px) 100vw, 391px\" \/><\/figure><\/div>\n\n\n\n<p>Different manufacturers may have different designs of the machine roller stand structure. For metal roofing sheet roll forming machine, there are always two side structure designs: wall panel type and guide pillar type. The function of the wall panel and guide pillar is the same. They are used to fix the sliding blocks, which are installed in two ends of the shaft. Some people prefer wall panel type and they think wall panel structure makes the machine strong. While some people prefer guide pillar structure and they think this type makes the machine more smart. No matter what structure the machine adopt, Both Do Perfect Job. In China, Many factories adopt steel plate as the structure to save the total cost of the machine. and also we think that the steel plate structure is stronger than pillar design.<\/p>\n\n\n\n<h3 class=\"wp-block-heading\"><strong><span style=\"font-size: 14pt;\">Technical Parameters of Metal Roofing Sheet Roll Forming Machine<\/span><\/strong><\/h3>\n\n\n\n<ol class=\"wp-block-list\"><li>Bobin A\u00e7ma Kapasitesi: 5 Ton<\/li><li>Uncoiling Width: 600-1250mm<\/li><li>Material Thickness: 0.2-0.8mm<\/li><li>Main Motor Power: 7.5KW<\/li><li>Forming Stands: 16-26<\/li><li>Rollers Material: ASTM 1045, Chromed 0.05mm thickness<\/li><li>Shaft Material: ASTM 1045, 76mm OD<\/li><li>Hidrolik G\u00fc\u00e7: 4 kW<\/li><li>PLC Markas\u0131: Panasonic<\/li><\/ol>\n\n\n\n<p><b><a title=\"\u00c7in Sanayi \u0130nanc\u0131\" href=\"http:\/\/www.belirollform.com\" rel=\"noopener\" target=\"_blank\">BELI&nbsp;\u00ae<\/a> &nbsp;&#8216;s <a href=\"https:\/\/believeindustry.company\/tr\/rulo-sekillendirme-makine-hatti\/\">rulo \u015fekillendirme makinesi<\/a> are customized. we adopt Copra Software to design the roll forming machine as per customized profiles. You also can view the our <a href=\"https:\/\/believeindustry.company\/tr\/brochure\/brochure-of-metal-sheets-roll-forming-machine\/\">roofing sheet machine brochure<\/a> Daha fazla bilgi i\u00e7in.<\/b><\/p>","protected":false},"excerpt":{"rendered":"<p>Roofing Sheet Roll Forming Machine is designed to produce various kinds of roofing sheets, wall cladding as per design drawing with desired length. The thickness is normal from 0.2 to 0.8mm and the strength is from 235 Mpa to 550 Mpa. Introduction of Roofing Sheet Roll Forming Machine Where to use the roofing panel roll [&hellip;]<\/p>\n","protected":false},"author":2,"featured_media":2261,"parent":724,"menu_order":1,"comment_status":"closed","ping_status":"closed","template":"","meta":{"_angie_page":false,"footnotes":"","big_sky_generated":false},"tags":[607851244,607845980,607849628,607845740,607848238,607848239,607848240,607848237,607848166,607848167,607848165,607846198],"class_list":["post-593","page","type-page","status-publish","has-post-thumbnail","hentry","tag-construction-and-steel-structure","tag-metal-sheet-roll-forming-machine","tag-panel-lines","tag-roll-forming-machine","tag-roof-deck-machine","tag-roof-deck-roll-former","tag-roof-deck-roll-former-machine","tag-roof-deck-roll-forming-machine","tag-roof-panel-machine","tag-roof-panel-roll-former","tag-roof-panel-roll-forming-machine","tag-roofing-sheet-roll-forming-machine"],"blocksy_meta":[],"jetpack_sharing_enabled":true,"jetpack_shortlink":"https:\/\/wp.me\/P9K5n8-9z","jetpack_likes_enabled":false,"jetpack-related-posts":[{"id":724,"url":"https:\/\/believeindustry.company\/tr\/roll-forming-machine\/metal-sheet-roll-forming-machine\/","url_meta":{"origin":593,"position":0},"title":"Metal Sac Rulo \u015eekillendirme Makinesi","author":"Believe Industry Group","date":"Mart 28, 2018","format":false,"excerpt":"Metal Sheet Roll Forming Machines, also named Steel Sheet Roll Forming Machines are widely used in Steel Structure Systems Manufacturers or Builders.Believe Industry Company have full range of Metal Sheet Roll Forming Machine to produce Roof Panels, Wall Cladding Sheets, Step Tiles with different types. Such as: Standing seamming Panel.\u2026","rel":"","context":"\"believe industry machine\" i\u00e7inde","block_context":{"text":"believe industry machine","link":"https:\/\/believeindustry.company\/tr\/tag\/believe-industry-machine\/"},"img":{"alt_text":"sheet roll forming machine","src":"https:\/\/i0.wp.com\/believeindustry.company\/wp-content\/uploads\/2018\/03\/metal-sheet-roll-forming-machine.jpg?resize=350%2C200&ssl=1","width":350,"height":200,"srcset":"https:\/\/i0.wp.com\/believeindustry.company\/wp-content\/uploads\/2018\/03\/metal-sheet-roll-forming-machine.jpg?resize=350%2C200&ssl=1 1x, https:\/\/i0.wp.com\/believeindustry.company\/wp-content\/uploads\/2018\/03\/metal-sheet-roll-forming-machine.jpg?resize=525%2C300&ssl=1 1.5x, https:\/\/i0.wp.com\/believeindustry.company\/wp-content\/uploads\/2018\/03\/metal-sheet-roll-forming-machine.jpg?resize=700%2C400&ssl=1 2x"},"classes":[]},{"id":19437,"url":"https:\/\/believeindustry.company\/tr\/product-2\/","url_meta":{"origin":593,"position":1},"title":"Product","author":"Believe Industry Group","date":"Kas\u0131m 12, 2025","format":false,"excerpt":"Energy and Electric Construction and Steel Structure Rack and Shelving Sale Rated 0 out of 5 Energy and Electric 41x41mm 41x82mm Solar Strut Channel Roll Forming Machine $85,000.00 Original price was: $85,000.00.$80,000.00Current price is: $80,000.00. View Product Sale Rated 0 out of 5 Metal Panel Trapezoidal Ribbed Spandeck Roof and\u2026","rel":"","context":"Benzer yaz\u0131","block_context":{"text":"Benzer yaz\u0131","link":""},"img":{"alt_text":"41x41mm 41x82mm Solar Strut Channel Roll Forming Machine","src":"https:\/\/i0.wp.com\/believeindustry.company\/wp-content\/uploads\/2025\/10\/41x41-41X82-Solar-Strut-Channel-Roll-Forming-Machine-300x214.webp?resize=350%2C200&ssl=1","width":350,"height":200},"classes":[]},{"id":6858,"url":"https:\/\/believeindustry.company\/tr\/roll-forming-machine\/metal-sheet-roll-forming-machine\/klip-lok-roof-sheet-roll-forming-machine\/","url_meta":{"origin":593,"position":2},"title":"Klip-Lok \u00c7at\u0131 Sac Rulo \u015eekillendirme Makinesi","author":"Believe Industry Group","date":"Temmuz 1, 2019","format":false,"excerpt":"Klip-Lok Roof Sheet Roll Forming Machine also named Clip Lock Roof Sheet Roll Forming Machine, which is for producing klip-lok 700 or klip-lok 406 roof sheets as desired length. Klip-Lok Roof Sheet Roll Forming Machine What's Klip-Lok Roof Sheet? Klip-lok roof sheet is a wide-cover concealed fixed cladding with no\u2026","rel":"","context":"\"Construction and Steel Structure\" i\u00e7inde","block_context":{"text":"Construction and Steel Structure","link":"https:\/\/believeindustry.company\/tr\/tag\/construction-and-steel-structure\/"},"img":{"alt_text":"cropped klip lok roof sheet roll forming machine","src":"https:\/\/i0.wp.com\/believeindustry.company\/wp-content\/uploads\/2019\/07\/cropped-klip-lok-roof-sheet-roll-forming-machine.jpg?resize=350%2C200&ssl=1","width":350,"height":200,"srcset":"https:\/\/i0.wp.com\/believeindustry.company\/wp-content\/uploads\/2019\/07\/cropped-klip-lok-roof-sheet-roll-forming-machine.jpg?resize=350%2C200&ssl=1 1x, https:\/\/i0.wp.com\/believeindustry.company\/wp-content\/uploads\/2019\/07\/cropped-klip-lok-roof-sheet-roll-forming-machine.jpg?resize=525%2C300&ssl=1 1.5x"},"classes":[]},{"id":2407,"url":"https:\/\/believeindustry.company\/tr\/roll-forming-machine\/metal-sheet-roll-forming-machine\/box-profile-roofing-sheets-roll-forming-machine\/","url_meta":{"origin":593,"position":3},"title":"Kutu Profilli \u00c7at\u0131 Levhalar\u0131 Rulo \u015eekillendirme Makinesi","author":"Believe Industry Group","date":"Temmuz 4, 2018","format":false,"excerpt":"Box Profile Roofing Sheets Roll Forming Machine is for producing Box Profile Roofing Sheets which are widely used in GBR.\u00a0Believe Industry have a full range of roll forming machines for Box profiles and all the machine components are customized.","rel":"","context":"\"Cold Roll Forming Machine\" i\u00e7inde","block_context":{"text":"Cold Roll Forming Machine","link":"https:\/\/believeindustry.company\/tr\/tag\/cold-roll-forming-machine\/"},"img":{"alt_text":"box profile roofing sheets roll forming machine","src":"https:\/\/i0.wp.com\/believeindustry.company\/wp-content\/uploads\/2018\/07\/box-profile-roofing-sheets-roll-forming-machine.jpg?resize=350%2C200&ssl=1","width":350,"height":200,"srcset":"https:\/\/i0.wp.com\/believeindustry.company\/wp-content\/uploads\/2018\/07\/box-profile-roofing-sheets-roll-forming-machine.jpg?resize=350%2C200&ssl=1 1x, https:\/\/i0.wp.com\/believeindustry.company\/wp-content\/uploads\/2018\/07\/box-profile-roofing-sheets-roll-forming-machine.jpg?resize=525%2C300&ssl=1 1.5x, https:\/\/i0.wp.com\/believeindustry.company\/wp-content\/uploads\/2018\/07\/box-profile-roofing-sheets-roll-forming-machine.jpg?resize=700%2C400&ssl=1 2x"},"classes":[]},{"id":21922,"url":"https:\/\/believeindustry.company\/tr\/construction-and-steel-structure\/","url_meta":{"origin":593,"position":4},"title":"\u0130n\u015faat ve \u00c7elik Yap\u0131","author":"Believe Industry Group","date":"Nisan 12, 2026","format":false,"excerpt":"A roll forming machine for construction and steel structure is heavy-duty manufacturing equipment essential for fabricating the custom components used in pre-engineered buildings and structural frameworks.Functioning as an automated, high-speed production line, it continuously converts large, flat coils of raw steel into ready-to-install building materials\u2014such as C and Z purlins,\u2026","rel":"","context":"Benzer yaz\u0131","block_context":{"text":"Benzer yaz\u0131","link":""},"img":{"alt_text":"","src":"https:\/\/i0.wp.com\/believeindustry.company\/wp-content\/uploads\/2026\/04\/steel-structure-building-1-1.jpg?resize=350%2C200&ssl=1","width":350,"height":200,"srcset":"https:\/\/i0.wp.com\/believeindustry.company\/wp-content\/uploads\/2026\/04\/steel-structure-building-1-1.jpg?resize=350%2C200&ssl=1 1x, https:\/\/i0.wp.com\/believeindustry.company\/wp-content\/uploads\/2026\/04\/steel-structure-building-1-1.jpg?resize=525%2C300&ssl=1 1.5x, https:\/\/i0.wp.com\/believeindustry.company\/wp-content\/uploads\/2026\/04\/steel-structure-building-1-1.jpg?resize=700%2C400&ssl=1 2x"},"classes":[]},{"id":777,"url":"https:\/\/believeindustry.company\/tr\/roll-forming-machine\/metal-sheet-roll-forming-machine\/metal-roof-tile-roll-forming-machine\/","url_meta":{"origin":593,"position":5},"title":"Metal \u00c7at\u0131 Kiremiti Rulo \u015eekillendirme Makinesi","author":"Believe Industry Group","date":"Mart 29, 2018","format":false,"excerpt":"Metal Roof Tile Roll Forming Machine\u00a0is for producing the metal tiles which is similar to traditional tiles. While the quality and life is better. Introduction of Metal Roof Tile Roll Forming Machine Roof Tiles\u00a0are to keep out rain. And traditional made from locally available materials such as slate and terracotta.\u2026","rel":"","context":"\"Construction and Steel Structure\" i\u00e7inde","block_context":{"text":"Construction and Steel Structure","link":"https:\/\/believeindustry.company\/tr\/tag\/construction-and-steel-structure\/"},"img":{"alt_text":"roof tile roll forming machine","src":"https:\/\/i0.wp.com\/believeindustry.company\/wp-content\/uploads\/2018\/04\/roof-tile-roll-forming-machine-e1522726193554.jpg?resize=350%2C200&ssl=1","width":350,"height":200,"srcset":"https:\/\/i0.wp.com\/believeindustry.company\/wp-content\/uploads\/2018\/04\/roof-tile-roll-forming-machine-e1522726193554.jpg?resize=350%2C200&ssl=1 1x, https:\/\/i0.wp.com\/believeindustry.company\/wp-content\/uploads\/2018\/04\/roof-tile-roll-forming-machine-e1522726193554.jpg?resize=525%2C300&ssl=1 1.5x, https:\/\/i0.wp.com\/believeindustry.company\/wp-content\/uploads\/2018\/04\/roof-tile-roll-forming-machine-e1522726193554.jpg?resize=700%2C400&ssl=1 2x, https:\/\/i0.wp.com\/believeindustry.company\/wp-content\/uploads\/2018\/04\/roof-tile-roll-forming-machine-e1522726193554.jpg?resize=1050%2C600&ssl=1 3x"},"classes":[]}],"amp_enabled":true,"_links":{"self":[{"href":"https:\/\/believeindustry.company\/tr\/wp-json\/wp\/v2\/pages\/593","targetHints":{"allow":["GET"]}}],"collection":[{"href":"https:\/\/believeindustry.company\/tr\/wp-json\/wp\/v2\/pages"}],"about":[{"href":"https:\/\/believeindustry.company\/tr\/wp-json\/wp\/v2\/types\/page"}],"author":[{"embeddable":true,"href":"https:\/\/believeindustry.company\/tr\/wp-json\/wp\/v2\/users\/2"}],"replies":[{"embeddable":true,"href":"https:\/\/believeindustry.company\/tr\/wp-json\/wp\/v2\/comments?post=593"}],"version-history":[{"count":2,"href":"https:\/\/believeindustry.company\/tr\/wp-json\/wp\/v2\/pages\/593\/revisions"}],"predecessor-version":[{"id":19711,"href":"https:\/\/believeindustry.company\/tr\/wp-json\/wp\/v2\/pages\/593\/revisions\/19711"}],"up":[{"embeddable":true,"href":"https:\/\/believeindustry.company\/tr\/wp-json\/wp\/v2\/pages\/724"}],"wp:featuredmedia":[{"embeddable":true,"href":"https:\/\/believeindustry.company\/tr\/wp-json\/wp\/v2\/media\/2261"}],"wp:attachment":[{"href":"https:\/\/believeindustry.company\/tr\/wp-json\/wp\/v2\/media?parent=593"}],"wp:term":[{"taxonomy":"post_tag","embeddable":true,"href":"https:\/\/believeindustry.company\/tr\/wp-json\/wp\/v2\/tags?post=593"}],"curies":[{"name":"wp","href":"https:\/\/api.w.org\/{rel}","templated":true}]}}