{"id":6781,"date":"2019-06-06T11:38:09","date_gmt":"2019-06-06T03:38:09","guid":{"rendered":"https:\/\/believeindustry.company\/?page_id=6781"},"modified":"2026-04-12T13:33:10","modified_gmt":"2026-04-12T05:33:10","slug":"w-beam-crash-barrier-roll-forming-machine","status":"publish","type":"page","link":"https:\/\/believeindustry.company\/tr\/roll-forming-machine\/customized-profile-roll-forming-machine\/w-beam-crash-barrier-roll-forming-machine\/","title":{"rendered":"W Kiri\u015fli \u00c7arp\u0131\u015fma Bariyeri Rulo \u015eekillendirme Makinesi"},"content":{"rendered":"<p><strong>W Kiri\u015fli \u00c7arp\u0131\u015fma Bariyeri Rulo \u015eekillendirme Makinesi<\/strong> e is for producing W beam guardrails\/carsh barrier will hole punched.<\/p>\n\n\n\n<h2 class=\"wp-block-heading\">\u00c7arp\u0131\u015fma Bariyeri Rulo \u015eekillendirme Makinesi<\/h2>\n\n\n\n<h3 class=\"wp-block-heading\">Makine \u00d6zelli\u011fi<\/h3>\n\n\n\n<ol class=\"wp-block-list\"><li>Adopt Iron Cast Pillar as roll forming stands which is much stronger<\/li><li>Adopt Gear Box transmission which is much stable for thick material<\/li><li>Adopt latest design of punch mould. Pneumatic pull core.<\/li><\/ol>\n\n\n\n<h3 class=\"wp-block-heading\">Machine Components and Layout<\/h3>\n\n\n\n<h4 class=\"wp-block-heading\">Makine Bile\u015fenleri<\/h4>\n\n\n\n<ol class=\"wp-block-list\"><li>Hidrolik Bobin A\u00e7\u0131c\u0131<\/li><li>Besleyici ve Y\u00f6nlendirici<\/li><li>Seviyeleyici<\/li><li>Z\u0131mba<\/li><li>Rulo \u015eekillendirici<\/li><li>Kesici<\/li><li>Kontrol\u00f6r<\/li><li>Supporter<\/li><\/ol>\n\n\n\n<h4 class=\"wp-block-heading\">Crash Barrier Machine Layout<\/h4>\n\n\n\n<figure class=\"wp-block-image\"><img fetchpriority=\"high\" decoding=\"async\" width=\"1178\" height=\"344\" data-attachment-id=\"6782\" data-permalink=\"https:\/\/believeindustry.company\/tr\/roll-forming-machine\/customized-profile-roll-forming-machine\/w-beam-crash-barrier-roll-forming-machine\/crash-barrier-roll-forming-machine-layout\/\" data-orig-file=\"https:\/\/believeindustry.company\/wp-content\/uploads\/2019\/06\/crash-barrier-roll-forming-machine-layout.jpg\" data-orig-size=\"1178,344\" data-comments-opened=\"1\" data-image-meta=\"{&quot;aperture&quot;:&quot;0&quot;,&quot;credit&quot;:&quot;&quot;,&quot;camera&quot;:&quot;&quot;,&quot;caption&quot;:&quot;&quot;,&quot;created_timestamp&quot;:&quot;0&quot;,&quot;copyright&quot;:&quot;&quot;,&quot;focal_length&quot;:&quot;0&quot;,&quot;iso&quot;:&quot;0&quot;,&quot;shutter_speed&quot;:&quot;0&quot;,&quot;title&quot;:&quot;&quot;,&quot;orientation&quot;:&quot;0&quot;}\" data-image-title=\"crash barrier roll forming machine layout\" data-image-description=\"\" data-image-caption=\"\" data-large-file=\"https:\/\/believeindustry.company\/wp-content\/uploads\/2019\/06\/crash-barrier-roll-forming-machine-layout-1024x299.jpg\" src=\"https:\/\/i2.wp.com\/believeindustry.company\/wp-content\/uploads\/2019\/06\/crash-barrier-roll-forming-machine-layout.jpg?fit=1024%2C299&amp;ssl=1\" alt=\"\u00e7arp\u0131\u015fma bariyeri rulo \u015fekillendirme makinesi d\u00fczeni\" class=\"wp-image-6782\" srcset=\"https:\/\/believeindustry.company\/wp-content\/uploads\/2019\/06\/crash-barrier-roll-forming-machine-layout.jpg 1178w, https:\/\/believeindustry.company\/wp-content\/uploads\/2019\/06\/crash-barrier-roll-forming-machine-layout-600x175.jpg 600w, https:\/\/believeindustry.company\/wp-content\/uploads\/2019\/06\/crash-barrier-roll-forming-machine-layout-300x88.jpg 300w, https:\/\/believeindustry.company\/wp-content\/uploads\/2019\/06\/crash-barrier-roll-forming-machine-layout-768x224.jpg 768w, https:\/\/believeindustry.company\/wp-content\/uploads\/2019\/06\/crash-barrier-roll-forming-machine-layout-1024x299.jpg 1024w, https:\/\/believeindustry.company\/wp-content\/uploads\/2019\/06\/crash-barrier-roll-forming-machine-layout-320x93.jpg 320w, https:\/\/believeindustry.company\/wp-content\/uploads\/2019\/06\/crash-barrier-roll-forming-machine-layout-640x187.jpg 640w, https:\/\/believeindustry.company\/wp-content\/uploads\/2019\/06\/crash-barrier-roll-forming-machine-layout-360x105.jpg 360w, https:\/\/believeindustry.company\/wp-content\/uploads\/2019\/06\/crash-barrier-roll-forming-machine-layout-720x210.jpg 720w, https:\/\/believeindustry.company\/wp-content\/uploads\/2019\/06\/crash-barrier-roll-forming-machine-layout-1080x315.jpg 1080w, https:\/\/believeindustry.company\/wp-content\/uploads\/2019\/06\/crash-barrier-roll-forming-machine-layout-800x234.jpg 800w\" sizes=\"(max-width: 1178px) 100vw, 1178px\" \/><\/figure>\n\n\n\n<h3 class=\"wp-block-heading\">Crash Barrier Roll Forming Machine Specifications<\/h3>\n\n\n\n<h4 class=\"wp-block-heading\">Hidrolik Bobin A\u00e7\u0131c\u0131<\/h4>\n\n\n<ol>\n<li>Type: Hydraulic Loosen and tension. Electric Uncoiling<\/li>\n<li>Loading Capacity 5 Ton<\/li>\n<li>Maximum Coil Width: 600 mm<\/li>\n<li>Coil Inner Diameter 480-600mm<\/li>\n<li>Coil Outer Diameter Max 1600mm<\/li>\n<li>Hydraulic Motor Power 3 KW<\/li>\n<li>Uncoiling Motor Power 4 KW<\/li>\n<\/ol>\n\n\n<h4 class=\"wp-block-heading\"><strong>Besleme, Y\u00f6nlendirme ve Dengeleme<\/strong><\/h4>\n\n\n\n<ol class=\"wp-block-list\"><li> Adopt quality design of feeding and guiding device, workers can adjust the feeding width by turn around the side wheels.<\/li><li> Width range    300-500mm<\/li><li> Pinch Roller Material    ASTM 1045, surface is chromed<\/li><li> Side Wall Panel and Wheels    Black Coating<\/li><li> Lever Rollers    Upper 3, Bottom 4<\/li><li> Leveling Rollers Material    ASTM 1045, Chromed, 76 mm Diameter<\/li><li> Feeding Rollers Transmission    Gear Box connected with main machine<\/li><\/ol>\n\n\n\n<h4 class=\"wp-block-heading\"><strong>Delik A\u00e7ma Cihaz\u0131<\/strong><\/h4>\n\n\n\n<ol class=\"wp-block-list\"><li> Z\u0131mbalama makineleri, tank, motor, pompa, bas\u0131n\u00e7 kontrol vanalar\u0131, bas\u0131n\u00e7 g\u00f6stergeleri, solenoid vanalar ve hidrolik hortumlar da dahil olmak \u00fczere, gerekli \u00e7al\u0131\u015fma bas\u0131nc\u0131nda g\u00fcvenli bir \u015fekilde \u00e7al\u0131\u015facak \u015fekilde tasarlanm\u0131\u015f tek bir hidrolik \u00fcniteye ba\u011flanacakt\u0131r.<\/li><li> Punching Mould Material    CR12, HRC 60-62 degree<\/li><li> Hydraulic Motor Power    15 KW<\/li><li> Hydraulic Work Pressure    12-16 Mpa<\/li><li> Length Measuring    Omron Encoder <\/li><li> The hydraulic station will equipped with cooling fan for working in Tropical Zone<\/li><\/ol>\n\n\n\n<h4 class=\"wp-block-heading\">Roll Forming Machine Device<\/h4>\n\n\n\n<ol class=\"wp-block-list\"><li> Machine Structure: Adopt H beam steel welded frame as the machine base, Cast Steel Stands as the main structure, gear box transmission.<\/li><li> Thickness     3.2 mm<\/li><li> Roller Stations    13<\/li><li> Shaft Material    ASTM 1045, 100 mm Diameter, HB 220-260<\/li><li> Roller Material    GCR15, quenched 58-62, surface chromed<\/li><li> Motor Power:    30 KW<\/li><li> Forming Speed    5-10m\/min ( include punching and cutting)<\/li><li> Driven Method    Gear Box <\/li><li> Machine work area will cover safety protective screening<\/li><\/ol>\n\n\n\n<h4 class=\"wp-block-heading\"><strong>Hidrolik Kesme Cihaz\u0131<\/strong><\/h4>\n\n\n\n<ol class=\"wp-block-list\"><li>4 Post design, stop cutting. 3-pieces cutting blade design.<\/li><li> Cutting Mould Material    CR12, HRC 60-62 degree<\/li><li> Hydraulic Motor Power    15 KW<\/li><li> Hydraulic Work Pressure    12-16 Mpa<\/li><li> Length Measuring    Omron Encoder <\/li><li> The hydraulic station will equipped with cooling fan for working in Tropical Zone<\/li><\/ol>\n\n\n\n<p><strong>Kontrol Kutusu<\/strong><\/p>\n\n\n\n<ol class=\"wp-block-list\"><li>Users input the length and quantity of the product through touch screen, the touch screen will show the working status of the machine. And the machine will automatically stop after the completion of the cutting program<\/li><li> Voltage and Frequency    380V, 50HZ, 3 Phase( Please confirm)<\/li><li> Touch Screen    MCGS<\/li><li> PLC    Panasonic<\/li><li> Encoder    Omron<\/li><li> Frequency Converter Brand    Yaskawa<\/li><li> Adopt aviation plug for easy connect the wiring.<\/li><\/ol>\n\n\n\n<p><a href=\"http:\/\/www.belirollform.com\" target=\"_blank\" rel=\"noopener\">Believe Industry Company<\/a> have a full range of roll forming machines for Guardrail System. <a href=\"https:\/\/believeindustry.company\/tr\/temas-etmek\/\">Bize Ula\u015f\u0131n<\/a> daha fazla bilgi i\u00e7in<\/p>","protected":false},"excerpt":{"rendered":"<p>W Beam Crash Barrier Roll Forming Machine e is for producing W beam guardrails\/carsh barrier will hole punched. Crash Barrier Roll Forming Machine Machine Feature Adopt Iron Cast Pillar as roll forming stands which is much stronger Adopt Gear Box transmission which is much stable for thick material Adopt latest design of punch mould. Pneumatic [&hellip;]<\/p>\n","protected":false},"author":2,"featured_media":2050,"parent":1257,"menu_order":0,"comment_status":"closed","ping_status":"closed","template":"","meta":{"_angie_page":false,"footnotes":"","big_sky_generated":false},"tags":[607849634],"class_list":["post-6781","page","type-page","status-publish","has-post-thumbnail","hentry","tag-custom-designs"],"blocksy_meta":[],"jetpack_sharing_enabled":true,"jetpack_shortlink":"https:\/\/wp.me\/P9K5n8-1Ln","jetpack_likes_enabled":false,"jetpack-related-posts":[{"id":1515,"url":"https:\/\/believeindustry.company\/tr\/roll-forming-machine\/customized-profile-roll-forming-machine\/highway-guardrail-roll-forming-machine\/","url_meta":{"origin":6781,"position":0},"title":"Karayolu Bariyeri Rulo \u015eekillendirme Makinesi","author":"Believe Industry Group","date":"Nisan 26, 2018","format":false,"excerpt":"Highway Guardrail Roll Forming Machine is for producing Guardrails with holes punched online. Believe Industry have several types of guardrails machines. We have different solutions for both W guardrails, Thrim Guardrails, etc. Feeder and Guider Puncher Auto stacker Guardrfail Production Line Hydraiulic puncher Uncoiler Guardrail Roll Forming Machine Highway Guardrail\u2026","rel":"","context":"\"Crash Barrier Roll Forming Machine\" i\u00e7inde","block_context":{"text":"Crash Barrier Roll Forming Machine","link":"https:\/\/believeindustry.company\/tr\/tag\/crash-barrier-roll-forming-machine\/"},"img":{"alt_text":"","src":"https:\/\/i0.wp.com\/believeindustry.company\/wp-content\/uploads\/2022\/03\/guardrail-roll-forming-machine08.jpg?resize=350%2C200&ssl=1","width":350,"height":200,"srcset":"https:\/\/i0.wp.com\/believeindustry.company\/wp-content\/uploads\/2022\/03\/guardrail-roll-forming-machine08.jpg?resize=350%2C200&ssl=1 1x, https:\/\/i0.wp.com\/believeindustry.company\/wp-content\/uploads\/2022\/03\/guardrail-roll-forming-machine08.jpg?resize=525%2C300&ssl=1 1.5x, https:\/\/i0.wp.com\/believeindustry.company\/wp-content\/uploads\/2022\/03\/guardrail-roll-forming-machine08.jpg?resize=700%2C400&ssl=1 2x"},"classes":[]},{"id":7304,"url":"https:\/\/believeindustry.company\/tr\/upright-post-roll-forming-machine\/","url_meta":{"origin":6781,"position":1},"title":"Upright Post Roll Forming Machine","author":"Believe Industry Group","date":"Ocak 8, 2020","format":false,"excerpt":"Upright Post Roll Forming Machine is for producing upright post as per requirement Upright Post Machine Components UncoilerLevrling MachineServo Feeder and Punch PressQuick replace punch die deviceAdjustable Roll Forming MachineServo Tracking Cutting DeviceCollection TableHydraulic StationController Panel Technical Parameters of Post Machine Line Speed: 10-15m\/minUncoiler Capacity: 5 TonPunch Press Capacity: 110\u2026","rel":"","context":"Benzer yaz\u0131","block_context":{"text":"Benzer yaz\u0131","link":""},"img":{"alt_text":"upright post roll forming machine","src":"https:\/\/i0.wp.com\/believeindustry.company\/wp-content\/uploads\/2020\/01\/upright-post-roll-forming-machine.jpg?resize=350%2C200&ssl=1","width":350,"height":200,"srcset":"https:\/\/i0.wp.com\/believeindustry.company\/wp-content\/uploads\/2020\/01\/upright-post-roll-forming-machine.jpg?resize=350%2C200&ssl=1 1x, https:\/\/i0.wp.com\/believeindustry.company\/wp-content\/uploads\/2020\/01\/upright-post-roll-forming-machine.jpg?resize=525%2C300&ssl=1 1.5x, https:\/\/i0.wp.com\/believeindustry.company\/wp-content\/uploads\/2020\/01\/upright-post-roll-forming-machine.jpg?resize=700%2C400&ssl=1 2x, https:\/\/i0.wp.com\/believeindustry.company\/wp-content\/uploads\/2020\/01\/upright-post-roll-forming-machine.jpg?resize=1050%2C600&ssl=1 3x, https:\/\/i0.wp.com\/believeindustry.company\/wp-content\/uploads\/2020\/01\/upright-post-roll-forming-machine.jpg?resize=1400%2C800&ssl=1 4x"},"classes":[]},{"id":10025,"url":"https:\/\/believeindustry.company\/tr\/roll-forming-machine\/pallet-racking-roll-forming-machine\/step-beam-roll-forming-machine\/","url_meta":{"origin":6781,"position":2},"title":"Basamakl\u0131 Kiri\u015f Rulo \u015eekillendirme Makinesi","author":"Believe Industry Group","date":"\u015eubat 22, 2024","format":false,"excerpt":"Describtion Step Beam Roll Forming Machine is to producing Steps Beams with various dimensions. Believe Industry Company have different solutions of machines for step beams: Transmission\uff1a Chain or Gear Box Welding Way: Spot welded or Laser contunuous Welded Speed: 1-2m\/min or 6-8m\/min Step Beam Roll Forming Machine Layout Step Beam\u2026","rel":"","context":"\"Roll Forming Machine\" i\u00e7inde","block_context":{"text":"Roll Forming Machine","link":"https:\/\/believeindustry.company\/tr\/tag\/roll-forming-machine\/"},"img":{"alt_text":"Step Beam Machine: 7 Powerful Strategies for Top Yield","src":"https:\/\/i0.wp.com\/believeindustry.company\/wp-content\/uploads\/2026\/03\/step-beam-roll-forming-machine.webp?resize=350%2C200&ssl=1","width":350,"height":200,"srcset":"https:\/\/i0.wp.com\/believeindustry.company\/wp-content\/uploads\/2026\/03\/step-beam-roll-forming-machine.webp?resize=350%2C200&ssl=1 1x, https:\/\/i0.wp.com\/believeindustry.company\/wp-content\/uploads\/2026\/03\/step-beam-roll-forming-machine.webp?resize=525%2C300&ssl=1 1.5x, https:\/\/i0.wp.com\/believeindustry.company\/wp-content\/uploads\/2026\/03\/step-beam-roll-forming-machine.webp?resize=700%2C400&ssl=1 2x, https:\/\/i0.wp.com\/believeindustry.company\/wp-content\/uploads\/2026\/03\/step-beam-roll-forming-machine.webp?resize=1050%2C600&ssl=1 3x, https:\/\/i0.wp.com\/believeindustry.company\/wp-content\/uploads\/2026\/03\/step-beam-roll-forming-machine.webp?resize=1400%2C800&ssl=1 4x"},"classes":[]},{"id":21970,"url":"https:\/\/believeindustry.company\/tr\/material-storage\/","url_meta":{"origin":6781,"position":3},"title":"Malzeme Depolama","author":"Believe Industry Group","date":"Nisan 12, 2026","format":false,"excerpt":"A roll forming machine for material storage systems is a heavy-duty, automated production line engineered to fabricate the structural components of industrial warehouse racking.By continuously processing raw steel coils through progressive roller dies, the machine precisely shapes the core framework of the storage system. This includes the heavy-gauge vertical column\u2026","rel":"","context":"Benzer yaz\u0131","block_context":{"text":"Benzer yaz\u0131","link":""},"img":{"alt_text":"Automated Warehouse Racking Machinery","src":"https:\/\/i0.wp.com\/believeindustry.company\/wp-content\/uploads\/2026\/03\/pallet-Racking-System.jpg?resize=350%2C200&ssl=1","width":350,"height":200,"srcset":"https:\/\/i0.wp.com\/believeindustry.company\/wp-content\/uploads\/2026\/03\/pallet-Racking-System.jpg?resize=350%2C200&ssl=1 1x, https:\/\/i0.wp.com\/believeindustry.company\/wp-content\/uploads\/2026\/03\/pallet-Racking-System.jpg?resize=525%2C300&ssl=1 1.5x, https:\/\/i0.wp.com\/believeindustry.company\/wp-content\/uploads\/2026\/03\/pallet-Racking-System.jpg?resize=700%2C400&ssl=1 2x, https:\/\/i0.wp.com\/believeindustry.company\/wp-content\/uploads\/2026\/03\/pallet-Racking-System.jpg?resize=1050%2C600&ssl=1 3x, https:\/\/i0.wp.com\/believeindustry.company\/wp-content\/uploads\/2026\/03\/pallet-Racking-System.jpg?resize=1400%2C800&ssl=1 4x"},"classes":[]},{"id":4532,"url":"https:\/\/believeindustry.company\/tr\/roll-forming-machine\/purlin-roll-forming-machine\/multibeam-roll-forming-machine\/","url_meta":{"origin":6781,"position":4},"title":"\u00c7oklu I\u015f\u0131nl\u0131 Rulo \u015eekillendirme Makinesi","author":"Believe Industry Group","date":"Mart 1, 2019","format":false,"excerpt":"Multibeam Roll Forming MachineWhat's Multibeam?OverviewProfile drawings and Dimensions of MultibeamsMaterial DetailsSpecifications of Multibeam Roll Forming MachineMultibeam Machine ComponentsLayout of the Multibeam Beam Roll Forming MachineBrief Introduction of Multibeam Roll Forming Line Multibeam Roll Forming Machine is for producing series sizes of multi beams as per requirements. Multibeam Roll Forming Machine\u2026","rel":"","context":"\"Construction and Steel Structure\" i\u00e7inde","block_context":{"text":"Construction and Steel Structure","link":"https:\/\/believeindustry.company\/tr\/tag\/construction-and-steel-structure\/"},"img":{"alt_text":"multibeam roll forming machine","src":"https:\/\/i0.wp.com\/believeindustry.company\/wp-content\/uploads\/2019\/03\/multibeam-roll-forming-machine.png?resize=350%2C200&ssl=1","width":350,"height":200,"srcset":"https:\/\/i0.wp.com\/believeindustry.company\/wp-content\/uploads\/2019\/03\/multibeam-roll-forming-machine.png?resize=350%2C200&ssl=1 1x, https:\/\/i0.wp.com\/believeindustry.company\/wp-content\/uploads\/2019\/03\/multibeam-roll-forming-machine.png?resize=525%2C300&ssl=1 1.5x, https:\/\/i0.wp.com\/believeindustry.company\/wp-content\/uploads\/2019\/03\/multibeam-roll-forming-machine.png?resize=700%2C400&ssl=1 2x"},"classes":[]},{"id":3307,"url":"https:\/\/believeindustry.company\/tr\/roll-forming-machine\/pallet-racking-roll-forming-machine\/new-design-box-beam-roll-forming-machine\/","url_meta":{"origin":6781,"position":5},"title":"Yeni Tasar\u0131m Entegre Kutu Kiri\u015f Rulo \u015eekillendirme Makinesi","author":"Believe Industry Group","date":"Kas\u0131m 13, 2018","format":false,"excerpt":"New design integrated box beam machine is designed to produce box beams and no need an extra box beam seaming machine. It wills save material and labor cost. What's Box Beam? As we know,\u00a0Box beams\u00a0have no inset step, instead have four flat sides like a box. All load beams typically\u2026","rel":"","context":"\"Box Beam Machine\" i\u00e7inde","block_context":{"text":"Box Beam Machine","link":"https:\/\/believeindustry.company\/tr\/tag\/box-beam-machine\/"},"img":{"alt_text":"new design box beam machine","src":"https:\/\/i0.wp.com\/believeindustry.company\/wp-content\/uploads\/2020\/03\/new-design-box-beam-machine.jpg?resize=350%2C200&ssl=1","width":350,"height":200,"srcset":"https:\/\/i0.wp.com\/believeindustry.company\/wp-content\/uploads\/2020\/03\/new-design-box-beam-machine.jpg?resize=350%2C200&ssl=1 1x, https:\/\/i0.wp.com\/believeindustry.company\/wp-content\/uploads\/2020\/03\/new-design-box-beam-machine.jpg?resize=525%2C300&ssl=1 1.5x, https:\/\/i0.wp.com\/believeindustry.company\/wp-content\/uploads\/2020\/03\/new-design-box-beam-machine.jpg?resize=700%2C400&ssl=1 2x, https:\/\/i0.wp.com\/believeindustry.company\/wp-content\/uploads\/2020\/03\/new-design-box-beam-machine.jpg?resize=1050%2C600&ssl=1 3x, https:\/\/i0.wp.com\/believeindustry.company\/wp-content\/uploads\/2020\/03\/new-design-box-beam-machine.jpg?resize=1400%2C800&ssl=1 4x"},"classes":[]}],"amp_enabled":true,"_links":{"self":[{"href":"https:\/\/believeindustry.company\/tr\/wp-json\/wp\/v2\/pages\/6781","targetHints":{"allow":["GET"]}}],"collection":[{"href":"https:\/\/believeindustry.company\/tr\/wp-json\/wp\/v2\/pages"}],"about":[{"href":"https:\/\/believeindustry.company\/tr\/wp-json\/wp\/v2\/types\/page"}],"author":[{"embeddable":true,"href":"https:\/\/believeindustry.company\/tr\/wp-json\/wp\/v2\/users\/2"}],"replies":[{"embeddable":true,"href":"https:\/\/believeindustry.company\/tr\/wp-json\/wp\/v2\/comments?post=6781"}],"version-history":[{"count":1,"href":"https:\/\/believeindustry.company\/tr\/wp-json\/wp\/v2\/pages\/6781\/revisions"}],"predecessor-version":[{"id":22053,"href":"https:\/\/believeindustry.company\/tr\/wp-json\/wp\/v2\/pages\/6781\/revisions\/22053"}],"up":[{"embeddable":true,"href":"https:\/\/believeindustry.company\/tr\/wp-json\/wp\/v2\/pages\/1257"}],"wp:featuredmedia":[{"embeddable":true,"href":"https:\/\/believeindustry.company\/tr\/wp-json\/wp\/v2\/media\/2050"}],"wp:attachment":[{"href":"https:\/\/believeindustry.company\/tr\/wp-json\/wp\/v2\/media?parent=6781"}],"wp:term":[{"taxonomy":"post_tag","embeddable":true,"href":"https:\/\/believeindustry.company\/tr\/wp-json\/wp\/v2\/tags?post=6781"}],"curies":[{"name":"wp","href":"https:\/\/api.w.org\/{rel}","templated":true}]}}