{"id":6842,"date":"2019-06-25T15:22:22","date_gmt":"2019-06-25T07:22:22","guid":{"rendered":"https:\/\/believeindustry.company\/?page_id=6842"},"modified":"2026-04-11T22:01:36","modified_gmt":"2026-04-11T14:01:36","slug":"multibeam-purlin-roll-forming-machine","status":"publish","type":"page","link":"https:\/\/believeindustry.company\/tr\/roll-forming-machine\/purlin-roll-forming-machine\/multibeam-purlin-roll-forming-machine\/","title":{"rendered":"\u00c7ok Kiri\u015fli A\u015f\u0131k Rulo \u015eekillendirme Makinesi"},"content":{"rendered":"<h2 class=\"wp-block-heading\">\u00c7ok Kiri\u015fli A\u015f\u0131k Rulo \u015eekillendirme Makinesi<\/h2>\n\n\n\n<p><strong>\u00c7ok Kiri\u015fli A\u015f\u0131k Rulo \u015eekillendirme Makinesi<\/strong> is for producing Omega Purlin with web size from 100-450 mm, flange from 60-100 mm. And with simple adjustment, the machine also can produce c purlins. <\/p>\n\n\n\n<h3 class=\"wp-block-heading\">Multibeam Machine Layout<\/h3>\n\n\n\n<figure class=\"wp-block-image\"><img fetchpriority=\"high\" decoding=\"async\" width=\"549\" height=\"241\" data-attachment-id=\"6845\" data-permalink=\"https:\/\/believeindustry.company\/tr\/roll-forming-machine\/purlin-roll-forming-machine\/multibeam-purlin-roll-forming-machine\/multibeam-machine-layout\/\" data-orig-file=\"https:\/\/believeindustry.company\/wp-content\/uploads\/2019\/06\/multibeam-machine-layout.png\" data-orig-size=\"549,241\" data-comments-opened=\"1\" data-image-meta=\"{&quot;aperture&quot;:&quot;0&quot;,&quot;credit&quot;:&quot;&quot;,&quot;camera&quot;:&quot;&quot;,&quot;caption&quot;:&quot;&quot;,&quot;created_timestamp&quot;:&quot;0&quot;,&quot;copyright&quot;:&quot;&quot;,&quot;focal_length&quot;:&quot;0&quot;,&quot;iso&quot;:&quot;0&quot;,&quot;shutter_speed&quot;:&quot;0&quot;,&quot;title&quot;:&quot;&quot;,&quot;orientation&quot;:&quot;0&quot;}\" data-image-title=\"multibeam machine layout\" data-image-description=\"\" data-image-caption=\"\" data-large-file=\"https:\/\/believeindustry.company\/wp-content\/uploads\/2019\/06\/multibeam-machine-layout.png\" src=\"https:\/\/believeindustry.company\/wp-content\/uploads\/2019\/06\/multibeam-machine-layout.png\" alt=\"multibeam machine layout\" class=\"wp-image-6845\" srcset=\"https:\/\/believeindustry.company\/wp-content\/uploads\/2019\/06\/multibeam-machine-layout.png 549w, https:\/\/believeindustry.company\/wp-content\/uploads\/2019\/06\/multibeam-machine-layout-300x132.png 300w, https:\/\/believeindustry.company\/wp-content\/uploads\/2019\/06\/multibeam-machine-layout-320x140.png 320w, https:\/\/believeindustry.company\/wp-content\/uploads\/2019\/06\/multibeam-machine-layout-360x158.png 360w\" sizes=\"(max-width: 549px) 100vw, 549px\" \/><figcaption class=\"wp-element-caption\">Decoiling&#8212;&gt;feeding and guiding&#8212;&gt;levelling&#8212;&gt;punching&#8212;&gt;cutting&#8212;&gt;roll forming<\/figcaption><\/figure>\n\n\n\n<h3 class=\"wp-block-heading\">Makine Bile\u015fenleri<\/h3>\n\n\n\n<ol class=\"wp-block-list\">\n<li>A\u00e7\u0131c\u0131<\/li>\n\n\n\n<li>Feeder&amp;Guider<\/li>\n\n\n\n<li>Seviyeleyici<\/li>\n\n\n\n<li>Delme Cihaz\u0131<\/li>\n\n\n\n<li>Cutoff Device<\/li>\n\n\n\n<li>Rulo \u015eekillendirme <\/li>\n\n\n\n<li>Staightening<\/li>\n<\/ol>\n\n\n\n<h3 class=\"wp-block-heading\">Video<\/h3>\n\n\n\n<figure class=\"wp-block-video\"><div class=\"wp-block-embed__wrapper\">\n<iframe title=\"VideoPress Video Oynat\u0131c\u0131s\u0131\" aria-label='VideoPress Video Oynat\u0131c\u0131s\u0131' width='1290' height='726' src='https:\/\/videopress.com\/embed\/UY3fx2hb?cover=1&amp;controls=0&amp;preloadContent=metadata&amp;hd=0' frameborder='0' allowfullscreen data-resize-to-parent=\"true\" allow='clipboard-write'><\/iframe><script src='https:\/\/v0.wordpress.com\/js\/next\/videopress-iframe.js?m=1739540970'><\/script>\n<\/div><\/figure>\n\n\n\n<p><a href=\"http:\/\/www.belirollform.com\" target=\"_blank\" rel=\"noopener\">Believe Industry Company<\/a> tam bir yelpazeye sahip olmak <a href=\"https:\/\/believeindustry.company\/tr\/rulo-sekillendirme-makinesi\/asik-rulo-sekillendirme-makinesi\/\">rulo \u015fekillendirme makineleri<\/a> for Beams and Purlins. <a href=\"mailto:darren@believeindustry.com\">E-posta<\/a> veya <a href=\"https:\/\/wa.me\/8617351680080\" target=\"_blank\" rel=\"noopener\">WhatsApp<\/a> me for more information<\/p>","protected":false},"excerpt":{"rendered":"<p>Multibeam Purlin Roll Forming Machine Multibeam Purlin Roll Forming Machine is for producing Omega Purlin with web size from 100-450 mm, flange from 60-100 mm. And with simple adjustment, the machine also can produce c purlins. Multibeam Machine Layout Machine Components Video Believe Industry Company have a full range of roll forming machines for Beams [&hellip;]<\/p>\n","protected":false},"author":2,"featured_media":6849,"parent":727,"menu_order":5,"comment_status":"closed","ping_status":"closed","template":"","meta":{"_angie_page":false,"footnotes":"","big_sky_generated":false},"tags":[607851244,607849629],"class_list":["post-6842","page","type-page","status-publish","has-post-thumbnail","hentry","tag-construction-and-steel-structure","tag-purlin-lines"],"blocksy_meta":[],"jetpack_sharing_enabled":true,"jetpack_shortlink":"https:\/\/wp.me\/P9K5n8-1Mm","jetpack_likes_enabled":false,"jetpack-related-posts":[],"amp_enabled":true,"_links":{"self":[{"href":"https:\/\/believeindustry.company\/tr\/wp-json\/wp\/v2\/pages\/6842","targetHints":{"allow":["GET"]}}],"collection":[{"href":"https:\/\/believeindustry.company\/tr\/wp-json\/wp\/v2\/pages"}],"about":[{"href":"https:\/\/believeindustry.company\/tr\/wp-json\/wp\/v2\/types\/page"}],"author":[{"embeddable":true,"href":"https:\/\/believeindustry.company\/tr\/wp-json\/wp\/v2\/users\/2"}],"replies":[{"embeddable":true,"href":"https:\/\/believeindustry.company\/tr\/wp-json\/wp\/v2\/comments?post=6842"}],"version-history":[{"count":1,"href":"https:\/\/believeindustry.company\/tr\/wp-json\/wp\/v2\/pages\/6842\/revisions"}],"predecessor-version":[{"id":18836,"href":"https:\/\/believeindustry.company\/tr\/wp-json\/wp\/v2\/pages\/6842\/revisions\/18836"}],"up":[{"embeddable":true,"href":"https:\/\/believeindustry.company\/tr\/wp-json\/wp\/v2\/pages\/727"}],"wp:featuredmedia":[{"embeddable":true,"href":"https:\/\/believeindustry.company\/tr\/wp-json\/wp\/v2\/media\/6849"}],"wp:attachment":[{"href":"https:\/\/believeindustry.company\/tr\/wp-json\/wp\/v2\/media?parent=6842"}],"wp:term":[{"taxonomy":"post_tag","embeddable":true,"href":"https:\/\/believeindustry.company\/tr\/wp-json\/wp\/v2\/tags?post=6842"}],"curies":[{"name":"wp","href":"https:\/\/api.w.org\/{rel}","templated":true}]}}