{"id":6858,"date":"2019-07-01T13:41:36","date_gmt":"2019-07-01T05:41:36","guid":{"rendered":"https:\/\/believeindustry.company\/?page_id=6858"},"modified":"2026-04-11T21:58:50","modified_gmt":"2026-04-11T13:58:50","slug":"klip-lok-cati-saci-rulo-sekillendirme-makinesi","status":"publish","type":"page","link":"https:\/\/believeindustry.company\/tr\/roll-forming-machine\/metal-sheet-roll-forming-machine\/klip-lok-roof-sheet-roll-forming-machine\/","title":{"rendered":"Klip-Lok \u00c7at\u0131 Sac Rulo \u015eekillendirme Makinesi"},"content":{"rendered":"<p><amp-fit-text layout=\"fixed-height\" min-font-size=\"6\" max-font-size=\"72\" height=\"80\"><strong>Klip-Lok \u00c7at\u0131 Sac Rulo \u015eekillendirme Makinesi<\/strong> Ayr\u0131ca Klip Kilitli \u00c7at\u0131 Sac Levha Rulo \u015eekillendirme Makinesi olarak da adland\u0131r\u0131lan bu makine, istenilen uzunlukta Klip-Lok 700 veya Klip-Lok 406 \u00e7at\u0131 sac levhalar\u0131 \u00fcretmek i\u00e7in kullan\u0131l\u0131r.<\/amp-fit-text><\/p>\n\n\n\n<h2 class=\"wp-block-heading\">Klip-Lok \u00c7at\u0131 Sac Rulo \u015eekillendirme Makinesi<\/h2>\n\n\n\n<h3 class=\"wp-block-heading\">Klip-Lok \u00c7at\u0131 Levhas\u0131 Nedir?<\/h3>\n\n\n\n<p>Klip-lok \u00e7at\u0131 levhas\u0131, hava ko\u015fullar\u0131na dayan\u0131kl\u0131 \u00e7at\u0131lar i\u00e7in a\u00e7\u0131kta ba\u011flant\u0131 eleman\u0131 bulunmayan, geni\u015f y\u00fczeyli, gizli ve sabit bir kaplama malzemesidir. G\u00f6rsel olarak, d\u00fcz panellerden y\u00fckselen belirgin bir nerv\u00fcr, g\u00fc\u00e7l\u00fc bir ifade olu\u015fturur. Uzun ve d\u00fcz hatlar\u0131n termal genle\u015fmesi sa\u011flanabilir ve a\u00e7\u0131kta ba\u011flant\u0131 eleman\u0131 bulunmad\u0131\u011f\u0131 i\u00e7in uzun, d\u00fcz hatlar temiz ve p\u00fcr\u00fczs\u00fcz kal\u0131r. <\/p>\n\n\n\n<h4 class=\"wp-block-heading\">Klip-lok \u00c7at\u0131 Levhalar\u0131n\u0131n \u00c7e\u015fitleri<\/h4>\n\n\n\n<figure class=\"wp-block-gallery has-nested-images columns-default is-cropped wp-block-gallery-1 is-layout-flex wp-block-gallery-is-layout-flex\">\n<figure class=\"wp-block-image size-large\"><img fetchpriority=\"high\" decoding=\"async\" width=\"670\" height=\"400\" data-attachment-id=\"6860\" data-permalink=\"https:\/\/believeindustry.company\/tr\/roll-forming-machine\/metal-sheet-roll-forming-machine\/klip-lok-roof-sheet-roll-forming-machine\/klip-lok-700\/\" data-orig-file=\"https:\/\/believeindustry.company\/wp-content\/uploads\/2019\/07\/klip-lok-700.jpg\" data-orig-size=\"670,400\" data-comments-opened=\"1\" data-image-meta=\"{&quot;aperture&quot;:&quot;0&quot;,&quot;credit&quot;:&quot;&quot;,&quot;camera&quot;:&quot;&quot;,&quot;caption&quot;:&quot;&quot;,&quot;created_timestamp&quot;:&quot;0&quot;,&quot;copyright&quot;:&quot;&quot;,&quot;focal_length&quot;:&quot;0&quot;,&quot;iso&quot;:&quot;0&quot;,&quot;shutter_speed&quot;:&quot;0&quot;,&quot;title&quot;:&quot;&quot;,&quot;orientation&quot;:&quot;0&quot;}\" data-image-title=\"klip lok 700\" data-image-description=\"\" data-image-caption=\"\" data-large-file=\"https:\/\/believeindustry.company\/wp-content\/uploads\/2019\/07\/klip-lok-700.jpg\" data-id=\"6860\" src=\"https:\/\/believeindustry.company\/wp-content\/uploads\/2019\/07\/klip-lok-700.jpg\" alt=\"klip lok 700\" class=\"wp-image-6860\" srcset=\"https:\/\/believeindustry.company\/wp-content\/uploads\/2019\/07\/klip-lok-700.jpg 670w, https:\/\/believeindustry.company\/wp-content\/uploads\/2019\/07\/klip-lok-700-600x358.jpg 600w, https:\/\/believeindustry.company\/wp-content\/uploads\/2019\/07\/klip-lok-700-300x179.jpg 300w, https:\/\/believeindustry.company\/wp-content\/uploads\/2019\/07\/klip-lok-700-320x191.jpg 320w, https:\/\/believeindustry.company\/wp-content\/uploads\/2019\/07\/klip-lok-700-640x382.jpg 640w, https:\/\/believeindustry.company\/wp-content\/uploads\/2019\/07\/klip-lok-700-360x215.jpg 360w, https:\/\/believeindustry.company\/wp-content\/uploads\/2019\/07\/klip-lok-700-370x220.jpg 370w\" sizes=\"(max-width: 670px) 100vw, 670px\" \/><figcaption><\/figcaption><\/figure>\n\n\n\n<figure class=\"wp-block-image size-large\"><img decoding=\"async\" width=\"670\" height=\"400\" data-attachment-id=\"6861\" data-permalink=\"https:\/\/believeindustry.company\/tr\/roll-forming-machine\/metal-sheet-roll-forming-machine\/klip-lok-roof-sheet-roll-forming-machine\/klip-lok-406\/\" data-orig-file=\"https:\/\/believeindustry.company\/wp-content\/uploads\/2019\/07\/klip-lok-406.jpg\" data-orig-size=\"670,400\" data-comments-opened=\"1\" data-image-meta=\"{&quot;aperture&quot;:&quot;0&quot;,&quot;credit&quot;:&quot;&quot;,&quot;camera&quot;:&quot;&quot;,&quot;caption&quot;:&quot;&quot;,&quot;created_timestamp&quot;:&quot;0&quot;,&quot;copyright&quot;:&quot;&quot;,&quot;focal_length&quot;:&quot;0&quot;,&quot;iso&quot;:&quot;0&quot;,&quot;shutter_speed&quot;:&quot;0&quot;,&quot;title&quot;:&quot;&quot;,&quot;orientation&quot;:&quot;0&quot;}\" data-image-title=\"klip lok 406\" data-image-description=\"\" data-image-caption=\"\" data-large-file=\"https:\/\/believeindustry.company\/wp-content\/uploads\/2019\/07\/klip-lok-406.jpg\" data-id=\"6861\" src=\"https:\/\/believeindustry.company\/wp-content\/uploads\/2019\/07\/klip-lok-406.jpg\" alt=\"klip lok 406\" class=\"wp-image-6861\" srcset=\"https:\/\/believeindustry.company\/wp-content\/uploads\/2019\/07\/klip-lok-406.jpg 670w, https:\/\/believeindustry.company\/wp-content\/uploads\/2019\/07\/klip-lok-406-600x358.jpg 600w, https:\/\/believeindustry.company\/wp-content\/uploads\/2019\/07\/klip-lok-406-300x179.jpg 300w, https:\/\/believeindustry.company\/wp-content\/uploads\/2019\/07\/klip-lok-406-320x191.jpg 320w, https:\/\/believeindustry.company\/wp-content\/uploads\/2019\/07\/klip-lok-406-640x382.jpg 640w, https:\/\/believeindustry.company\/wp-content\/uploads\/2019\/07\/klip-lok-406-360x215.jpg 360w, https:\/\/believeindustry.company\/wp-content\/uploads\/2019\/07\/klip-lok-406-370x220.jpg 370w\" sizes=\"(max-width: 670px) 100vw, 670px\" \/><figcaption><\/figcaption><\/figure>\n\n\n\n<figure class=\"wp-block-image size-large\"><img decoding=\"async\" width=\"670\" height=\"400\" data-attachment-id=\"6862\" data-permalink=\"https:\/\/believeindustry.company\/tr\/roll-forming-machine\/metal-sheet-roll-forming-machine\/klip-lok-roof-sheet-roll-forming-machine\/klip-tite\/\" data-orig-file=\"https:\/\/believeindustry.company\/wp-content\/uploads\/2019\/07\/Klip-tite.jpg\" data-orig-size=\"670,400\" data-comments-opened=\"1\" data-image-meta=\"{&quot;aperture&quot;:&quot;0&quot;,&quot;credit&quot;:&quot;&quot;,&quot;camera&quot;:&quot;&quot;,&quot;caption&quot;:&quot;&quot;,&quot;created_timestamp&quot;:&quot;0&quot;,&quot;copyright&quot;:&quot;&quot;,&quot;focal_length&quot;:&quot;0&quot;,&quot;iso&quot;:&quot;0&quot;,&quot;shutter_speed&quot;:&quot;0&quot;,&quot;title&quot;:&quot;&quot;,&quot;orientation&quot;:&quot;0&quot;}\" data-image-title=\"Klip tite\" data-image-description=\"\" data-image-caption=\"\" data-large-file=\"https:\/\/believeindustry.company\/wp-content\/uploads\/2019\/07\/Klip-tite.jpg\" data-id=\"6862\" src=\"https:\/\/believeindustry.company\/wp-content\/uploads\/2019\/07\/Klip-tite.jpg\" alt=\"Klip tite\" class=\"wp-image-6862\" srcset=\"https:\/\/believeindustry.company\/wp-content\/uploads\/2019\/07\/Klip-tite.jpg 670w, https:\/\/believeindustry.company\/wp-content\/uploads\/2019\/07\/Klip-tite-600x358.jpg 600w, https:\/\/believeindustry.company\/wp-content\/uploads\/2019\/07\/Klip-tite-300x179.jpg 300w, https:\/\/believeindustry.company\/wp-content\/uploads\/2019\/07\/Klip-tite-320x191.jpg 320w, https:\/\/believeindustry.company\/wp-content\/uploads\/2019\/07\/Klip-tite-640x382.jpg 640w, https:\/\/believeindustry.company\/wp-content\/uploads\/2019\/07\/Klip-tite-360x215.jpg 360w, https:\/\/believeindustry.company\/wp-content\/uploads\/2019\/07\/Klip-tite-370x220.jpg 370w\" sizes=\"(max-width: 670px) 100vw, 670px\" \/><figcaption><\/figcaption><\/figure>\n<\/figure>\n\n\n\n<div style=\"height:20px\" aria-hidden=\"true\" class=\"wp-block-spacer\"><\/div>\n\n\n\n<p>Profil, 233 mm aral\u0131klarla 3 veya 4 adet trapezoidal nerv\u00fcre sahip olacak ve bu da 406 veya 700 mm&#039;lik net bir kaplama sa\u011flayacakt\u0131r. Erkek nerv\u00fcr, yan bindirmelerde pozitif \u00e7ift kilitlenme hareketi sa\u011flamak i\u00e7in \u00e7\u0131k\u0131nt\u0131lara sahip olacakt\u0131r. Her bir tava iki adet takviye nerv\u00fcr\u00fc i\u00e7erecektir. <\/p>\n\n\n\n<p class=\"has-text-align-left\">\u00c7at\u0131 kaplamas\u0131, 0,4-0,6 mm kal\u0131nl\u0131\u011f\u0131nda galvanizli \u00e7elikten, s\u00fcrekli uzunluklarda rulo \u015feklinde \u015fekillendirilmi\u015f ve pn\u00f6matik kesme i\u015flemiyle istenilen uzunlukta kesilmi\u015f, \u00e7ift kilitli gizli ba\u011flant\u0131l\u0131 Klip-Lok profil olacakt\u0131r.<\/p>\n\n\n\n<h3 class=\"wp-block-heading\">Klip-Lok Makine Bile\u015fenleri<\/h3>\n\n\n\n<ol class=\"wp-block-list\">\n<li>Manuel veya Otomatik Bobin A\u00e7\u0131c\u0131<\/li>\n\n\n\n<li>Besleyici ve Y\u00f6nlendirici<\/li>\n\n\n\n<li>Rulo \u015eekillendirme De\u011firmeni, Merdaneler, Miller<\/li>\n\n\n\n<li>Kesme \u00dcnitesi<\/li>\n\n\n\n<li>Hidrolik \u0130stasyon<\/li>\n\n\n\n<li>Kontrol Paneli<\/li>\n\n\n\n<li>Koleksiyon Tablosu<\/li>\n<\/ol>\n\n\n\n<h3 class=\"wp-block-heading\">Klip-lok Rulo \u015eekillendiriciye K\u0131sa Giri\u015f<\/h3>\n\n\n\n<ol class=\"wp-block-list\">\n<li>Bobin A\u00e7ma Kapasitesi: 5 Ton<\/li>\n\n\n\n<li>Bobinin i\u00e7 \u00e7ap\u0131: 500-650 mm<\/li>\n\n\n\n<li>Bobinin d\u0131\u015f \u00e7ap\u0131: Maksimum 1500 mm<\/li>\n\n\n\n<li>Bobin kal\u0131nl\u0131\u011f\u0131: 0,4-0,6 mm<\/li>\n\n\n\n<li>Bobin Geni\u015fli\u011fi: 940 mm veya 610 mm<\/li>\n\n\n\n<li>Olu\u015fturma A\u015famalar\u0131: 32 <\/li>\n\n\n\n<li>Ana Motor G\u00fcc\u00fc: 15 KW<\/li>\n\n\n\n<li>Silindir Malzemesi: ASTM 1045, sertle\u015ftirilmi\u015f ve kromlanm\u0131\u015f, 0,05 mm kal\u0131nl\u0131k<\/li>\n\n\n\n<li>Mil Malzemesi: Kat\u0131, 75 mm, ASTM 1045. <\/li>\n\n\n\n<li>Tahrik Y\u00f6ntemi: Zincir ve Di\u015fli<\/li>\n\n\n\n<li> Ak\u0131ll\u0131 PLC ve HMI dokunmatik ekranl\u0131 kontrol sistemi, makinenin kolayca \u00e7al\u0131\u015ft\u0131r\u0131lmas\u0131na ve tam olarak sizin \u00f6zelliklerinize uygun, birbirinin ayn\u0131s\u0131 klip-lok \u00e7at\u0131 levhalar\u0131n\u0131n \u00fcretilmesine yard\u0131mc\u0131 olur. <\/li>\n<\/ol>\n\n\n\n<figure class=\"wp-block-image aligncenter size-large is-resized\"><img loading=\"lazy\" decoding=\"async\" width=\"800\" height=\"533\" data-attachment-id=\"6865\" data-permalink=\"https:\/\/believeindustry.company\/tr\/roll-forming-machine\/metal-sheet-roll-forming-machine\/klip-lok-roof-sheet-roll-forming-machine\/klip-lok-roof-sheet-machine-cutter\/\" data-orig-file=\"https:\/\/believeindustry.company\/wp-content\/uploads\/2019\/07\/klip-lok-roof-sheet-machine-cutter.jpg\" data-orig-size=\"800,533\" data-comments-opened=\"1\" data-image-meta=\"{&quot;aperture&quot;:&quot;0&quot;,&quot;credit&quot;:&quot;&quot;,&quot;camera&quot;:&quot;&quot;,&quot;caption&quot;:&quot;&quot;,&quot;created_timestamp&quot;:&quot;0&quot;,&quot;copyright&quot;:&quot;&quot;,&quot;focal_length&quot;:&quot;0&quot;,&quot;iso&quot;:&quot;0&quot;,&quot;shutter_speed&quot;:&quot;0&quot;,&quot;title&quot;:&quot;&quot;,&quot;orientation&quot;:&quot;1&quot;}\" data-image-title=\"klip lok roof sheet machine cutter\" data-image-description=\"\" data-image-caption=\"&lt;p&gt;Klip-Lok Roof Sheet Roll Forming Machine Cutting Device&lt;\/p&gt;\" data-large-file=\"https:\/\/believeindustry.company\/wp-content\/uploads\/2019\/07\/klip-lok-roof-sheet-machine-cutter.jpg\" src=\"https:\/\/believeindustry.company\/wp-content\/uploads\/2019\/07\/klip-lok-roof-sheet-machine-cutter.jpg\" alt=\"klip lok \u00e7at\u0131 sac\u0131 kesme makinesi\" class=\"wp-image-6865\" style=\"width:533px;height:355px\" srcset=\"https:\/\/believeindustry.company\/wp-content\/uploads\/2019\/07\/klip-lok-roof-sheet-machine-cutter.jpg 800w, https:\/\/believeindustry.company\/wp-content\/uploads\/2019\/07\/klip-lok-roof-sheet-machine-cutter-600x400.jpg 600w, https:\/\/believeindustry.company\/wp-content\/uploads\/2019\/07\/klip-lok-roof-sheet-machine-cutter-300x200.jpg 300w, https:\/\/believeindustry.company\/wp-content\/uploads\/2019\/07\/klip-lok-roof-sheet-machine-cutter-768x512.jpg 768w, https:\/\/believeindustry.company\/wp-content\/uploads\/2019\/07\/klip-lok-roof-sheet-machine-cutter-320x213.jpg 320w, https:\/\/believeindustry.company\/wp-content\/uploads\/2019\/07\/klip-lok-roof-sheet-machine-cutter-640x426.jpg 640w, https:\/\/believeindustry.company\/wp-content\/uploads\/2019\/07\/klip-lok-roof-sheet-machine-cutter-360x240.jpg 360w, https:\/\/believeindustry.company\/wp-content\/uploads\/2019\/07\/klip-lok-roof-sheet-machine-cutter-720x480.jpg 720w, https:\/\/believeindustry.company\/wp-content\/uploads\/2019\/07\/klip-lok-roof-sheet-machine-cutter-272x182.jpg 272w\" sizes=\"(max-width: 800px) 100vw, 800px\" \/><figcaption><\/figcaption><\/figure>\n\n\n\n<p>Believe Industry Company, in\u015faat malzemeleri i\u00e7in eksiksiz bir rulo \u015fekillendirme makinesi yelpazesine sahiptir. Bunlar aras\u0131nda;<\/p>\n\n\n\n<ol class=\"wp-block-list\">\n<li><a href=\"https:\/\/believeindustry.company\/tr\/rulo-sekillendirme-makinesi\/asik-rulo-sekillendirme-makinesi\/\">A\u015f\u0131k Rulo \u015eekillendirme Makinesi<\/a><\/li>\n\n\n\n<li><a href=\"https:\/\/believeindustry.company\/tr\/rulo-sekillendirme-makinesi\/ozellestirilmis-profil-rulo-sekillendirme-makinesi\/celik-zemin-kaplama-rulo-sekillendirme-makinesi\/\">Zemin Kaplama Rulo \u015eekillendirme Makinesi<\/a><\/li>\n\n\n\n<li>Karo Makinesi<\/li>\n\n\n\n<li><a href=\"https:\/\/believeindustry.company\/tr\/rulo-sekillendirme-makinesi\/yagmur-olugu-rulo-sekillendirme-makinesi\/\">Ya\u011fmur Oluklar\u0131 ve Boru Temizleme Makineleri<\/a><\/li>\n<\/ol>\n\n\n\n<p><a href=\"mailto:darren@believeindustry.com\">E-posta <\/a>veya <a href=\"https:\/\/wa.me\/8617351680080\" target=\"_blank\" rel=\"noopener\">WhatsApp<\/a> Daha fazla bilgi i\u00e7in l\u00fctfen bizimle ileti\u015fime ge\u00e7in.<\/p>","protected":false},"excerpt":{"rendered":"<p>Klip-Lok Roof Sheet Roll Forming Machine also named Clip Lock Roof Sheet Roll Forming Machine, which is for producing klip-lok 700 or klip-lok 406 roof sheets as desired length. Klip-Lok Roof Sheet Roll Forming Machine What&#8217;s Klip-Lok Roof Sheet? Klip-lok roof sheet is a wide-cover concealed fixed cladding with no exposed fasteners for weathertight roofs. [&hellip;]<\/p>\n","protected":false},"author":2,"featured_media":6864,"parent":724,"menu_order":0,"comment_status":"closed","ping_status":"closed","template":"","meta":{"_angie_page":false,"footnotes":"","big_sky_generated":false},"tags":[607851244],"class_list":["post-6858","page","type-page","status-publish","has-post-thumbnail","hentry","tag-construction-and-steel-structure"],"blocksy_meta":[],"jetpack_sharing_enabled":true,"jetpack_shortlink":"https:\/\/wp.me\/P9K5n8-1MC","jetpack_likes_enabled":false,"jetpack-related-posts":[{"id":21922,"url":"https:\/\/believeindustry.company\/tr\/construction-and-steel-structure\/","url_meta":{"origin":6858,"position":0},"title":"\u0130n\u015faat ve \u00c7elik Yap\u0131","author":"Believe Industry Group","date":"Nisan 12, 2026","format":false,"excerpt":"A roll forming machine for construction and steel structure is heavy-duty manufacturing equipment essential for fabricating the custom components used in pre-engineered buildings and structural frameworks.Functioning as an automated, high-speed production line, it continuously converts large, flat coils of raw steel into ready-to-install building materials\u2014such as C and Z purlins,\u2026","rel":"","context":"Benzer yaz\u0131","block_context":{"text":"Benzer yaz\u0131","link":""},"img":{"alt_text":"","src":"https:\/\/i0.wp.com\/believeindustry.company\/wp-content\/uploads\/2026\/04\/steel-structure-building-1-1.jpg?resize=350%2C200&ssl=1","width":350,"height":200,"srcset":"https:\/\/i0.wp.com\/believeindustry.company\/wp-content\/uploads\/2026\/04\/steel-structure-building-1-1.jpg?resize=350%2C200&ssl=1 1x, https:\/\/i0.wp.com\/believeindustry.company\/wp-content\/uploads\/2026\/04\/steel-structure-building-1-1.jpg?resize=525%2C300&ssl=1 1.5x, https:\/\/i0.wp.com\/believeindustry.company\/wp-content\/uploads\/2026\/04\/steel-structure-building-1-1.jpg?resize=700%2C400&ssl=1 2x"},"classes":[]},{"id":2251,"url":"https:\/\/believeindustry.company\/tr\/roll-forming-machine\/metal-sheet-roll-forming-machine\/widespan-roof-sheeting-roll-forming-machine\/","url_meta":{"origin":6858,"position":1},"title":"Geni\u015f A\u00e7\u0131kl\u0131kl\u0131 \u00c7at\u0131 Kaplama Levhas\u0131 Rulo \u015eekillendirme Makinesi","author":"Believe Industry Group","date":"Haziran 15, 2018","format":false,"excerpt":"A Widespan Roof Sheeting Roll Forming Machine is an industrial manufacturing system built to continuously shape flat metal coils into durable roofing sheets. Furthermore, this heavy-duty equipment uses a series of perfectly calibrated rollers to bend steel accurately at room temperature. Consequently, it provides a highly efficient and reliable solution\u2026","rel":"","context":"\"Construction and Steel Structure\" i\u00e7inde","block_context":{"text":"Construction and Steel Structure","link":"https:\/\/believeindustry.company\/tr\/tag\/construction-and-steel-structure\/"},"img":{"alt_text":"A full-length view of a complete, industrial widespan roofing sheet roll forming production line, including the uncoiler, the main roll former, and a shearing or cutting unit at the exit end.","src":"https:\/\/i0.wp.com\/believeindustry.company\/wp-content\/uploads\/2025\/12\/widespan-roofing-sheet-roll-former.webp?resize=350%2C200&ssl=1","width":350,"height":200,"srcset":"https:\/\/i0.wp.com\/believeindustry.company\/wp-content\/uploads\/2025\/12\/widespan-roofing-sheet-roll-former.webp?resize=350%2C200&ssl=1 1x, https:\/\/i0.wp.com\/believeindustry.company\/wp-content\/uploads\/2025\/12\/widespan-roofing-sheet-roll-former.webp?resize=525%2C300&ssl=1 1.5x, https:\/\/i0.wp.com\/believeindustry.company\/wp-content\/uploads\/2025\/12\/widespan-roofing-sheet-roll-former.webp?resize=700%2C400&ssl=1 2x, https:\/\/i0.wp.com\/believeindustry.company\/wp-content\/uploads\/2025\/12\/widespan-roofing-sheet-roll-former.webp?resize=1050%2C600&ssl=1 3x, https:\/\/i0.wp.com\/believeindustry.company\/wp-content\/uploads\/2025\/12\/widespan-roofing-sheet-roll-former.webp?resize=1400%2C800&ssl=1 4x"},"classes":[]},{"id":724,"url":"https:\/\/believeindustry.company\/tr\/roll-forming-machine\/metal-sheet-roll-forming-machine\/","url_meta":{"origin":6858,"position":2},"title":"Metal Sac Rulo \u015eekillendirme Makinesi","author":"Believe Industry Group","date":"Mart 28, 2018","format":false,"excerpt":"Metal Sheet Roll Forming Machines, also named Steel Sheet Roll Forming Machines are widely used in Steel Structure Systems Manufacturers or Builders.Believe Industry Company have full range of Metal Sheet Roll Forming Machine to produce Roof Panels, Wall Cladding Sheets, Step Tiles with different types. Such as: Standing seamming Panel.\u2026","rel":"","context":"\"believe industry machine\" i\u00e7inde","block_context":{"text":"believe industry machine","link":"https:\/\/believeindustry.company\/tr\/tag\/believe-industry-machine\/"},"img":{"alt_text":"sheet roll forming machine","src":"https:\/\/i0.wp.com\/believeindustry.company\/wp-content\/uploads\/2018\/03\/metal-sheet-roll-forming-machine.jpg?resize=350%2C200&ssl=1","width":350,"height":200,"srcset":"https:\/\/i0.wp.com\/believeindustry.company\/wp-content\/uploads\/2018\/03\/metal-sheet-roll-forming-machine.jpg?resize=350%2C200&ssl=1 1x, https:\/\/i0.wp.com\/believeindustry.company\/wp-content\/uploads\/2018\/03\/metal-sheet-roll-forming-machine.jpg?resize=525%2C300&ssl=1 1.5x, https:\/\/i0.wp.com\/believeindustry.company\/wp-content\/uploads\/2018\/03\/metal-sheet-roll-forming-machine.jpg?resize=700%2C400&ssl=1 2x"},"classes":[]},{"id":593,"url":"https:\/\/believeindustry.company\/tr\/roll-forming-machine\/metal-sheet-roll-forming-machine\/roofing-sheet-roll-forming-machine\/","url_meta":{"origin":6858,"position":3},"title":"\u00c7at\u0131 Sac Rulo \u015eekillendirme Makinesi","author":"Believe Industry Group","date":"Mart 22, 2018","format":false,"excerpt":"Roofing Sheet Roll Forming Machine is designed to produce various kinds of roofing sheets, wall cladding as per design drawing with desired length. The thickness is normal from 0.2 to 0.8mm and the strength is from 235 Mpa to 550 Mpa. Introduction of Roofing Sheet Roll Forming Machine Where to\u2026","rel":"","context":"\"Construction and Steel Structure\" i\u00e7inde","block_context":{"text":"Construction and Steel Structure","link":"https:\/\/believeindustry.company\/tr\/tag\/construction-and-steel-structure\/"},"img":{"alt_text":"roof sheet roll forming machine","src":"https:\/\/i0.wp.com\/believeindustry.company\/wp-content\/uploads\/2018\/06\/roof-sheet-roll-forming-machine_%E5%89%AF%E6%9C%AC.jpg?resize=350%2C200&ssl=1","width":350,"height":200,"srcset":"https:\/\/i0.wp.com\/believeindustry.company\/wp-content\/uploads\/2018\/06\/roof-sheet-roll-forming-machine_%E5%89%AF%E6%9C%AC.jpg?resize=350%2C200&ssl=1 1x, https:\/\/i0.wp.com\/believeindustry.company\/wp-content\/uploads\/2018\/06\/roof-sheet-roll-forming-machine_%E5%89%AF%E6%9C%AC.jpg?resize=525%2C300&ssl=1 1.5x, https:\/\/i0.wp.com\/believeindustry.company\/wp-content\/uploads\/2018\/06\/roof-sheet-roll-forming-machine_%E5%89%AF%E6%9C%AC.jpg?resize=700%2C400&ssl=1 2x, https:\/\/i0.wp.com\/believeindustry.company\/wp-content\/uploads\/2018\/06\/roof-sheet-roll-forming-machine_%E5%89%AF%E6%9C%AC.jpg?resize=1050%2C600&ssl=1 3x"},"classes":[]},{"id":991,"url":"https:\/\/believeindustry.company\/tr\/roll-forming-machine\/metal-sheet-roll-forming-machine\/roof-ridge-cap-roll-forming-machine\/","url_meta":{"origin":6858,"position":4},"title":"\u00c7at\u0131 Mahya Kaplama Rulo \u015eekillendirme Makinesi","author":"Believe Industry Group","date":"Nisan 9, 2018","format":false,"excerpt":"The Ridge Cap Roll Forming Machine is an essential piece of equipment for producing high-quality roof ridge caps used in modern steel building systems. At Beli RollForming, we specialize in manufacturing durable and efficient machines that cater to the global construction market. As a leading manufacturer and exporter in China,\u2026","rel":"","context":"\"Construction and Steel Structure\" i\u00e7inde","block_context":{"text":"Construction and Steel Structure","link":"https:\/\/believeindustry.company\/tr\/tag\/construction-and-steel-structure\/"},"img":{"alt_text":"Industrial roof tile ridge cap roll forming machine for manufacturing roof ridge caps, featuring control panel and steel roll forming components","src":"https:\/\/i0.wp.com\/believeindustry.company\/wp-content\/uploads\/2025\/12\/ridge-cap-roll-forming-machine.webp?resize=350%2C200&ssl=1","width":350,"height":200,"srcset":"https:\/\/i0.wp.com\/believeindustry.company\/wp-content\/uploads\/2025\/12\/ridge-cap-roll-forming-machine.webp?resize=350%2C200&ssl=1 1x, https:\/\/i0.wp.com\/believeindustry.company\/wp-content\/uploads\/2025\/12\/ridge-cap-roll-forming-machine.webp?resize=525%2C300&ssl=1 1.5x, https:\/\/i0.wp.com\/believeindustry.company\/wp-content\/uploads\/2025\/12\/ridge-cap-roll-forming-machine.webp?resize=700%2C400&ssl=1 2x, https:\/\/i0.wp.com\/believeindustry.company\/wp-content\/uploads\/2025\/12\/ridge-cap-roll-forming-machine.webp?resize=1050%2C600&ssl=1 3x, https:\/\/i0.wp.com\/believeindustry.company\/wp-content\/uploads\/2025\/12\/ridge-cap-roll-forming-machine.webp?resize=1400%2C800&ssl=1 4x"},"classes":[]},{"id":1608,"url":"https:\/\/believeindustry.company\/tr\/brochure-of-metal-sheets-roll-forming-machine\/","url_meta":{"origin":6858,"position":5},"title":"Metal Levha Rulo \u015eekillendirme Makinesi Bro\u015f\u00fcr\u00fc","author":"Believe Industry Group","date":"May\u0131s 5, 2018","format":false,"excerpt":"Believe Industry Company have the full range of roll forming machines for metal roofing sheets, such as: IBR sheet roll forming machine Corrugated sheets roll forming machine Bemo sheet roll forming machine Metal roof tile roll forming machine [3d-flip-book mode=\"fullscreen\" urlparam=\"fb3d-page\" id=\"1588\" title=\"true\" template=\"short-white-book-view\"]","rel":"","context":"\"Roll Forming Machine\" i\u00e7inde","block_context":{"text":"Roll Forming Machine","link":"https:\/\/believeindustry.company\/tr\/tag\/roll-forming-machine\/"},"img":{"alt_text":"roofing sheets","src":"https:\/\/i0.wp.com\/believeindustry.company\/wp-content\/uploads\/2018\/05\/roofing-sheets.jpg?resize=350%2C200&ssl=1","width":350,"height":200,"srcset":"https:\/\/i0.wp.com\/believeindustry.company\/wp-content\/uploads\/2018\/05\/roofing-sheets.jpg?resize=350%2C200&ssl=1 1x, https:\/\/i0.wp.com\/believeindustry.company\/wp-content\/uploads\/2018\/05\/roofing-sheets.jpg?resize=525%2C300&ssl=1 1.5x, https:\/\/i0.wp.com\/believeindustry.company\/wp-content\/uploads\/2018\/05\/roofing-sheets.jpg?resize=700%2C400&ssl=1 2x, https:\/\/i0.wp.com\/believeindustry.company\/wp-content\/uploads\/2018\/05\/roofing-sheets.jpg?resize=1050%2C600&ssl=1 3x"},"classes":[]}],"amp_enabled":true,"_links":{"self":[{"href":"https:\/\/believeindustry.company\/tr\/wp-json\/wp\/v2\/pages\/6858","targetHints":{"allow":["GET"]}}],"collection":[{"href":"https:\/\/believeindustry.company\/tr\/wp-json\/wp\/v2\/pages"}],"about":[{"href":"https:\/\/believeindustry.company\/tr\/wp-json\/wp\/v2\/types\/page"}],"author":[{"embeddable":true,"href":"https:\/\/believeindustry.company\/tr\/wp-json\/wp\/v2\/users\/2"}],"replies":[{"embeddable":true,"href":"https:\/\/believeindustry.company\/tr\/wp-json\/wp\/v2\/comments?post=6858"}],"version-history":[{"count":4,"href":"https:\/\/believeindustry.company\/tr\/wp-json\/wp\/v2\/pages\/6858\/revisions"}],"predecessor-version":[{"id":19710,"href":"https:\/\/believeindustry.company\/tr\/wp-json\/wp\/v2\/pages\/6858\/revisions\/19710"}],"up":[{"embeddable":true,"href":"https:\/\/believeindustry.company\/tr\/wp-json\/wp\/v2\/pages\/724"}],"wp:featuredmedia":[{"embeddable":true,"href":"https:\/\/believeindustry.company\/tr\/wp-json\/wp\/v2\/media\/6864"}],"wp:attachment":[{"href":"https:\/\/believeindustry.company\/tr\/wp-json\/wp\/v2\/media?parent=6858"}],"wp:term":[{"taxonomy":"post_tag","embeddable":true,"href":"https:\/\/believeindustry.company\/tr\/wp-json\/wp\/v2\/tags?post=6858"}],"curies":[{"name":"wp","href":"https:\/\/api.w.org\/{rel}","templated":true}]}}