{"id":6977,"date":"2019-09-03T17:19:04","date_gmt":"2019-09-03T09:19:04","guid":{"rendered":"https:\/\/believeindustry.company\/?page_id=6977"},"modified":"2025-12-22T08:05:48","modified_gmt":"2025-12-22T00:05:48","slug":"kutu-kiris-kaynak-makinesi","status":"publish","type":"page","link":"https:\/\/believeindustry.company\/tr\/roll-forming-machine\/pallet-racking-roll-forming-machine\/box-beam-welding-machine\/","title":{"rendered":"Kutu Kiri\u015f Kaynak Makinesi"},"content":{"rendered":"<h2 class=\"wp-block-heading\" id=\"h-box-beam-welder-machine\">Kutu Kiri\u015f Kaynak Makinesi<\/h2>\n\n\n\n<p>Kutu Kiri\u015f Kaynak Makinesi, dik kiri\u015f ve ba\u011flant\u0131 elemanlar\u0131n\u0131 birbirine kaynaklamak i\u00e7in kullan\u0131l\u0131r. NBC-300 CO2 gaz kaynak transformat\u00f6r\u00fc, yeni PLC dokunmatik ekran ve dijital \u00e7\u0131k\u0131\u015f kullan\u0131r, kullan\u0131m\u0131 \u00e7ok kolayd\u0131r. <\/p>\n\n\n\n<p>D\u00f6rt kaynak \u00fcnitesi ayn\u0131 anda \u00e7al\u0131\u015farak her iki ucu da tek seferde kaynakl\u0131yor. \u00d6nce iki taraf kaynaklan\u0131yor, sonra \u00e7evrilip di\u011fer iki taraf kaynaklan\u0131yor. Kaynak h\u0131z\u0131, kiri\u015f boyutuna ba\u011fl\u0131 olarak par\u00e7a ba\u015f\u0131na 15 saniye ile 25 saniye aras\u0131nda de\u011fi\u015fiyor.<\/p>\n\n\n\n<h3 class=\"wp-block-heading\" id=\"h-box-beam-welding-machine-components\">Kutu Kiri\u015f Kaynak Makinesi <strong>Bile\u015fenler<\/strong><\/h3>\n\n\n\n<ol class=\"wp-block-list\">\n<li>PLC Kontrol Sistemi<\/li>\n\n\n\n<li>Kaynak \u00dcniteleri,<\/li>\n\n\n\n<li>Kaynak Tabancas\u0131,<\/li>\n\n\n\n<li>\u00c7al\u0131\u015fma platformu<\/li>\n<\/ol>\n\n\n\n<h3 class=\"wp-block-heading\" id=\"h-brand-list\">Marka Listesi<\/h3>\n\n\n\n<figure class=\"wp-block-table\"><table><tbody><tr><td>1<\/td><td>PLC<\/td><td>Delta<\/td><\/tr><tr><td>2<\/td><td>Dokunmatik ekran<\/td><td>Delta<\/td><\/tr><tr><td>3<\/td><td>Hava silindiri<\/td><td>AirTac<\/td><\/tr><tr><td>4<\/td><td>R\u00f6le ve anahtar<\/td><td>Schneider<\/td><\/tr><tr><td>5<\/td><td>Kaynak\u00e7\u0131 Markas\u0131<\/td><td>Panasonic<\/td><\/tr><\/tbody><\/table><\/figure>\n\n\n\n<h3 class=\"wp-block-heading\" id=\"h-technical-parameters-and-specification\">Teknik Parametreler ve \u00d6zellikler<\/h3>\n\n\n\n<figure class=\"wp-block-table\"><table><tbody><tr><td>1<\/td><td>Kiri\u015f Uzunlu\u011fu<\/td><td>0,8 m ila 3,8 m<\/td><\/tr><tr><td>2<\/td><td>Kaynak Kenarlar\u0131<\/td><td>Dik kiri\u015fin her iki ucunun 4 kenar\u0131<\/td><\/tr><tr><td>3<\/td><td>Kaynak H\u0131z\u0131<\/td><td>15s\/adet ile 25s\/adet aras\u0131.<\/td><\/tr><tr><td>4<\/td><td>Nitelik Oran\u0131<\/td><td>\u226596%<\/td><\/tr><tr><td>5<\/td><td>Kaynak Diki\u015fi<\/td><td>\u22642mm<\/td><\/tr><tr><td>6<\/td><td>Tavsiye Edilen Gaz<\/td><td>CO2 veya Kar\u0131\u015f\u0131k gaz (20% CO2 ve 80% Argon gaz\u0131 daha iyidir)<\/td><\/tr><tr><td>7<\/td><td>Genel G\u00fc\u00e7<\/td><td>15-18KW<\/td><\/tr><tr><td>8<\/td><td>Gerilim<\/td><td>380V 50Hz 3 faz<\/td><\/tr><tr><td>9<\/td><td>Makinenin boyutu<\/td><td>5,6m*1,2m*1,85m<\/td><\/tr><tr><td>10<\/td><td>Kaynak Uzunlu\u011fu<\/td><td>Maksimum 4,5 metre<\/td><\/tr><tr><td>11<\/td><td>Makine a\u011f\u0131rl\u0131\u011f\u0131<\/td><td>Yakla\u015f\u0131k 1200 kg<\/td><\/tr><\/tbody><\/table><\/figure>\n\n\n\n<h3 class=\"wp-block-heading\" id=\"h-video\">Video<\/h3>\n\n\n\n<p>Kutu Kiri\u015f Kaynak Makinesinin Videosu<\/p>\n\n\n\n<figure class=\"wp-block-video wp-block-embed is-type-video is-provider-videopress\"><div class=\"wp-block-embed__wrapper\">\n<iframe title=\"VideoPress Video Oynat\u0131c\u0131s\u0131\" aria-label='VideoPress Video Oynat\u0131c\u0131s\u0131' width='1290' height='726' src='https:\/\/videopress.com\/embed\/wPVb0LVM?cover=1&amp;preloadContent=metadata&amp;hd=0' frameborder='0' allowfullscreen data-resize-to-parent=\"true\" allow='clipboard-write'><\/iframe><script src='https:\/\/v0.wordpress.com\/js\/next\/videopress-iframe.js?m=1739540970'><\/script>\n<\/div><\/figure>\n\n\n\n<p>Believe Industry Company&#039;nin geni\u015f bir \u00fcr\u00fcn yelpazesi bulunmaktad\u0131r. <a href=\"https:\/\/believeindustry.company\/tr\/rulo-sekillendirme-makinesi\/palet-rafi-rulo-sekillendirme-makinesi\/\">rulo \u015fekillendirme makineleri<\/a> Palet raf sistemleri sekt\u00f6r\u00fc i\u00e7in. <a href=\"https:\/\/wa.me\/8617351680080\" target=\"_blank\" rel=\"noopener\">WhatsApp<\/a> biz veya <a href=\"mailto:darren@believeindustry.com\">bize e-posta g\u00f6nderin<\/a> Daha fazla bilgi i\u00e7in.<\/p>","protected":false},"excerpt":{"rendered":"<p>Box Beam Welder Machine The Box Beam Welding machine is used to weld upright beam and connector together.It uses the NBC-300 CO2 gas welding transformer, the new PLC touch screen, digital output, operation is very easy. The 4 welding units are working at the same time, to weld the both ends at one time. And [&hellip;]<\/p>\n","protected":false},"author":2,"featured_media":6984,"parent":1068,"menu_order":0,"comment_status":"closed","ping_status":"closed","template":"","meta":{"_angie_page":false,"footnotes":"","big_sky_generated":false},"tags":[607849631],"class_list":["post-6977","page","type-page","status-publish","has-post-thumbnail","hentry","tag-storage-lines"],"blocksy_meta":[],"jetpack_sharing_enabled":true,"jetpack_shortlink":"https:\/\/wp.me\/P9K5n8-1Ox","jetpack_likes_enabled":false,"jetpack-related-posts":[{"id":6962,"url":"https:\/\/believeindustry.company\/tr\/roll-forming-machine\/pallet-racking-roll-forming-machine\/upright-rack-beam-automatic-welding-machine\/","url_meta":{"origin":6977,"position":0},"title":"Upright Rack Beam Automatic Welding Machine","author":"Believe Industry Group","date":"A\u011fustos 21, 2019","format":false,"excerpt":"Upright Rack beam automatic welding machine is composed of rack, 6 sets pf NBC300 welding machines and delta brand PLC and touch screen, stepper motor, ball screw and linear guide rail. The machine can weld P beams and Box Beams with the width from 50-220 mm and height 40-70 mm.\u2026","rel":"","context":"Benzer yaz\u0131","block_context":{"text":"Benzer yaz\u0131","link":""},"img":{"alt_text":"cropped Upright Rack Beam Automatic Welding Machine","src":"https:\/\/i0.wp.com\/believeindustry.company\/wp-content\/uploads\/2019\/08\/cropped-Upright-Rack-Beam-Automatic-Welding-Machine.jpg?resize=350%2C200&ssl=1","width":350,"height":200,"srcset":"https:\/\/i0.wp.com\/believeindustry.company\/wp-content\/uploads\/2019\/08\/cropped-Upright-Rack-Beam-Automatic-Welding-Machine.jpg?resize=350%2C200&ssl=1 1x, https:\/\/i0.wp.com\/believeindustry.company\/wp-content\/uploads\/2019\/08\/cropped-Upright-Rack-Beam-Automatic-Welding-Machine.jpg?resize=525%2C300&ssl=1 1.5x"},"classes":[]},{"id":21970,"url":"https:\/\/believeindustry.company\/tr\/material-storage\/","url_meta":{"origin":6977,"position":1},"title":"Malzeme Depolama","author":"Believe Industry Group","date":"Nisan 12, 2026","format":false,"excerpt":"A roll forming machine for material storage systems is a heavy-duty, automated production line engineered to fabricate the structural components of industrial warehouse racking.By continuously processing raw steel coils through progressive roller dies, the machine precisely shapes the core framework of the storage system. This includes the heavy-gauge vertical column\u2026","rel":"","context":"Benzer yaz\u0131","block_context":{"text":"Benzer yaz\u0131","link":""},"img":{"alt_text":"Automated Warehouse Racking Machinery","src":"https:\/\/i0.wp.com\/believeindustry.company\/wp-content\/uploads\/2026\/03\/pallet-Racking-System.jpg?resize=350%2C200&ssl=1","width":350,"height":200,"srcset":"https:\/\/i0.wp.com\/believeindustry.company\/wp-content\/uploads\/2026\/03\/pallet-Racking-System.jpg?resize=350%2C200&ssl=1 1x, https:\/\/i0.wp.com\/believeindustry.company\/wp-content\/uploads\/2026\/03\/pallet-Racking-System.jpg?resize=525%2C300&ssl=1 1.5x, https:\/\/i0.wp.com\/believeindustry.company\/wp-content\/uploads\/2026\/03\/pallet-Racking-System.jpg?resize=700%2C400&ssl=1 2x, https:\/\/i0.wp.com\/believeindustry.company\/wp-content\/uploads\/2026\/03\/pallet-Racking-System.jpg?resize=1050%2C600&ssl=1 3x, https:\/\/i0.wp.com\/believeindustry.company\/wp-content\/uploads\/2026\/03\/pallet-Racking-System.jpg?resize=1400%2C800&ssl=1 4x"},"classes":[]},{"id":10025,"url":"https:\/\/believeindustry.company\/tr\/roll-forming-machine\/pallet-racking-roll-forming-machine\/step-beam-roll-forming-machine\/","url_meta":{"origin":6977,"position":2},"title":"Basamakl\u0131 Kiri\u015f Rulo \u015eekillendirme Makinesi","author":"Believe Industry Group","date":"\u015eubat 22, 2024","format":false,"excerpt":"Describtion Step Beam Roll Forming Machine is to producing Steps Beams with various dimensions. Believe Industry Company have different solutions of machines for step beams: Transmission\uff1a Chain or Gear Box Welding Way: Spot welded or Laser contunuous Welded Speed: 1-2m\/min or 6-8m\/min Step Beam Roll Forming Machine Layout Step Beam\u2026","rel":"","context":"\"Roll Forming Machine\" i\u00e7inde","block_context":{"text":"Roll Forming Machine","link":"https:\/\/believeindustry.company\/tr\/tag\/roll-forming-machine\/"},"img":{"alt_text":"Step Beam Machine: 7 Powerful Strategies for Top Yield","src":"https:\/\/i0.wp.com\/believeindustry.company\/wp-content\/uploads\/2026\/03\/step-beam-roll-forming-machine.webp?resize=350%2C200&ssl=1","width":350,"height":200,"srcset":"https:\/\/i0.wp.com\/believeindustry.company\/wp-content\/uploads\/2026\/03\/step-beam-roll-forming-machine.webp?resize=350%2C200&ssl=1 1x, https:\/\/i0.wp.com\/believeindustry.company\/wp-content\/uploads\/2026\/03\/step-beam-roll-forming-machine.webp?resize=525%2C300&ssl=1 1.5x, https:\/\/i0.wp.com\/believeindustry.company\/wp-content\/uploads\/2026\/03\/step-beam-roll-forming-machine.webp?resize=700%2C400&ssl=1 2x, https:\/\/i0.wp.com\/believeindustry.company\/wp-content\/uploads\/2026\/03\/step-beam-roll-forming-machine.webp?resize=1050%2C600&ssl=1 3x, https:\/\/i0.wp.com\/believeindustry.company\/wp-content\/uploads\/2026\/03\/step-beam-roll-forming-machine.webp?resize=1400%2C800&ssl=1 4x"},"classes":[]},{"id":979,"url":"https:\/\/believeindustry.company\/tr\/roll-forming-machine\/steel-door-roll-forming-machine\/steel-door-frame-roll-forming-machine\/","url_meta":{"origin":6977,"position":3},"title":"\u00c7elik Kap\u0131 \u00c7er\u00e7evesi Rulo \u015eekillendirme Makinesi","author":"Believe Industry Group","date":"May\u0131s 23, 2018","format":false,"excerpt":"A Steel Door Frame Roll Forming Machine is for produce door frames as desired sizes. with multifunctional punch holes and notches for folding into frame. Steel Door Frame Roll Forming Machine Steel Door Frame The Steel Door Frame are light weight, sturdy, and manufactured from Galvanized steel with the thickness\u2026","rel":"","context":"&quot;Company News&quot; i\u00e7inde","block_context":{"text":"Company News","link":"https:\/\/believeindustry.company\/tr\/category\/company-news\/"},"img":{"alt_text":"door frame roll forming machine","src":"https:\/\/i0.wp.com\/believeindustry.company\/wp-content\/uploads\/2018\/06\/door-frame-roll-forming-machine.jpg?resize=350%2C200&ssl=1","width":350,"height":200,"srcset":"https:\/\/i0.wp.com\/believeindustry.company\/wp-content\/uploads\/2018\/06\/door-frame-roll-forming-machine.jpg?resize=350%2C200&ssl=1 1x, https:\/\/i0.wp.com\/believeindustry.company\/wp-content\/uploads\/2018\/06\/door-frame-roll-forming-machine.jpg?resize=525%2C300&ssl=1 1.5x, https:\/\/i0.wp.com\/believeindustry.company\/wp-content\/uploads\/2018\/06\/door-frame-roll-forming-machine.jpg?resize=700%2C400&ssl=1 2x, https:\/\/i0.wp.com\/believeindustry.company\/wp-content\/uploads\/2018\/06\/door-frame-roll-forming-machine.jpg?resize=1050%2C600&ssl=1 3x, https:\/\/i0.wp.com\/believeindustry.company\/wp-content\/uploads\/2018\/06\/door-frame-roll-forming-machine.jpg?resize=1400%2C800&ssl=1 4x"},"classes":[]},{"id":7304,"url":"https:\/\/believeindustry.company\/tr\/upright-post-roll-forming-machine\/","url_meta":{"origin":6977,"position":4},"title":"Upright Post Roll Forming Machine","author":"Believe Industry Group","date":"Ocak 8, 2020","format":false,"excerpt":"Upright Post Roll Forming Machine is for producing upright post as per requirement Upright Post Machine Components UncoilerLevrling MachineServo Feeder and Punch PressQuick replace punch die deviceAdjustable Roll Forming MachineServo Tracking Cutting DeviceCollection TableHydraulic StationController Panel Technical Parameters of Post Machine Line Speed: 10-15m\/minUncoiler Capacity: 5 TonPunch Press Capacity: 110\u2026","rel":"","context":"Benzer yaz\u0131","block_context":{"text":"Benzer yaz\u0131","link":""},"img":{"alt_text":"upright post roll forming machine","src":"https:\/\/i0.wp.com\/believeindustry.company\/wp-content\/uploads\/2020\/01\/upright-post-roll-forming-machine.jpg?resize=350%2C200&ssl=1","width":350,"height":200,"srcset":"https:\/\/i0.wp.com\/believeindustry.company\/wp-content\/uploads\/2020\/01\/upright-post-roll-forming-machine.jpg?resize=350%2C200&ssl=1 1x, https:\/\/i0.wp.com\/believeindustry.company\/wp-content\/uploads\/2020\/01\/upright-post-roll-forming-machine.jpg?resize=525%2C300&ssl=1 1.5x, https:\/\/i0.wp.com\/believeindustry.company\/wp-content\/uploads\/2020\/01\/upright-post-roll-forming-machine.jpg?resize=700%2C400&ssl=1 2x, https:\/\/i0.wp.com\/believeindustry.company\/wp-content\/uploads\/2020\/01\/upright-post-roll-forming-machine.jpg?resize=1050%2C600&ssl=1 3x, https:\/\/i0.wp.com\/believeindustry.company\/wp-content\/uploads\/2020\/01\/upright-post-roll-forming-machine.jpg?resize=1400%2C800&ssl=1 4x"},"classes":[]},{"id":2853,"url":"https:\/\/believeindustry.company\/tr\/roll-forming-machine\/customized-profile-roll-forming-machine\/metal-stud-and-track-roll-forming-machine\/","url_meta":{"origin":6977,"position":5},"title":"\u00c7ivi ve Ray Rulo \u015eekillendirme Makinesi","author":"Believe Industry Group","date":"Ekim 2, 2018","format":false,"excerpt":"Metal Stud and Track Roll Forming Machine is for produce studs and tracks with various types. Which is widely used in light steel construction industry. Metal Stud and Track Roll Forming Machine What's Stud and Track? The stud and track are very easy to install with the minimum of knowledge\u2026","rel":"","context":"&quot;Company News&quot; i\u00e7inde","block_context":{"text":"Company News","link":"https:\/\/believeindustry.company\/tr\/category\/company-news\/"},"img":{"alt_text":"metal stud and track roll forming machine","src":"https:\/\/i0.wp.com\/believeindustry.company\/wp-content\/uploads\/2018\/10\/stud-and-track-roll-forming-machines-1.jpg?resize=350%2C200&ssl=1","width":350,"height":200,"srcset":"https:\/\/i0.wp.com\/believeindustry.company\/wp-content\/uploads\/2018\/10\/stud-and-track-roll-forming-machines-1.jpg?resize=350%2C200&ssl=1 1x, https:\/\/i0.wp.com\/believeindustry.company\/wp-content\/uploads\/2018\/10\/stud-and-track-roll-forming-machines-1.jpg?resize=525%2C300&ssl=1 1.5x, https:\/\/i0.wp.com\/believeindustry.company\/wp-content\/uploads\/2018\/10\/stud-and-track-roll-forming-machines-1.jpg?resize=700%2C400&ssl=1 2x, https:\/\/i0.wp.com\/believeindustry.company\/wp-content\/uploads\/2018\/10\/stud-and-track-roll-forming-machines-1.jpg?resize=1050%2C600&ssl=1 3x"},"classes":[]}],"amp_enabled":true,"_links":{"self":[{"href":"https:\/\/believeindustry.company\/tr\/wp-json\/wp\/v2\/pages\/6977","targetHints":{"allow":["GET"]}}],"collection":[{"href":"https:\/\/believeindustry.company\/tr\/wp-json\/wp\/v2\/pages"}],"about":[{"href":"https:\/\/believeindustry.company\/tr\/wp-json\/wp\/v2\/types\/page"}],"author":[{"embeddable":true,"href":"https:\/\/believeindustry.company\/tr\/wp-json\/wp\/v2\/users\/2"}],"replies":[{"embeddable":true,"href":"https:\/\/believeindustry.company\/tr\/wp-json\/wp\/v2\/comments?post=6977"}],"version-history":[{"count":3,"href":"https:\/\/believeindustry.company\/tr\/wp-json\/wp\/v2\/pages\/6977\/revisions"}],"predecessor-version":[{"id":20135,"href":"https:\/\/believeindustry.company\/tr\/wp-json\/wp\/v2\/pages\/6977\/revisions\/20135"}],"up":[{"embeddable":true,"href":"https:\/\/believeindustry.company\/tr\/wp-json\/wp\/v2\/pages\/1068"}],"wp:featuredmedia":[{"embeddable":true,"href":"https:\/\/believeindustry.company\/tr\/wp-json\/wp\/v2\/media\/6984"}],"wp:attachment":[{"href":"https:\/\/believeindustry.company\/tr\/wp-json\/wp\/v2\/media?parent=6977"}],"wp:term":[{"taxonomy":"post_tag","embeddable":true,"href":"https:\/\/believeindustry.company\/tr\/wp-json\/wp\/v2\/tags?post=6977"}],"curies":[{"name":"wp","href":"https:\/\/api.w.org\/{rel}","templated":true}]}}