{"id":7304,"date":"2020-01-08T15:26:34","date_gmt":"2020-01-08T07:26:34","guid":{"rendered":"https:\/\/believeindustry.company\/?page_id=7304"},"modified":"2021-12-20T10:45:34","modified_gmt":"2021-12-20T02:45:34","slug":"dikey-direkli-rulo-sekillendirme-makinesi","status":"publish","type":"page","link":"https:\/\/believeindustry.company\/tr\/upright-post-roll-forming-machine\/","title":{"rendered":"Dikey Direkli Rulo \u015eekillendirme Makinesi"},"content":{"rendered":"<p><strong>Dikey Direkli Rulo \u015eekillendirme Makinesi<\/strong> \u0130htiyaca g\u00f6re dik direk \u00fcretmek i\u00e7indir.<\/p>\n\n\n\n<figure class=\"wp-block-image size-large\"><img fetchpriority=\"high\" decoding=\"async\" width=\"1024\" height=\"768\" data-attachment-id=\"7306\" data-permalink=\"https:\/\/believeindustry.company\/tr\/upright-post-roll-forming-machine\/upright-post-roll-forming-machine\/\" data-orig-file=\"https:\/\/believeindustry.company\/wp-content\/uploads\/2020\/01\/upright-post-roll-forming-machine.jpg\" data-orig-size=\"4000,3000\" data-comments-opened=\"1\" data-image-meta=\"{&quot;aperture&quot;:&quot;1.8&quot;,&quot;credit&quot;:&quot;&quot;,&quot;camera&quot;:&quot;YAL-AL00&quot;,&quot;caption&quot;:&quot;&quot;,&quot;created_timestamp&quot;:&quot;1572960616&quot;,&quot;copyright&quot;:&quot;&quot;,&quot;focal_length&quot;:&quot;4.75&quot;,&quot;iso&quot;:&quot;200&quot;,&quot;shutter_speed&quot;:&quot;0.01&quot;,&quot;title&quot;:&quot;&quot;,&quot;orientation&quot;:&quot;0&quot;}\" data-image-title=\"upright post roll forming machine\" data-image-description=\"\" data-image-caption=\"\" data-large-file=\"https:\/\/believeindustry.company\/wp-content\/uploads\/2020\/01\/upright-post-roll-forming-machine-1024x768.jpg\" src=\"https:\/\/believeindustry.company\/wp-content\/uploads\/2020\/01\/upright-post-roll-forming-machine-1024x768.jpg\" alt=\"dikey direkli rulo \u015fekillendirme makinesi\" class=\"wp-image-7306\" srcset=\"https:\/\/believeindustry.company\/wp-content\/uploads\/2020\/01\/upright-post-roll-forming-machine-1024x768.jpg 1024w, https:\/\/believeindustry.company\/wp-content\/uploads\/2020\/01\/upright-post-roll-forming-machine-600x450.jpg 600w, https:\/\/believeindustry.company\/wp-content\/uploads\/2020\/01\/upright-post-roll-forming-machine-300x225.jpg 300w, https:\/\/believeindustry.company\/wp-content\/uploads\/2020\/01\/upright-post-roll-forming-machine-768x576.jpg 768w, https:\/\/believeindustry.company\/wp-content\/uploads\/2020\/01\/upright-post-roll-forming-machine-1536x1152.jpg 1536w, https:\/\/believeindustry.company\/wp-content\/uploads\/2020\/01\/upright-post-roll-forming-machine-2048x1536.jpg 2048w, https:\/\/believeindustry.company\/wp-content\/uploads\/2020\/01\/upright-post-roll-forming-machine-320x240.jpg 320w, https:\/\/believeindustry.company\/wp-content\/uploads\/2020\/01\/upright-post-roll-forming-machine-640x480.jpg 640w, https:\/\/believeindustry.company\/wp-content\/uploads\/2020\/01\/upright-post-roll-forming-machine-360x270.jpg 360w, https:\/\/believeindustry.company\/wp-content\/uploads\/2020\/01\/upright-post-roll-forming-machine-720x540.jpg 720w, https:\/\/believeindustry.company\/wp-content\/uploads\/2020\/01\/upright-post-roll-forming-machine-1080x810.jpg 1080w, https:\/\/believeindustry.company\/wp-content\/uploads\/2020\/01\/upright-post-roll-forming-machine-800x600.jpg 800w, https:\/\/believeindustry.company\/wp-content\/uploads\/2020\/01\/upright-post-roll-forming-machine-1280x960.jpg 1280w\" sizes=\"(max-width: 1024px) 100vw, 1024px\" \/><figcaption><\/figcaption><\/figure>\n\n\n\n<h2 class=\"wp-block-heading\">Dik Post Makinesi Bile\u015fenleri<\/h2>\n\n\n\n<ol class=\"wp-block-list\"><li>A\u00e7\u0131c\u0131<\/li><li>Kald\u0131rma Makinesi<\/li><li>Servo Besleyici ve Z\u0131mba Presi<\/li><li>H\u0131zl\u0131 de\u011fi\u015ftirme z\u0131mba kal\u0131b\u0131 cihaz\u0131<\/li><li>Ayarlanabilir Rulo \u015eekillendirme Makinesi<\/li><li>Servo Takipli Kesme Cihaz\u0131<\/li><li>Koleksiyon Tablosu<\/li><li>Hidrolik \u0130stasyon<\/li><li>Kontrol Paneli<\/li><\/ol>\n\n\n\n<h2 class=\"wp-block-heading\">Post Makinesinin Teknik Parametreleri<\/h2>\n\n\n\n<ol class=\"wp-block-list\"><li>Misina H\u0131z\u0131: 10-15 m\/dak<\/li><li>Bobin A\u00e7ma Kapasitesi: 5 Ton<\/li><li>Pres Makinesi Kapasitesi: 110 Ton<\/li><li>Rulo \u015eekillendirme Standlar\u0131: 18-22<\/li><li>Motor G\u00fcc\u00fc: 18,5 kW x 2<\/li><li>Silindir Malzemesi: CR12 MOV, HRD 58-62 derece<\/li><li>Mil: 75 mm \u00e7ap, 40CR<\/li><li>Hidrolik Motor G\u00fcc\u00fc: 5,5 KW<\/li><li>Servo Palet Motoru G\u00fcc\u00fc: 3 KW<\/li><\/ol>\n\n\n\n<h2 class=\"wp-block-heading\">Dikey Kolonlu Rulo \u015eekillendirme Makinesi Yerle\u015fim Plan\u0131<\/h2>\n\n\n\n<figure class=\"wp-block-image size-large\"><img decoding=\"async\" width=\"1657\" height=\"378\" data-attachment-id=\"7310\" data-permalink=\"https:\/\/believeindustry.company\/tr\/upright-post-roll-forming-machine\/upright-rack-roll-forming-machine-layout\/\" data-orig-file=\"https:\/\/believeindustry.company\/wp-content\/uploads\/2020\/01\/upright-rack-roll-forming-machine-layout.jpg\" data-orig-size=\"1657,378\" data-comments-opened=\"1\" data-image-meta=\"{&quot;aperture&quot;:&quot;0&quot;,&quot;credit&quot;:&quot;&quot;,&quot;camera&quot;:&quot;&quot;,&quot;caption&quot;:&quot;&quot;,&quot;created_timestamp&quot;:&quot;0&quot;,&quot;copyright&quot;:&quot;&quot;,&quot;focal_length&quot;:&quot;0&quot;,&quot;iso&quot;:&quot;0&quot;,&quot;shutter_speed&quot;:&quot;0&quot;,&quot;title&quot;:&quot;&quot;,&quot;orientation&quot;:&quot;0&quot;}\" data-image-title=\"upright rack roll forming machine layout\" data-image-description=\"\" data-image-caption=\"\" data-large-file=\"https:\/\/believeindustry.company\/wp-content\/uploads\/2020\/01\/upright-rack-roll-forming-machine-layout-1024x234.jpg\" src=\"https:\/\/i1.wp.com\/believeindustry.company\/wp-content\/uploads\/2020\/01\/upright-rack-roll-forming-machine-layout.jpg?fit=640%2C146&amp;ssl=1\" alt=\"dikey rafl\u0131 rulo \u015fekillendirme makinesi d\u00fczeni\" class=\"wp-image-7310\" srcset=\"https:\/\/believeindustry.company\/wp-content\/uploads\/2020\/01\/upright-rack-roll-forming-machine-layout.jpg 1657w, https:\/\/believeindustry.company\/wp-content\/uploads\/2020\/01\/upright-rack-roll-forming-machine-layout-600x137.jpg 600w, https:\/\/believeindustry.company\/wp-content\/uploads\/2020\/01\/upright-rack-roll-forming-machine-layout-300x68.jpg 300w, https:\/\/believeindustry.company\/wp-content\/uploads\/2020\/01\/upright-rack-roll-forming-machine-layout-1024x234.jpg 1024w, https:\/\/believeindustry.company\/wp-content\/uploads\/2020\/01\/upright-rack-roll-forming-machine-layout-768x175.jpg 768w, https:\/\/believeindustry.company\/wp-content\/uploads\/2020\/01\/upright-rack-roll-forming-machine-layout-1536x350.jpg 1536w, https:\/\/believeindustry.company\/wp-content\/uploads\/2020\/01\/upright-rack-roll-forming-machine-layout-320x73.jpg 320w, https:\/\/believeindustry.company\/wp-content\/uploads\/2020\/01\/upright-rack-roll-forming-machine-layout-640x146.jpg 640w, https:\/\/believeindustry.company\/wp-content\/uploads\/2020\/01\/upright-rack-roll-forming-machine-layout-360x82.jpg 360w, https:\/\/believeindustry.company\/wp-content\/uploads\/2020\/01\/upright-rack-roll-forming-machine-layout-720x164.jpg 720w, https:\/\/believeindustry.company\/wp-content\/uploads\/2020\/01\/upright-rack-roll-forming-machine-layout-1080x246.jpg 1080w, https:\/\/believeindustry.company\/wp-content\/uploads\/2020\/01\/upright-rack-roll-forming-machine-layout-800x182.jpg 800w, https:\/\/believeindustry.company\/wp-content\/uploads\/2020\/01\/upright-rack-roll-forming-machine-layout-1280x292.jpg 1280w\" sizes=\"(max-width: 1657px) 100vw, 1657px\" \/><figcaption><\/figcaption><\/figure>\n\n\n\n<p>Believe Industry Company, makineler i\u00e7in tek elden hizmet sunmaktad\u0131r.&nbsp;<strong>palet raf sistemi<\/strong>:<\/p>\n\n\n\n<ol class=\"wp-block-list\"><li>Palet Raf Sistemleri i\u00e7in Rulo \u015eekillendirme Makinesi<\/li><li>Kutu kiri\u015f, basamakl\u0131 kiri\u015f vb. i\u00e7in rulo \u015fekillendirme makinesi<\/li><li>Raf Panelleri i\u00e7in Rulo \u015eekillendirme Makinesi<\/li><li>Destekleme i\u00e7in Rulo \u015eekillendirme Makinesi<\/li><li>Kiri\u015f ve Konnekt\u00f6r Kaynak Makinesi<\/li><li>Konnekt\u00f6r Delme Makinesi<\/li><\/ol>\n\n\n\n<p><a href=\"https:\/\/believeindustry.company\/tr\/contact-us-4\/\">Bize Ula\u015f\u0131n<\/a> Daha fazla bilgi i\u00e7in veya <a href=\"https:\/\/wa.me\/8617351680080\" target=\"_blank\" rel=\"noopener\">WhatsApp<\/a> Bana do\u011frudan.<\/p>","protected":false},"excerpt":{"rendered":"<p>Upright Post Roll Forming Machine is for producing upright post as per requirement Upright Post Machine Components Uncoiler Levrling Machine Servo Feeder and Punch Press Quick replace punch die device Adjustable Roll Forming Machine Servo Tracking Cutting Device Collection Table Hydraulic Station Controller Panel Technical Parameters of Post Machine Line Speed: 10-15m\/min Uncoiler Capacity: 5 [&hellip;]<\/p>\n","protected":false},"author":2,"featured_media":7306,"parent":0,"menu_order":0,"comment_status":"closed","ping_status":"closed","template":"","meta":{"_angie_page":false,"footnotes":"","big_sky_generated":false},"tags":[],"class_list":["post-7304","page","type-page","status-publish","has-post-thumbnail","hentry"],"blocksy_meta":[],"jetpack_sharing_enabled":true,"jetpack_shortlink":"https:\/\/wp.me\/P9K5n8-1TO","jetpack_likes_enabled":false,"jetpack-related-posts":[{"id":1298,"url":"https:\/\/believeindustry.company\/tr\/roll-forming-machine\/pallet-racking-roll-forming-machine\/upright-rack-roll-forming-machine\/","url_meta":{"origin":7304,"position":0},"title":"Dikey Rafl\u0131 Rulo \u015eekillendirme Makinesi","author":"Believe Industry Group","date":"Nisan 17, 2018","format":false,"excerpt":"Upright rack roll forming machine technology is the backbone of modern warehouse logistics. At Beli RollForming, we specialize in manufacturing high-precision machinery designed to produce durable upright racks for warehouse pallet rack systems. Our machines are engineered to handle various sizes and thicknesses, ensuring your production line is both adjustable\u2026","rel":"","context":"\"Rack Roll Forming\" i\u00e7inde","block_context":{"text":"Rack Roll Forming","link":"https:\/\/believeindustry.company\/tr\/tag\/rack-roll-forming\/"},"img":{"alt_text":"upright rack roll forming machine","src":"https:\/\/i0.wp.com\/believeindustry.company\/wp-content\/uploads\/2024\/02\/upright-rack-roll-forming-machine.jpg?resize=350%2C200&ssl=1","width":350,"height":200,"srcset":"https:\/\/i0.wp.com\/believeindustry.company\/wp-content\/uploads\/2024\/02\/upright-rack-roll-forming-machine.jpg?resize=350%2C200&ssl=1 1x, https:\/\/i0.wp.com\/believeindustry.company\/wp-content\/uploads\/2024\/02\/upright-rack-roll-forming-machine.jpg?resize=525%2C300&ssl=1 1.5x, https:\/\/i0.wp.com\/believeindustry.company\/wp-content\/uploads\/2024\/02\/upright-rack-roll-forming-machine.jpg?resize=700%2C400&ssl=1 2x, https:\/\/i0.wp.com\/believeindustry.company\/wp-content\/uploads\/2024\/02\/upright-rack-roll-forming-machine.jpg?resize=1050%2C600&ssl=1 3x"},"classes":[]},{"id":21970,"url":"https:\/\/believeindustry.company\/tr\/material-storage\/","url_meta":{"origin":7304,"position":1},"title":"Malzeme Depolama","author":"Believe Industry Group","date":"Nisan 12, 2026","format":false,"excerpt":"A roll forming machine for material storage systems is a heavy-duty, automated production line engineered to fabricate the structural components of industrial warehouse racking.By continuously processing raw steel coils through progressive roller dies, the machine precisely shapes the core framework of the storage system. This includes the heavy-gauge vertical column\u2026","rel":"","context":"Benzer yaz\u0131","block_context":{"text":"Benzer yaz\u0131","link":""},"img":{"alt_text":"Automated Warehouse Racking Machinery","src":"https:\/\/i0.wp.com\/believeindustry.company\/wp-content\/uploads\/2026\/03\/pallet-Racking-System.jpg?resize=350%2C200&ssl=1","width":350,"height":200,"srcset":"https:\/\/i0.wp.com\/believeindustry.company\/wp-content\/uploads\/2026\/03\/pallet-Racking-System.jpg?resize=350%2C200&ssl=1 1x, https:\/\/i0.wp.com\/believeindustry.company\/wp-content\/uploads\/2026\/03\/pallet-Racking-System.jpg?resize=525%2C300&ssl=1 1.5x, https:\/\/i0.wp.com\/believeindustry.company\/wp-content\/uploads\/2026\/03\/pallet-Racking-System.jpg?resize=700%2C400&ssl=1 2x, https:\/\/i0.wp.com\/believeindustry.company\/wp-content\/uploads\/2026\/03\/pallet-Racking-System.jpg?resize=1050%2C600&ssl=1 3x, https:\/\/i0.wp.com\/believeindustry.company\/wp-content\/uploads\/2026\/03\/pallet-Racking-System.jpg?resize=1400%2C800&ssl=1 4x"},"classes":[]},{"id":6962,"url":"https:\/\/believeindustry.company\/tr\/roll-forming-machine\/pallet-racking-roll-forming-machine\/upright-rack-beam-automatic-welding-machine\/","url_meta":{"origin":7304,"position":2},"title":"Dikey Raf Kiri\u015f Otomatik Kaynak Makinesi","author":"Believe Industry Group","date":"A\u011fustos 21, 2019","format":false,"excerpt":"Upright Rack beam automatic welding machine is composed of rack, 6 sets pf NBC300 welding machines and delta brand PLC and touch screen, stepper motor, ball screw and linear guide rail. The machine can weld P beams and Box Beams with the width from 50-220 mm and height 40-70 mm.\u2026","rel":"","context":"Benzer yaz\u0131","block_context":{"text":"Benzer yaz\u0131","link":""},"img":{"alt_text":"cropped Upright Rack Beam Automatic Welding Machine","src":"https:\/\/i0.wp.com\/believeindustry.company\/wp-content\/uploads\/2019\/08\/cropped-Upright-Rack-Beam-Automatic-Welding-Machine.jpg?resize=350%2C200&ssl=1","width":350,"height":200,"srcset":"https:\/\/i0.wp.com\/believeindustry.company\/wp-content\/uploads\/2019\/08\/cropped-Upright-Rack-Beam-Automatic-Welding-Machine.jpg?resize=350%2C200&ssl=1 1x, https:\/\/i0.wp.com\/believeindustry.company\/wp-content\/uploads\/2019\/08\/cropped-Upright-Rack-Beam-Automatic-Welding-Machine.jpg?resize=525%2C300&ssl=1 1.5x"},"classes":[]},{"id":3307,"url":"https:\/\/believeindustry.company\/tr\/roll-forming-machine\/pallet-racking-roll-forming-machine\/new-design-box-beam-roll-forming-machine\/","url_meta":{"origin":7304,"position":3},"title":"Yeni Tasar\u0131m Entegre Kutu Kiri\u015f Rulo \u015eekillendirme Makinesi","author":"Believe Industry Group","date":"Kas\u0131m 13, 2018","format":false,"excerpt":"New design integrated box beam machine is designed to produce box beams and no need an extra box beam seaming machine. It wills save material and labor cost. What's Box Beam? As we know,\u00a0Box beams\u00a0have no inset step, instead have four flat sides like a box. All load beams typically\u2026","rel":"","context":"\"Box Beam Machine\" i\u00e7inde","block_context":{"text":"Box Beam Machine","link":"https:\/\/believeindustry.company\/tr\/tag\/box-beam-machine\/"},"img":{"alt_text":"new design box beam machine","src":"https:\/\/i0.wp.com\/believeindustry.company\/wp-content\/uploads\/2020\/03\/new-design-box-beam-machine.jpg?resize=350%2C200&ssl=1","width":350,"height":200,"srcset":"https:\/\/i0.wp.com\/believeindustry.company\/wp-content\/uploads\/2020\/03\/new-design-box-beam-machine.jpg?resize=350%2C200&ssl=1 1x, https:\/\/i0.wp.com\/believeindustry.company\/wp-content\/uploads\/2020\/03\/new-design-box-beam-machine.jpg?resize=525%2C300&ssl=1 1.5x, https:\/\/i0.wp.com\/believeindustry.company\/wp-content\/uploads\/2020\/03\/new-design-box-beam-machine.jpg?resize=700%2C400&ssl=1 2x, https:\/\/i0.wp.com\/believeindustry.company\/wp-content\/uploads\/2020\/03\/new-design-box-beam-machine.jpg?resize=1050%2C600&ssl=1 3x, https:\/\/i0.wp.com\/believeindustry.company\/wp-content\/uploads\/2020\/03\/new-design-box-beam-machine.jpg?resize=1400%2C800&ssl=1 4x"},"classes":[]},{"id":2386,"url":"https:\/\/believeindustry.company\/tr\/roll-forming-machine\/pallet-racking-roll-forming-machine\/supermarket-shelving-panel-roll-forming-machine\/","url_meta":{"origin":7304,"position":4},"title":"S\u00fcpermarket Raf Paneli Rulo \u015eekillendirme Makinesi","author":"Believe Industry Group","date":"Haziran 26, 2018","format":false,"excerpt":"A supermarket shelving panel roll forming machine automates the production of metal panels for shelves. It uses a series of rollers to shape coils into precise profiles. This process is efficient and reduces manual labor. At Beli RollForming, our machines are built with high-quality materials to ensure long-term performance. They\u2026","rel":"","context":"&quot;Company News&quot; i\u00e7inde","block_context":{"text":"Company News","link":"https:\/\/believeindustry.company\/tr\/category\/company-news\/"},"img":{"alt_text":"Full view of the complete shelf post roll forming machine line, showing all 6 integrated components in sequence","src":"https:\/\/i0.wp.com\/believeindustry.company\/wp-content\/uploads\/2025\/12\/Supermarket-Shelving-Panel-Roll-Forming-Machine.webp?resize=350%2C200&ssl=1","width":350,"height":200,"srcset":"https:\/\/i0.wp.com\/believeindustry.company\/wp-content\/uploads\/2025\/12\/Supermarket-Shelving-Panel-Roll-Forming-Machine.webp?resize=350%2C200&ssl=1 1x, https:\/\/i0.wp.com\/believeindustry.company\/wp-content\/uploads\/2025\/12\/Supermarket-Shelving-Panel-Roll-Forming-Machine.webp?resize=525%2C300&ssl=1 1.5x, https:\/\/i0.wp.com\/believeindustry.company\/wp-content\/uploads\/2025\/12\/Supermarket-Shelving-Panel-Roll-Forming-Machine.webp?resize=700%2C400&ssl=1 2x"},"classes":[]},{"id":1068,"url":"https:\/\/believeindustry.company\/tr\/roll-forming-machine\/pallet-racking-roll-forming-machine\/","url_meta":{"origin":7304,"position":5},"title":"Palet Raf\u0131 Rulo \u015eekillendirme Makinesi","author":"Believe Industry Group","date":"Nisan 10, 2018","format":false,"excerpt":"Pallet Racking Roll Forming Machine (s) is developed to produce Upright Racks, Box Beams, Shelf Panels. Which are components of Pallet Racking SystemsPallet Racking is a handling storage system designed to store materials\/goods on pallets. Although there are many kinds of pallet racking, all types allow for the storage of\u2026","rel":"","context":"\"believe industry machine\" i\u00e7inde","block_context":{"text":"believe industry machine","link":"https:\/\/believeindustry.company\/tr\/tag\/believe-industry-machine\/"},"img":{"alt_text":"Pallet racking","src":"https:\/\/i0.wp.com\/believeindustry.company\/wp-content\/uploads\/2018\/04\/Pallet-racking-e1523353703177.jpg?resize=350%2C200&ssl=1","width":350,"height":200,"srcset":"https:\/\/i0.wp.com\/believeindustry.company\/wp-content\/uploads\/2018\/04\/Pallet-racking-e1523353703177.jpg?resize=350%2C200&ssl=1 1x, https:\/\/i0.wp.com\/believeindustry.company\/wp-content\/uploads\/2018\/04\/Pallet-racking-e1523353703177.jpg?resize=525%2C300&ssl=1 1.5x, https:\/\/i0.wp.com\/believeindustry.company\/wp-content\/uploads\/2018\/04\/Pallet-racking-e1523353703177.jpg?resize=700%2C400&ssl=1 2x"},"classes":[]}],"amp_enabled":true,"_links":{"self":[{"href":"https:\/\/believeindustry.company\/tr\/wp-json\/wp\/v2\/pages\/7304","targetHints":{"allow":["GET"]}}],"collection":[{"href":"https:\/\/believeindustry.company\/tr\/wp-json\/wp\/v2\/pages"}],"about":[{"href":"https:\/\/believeindustry.company\/tr\/wp-json\/wp\/v2\/types\/page"}],"author":[{"embeddable":true,"href":"https:\/\/believeindustry.company\/tr\/wp-json\/wp\/v2\/users\/2"}],"replies":[{"embeddable":true,"href":"https:\/\/believeindustry.company\/tr\/wp-json\/wp\/v2\/comments?post=7304"}],"version-history":[{"count":9,"href":"https:\/\/believeindustry.company\/tr\/wp-json\/wp\/v2\/pages\/7304\/revisions"}],"predecessor-version":[{"id":10066,"href":"https:\/\/believeindustry.company\/tr\/wp-json\/wp\/v2\/pages\/7304\/revisions\/10066"}],"wp:featuredmedia":[{"embeddable":true,"href":"https:\/\/believeindustry.company\/tr\/wp-json\/wp\/v2\/media\/7306"}],"wp:attachment":[{"href":"https:\/\/believeindustry.company\/tr\/wp-json\/wp\/v2\/media?parent=7304"}],"wp:term":[{"taxonomy":"post_tag","embeddable":true,"href":"https:\/\/believeindustry.company\/tr\/wp-json\/wp\/v2\/tags?post=7304"}],"curies":[{"name":"wp","href":"https:\/\/api.w.org\/{rel}","templated":true}]}}