{"id":7420,"date":"2020-02-25T08:53:44","date_gmt":"2020-02-25T00:53:44","guid":{"rendered":"https:\/\/believeindustry.company\/?page_id=7420"},"modified":"2026-04-12T12:56:23","modified_gmt":"2026-04-12T04:56:23","slug":"chain-transmission-strut-channel-roll-forming-machine","status":"publish","type":"page","link":"https:\/\/believeindustry.company\/tr\/chain-transmission-strut-channel-roll-forming-machine\/","title":{"rendered":"Chain Transmission Strut Channel Roll Forming Machine"},"content":{"rendered":"<figure class=\"wp-block-video wp-block-embed is-type-video is-provider-videopress\"><div class=\"wp-block-embed__wrapper\">\n<iframe title=\"VideoPress Video Oynat\u0131c\u0131s\u0131\" aria-label='VideoPress Video Oynat\u0131c\u0131s\u0131' width='1290' height='726' src='https:\/\/videopress.com\/embed\/Ot6y6qAy?cover=1&amp;preloadContent=metadata&amp;hd=0' frameborder='0' allowfullscreen data-resize-to-parent=\"true\" allow='clipboard-write'><\/iframe><script src='https:\/\/v0.wordpress.com\/js\/next\/videopress-iframe.js?m=1739540970'><\/script>\n<\/div><\/figure>\n\n\n\n<h4 class=\"wp-block-heading\" id=\"h-feature-of-the-machine\">Feature of the machine:<\/h4>\n\n\n\n<ol class=\"wp-block-list\">\n<li>Economical <\/li>\n\n\n\n<li>Save Space<\/li>\n<\/ol>\n\n\n\n<h5 class=\"wp-block-heading\" id=\"h-brief-introduction-of-chain-transmission-strut-channel-roll-forming-machine\">Brief Introduction of Chain Transmission Strut Channel Roll Forming Machine:<\/h5>\n\n\n\n<ol class=\"wp-block-list\">\n<li>Thikness: 1.0-2.0 mm<\/li>\n\n\n\n<li>Speed: 2-3 m\/min<\/li>\n\n\n\n<li>Length of the line: Max  15 meters<\/li>\n\n\n\n<li>Total Power: 15 KW<\/li>\n<\/ol>\n\n\n\n<p><a href=\"https:\/\/believeindustry.company\/tr\/temas-etmek\/\">Bize Ula\u015f\u0131n<\/a> daha fazla bilgi i\u00e7in<\/p>","protected":false},"excerpt":{"rendered":"<p>Feature of the machine: Brief Introduction of Chain Transmission Strut Channel Roll Forming Machine: Contact us for more information<\/p>","protected":false},"author":2,"featured_media":7423,"parent":0,"menu_order":0,"comment_status":"closed","ping_status":"closed","template":"","meta":{"_angie_page":false,"footnotes":"","big_sky_generated":false},"tags":[607851247],"class_list":["post-7420","page","type-page","status-publish","has-post-thumbnail","hentry","tag-energy-and-electric"],"blocksy_meta":[],"jetpack_sharing_enabled":true,"jetpack_shortlink":"https:\/\/wp.me\/P9K5n8-1VG","jetpack_likes_enabled":false,"jetpack-related-posts":[{"id":22002,"url":"https:\/\/believeindustry.company\/tr\/energy-and-electric\/","url_meta":{"origin":7420,"position":0},"title":"Enerji ve Elektrik","author":"Believe Industry Group","date":"Nisan 12, 2026","format":false,"excerpt":"A roll forming machine for energy and electrical applications is a specialized, automated manufacturing system designed to produce the critical metal infrastructure used in power generation, solar farms, and electrical distribution.In these sectors, precision and high-volume production are paramount. These roll forming lines continuously shape flat steel or aluminum coils\u2026","rel":"","context":"Benzer yaz\u0131","block_context":{"text":"Benzer yaz\u0131","link":""},"img":{"alt_text":"engery and electric","src":"https:\/\/i0.wp.com\/believeindustry.company\/wp-content\/uploads\/2026\/04\/engery-and-electric.webp?resize=350%2C200&ssl=1","width":350,"height":200,"srcset":"https:\/\/i0.wp.com\/believeindustry.company\/wp-content\/uploads\/2026\/04\/engery-and-electric.webp?resize=350%2C200&ssl=1 1x, https:\/\/i0.wp.com\/believeindustry.company\/wp-content\/uploads\/2026\/04\/engery-and-electric.webp?resize=525%2C300&ssl=1 1.5x, https:\/\/i0.wp.com\/believeindustry.company\/wp-content\/uploads\/2026\/04\/engery-and-electric.webp?resize=700%2C400&ssl=1 2x, https:\/\/i0.wp.com\/believeindustry.company\/wp-content\/uploads\/2026\/04\/engery-and-electric.webp?resize=1050%2C600&ssl=1 3x, https:\/\/i0.wp.com\/believeindustry.company\/wp-content\/uploads\/2026\/04\/engery-and-electric.webp?resize=1400%2C800&ssl=1 4x"},"classes":[]},{"id":1837,"url":"https:\/\/believeindustry.company\/tr\/roll-forming-machine\/customized-profile-roll-forming-machine\/uni-strut-channel-roll-forming-machine\/","url_meta":{"origin":7420,"position":1},"title":"Uni Strut Channel Roll Forming Machine","author":"Believe Industry Group","date":"May\u0131s 19, 2018","format":false,"excerpt":"A Uni Strut Channel Roll Forming Machine takes flat metal coils and bends them into U-shaped strut channels. These machines are very important for modern factories. Furthermore, they work automatically and make parts incredibly fast. Because they bend the metal smoothly, the final product is very strong. Consequently, top factories\u2026","rel":"","context":"\"Channel Roll Forming Machine\" i\u00e7inde","block_context":{"text":"Channel Roll Forming Machine","link":"https:\/\/believeindustry.company\/tr\/tag\/channel-roll-forming-machine\/"},"img":{"alt_text":"High-speed flying saw cutting unit finalizes the finished channel product from the strut channel roll forming machine","src":"https:\/\/i0.wp.com\/believeindustry.company\/wp-content\/uploads\/2025\/12\/strut-channel-machine-cutting-saw.webp?resize=350%2C200&ssl=1","width":350,"height":200,"srcset":"https:\/\/i0.wp.com\/believeindustry.company\/wp-content\/uploads\/2025\/12\/strut-channel-machine-cutting-saw.webp?resize=350%2C200&ssl=1 1x, https:\/\/i0.wp.com\/believeindustry.company\/wp-content\/uploads\/2025\/12\/strut-channel-machine-cutting-saw.webp?resize=525%2C300&ssl=1 1.5x, https:\/\/i0.wp.com\/believeindustry.company\/wp-content\/uploads\/2025\/12\/strut-channel-machine-cutting-saw.webp?resize=700%2C400&ssl=1 2x, https:\/\/i0.wp.com\/believeindustry.company\/wp-content\/uploads\/2025\/12\/strut-channel-machine-cutting-saw.webp?resize=1050%2C600&ssl=1 3x, https:\/\/i0.wp.com\/believeindustry.company\/wp-content\/uploads\/2025\/12\/strut-channel-machine-cutting-saw.webp?resize=1400%2C800&ssl=1 4x"},"classes":[]},{"id":7324,"url":"https:\/\/believeindustry.company\/tr\/different-transmission-of-metal-panels-roll-forming-machine\/","url_meta":{"origin":7420,"position":2},"title":"Metal Panel Rulo \u015eekillendirme Makinesinin Farkl\u0131 \u0130letim Sistemleri","author":"Believe Industry Group","date":"Ocak 13, 2020","format":false,"excerpt":"https:\/\/videopress.com\/v\/qC4mAoSe?preloadContent=metadata Gear Box Transmission with Iron Cast Stands https:\/\/videopress.com\/v\/dCxJvlTl?preloadContent=metadata Chain -Sproket Transmission and Chromed Pillar Stands","rel":"","context":"Benzer yaz\u0131","block_context":{"text":"Benzer yaz\u0131","link":""},"img":{"alt_text":"","src":"","width":0,"height":0},"classes":[]},{"id":3543,"url":"https:\/\/believeindustry.company\/tr\/roll-forming-machine\/customized-profile-roll-forming-machine\/ceiling-channel-roll-forming-machine\/","url_meta":{"origin":7420,"position":3},"title":"Tavan Profili Rulo \u015eekillendirme Makinesi","author":"Believe Industry Group","date":"Ocak 9, 2019","format":false,"excerpt":"Believe Industry Company's Ceiling Chanel Roll Forming Machine can manufacturing C Channel, Wall Angle, POP Channel, False Ceiling, Furring Channel as per requirements. Ceiling Channel Roll Forming Machine What's Ceiling Channels? Ceiling Channels are consist of below items: Furring Channel Wall Angle Pop Main Channel False Ceiling Section Intermediate Channel\u2026","rel":"","context":"\"c channel roll forming machine\" i\u00e7inde","block_context":{"text":"c channel roll forming machine","link":"https:\/\/believeindustry.company\/tr\/tag\/c-channel-roll-forming-machine\/"},"img":{"alt_text":"ceiling channel roll forming machine supplier","src":"https:\/\/i0.wp.com\/believeindustry.company\/wp-content\/uploads\/2019\/01\/ceiling-channel-roll-forming-machine-supplier.jpg?resize=350%2C200&ssl=1","width":350,"height":200,"srcset":"https:\/\/i0.wp.com\/believeindustry.company\/wp-content\/uploads\/2019\/01\/ceiling-channel-roll-forming-machine-supplier.jpg?resize=350%2C200&ssl=1 1x, https:\/\/i0.wp.com\/believeindustry.company\/wp-content\/uploads\/2019\/01\/ceiling-channel-roll-forming-machine-supplier.jpg?resize=525%2C300&ssl=1 1.5x, https:\/\/i0.wp.com\/believeindustry.company\/wp-content\/uploads\/2019\/01\/ceiling-channel-roll-forming-machine-supplier.jpg?resize=700%2C400&ssl=1 2x, https:\/\/i0.wp.com\/believeindustry.company\/wp-content\/uploads\/2019\/01\/ceiling-channel-roll-forming-machine-supplier.jpg?resize=1050%2C600&ssl=1 3x, https:\/\/i0.wp.com\/believeindustry.company\/wp-content\/uploads\/2019\/01\/ceiling-channel-roll-forming-machine-supplier.jpg?resize=1400%2C800&ssl=1 4x"},"classes":[]},{"id":22047,"url":"https:\/\/believeindustry.company\/tr\/customized-profiles\/","url_meta":{"origin":7420,"position":4},"title":"\u00d6zelle\u015ftirilmi\u015f Profiller","author":"Believe Industry Group","date":"Nisan 12, 2026","format":false,"excerpt":"A roll forming machine for customized profiles is highly specialized manufacturing equipment engineered to produce unique, non-standard metal cross-sections tailored to specific proprietary designs or niche applications.Unlike standard machines built for common shapes like roofing or studs, these systems are custom-designed from the ground up. They utilize uniquely engineered roller\u2026","rel":"","context":"Benzer yaz\u0131","block_context":{"text":"Benzer yaz\u0131","link":""},"img":{"alt_text":"custom roll forming machine","src":"https:\/\/i0.wp.com\/believeindustry.company\/wp-content\/uploads\/2018\/05\/custom-roll-forming-machine.jpg?resize=350%2C200&ssl=1","width":350,"height":200,"srcset":"https:\/\/i0.wp.com\/believeindustry.company\/wp-content\/uploads\/2018\/05\/custom-roll-forming-machine.jpg?resize=350%2C200&ssl=1 1x, https:\/\/i0.wp.com\/believeindustry.company\/wp-content\/uploads\/2018\/05\/custom-roll-forming-machine.jpg?resize=525%2C300&ssl=1 1.5x, https:\/\/i0.wp.com\/believeindustry.company\/wp-content\/uploads\/2018\/05\/custom-roll-forming-machine.jpg?resize=700%2C400&ssl=1 2x, https:\/\/i0.wp.com\/believeindustry.company\/wp-content\/uploads\/2018\/05\/custom-roll-forming-machine.jpg?resize=1050%2C600&ssl=1 3x"},"classes":[]},{"id":2193,"url":"https:\/\/believeindustry.company\/tr\/roll-forming-machine\/metal-sheet-roll-forming-machine\/metal-wall-panel-roll-forming-machine\/","url_meta":{"origin":7420,"position":5},"title":"Metal Wall Panel Roll Forming Machine","author":"Believe Industry Group","date":"Haziran 7, 2018","format":false,"excerpt":"Metal Wall Panel Roll Forming Machine is for producing wall panels automatically. The Machine can cutoff the wall panel profiles into desire length. Metal Wall Panel Roll Forming Machine Metal Wall Panel As we know, traditional wall panels is made by brick, which is\u00a0 composed of clay-bearing soil, sand, and\u2026","rel":"","context":"\"Cold Roll Forming Machine\" i\u00e7inde","block_context":{"text":"Cold Roll Forming Machine","link":"https:\/\/believeindustry.company\/tr\/tag\/cold-roll-forming-machine\/"},"img":{"alt_text":"metal wall panel roll forming machine","src":"https:\/\/i0.wp.com\/believeindustry.company\/wp-content\/uploads\/2018\/06\/metal-wall-panel-roll-forming-machine-e1529031517454.jpg?resize=350%2C200&ssl=1","width":350,"height":200,"srcset":"https:\/\/i0.wp.com\/believeindustry.company\/wp-content\/uploads\/2018\/06\/metal-wall-panel-roll-forming-machine-e1529031517454.jpg?resize=350%2C200&ssl=1 1x, https:\/\/i0.wp.com\/believeindustry.company\/wp-content\/uploads\/2018\/06\/metal-wall-panel-roll-forming-machine-e1529031517454.jpg?resize=525%2C300&ssl=1 1.5x, https:\/\/i0.wp.com\/believeindustry.company\/wp-content\/uploads\/2018\/06\/metal-wall-panel-roll-forming-machine-e1529031517454.jpg?resize=700%2C400&ssl=1 2x, https:\/\/i0.wp.com\/believeindustry.company\/wp-content\/uploads\/2018\/06\/metal-wall-panel-roll-forming-machine-e1529031517454.jpg?resize=1050%2C600&ssl=1 3x"},"classes":[]}],"amp_enabled":true,"_links":{"self":[{"href":"https:\/\/believeindustry.company\/tr\/wp-json\/wp\/v2\/pages\/7420","targetHints":{"allow":["GET"]}}],"collection":[{"href":"https:\/\/believeindustry.company\/tr\/wp-json\/wp\/v2\/pages"}],"about":[{"href":"https:\/\/believeindustry.company\/tr\/wp-json\/wp\/v2\/types\/page"}],"author":[{"embeddable":true,"href":"https:\/\/believeindustry.company\/tr\/wp-json\/wp\/v2\/users\/2"}],"replies":[{"embeddable":true,"href":"https:\/\/believeindustry.company\/tr\/wp-json\/wp\/v2\/comments?post=7420"}],"version-history":[{"count":7,"href":"https:\/\/believeindustry.company\/tr\/wp-json\/wp\/v2\/pages\/7420\/revisions"}],"predecessor-version":[{"id":19498,"href":"https:\/\/believeindustry.company\/tr\/wp-json\/wp\/v2\/pages\/7420\/revisions\/19498"}],"wp:featuredmedia":[{"embeddable":true,"href":"https:\/\/believeindustry.company\/tr\/wp-json\/wp\/v2\/media\/7423"}],"wp:attachment":[{"href":"https:\/\/believeindustry.company\/tr\/wp-json\/wp\/v2\/media?parent=7420"}],"wp:term":[{"taxonomy":"post_tag","embeddable":true,"href":"https:\/\/believeindustry.company\/tr\/wp-json\/wp\/v2\/tags?post=7420"}],"curies":[{"name":"wp","href":"https:\/\/api.w.org\/{rel}","templated":true}]}}