{"id":7463,"date":"2020-03-18T09:23:14","date_gmt":"2020-03-18T01:23:14","guid":{"rendered":"https:\/\/believeindustry.company\/?page_id=7463"},"modified":"2026-04-12T13:11:31","modified_gmt":"2026-04-12T05:11:31","slug":"hydroponic-hanging-gutter-roll-former","status":"publish","type":"page","link":"https:\/\/believeindustry.company\/tr\/hydroponic-hanging-gutter-roll-former\/","title":{"rendered":"Hidroponik Asma Oluk Rulosu \u015eekillendirici"},"content":{"rendered":"<p>Hydroponic Hanging Gutter Roll Former is designed to manufacture suspended gutters for hydroponic growing with recirculation in the farm and customizable to the measure of each farm in length.&nbsp;And makes it easier to install and transport to the greenhouse and reduces storage and logistics problems.<\/p>\n\n\n\n<p>Our new design hanging gutter roll forming machine is especially suitable for large greenhouses that require hydroponic growing systems. It stands out for an in situ installation in one piece, without joints or intermediate connections.<\/p>\n\n\n\n<figure class=\"wp-block-image size-large\"><img fetchpriority=\"high\" decoding=\"async\" width=\"4032\" height=\"3024\" data-attachment-id=\"7466\" data-permalink=\"https:\/\/believeindustry.company\/tr\/hydroponic-hanging-gutter-roll-former\/shydroponic-hanging-gutter\/\" data-orig-file=\"https:\/\/believeindustry.company\/wp-content\/uploads\/2020\/03\/sHydroponic-Hanging-Gutter.jpg\" data-orig-size=\"4032,3024\" data-comments-opened=\"1\" data-image-meta=\"{&quot;aperture&quot;:&quot;1.7&quot;,&quot;credit&quot;:&quot;&quot;,&quot;camera&quot;:&quot;SM-N9500&quot;,&quot;caption&quot;:&quot;&quot;,&quot;created_timestamp&quot;:&quot;1578587861&quot;,&quot;copyright&quot;:&quot;&quot;,&quot;focal_length&quot;:&quot;4.3&quot;,&quot;iso&quot;:&quot;50&quot;,&quot;shutter_speed&quot;:&quot;0.0074626865671642&quot;,&quot;title&quot;:&quot;&quot;,&quot;orientation&quot;:&quot;1&quot;}\" data-image-title=\"sHydroponic Hanging Gutter\" data-image-description=\"\" data-image-caption=\"\" data-large-file=\"https:\/\/believeindustry.company\/wp-content\/uploads\/2020\/03\/sHydroponic-Hanging-Gutter-1024x768.jpg\" src=\"https:\/\/i0.wp.com\/believeindustry.company\/wp-content\/uploads\/2020\/03\/sHydroponic-Hanging-Gutter.jpg?fit=640%2C480&amp;ssl=1\" alt=\"sHydroponic Hanging Gutter\" class=\"wp-image-7466\" srcset=\"https:\/\/believeindustry.company\/wp-content\/uploads\/2020\/03\/sHydroponic-Hanging-Gutter.jpg 4032w, https:\/\/believeindustry.company\/wp-content\/uploads\/2020\/03\/sHydroponic-Hanging-Gutter-600x450.jpg 600w, https:\/\/believeindustry.company\/wp-content\/uploads\/2020\/03\/sHydroponic-Hanging-Gutter-300x225.jpg 300w, https:\/\/believeindustry.company\/wp-content\/uploads\/2020\/03\/sHydroponic-Hanging-Gutter-1024x768.jpg 1024w, https:\/\/believeindustry.company\/wp-content\/uploads\/2020\/03\/sHydroponic-Hanging-Gutter-768x576.jpg 768w, https:\/\/believeindustry.company\/wp-content\/uploads\/2020\/03\/sHydroponic-Hanging-Gutter-1536x1152.jpg 1536w, https:\/\/believeindustry.company\/wp-content\/uploads\/2020\/03\/sHydroponic-Hanging-Gutter-2048x1536.jpg 2048w, https:\/\/believeindustry.company\/wp-content\/uploads\/2020\/03\/sHydroponic-Hanging-Gutter-320x240.jpg 320w, https:\/\/believeindustry.company\/wp-content\/uploads\/2020\/03\/sHydroponic-Hanging-Gutter-640x480.jpg 640w, https:\/\/believeindustry.company\/wp-content\/uploads\/2020\/03\/sHydroponic-Hanging-Gutter-360x270.jpg 360w, https:\/\/believeindustry.company\/wp-content\/uploads\/2020\/03\/sHydroponic-Hanging-Gutter-720x540.jpg 720w, https:\/\/believeindustry.company\/wp-content\/uploads\/2020\/03\/sHydroponic-Hanging-Gutter-1080x810.jpg 1080w, https:\/\/believeindustry.company\/wp-content\/uploads\/2020\/03\/sHydroponic-Hanging-Gutter-800x600.jpg 800w, https:\/\/believeindustry.company\/wp-content\/uploads\/2020\/03\/sHydroponic-Hanging-Gutter-1280x960.jpg 1280w\" sizes=\"(max-width: 4032px) 100vw, 4032px\" \/><figcaption><\/figcaption><\/figure>\n\n\n\n<h2 class=\"wp-block-heading\">Hanging Gutter Details<\/h2>\n\n\n\n<h3 class=\"wp-block-heading\"><strong>Specifications of the flat top gutters<\/strong><\/h3>\n\n\n\n<ol class=\"wp-block-list\">\n<li>Gutter Width: 210-310 mm<\/li>\n\n\n\n<li>Gutter Height: 100 mm<\/li>\n\n\n\n<li>Drain Channels depth: 40 mm<\/li>\n\n\n\n<li>Drain Channels Width: 32 mm<\/li>\n\n\n\n<li>Coil Thickness: 0.6-0.8 mm<\/li>\n\n\n\n<li>Coil Width: As per width of the gutters<\/li>\n<\/ol>\n\n\n\n<h3 class=\"wp-block-heading\"><strong>Specifications of the Strawberry Gutter<\/strong><\/h3>\n\n\n\n<ol class=\"wp-block-list\">\n<li>Gutter Width: 250 mm<\/li>\n\n\n\n<li>Height: 100 mm<\/li>\n\n\n\n<li>Coil Width: As per dimensions of the gutter<\/li>\n<\/ol>\n\n\n\n<h2 class=\"wp-block-heading\">Hydroponic Hanging Gutter Roll Former Specifications<\/h2>\n\n\n\n<h3 class=\"wp-block-heading\">Gutter Machine details<\/h3>\n\n\n\n<ol class=\"wp-block-list\">\n<li>Machine Length: 3500 mm -4000 mm<\/li>\n\n\n\n<li>Machine Width: 2000 mm<\/li>\n\n\n\n<li>Machine Weight: 8500 KGS<\/li>\n\n\n\n<li>Weight of rafted mill for Strawberry Gutter: 3000 KGS<\/li>\n\n\n\n<li>It\u2019s required manual adjust the spaces and replace the cutting blade for different width of Flat Top Gutter<\/li>\n\n\n\n<li>It\u2019s required to replace the roll forming mills for different gutter<\/li>\n\n\n\n<li>All the 2 sets of rafted mills are mounted on caterpillar device<\/li>\n<\/ol>\n\n\n\n<h3 class=\"wp-block-heading\"><strong>Dekoiler<\/strong><\/h3>\n\n\n\n<ul class=\"wp-block-list\">\n<li>The Decoiler is mounted upon the roll forming mills<\/li>\n\n\n\n<li>Hydraulic loosening and tensioning the mandrel.<\/li>\n\n\n\n<li>Inner diameter of the coil is 460-550 mm<\/li>\n\n\n\n<li>Loading Capacity: 4000 KGS<\/li>\n<\/ul>\n\n\n\n<h3 class=\"wp-block-heading\">Main Roll Forming Part<\/h3>\n\n\n\n<ol class=\"wp-block-list\">\n<li>Rafted Mill design for easy replace all the rollers for different products<\/li>\n\n\n\n<li>Motor Power: 7.5 KW<\/li>\n\n\n\n<li>Forming Stations: 7-9 groups of rollers, axes, nuts, Chain -Sprocket, etc.<\/li>\n\n\n\n<li>Roller Material: 42CR, and surface chromed 0.05mm.<\/li>\n\n\n\n<li>Shaft: 75 mm diameter, 40 CR, HB 220-260.<\/li>\n\n\n\n<li>Roll Forming Speed: 20 m\/min<\/li>\n<\/ol>\n\n\n\n<h3 class=\"wp-block-heading\">Hydraulic Cutting<\/h3>\n\n\n\n<ol class=\"wp-block-list\">\n<li>Cutting Position: After Roll Forming<\/li>\n\n\n\n<li>Cutting Blade Material: CR12MOV<\/li>\n<\/ol>\n\n\n\n<h3 class=\"wp-block-heading\">Controller<\/h3>\n\n\n\n<ol class=\"wp-block-list\">\n<li>The Controlled Box is mounted on the frame<\/li>\n\n\n\n<li>PLC Brand: Siemens<\/li>\n\n\n\n<li>Inverter Brand: Yaskawa<\/li>\n\n\n\n<li>Encoder Brand: Omron<\/li>\n\n\n\n<li>Tolerance: +\/- 5mm for every 100 meters<\/li>\n\n\n\n<li>External remote control: Wireless remote control (The caterpillar device turns left and right, backward or forward, rotate at will 360 degrees, and the machine rollers manually forward and backward)<\/li>\n<\/ol>\n\n\n\n<h3 class=\"wp-block-heading\">Hydraulic System<\/h3>\n\n\n\n<ol class=\"wp-block-list\">\n<li>Motor Power: 11 KW<\/li>\n\n\n\n<li>Hydraulic Pressure: 20 Mpa<\/li>\n\n\n\n<li>Oil Volume\u00a0of the hydraulic station: 300 L<\/li>\n\n\n\n<li>Hydraulic System Brand: Beijing Huade<\/li>\n<\/ol>\n\n\n\n<h3 class=\"wp-block-heading\">Caterpillar&nbsp;Device<\/h3>\n\n\n\n<ol class=\"wp-block-list\">\n<li>Driven Power Supply: Hydraulic Motor<\/li>\n\n\n\n<li>Rotation Angle: 360 degree<\/li>\n<\/ol>\n\n\n\n<figure class=\"wp-block-image size-large\"><img decoding=\"async\" width=\"852\" height=\"591\" data-attachment-id=\"7469\" data-permalink=\"https:\/\/believeindustry.company\/tr\/hydroponic-hanging-gutter-roll-former\/caterpillar-device-1\/\" data-orig-file=\"https:\/\/believeindustry.company\/wp-content\/uploads\/2020\/03\/Caterpillar-Device-1.jpg\" data-orig-size=\"852,591\" data-comments-opened=\"1\" data-image-meta=\"{&quot;aperture&quot;:&quot;0&quot;,&quot;credit&quot;:&quot;&quot;,&quot;camera&quot;:&quot;&quot;,&quot;caption&quot;:&quot;&quot;,&quot;created_timestamp&quot;:&quot;0&quot;,&quot;copyright&quot;:&quot;&quot;,&quot;focal_length&quot;:&quot;0&quot;,&quot;iso&quot;:&quot;0&quot;,&quot;shutter_speed&quot;:&quot;0&quot;,&quot;title&quot;:&quot;&quot;,&quot;orientation&quot;:&quot;0&quot;}\" data-image-title=\"Caterpillar Device 1\" data-image-description=\"\" data-image-caption=\"\" data-large-file=\"https:\/\/believeindustry.company\/wp-content\/uploads\/2020\/03\/Caterpillar-Device-1.jpg\" src=\"https:\/\/believeindustry.company\/wp-content\/uploads\/2020\/03\/Caterpillar-Device-1.jpg\" alt=\"Caterpillar Device 1\" class=\"wp-image-7469\" srcset=\"https:\/\/believeindustry.company\/wp-content\/uploads\/2020\/03\/Caterpillar-Device-1.jpg 852w, https:\/\/believeindustry.company\/wp-content\/uploads\/2020\/03\/Caterpillar-Device-1-600x416.jpg 600w, https:\/\/believeindustry.company\/wp-content\/uploads\/2020\/03\/Caterpillar-Device-1-300x208.jpg 300w, https:\/\/believeindustry.company\/wp-content\/uploads\/2020\/03\/Caterpillar-Device-1-768x533.jpg 768w, https:\/\/believeindustry.company\/wp-content\/uploads\/2020\/03\/Caterpillar-Device-1-320x222.jpg 320w, https:\/\/believeindustry.company\/wp-content\/uploads\/2020\/03\/Caterpillar-Device-1-640x444.jpg 640w, https:\/\/believeindustry.company\/wp-content\/uploads\/2020\/03\/Caterpillar-Device-1-360x250.jpg 360w, https:\/\/believeindustry.company\/wp-content\/uploads\/2020\/03\/Caterpillar-Device-1-720x499.jpg 720w, https:\/\/believeindustry.company\/wp-content\/uploads\/2020\/03\/Caterpillar-Device-1-800x555.jpg 800w\" sizes=\"(max-width: 852px) 100vw, 852px\" \/><figcaption><\/figcaption><\/figure>\n\n\n\n<figure class=\"wp-block-image size-large\"><img decoding=\"async\" width=\"829\" height=\"561\" data-attachment-id=\"7470\" data-permalink=\"https:\/\/believeindustry.company\/tr\/hydroponic-hanging-gutter-roll-former\/caterpillar-device-2\/\" data-orig-file=\"https:\/\/believeindustry.company\/wp-content\/uploads\/2020\/03\/Caterpillar-Device-2.jpg\" data-orig-size=\"829,561\" data-comments-opened=\"1\" data-image-meta=\"{&quot;aperture&quot;:&quot;0&quot;,&quot;credit&quot;:&quot;&quot;,&quot;camera&quot;:&quot;&quot;,&quot;caption&quot;:&quot;&quot;,&quot;created_timestamp&quot;:&quot;0&quot;,&quot;copyright&quot;:&quot;&quot;,&quot;focal_length&quot;:&quot;0&quot;,&quot;iso&quot;:&quot;0&quot;,&quot;shutter_speed&quot;:&quot;0&quot;,&quot;title&quot;:&quot;&quot;,&quot;orientation&quot;:&quot;0&quot;}\" data-image-title=\"Caterpillar Device 2\" data-image-description=\"\" data-image-caption=\"\" data-large-file=\"https:\/\/believeindustry.company\/wp-content\/uploads\/2020\/03\/Caterpillar-Device-2.jpg\" src=\"https:\/\/believeindustry.company\/wp-content\/uploads\/2020\/03\/Caterpillar-Device-2.jpg\" alt=\"Caterpillar Device 2\" class=\"wp-image-7470\" srcset=\"https:\/\/believeindustry.company\/wp-content\/uploads\/2020\/03\/Caterpillar-Device-2.jpg 829w, https:\/\/believeindustry.company\/wp-content\/uploads\/2020\/03\/Caterpillar-Device-2-600x406.jpg 600w, https:\/\/believeindustry.company\/wp-content\/uploads\/2020\/03\/Caterpillar-Device-2-300x203.jpg 300w, https:\/\/believeindustry.company\/wp-content\/uploads\/2020\/03\/Caterpillar-Device-2-768x520.jpg 768w, https:\/\/believeindustry.company\/wp-content\/uploads\/2020\/03\/Caterpillar-Device-2-320x217.jpg 320w, https:\/\/believeindustry.company\/wp-content\/uploads\/2020\/03\/Caterpillar-Device-2-640x433.jpg 640w, https:\/\/believeindustry.company\/wp-content\/uploads\/2020\/03\/Caterpillar-Device-2-360x244.jpg 360w, https:\/\/believeindustry.company\/wp-content\/uploads\/2020\/03\/Caterpillar-Device-2-720x487.jpg 720w, https:\/\/believeindustry.company\/wp-content\/uploads\/2020\/03\/Caterpillar-Device-2-800x541.jpg 800w\" sizes=\"(max-width: 829px) 100vw, 829px\" \/><figcaption><\/figcaption><\/figure>\n\n\n\n<figure class=\"wp-block-image size-large\"><img loading=\"lazy\" decoding=\"async\" width=\"4032\" height=\"3024\" data-attachment-id=\"7472\" data-permalink=\"https:\/\/believeindustry.company\/tr\/hydroponic-hanging-gutter-roll-former\/greenhouse-hanging-gutter-roll-forming-machines\/\" data-orig-file=\"https:\/\/believeindustry.company\/wp-content\/uploads\/2020\/03\/greenhouse-hanging-gutter-roll-forming-machines.jpg\" data-orig-size=\"4032,3024\" data-comments-opened=\"1\" data-image-meta=\"{&quot;aperture&quot;:&quot;1.7&quot;,&quot;credit&quot;:&quot;&quot;,&quot;camera&quot;:&quot;SM-N9500&quot;,&quot;caption&quot;:&quot;&quot;,&quot;created_timestamp&quot;:&quot;1575193375&quot;,&quot;copyright&quot;:&quot;&quot;,&quot;focal_length&quot;:&quot;4.3&quot;,&quot;iso&quot;:&quot;250&quot;,&quot;shutter_speed&quot;:&quot;0.1&quot;,&quot;title&quot;:&quot;&quot;,&quot;orientation&quot;:&quot;1&quot;}\" data-image-title=\"greenhouse hanging gutter roll forming machines\" data-image-description=\"\" data-image-caption=\"\" data-large-file=\"https:\/\/believeindustry.company\/wp-content\/uploads\/2020\/03\/greenhouse-hanging-gutter-roll-forming-machines-1024x768.jpg\" src=\"https:\/\/i0.wp.com\/believeindustry.company\/wp-content\/uploads\/2020\/03\/greenhouse-hanging-gutter-roll-forming-machines.jpg?fit=640%2C480&amp;ssl=1\" alt=\"greenhouse hanging gutter roll forming machines\" class=\"wp-image-7472\" srcset=\"https:\/\/believeindustry.company\/wp-content\/uploads\/2020\/03\/greenhouse-hanging-gutter-roll-forming-machines.jpg 4032w, https:\/\/believeindustry.company\/wp-content\/uploads\/2020\/03\/greenhouse-hanging-gutter-roll-forming-machines-600x450.jpg 600w, https:\/\/believeindustry.company\/wp-content\/uploads\/2020\/03\/greenhouse-hanging-gutter-roll-forming-machines-300x225.jpg 300w, https:\/\/believeindustry.company\/wp-content\/uploads\/2020\/03\/greenhouse-hanging-gutter-roll-forming-machines-1024x768.jpg 1024w, https:\/\/believeindustry.company\/wp-content\/uploads\/2020\/03\/greenhouse-hanging-gutter-roll-forming-machines-768x576.jpg 768w, https:\/\/believeindustry.company\/wp-content\/uploads\/2020\/03\/greenhouse-hanging-gutter-roll-forming-machines-1536x1152.jpg 1536w, https:\/\/believeindustry.company\/wp-content\/uploads\/2020\/03\/greenhouse-hanging-gutter-roll-forming-machines-2048x1536.jpg 2048w, https:\/\/believeindustry.company\/wp-content\/uploads\/2020\/03\/greenhouse-hanging-gutter-roll-forming-machines-320x240.jpg 320w, https:\/\/believeindustry.company\/wp-content\/uploads\/2020\/03\/greenhouse-hanging-gutter-roll-forming-machines-640x480.jpg 640w, https:\/\/believeindustry.company\/wp-content\/uploads\/2020\/03\/greenhouse-hanging-gutter-roll-forming-machines-360x270.jpg 360w, https:\/\/believeindustry.company\/wp-content\/uploads\/2020\/03\/greenhouse-hanging-gutter-roll-forming-machines-720x540.jpg 720w, https:\/\/believeindustry.company\/wp-content\/uploads\/2020\/03\/greenhouse-hanging-gutter-roll-forming-machines-1080x810.jpg 1080w, https:\/\/believeindustry.company\/wp-content\/uploads\/2020\/03\/greenhouse-hanging-gutter-roll-forming-machines-800x600.jpg 800w, https:\/\/believeindustry.company\/wp-content\/uploads\/2020\/03\/greenhouse-hanging-gutter-roll-forming-machines-1280x960.jpg 1280w\" sizes=\"(max-width: 4032px) 100vw, 4032px\" \/><figcaption><\/figcaption><\/figure>\n\n\n\n<p>Believe Industry Company also accept cutomized profile and will design the Hydroponic Hanging Gutter Roll Former as per requirements. We are offering one-stop solution for Greenhouse Gutter Industrial. <a href=\"https:\/\/api.whatsapp.com\/send\/?phone=8618616927760\" target=\"_blank\" rel=\"noopener\">Whatsapp us<\/a> veya <a href=\"https:\/\/believeindustry.company\/tr\/contact\/\">bize Ula\u015f\u0131n<\/a> for more details.<\/p>\n\n\n\n<p><\/p>","protected":false},"excerpt":{"rendered":"<p>Hydroponic Hanging Gutter Roll Former is designed to manufacture suspended gutters for hydroponic growing with recirculation in the farm and customizable to the measure of each farm in length.&nbsp;And makes it easier to install and transport to the greenhouse and reduces storage and logistics problems. Our new design hanging gutter roll forming machine is especially [&hellip;]<\/p>\n","protected":false},"author":2,"featured_media":7467,"parent":0,"menu_order":0,"comment_status":"closed","ping_status":"closed","template":"","meta":{"_angie_page":false,"footnotes":"","big_sky_generated":false},"tags":[607849633],"class_list":["post-7463","page","type-page","status-publish","has-post-thumbnail","hentry","tag-downspout-lines"],"blocksy_meta":[],"jetpack_sharing_enabled":true,"jetpack_shortlink":"https:\/\/wp.me\/P9K5n8-1Wn","jetpack_likes_enabled":false,"jetpack-related-posts":[{"id":8080,"url":"https:\/\/believeindustry.company\/tr\/cultivation-gutter-system-and-machine\/","url_meta":{"origin":7463,"position":0},"title":"Cultivation Gutter System and Machine","author":"Believe Industry Group","date":"Temmuz 8, 2024","format":false,"excerpt":"Greenhouse Cultivation Gutter System Believe Industry has been developing and implementing crop-specific gutter systems and machines. Over the years we have developed various cultivation gutter models. Believe Industry therefore supplies a complete range of gutters for every crop. In close consultation we can supply the right gutter, components and also\u2026","rel":"","context":"Benzer yaz\u0131","block_context":{"text":"Benzer yaz\u0131","link":""},"img":{"alt_text":"Beli-205-Gutter","src":"https:\/\/i0.wp.com\/believeindustry.company\/wp-content\/uploads\/2021\/09\/Beli-205-Gutter-150x150.jpg?resize=350%2C200&ssl=1","width":350,"height":200,"srcset":"https:\/\/i0.wp.com\/believeindustry.company\/wp-content\/uploads\/2021\/09\/Beli-205-Gutter-150x150.jpg?resize=350%2C200&ssl=1 1x, https:\/\/i0.wp.com\/believeindustry.company\/wp-content\/uploads\/2021\/09\/Beli-205-Gutter-150x150.jpg?resize=525%2C300&ssl=1 1.5x"},"classes":[]},{"id":22021,"url":"https:\/\/believeindustry.company\/tr\/elementor-page-22021\/","url_meta":{"origin":7463,"position":1},"title":"Ya\u011fmur olu\u011fu ve ini\u015f borusu","author":"Believe Industry Group","date":"Nisan 12, 2026","format":false,"excerpt":"A roll forming machine for rain downspout and gutter is specialized manufacturing equipment designed to produce the vital components of residential and commercial roof drainage systems.These machines continuously profile flat coils of aluminum, galvanized steel, or copper into functional, weather-resistant water management products. The equipment generally falls into two categories:\u2026","rel":"","context":"Benzer yaz\u0131","block_context":{"text":"Benzer yaz\u0131","link":""},"img":{"alt_text":"downspout and gutter","src":"https:\/\/i0.wp.com\/believeindustry.company\/wp-content\/uploads\/2026\/04\/downspout-and-gutter.webp?resize=350%2C200&ssl=1","width":350,"height":200,"srcset":"https:\/\/i0.wp.com\/believeindustry.company\/wp-content\/uploads\/2026\/04\/downspout-and-gutter.webp?resize=350%2C200&ssl=1 1x, https:\/\/i0.wp.com\/believeindustry.company\/wp-content\/uploads\/2026\/04\/downspout-and-gutter.webp?resize=525%2C300&ssl=1 1.5x, https:\/\/i0.wp.com\/believeindustry.company\/wp-content\/uploads\/2026\/04\/downspout-and-gutter.webp?resize=700%2C400&ssl=1 2x, https:\/\/i0.wp.com\/believeindustry.company\/wp-content\/uploads\/2026\/04\/downspout-and-gutter.webp?resize=1050%2C600&ssl=1 3x, https:\/\/i0.wp.com\/believeindustry.company\/wp-content\/uploads\/2026\/04\/downspout-and-gutter.webp?resize=1400%2C800&ssl=1 4x"},"classes":[]},{"id":2954,"url":"https:\/\/believeindustry.company\/tr\/roll-forming-machine\/downspoutgutter-roll-forming-machine\/gutter-roll-forming-machine-2\/","url_meta":{"origin":7463,"position":2},"title":"Oluk Rulo \u015eekillendirme Makinesi","author":"Believe Industry Group","date":"Eyl\u00fcl 27, 2018","format":false,"excerpt":"Gutter roll forming machine is for producing gutters as desired drawings and thickness.\u00a0 Gutter Roll Forming Machine Types of Gutters There are many different types of gutters, such as K-style Gutter, Fascia Gutter, Half Round Gutter, European Gutter.\u00a0 Believe Industry Company have a full range of Gutter roll forming machine\u2026","rel":"","context":"&quot;Company News&quot; i\u00e7inde","block_context":{"text":"Company News","link":"https:\/\/believeindustry.company\/tr\/category\/company-news\/"},"img":{"alt_text":"water gutter roll forming machine","src":"https:\/\/i0.wp.com\/believeindustry.company\/wp-content\/uploads\/2018\/09\/water-gutter-roll-forming-machine.jpg?resize=350%2C200&ssl=1","width":350,"height":200,"srcset":"https:\/\/i0.wp.com\/believeindustry.company\/wp-content\/uploads\/2018\/09\/water-gutter-roll-forming-machine.jpg?resize=350%2C200&ssl=1 1x, https:\/\/i0.wp.com\/believeindustry.company\/wp-content\/uploads\/2018\/09\/water-gutter-roll-forming-machine.jpg?resize=525%2C300&ssl=1 1.5x, https:\/\/i0.wp.com\/believeindustry.company\/wp-content\/uploads\/2018\/09\/water-gutter-roll-forming-machine.jpg?resize=700%2C400&ssl=1 2x, https:\/\/i0.wp.com\/believeindustry.company\/wp-content\/uploads\/2018\/09\/water-gutter-roll-forming-machine.jpg?resize=1050%2C600&ssl=1 3x"},"classes":[]},{"id":2264,"url":"https:\/\/believeindustry.company\/tr\/roll-forming-machine\/downspoutgutter-roll-forming-machine\/portable-gutter-machine-for-sale\/","url_meta":{"origin":7463,"position":3},"title":"Ta\u015f\u0131nabilir Oluk Temizleme Makinesi","author":"Believe Industry Group","date":"Haziran 19, 2018","format":false,"excerpt":"Believe Industry Company have a full range of portable gutter machine for sale. 5\" and 6\" K style, 6\" half round gutter and 7\" industrial gutter machines. Portable Gutter Machine For Sale What's A Gutter? A rain gutter is a components of water discharge system for a building. Water from\u2026","rel":"","context":"\"downspout lines\" i\u00e7inde","block_context":{"text":"downspout lines","link":"https:\/\/believeindustry.company\/tr\/tag\/downspout-lines\/"},"img":{"alt_text":"portable gutter machine for sale (2)","src":"https:\/\/i0.wp.com\/believeindustry.company\/wp-content\/uploads\/2018\/06\/portable-gutter-machine-for-sale-2.jpg?resize=350%2C200&ssl=1","width":350,"height":200,"srcset":"https:\/\/i0.wp.com\/believeindustry.company\/wp-content\/uploads\/2018\/06\/portable-gutter-machine-for-sale-2.jpg?resize=350%2C200&ssl=1 1x, https:\/\/i0.wp.com\/believeindustry.company\/wp-content\/uploads\/2018\/06\/portable-gutter-machine-for-sale-2.jpg?resize=525%2C300&ssl=1 1.5x, https:\/\/i0.wp.com\/believeindustry.company\/wp-content\/uploads\/2018\/06\/portable-gutter-machine-for-sale-2.jpg?resize=700%2C400&ssl=1 2x, https:\/\/i0.wp.com\/believeindustry.company\/wp-content\/uploads\/2018\/06\/portable-gutter-machine-for-sale-2.jpg?resize=1050%2C600&ssl=1 3x"},"classes":[]},{"id":6869,"url":"https:\/\/believeindustry.company\/tr\/roll-forming-machine\/customized-profile-roll-forming-machine\/greenhouse-profile-roll-forming-machine\/","url_meta":{"origin":7463,"position":4},"title":"Greenhouse Profile Roll Forming Machine","author":"Believe Industry Group","date":"Temmuz 2, 2019","format":false,"excerpt":"Greenhouse Profile Roll Forming Machine is for producing greenhouse profiles. Such as steel angle, channel, conduit, or a hat-shaped fastener. Believe Industry Company help you roll your profiles with precision. Making a greenhouse frame that is sturdy is essential. Keeping your or your customers' greenhouse sturdy stands through all weather,\u2026","rel":"","context":"\"custom designs\" i\u00e7inde","block_context":{"text":"custom designs","link":"https:\/\/believeindustry.company\/tr\/tag\/custom-designs\/"},"img":{"alt_text":"cropped greenhouse profile roll forming machine","src":"https:\/\/i0.wp.com\/believeindustry.company\/wp-content\/uploads\/2019\/07\/cropped-greenhouse-profile-roll-forming-machine.jpg?resize=350%2C200&ssl=1","width":350,"height":200,"srcset":"https:\/\/i0.wp.com\/believeindustry.company\/wp-content\/uploads\/2019\/07\/cropped-greenhouse-profile-roll-forming-machine.jpg?resize=350%2C200&ssl=1 1x, https:\/\/i0.wp.com\/believeindustry.company\/wp-content\/uploads\/2019\/07\/cropped-greenhouse-profile-roll-forming-machine.jpg?resize=525%2C300&ssl=1 1.5x, https:\/\/i0.wp.com\/believeindustry.company\/wp-content\/uploads\/2019\/07\/cropped-greenhouse-profile-roll-forming-machine.jpg?resize=700%2C400&ssl=1 2x"},"classes":[]},{"id":577,"url":"https:\/\/believeindustry.company\/tr\/roll-forming-machine\/","url_meta":{"origin":7463,"position":5},"title":"Rulo \u015eekillendirme Makinesi","author":"Believe Industry Group","date":"Mart 22, 2018","format":false,"excerpt":"As a premier manufacturer and exporter of machinery from Wuxi, China, Beli RollForming specializes in designing and building a vast range of high-performance roll forming machines for various global industries.Beli RollForming's Roll Forming Machines are advanced, continuous production systems that transform flat metal coils (steel, aluminum, etc.) into precise, long-length\u2026","rel":"","context":"\"Coil Roll Forming Machine\" i\u00e7inde","block_context":{"text":"Coil Roll Forming Machine","link":"https:\/\/believeindustry.company\/tr\/tag\/coil-roll-forming-machine\/"},"img":{"alt_text":"roll forming mills","src":"https:\/\/i0.wp.com\/believeindustry.company\/wp-content\/uploads\/2018\/03\/roll-forming-mills-e1522722506357.jpg?resize=350%2C200&ssl=1","width":350,"height":200,"srcset":"https:\/\/i0.wp.com\/believeindustry.company\/wp-content\/uploads\/2018\/03\/roll-forming-mills-e1522722506357.jpg?resize=350%2C200&ssl=1 1x, https:\/\/i0.wp.com\/believeindustry.company\/wp-content\/uploads\/2018\/03\/roll-forming-mills-e1522722506357.jpg?resize=525%2C300&ssl=1 1.5x, https:\/\/i0.wp.com\/believeindustry.company\/wp-content\/uploads\/2018\/03\/roll-forming-mills-e1522722506357.jpg?resize=700%2C400&ssl=1 2x, https:\/\/i0.wp.com\/believeindustry.company\/wp-content\/uploads\/2018\/03\/roll-forming-mills-e1522722506357.jpg?resize=1050%2C600&ssl=1 3x"},"classes":[]}],"amp_enabled":true,"_links":{"self":[{"href":"https:\/\/believeindustry.company\/tr\/wp-json\/wp\/v2\/pages\/7463","targetHints":{"allow":["GET"]}}],"collection":[{"href":"https:\/\/believeindustry.company\/tr\/wp-json\/wp\/v2\/pages"}],"about":[{"href":"https:\/\/believeindustry.company\/tr\/wp-json\/wp\/v2\/types\/page"}],"author":[{"embeddable":true,"href":"https:\/\/believeindustry.company\/tr\/wp-json\/wp\/v2\/users\/2"}],"replies":[{"embeddable":true,"href":"https:\/\/believeindustry.company\/tr\/wp-json\/wp\/v2\/comments?post=7463"}],"version-history":[{"count":8,"href":"https:\/\/believeindustry.company\/tr\/wp-json\/wp\/v2\/pages\/7463\/revisions"}],"predecessor-version":[{"id":18521,"href":"https:\/\/believeindustry.company\/tr\/wp-json\/wp\/v2\/pages\/7463\/revisions\/18521"}],"wp:featuredmedia":[{"embeddable":true,"href":"https:\/\/believeindustry.company\/tr\/wp-json\/wp\/v2\/media\/7467"}],"wp:attachment":[{"href":"https:\/\/believeindustry.company\/tr\/wp-json\/wp\/v2\/media?parent=7463"}],"wp:term":[{"taxonomy":"post_tag","embeddable":true,"href":"https:\/\/believeindustry.company\/tr\/wp-json\/wp\/v2\/tags?post=7463"}],"curies":[{"name":"wp","href":"https:\/\/api.w.org\/{rel}","templated":true}]}}