{"id":777,"date":"2018-03-29T15:15:38","date_gmt":"2018-03-29T07:15:38","guid":{"rendered":"https:\/\/believeindustry.company\/?page_id=777"},"modified":"2026-04-11T21:59:05","modified_gmt":"2026-04-11T13:59:05","slug":"metal-cati-kiremiti-rulo-sekillendirme-makinesi","status":"publish","type":"page","link":"https:\/\/believeindustry.company\/tr\/roll-forming-machine\/metal-sheet-roll-forming-machine\/metal-roof-tile-roll-forming-machine\/","title":{"rendered":"Metal \u00c7at\u0131 Kiremiti Rulo \u015eekillendirme Makinesi"},"content":{"rendered":"<p><strong>Metal \u00c7at\u0131 Kiremiti Rulo \u015eekillendirme Makinesi<\/strong>&nbsp;Geleneksel karolara benzeyen metal karolar\u0131n \u00fcretimi i\u00e7in kullan\u0131l\u0131r. Ancak kalitesi ve kullan\u0131m \u00f6mr\u00fc daha iyidir. <\/p>\n\n\n\n<!--nextpage-->\n\n\n\n<h2 class=\"wp-block-heading\">Introduction of Metal Roof Tile Roll Forming Machine <\/h2>\n\n\n\n<p><strong>Roof Tiles<\/strong>&nbsp;are to keep out rain. And traditional made from locally available materials such as slate and terracotta. And modern materials such as concrete, plastic and Metals. Metal Tile is very special and consist of a high percentage of recycled material and is 100% recyclable. And the Metal Roof Tile is also lightweight, can be installed on top of an existing roof. it\u2019s very useful for a large and old structures( such as wooden structure). It is interlocked, so it provides increased wind resistance when compared with other roof materials. BELI\u00ae have developed almost 50 types of metal roof tile roll forming machine for different requirements.<\/p>\n\n\n\n<p>Metal Roof tile roll forming machine is also called step tile&nbsp;<a href=\"https:\/\/believeindustry.company\/tr\/rulo-sekillendirme-makinesi\/metal-levha-rulo-sekillendirme-makinesi\/cati-levhasi-rulo-sekillendirme-makinesi\/\">roof roll forming machine<\/a>, glazed roof tile&nbsp;<a href=\"https:\/\/believeindustry.company\/tr\/rulo-sekillendirme-makinesi\/metal-levha-rulo-sekillendirme-makinesi\/\">rulo \u015fekillendirme makinesi<\/a>, 3D roof tile roll forming machine, etc. &nbsp;Believe Industry(BELI\u00ae) have full automatic machine for metal tiles, and also accept customized profile design.<\/p>\n\n\n\n<h3 class=\"wp-block-heading\">Metal Roof Tile Machine Components<\/h3>\n\n\n\n<ol class=\"wp-block-list\"><li>Hidrolik Bobin A\u00e7\u0131c\u0131<\/li><li>Besleme ve Y\u00f6nlendirme Cihaz\u0131<\/li><li>Rulo \u015eekillendirme De\u011firmenleri<\/li><li>Punch Step System<\/li><li>Kesme \u00dcnitesi<\/li><li>Koleksiyon Tablosu<\/li><li>Kontrol Paneli<\/li><li>Hidrolik \u0130stasyonlar<\/li><\/ol>\n\n\n\n<h3 class=\"wp-block-heading\">Technical Parameters<\/h3>\n\n\n\n<h4 class=\"wp-block-heading\">Hidrolik Bobin A\u00e7\u0131c\u0131<\/h4>\n\n\n\n<div class=\"wp-block-media-text alignwide has-media-on-the-right\" style=\"grid-template-columns:auto 32%\"><figure class=\"wp-block-media-text__media\"><img fetchpriority=\"high\" decoding=\"async\" width=\"509\" height=\"358\" data-attachment-id=\"779\" data-permalink=\"https:\/\/believeindustry.company\/tr\/roll-forming-machine\/metal-sheet-roll-forming-machine\/metal-roof-tile-roll-forming-machine\/hydraulic-uncoiler\/\" data-orig-file=\"https:\/\/believeindustry.company\/wp-content\/uploads\/2018\/03\/hydraulic-uncoiler.jpg\" data-orig-size=\"509,358\" data-comments-opened=\"1\" data-image-meta=\"{&quot;aperture&quot;:&quot;0&quot;,&quot;credit&quot;:&quot;&quot;,&quot;camera&quot;:&quot;&quot;,&quot;caption&quot;:&quot;&quot;,&quot;created_timestamp&quot;:&quot;0&quot;,&quot;copyright&quot;:&quot;&quot;,&quot;focal_length&quot;:&quot;0&quot;,&quot;iso&quot;:&quot;0&quot;,&quot;shutter_speed&quot;:&quot;0&quot;,&quot;title&quot;:&quot;&quot;,&quot;orientation&quot;:&quot;0&quot;}\" data-image-title=\"hydraulic uncoiler\" data-image-description=\"&lt;p&gt;The hydraulic uncoiler is an option and widely used in roll forming line.&lt;\/p&gt;\" data-image-caption=\"&lt;p&gt;Hydraulic expansion and electric uncoiling&lt;\/p&gt;\" data-large-file=\"https:\/\/believeindustry.company\/wp-content\/uploads\/2018\/03\/hydraulic-uncoiler.jpg\" src=\"https:\/\/believeindustry.company\/wp-content\/uploads\/2018\/03\/hydraulic-uncoiler.jpg\" alt=\"hidrolik bobin a\u00e7\u0131c\u0131\" class=\"wp-image-779\" srcset=\"https:\/\/believeindustry.company\/wp-content\/uploads\/2018\/03\/hydraulic-uncoiler.jpg 509w, https:\/\/believeindustry.company\/wp-content\/uploads\/2018\/03\/hydraulic-uncoiler-300x211.jpg 300w\" sizes=\"(max-width: 509px) 100vw, 509px\" \/><\/figure><div class=\"wp-block-media-text__content\">\n<ol class=\"wp-block-list\"><li>Hydraulic expansion, Electric Uncoiling<\/li><li>Coil I.D: 480-560 mm<\/li><li>Coil O.D: 1200 mm<\/li><li>Uncoiling Motor Power: 5.5KW<\/li><li>Hidrolik Motor G\u00fcc\u00fc: 3 KW<\/li><li>Load Capacity: 5 Ton( 10 Ton as an option)<\/li><li>Uncoiling Speed: 20m\/min, but&nbsp;synchronous with the main roll forming machine<\/li><\/ol>\n<\/div><\/div>\n\n\n\n<h4 class=\"wp-block-heading\">Rulo \u015eekillendirme Makinesi<\/h4>\n\n\n\n<ol class=\"wp-block-list\"><li>material Thickness: 0.3-0.8mm<\/li><li>Forming Steps: 18<\/li><li>Driven Motor Power: 7.5KW<\/li><li>Line speed; 4-6m\/min<\/li><li>Rolls Material: ASTM 1045, hardness treatment and chromed<\/li><li>Shaft Material: ASTM 1045, 76mm O.D<\/li><\/ol>\n\n\n\n<figure class=\"wp-block-image\"><img decoding=\"async\" width=\"1024\" height=\"576\" data-attachment-id=\"2815\" data-permalink=\"https:\/\/believeindustry.company\/tr\/?attachment_id=2815\" data-orig-file=\"https:\/\/believeindustry.company\/wp-content\/uploads\/2018\/09\/metal-glazed-tile-machine.jpg\" data-orig-size=\"5312,2988\" data-comments-opened=\"1\" data-image-meta=\"{&quot;aperture&quot;:&quot;1.9&quot;,&quot;credit&quot;:&quot;&quot;,&quot;camera&quot;:&quot;SM-G9280&quot;,&quot;caption&quot;:&quot;NID:SIZE:3.76M&quot;,&quot;created_timestamp&quot;:&quot;1460110512&quot;,&quot;copyright&quot;:&quot;&quot;,&quot;focal_length&quot;:&quot;4.3&quot;,&quot;iso&quot;:&quot;64&quot;,&quot;shutter_speed&quot;:&quot;0.01&quot;,&quot;title&quot;:&quot;NID:SIZE:3.76M&quot;,&quot;orientation&quot;:&quot;0&quot;}\" data-image-title=\"metal glazed tile machine\" data-image-description=\"\" data-image-caption=\"\" data-large-file=\"https:\/\/believeindustry.company\/wp-content\/uploads\/2018\/09\/metal-glazed-tile-machine-1024x576.jpg\" src=\"https:\/\/believeindustry.company\/wp-content\/uploads\/2018\/09\/metal-glazed-tile-machine-1024x576.jpg\" alt=\"metal s\u0131rl\u0131 karo makinesi\" class=\"wp-image-2815\" srcset=\"https:\/\/believeindustry.company\/wp-content\/uploads\/2018\/09\/metal-glazed-tile-machine-1024x576.jpg 1024w, https:\/\/believeindustry.company\/wp-content\/uploads\/2018\/09\/metal-glazed-tile-machine-600x338.jpg 600w, https:\/\/believeindustry.company\/wp-content\/uploads\/2018\/09\/metal-glazed-tile-machine-300x169.jpg 300w\" sizes=\"(max-width: 1024px) 100vw, 1024px\" \/><\/figure>\n\n\n\n<h4 class=\"wp-block-heading\">Punching steps and Cutting System<\/h4>\n\n\n\n<div class=\"wp-block-media-text alignwide is-vertically-aligned-center\" style=\"grid-template-columns:36% auto\"><figure class=\"wp-block-media-text__media\"><img decoding=\"async\" width=\"422\" height=\"419\" data-attachment-id=\"6601\" data-permalink=\"https:\/\/believeindustry.company\/tr\/roll-forming-machine\/metal-sheet-roll-forming-machine\/metal-roof-tile-roll-forming-machine\/punch-and-cutting-system\/\" data-orig-file=\"https:\/\/believeindustry.company\/wp-content\/uploads\/2019\/04\/punch-and-cutting-system.jpg\" data-orig-size=\"422,419\" data-comments-opened=\"1\" data-image-meta=\"{&quot;aperture&quot;:&quot;0&quot;,&quot;credit&quot;:&quot;&quot;,&quot;camera&quot;:&quot;&quot;,&quot;caption&quot;:&quot;&quot;,&quot;created_timestamp&quot;:&quot;0&quot;,&quot;copyright&quot;:&quot;&quot;,&quot;focal_length&quot;:&quot;0&quot;,&quot;iso&quot;:&quot;0&quot;,&quot;shutter_speed&quot;:&quot;0&quot;,&quot;title&quot;:&quot;&quot;,&quot;orientation&quot;:&quot;0&quot;}\" data-image-title=\"punch and cutting system\" data-image-description=\"\" data-image-caption=\"\" data-large-file=\"https:\/\/believeindustry.company\/wp-content\/uploads\/2019\/04\/punch-and-cutting-system.jpg\" src=\"https:\/\/believeindustry.company\/wp-content\/uploads\/2019\/04\/punch-and-cutting-system.jpg\" alt=\"punch and cutting system\" class=\"wp-image-6601\" srcset=\"https:\/\/believeindustry.company\/wp-content\/uploads\/2019\/04\/punch-and-cutting-system.jpg 422w, https:\/\/believeindustry.company\/wp-content\/uploads\/2019\/04\/punch-and-cutting-system-100x100.jpg 100w, https:\/\/believeindustry.company\/wp-content\/uploads\/2019\/04\/punch-and-cutting-system-150x150.jpg 150w, https:\/\/believeindustry.company\/wp-content\/uploads\/2019\/04\/punch-and-cutting-system-300x298.jpg 300w, https:\/\/believeindustry.company\/wp-content\/uploads\/2019\/04\/punch-and-cutting-system-320x318.jpg 320w, https:\/\/believeindustry.company\/wp-content\/uploads\/2019\/04\/punch-and-cutting-system-360x357.jpg 360w, https:\/\/believeindustry.company\/wp-content\/uploads\/2019\/04\/punch-and-cutting-system-75x75.jpg 75w, https:\/\/believeindustry.company\/wp-content\/uploads\/2019\/04\/punch-and-cutting-system-50x50.jpg 50w\" sizes=\"(max-width: 422px) 100vw, 422px\" \/><\/figure><div class=\"wp-block-media-text__content\">\n<ol class=\"wp-block-list\"><li>The Punch step and cutting system is separately,we also have common bed design.<\/li><li>Punch mould and cutting blade material: Quality CR12<\/li><li>Hydraulic Motor Power: 11KW with storage tank<\/li><li>Workers can set the length of steps, tiles and the quantity on touch screen<\/li><\/ol>\n<\/div><\/div>\n\n\n\n<p><a href=\"http:\/\/www.belirollform.com\/\" target=\"_blank\" rel=\"noopener\">Believe Industry Company<\/a>&nbsp;tasar\u0131m ve \u00fcretim faaliyetlerinde bulunmaktad\u0131r.&nbsp;<a href=\"https:\/\/believeindustry.company\/tr\/rulo-sekillendirme-makine-hatti\/\">Rulo \u015eekillendirme Makineleri<\/a>&nbsp;as per requirements. We also have&nbsp;<a href=\"https:\/\/believeindustry.company\/tr\/bobin-proses-ekipmani\/\">bobin proses ekipmanlar\u0131<\/a>&nbsp;for steel factory. Such as:&nbsp;<a href=\"https:\/\/believeindustry.company\/tr\/bobin-proses-ekipmani\/kesme-cizgisi\/\">Bobin Dilme Hatt\u0131<\/a>, Cut To Length Line, etc.&nbsp;<a href=\"https:\/\/believeindustry.company\/tr\/bize-ulasin\/\">Bize Ula\u015f\u0131n<\/a>&nbsp;Daha fazla bilgi i\u00e7in.\n\n<\/p>","protected":false},"excerpt":{"rendered":"<p>Metal Roof Tile Roll Forming Machine&nbsp;is for producing the metal tiles which is similar to traditional tiles. While the quality and life is better.<\/p>","protected":false},"author":2,"featured_media":908,"parent":724,"menu_order":2,"comment_status":"closed","ping_status":"closed","template":"","meta":{"_angie_page":false,"footnotes":"","big_sky_generated":false},"tags":[607851244,607846325,607845980,607846711,607849628,607846218],"class_list":["post-777","page","type-page","status-publish","has-post-thumbnail","hentry","tag-construction-and-steel-structure","tag-metal-roof-tile-roll-forming-machine","tag-metal-sheet-roll-forming-machine","tag-metal-tile-roll-forming-machine","tag-panel-lines","tag-roof-tile-roll-forming-machine"],"blocksy_meta":[],"jetpack_sharing_enabled":true,"jetpack_shortlink":"https:\/\/wp.me\/P9K5n8-cx","jetpack_likes_enabled":false,"jetpack-related-posts":[{"id":991,"url":"https:\/\/believeindustry.company\/tr\/roll-forming-machine\/metal-sheet-roll-forming-machine\/roof-ridge-cap-roll-forming-machine\/","url_meta":{"origin":777,"position":0},"title":"\u00c7at\u0131 Mahya Kaplama Rulo \u015eekillendirme Makinesi","author":"Believe Industry Group","date":"Nisan 9, 2018","format":false,"excerpt":"The Ridge Cap Roll Forming Machine is an essential piece of equipment for producing high-quality roof ridge caps used in modern steel building systems. At Beli RollForming, we specialize in manufacturing durable and efficient machines that cater to the global construction market. As a leading manufacturer and exporter in China,\u2026","rel":"","context":"\"Construction and Steel Structure\" i\u00e7inde","block_context":{"text":"Construction and Steel Structure","link":"https:\/\/believeindustry.company\/tr\/tag\/construction-and-steel-structure\/"},"img":{"alt_text":"Industrial roof tile ridge cap roll forming machine for manufacturing roof ridge caps, featuring control panel and steel roll forming components","src":"https:\/\/i0.wp.com\/believeindustry.company\/wp-content\/uploads\/2025\/12\/ridge-cap-roll-forming-machine.webp?resize=350%2C200&ssl=1","width":350,"height":200,"srcset":"https:\/\/i0.wp.com\/believeindustry.company\/wp-content\/uploads\/2025\/12\/ridge-cap-roll-forming-machine.webp?resize=350%2C200&ssl=1 1x, https:\/\/i0.wp.com\/believeindustry.company\/wp-content\/uploads\/2025\/12\/ridge-cap-roll-forming-machine.webp?resize=525%2C300&ssl=1 1.5x, https:\/\/i0.wp.com\/believeindustry.company\/wp-content\/uploads\/2025\/12\/ridge-cap-roll-forming-machine.webp?resize=700%2C400&ssl=1 2x, https:\/\/i0.wp.com\/believeindustry.company\/wp-content\/uploads\/2025\/12\/ridge-cap-roll-forming-machine.webp?resize=1050%2C600&ssl=1 3x, https:\/\/i0.wp.com\/believeindustry.company\/wp-content\/uploads\/2025\/12\/ridge-cap-roll-forming-machine.webp?resize=1400%2C800&ssl=1 4x"},"classes":[]},{"id":1277,"url":"https:\/\/believeindustry.company\/tr\/video\/metal-tile-roll-forming-machine-video\/","url_meta":{"origin":777,"position":1},"title":"Metal Karo Rulo \u015eekillendirme Makinesi Videosu","author":"Believe Industry Group","date":"Nisan 16, 2018","format":false,"excerpt":"The Metal Tile Roll Forming Machine Video will let you easy to know how the machine working and how to operate the machine. Contact us for more details of Metal Tile Roll Forming Machine","rel":"","context":"\"Metal Tile Roll Forming Machine\" i\u00e7inde","block_context":{"text":"Metal Tile Roll Forming Machine","link":"https:\/\/believeindustry.company\/tr\/tag\/metal-tile-roll-forming-machine\/"},"img":{"alt_text":"roll forming machine for metal roof tile","src":"https:\/\/i0.wp.com\/believeindustry.company\/wp-content\/uploads\/2018\/05\/roll-forming-machine-for-metal-roof-tile.jpg?resize=350%2C200&ssl=1","width":350,"height":200,"srcset":"https:\/\/i0.wp.com\/believeindustry.company\/wp-content\/uploads\/2018\/05\/roll-forming-machine-for-metal-roof-tile.jpg?resize=350%2C200&ssl=1 1x, https:\/\/i0.wp.com\/believeindustry.company\/wp-content\/uploads\/2018\/05\/roll-forming-machine-for-metal-roof-tile.jpg?resize=525%2C300&ssl=1 1.5x, https:\/\/i0.wp.com\/believeindustry.company\/wp-content\/uploads\/2018\/05\/roll-forming-machine-for-metal-roof-tile.jpg?resize=700%2C400&ssl=1 2x, https:\/\/i0.wp.com\/believeindustry.company\/wp-content\/uploads\/2018\/05\/roll-forming-machine-for-metal-roof-tile.jpg?resize=1050%2C600&ssl=1 3x"},"classes":[]},{"id":724,"url":"https:\/\/believeindustry.company\/tr\/roll-forming-machine\/metal-sheet-roll-forming-machine\/","url_meta":{"origin":777,"position":2},"title":"Metal Sac Rulo \u015eekillendirme Makinesi","author":"Believe Industry Group","date":"Mart 28, 2018","format":false,"excerpt":"Metal Sheet Roll Forming Machines, also named Steel Sheet Roll Forming Machines are widely used in Steel Structure Systems Manufacturers or Builders.Believe Industry Company have full range of Metal Sheet Roll Forming Machine to produce Roof Panels, Wall Cladding Sheets, Step Tiles with different types. Such as: Standing seamming Panel.\u2026","rel":"","context":"\"believe industry machine\" i\u00e7inde","block_context":{"text":"believe industry machine","link":"https:\/\/believeindustry.company\/tr\/tag\/believe-industry-machine\/"},"img":{"alt_text":"sheet roll forming machine","src":"https:\/\/i0.wp.com\/believeindustry.company\/wp-content\/uploads\/2018\/03\/metal-sheet-roll-forming-machine.jpg?resize=350%2C200&ssl=1","width":350,"height":200,"srcset":"https:\/\/i0.wp.com\/believeindustry.company\/wp-content\/uploads\/2018\/03\/metal-sheet-roll-forming-machine.jpg?resize=350%2C200&ssl=1 1x, https:\/\/i0.wp.com\/believeindustry.company\/wp-content\/uploads\/2018\/03\/metal-sheet-roll-forming-machine.jpg?resize=525%2C300&ssl=1 1.5x, https:\/\/i0.wp.com\/believeindustry.company\/wp-content\/uploads\/2018\/03\/metal-sheet-roll-forming-machine.jpg?resize=700%2C400&ssl=1 2x"},"classes":[]},{"id":3148,"url":"https:\/\/believeindustry.company\/tr\/roll-forming-machine\/metal-sheet-roll-forming-machine\/glazed-tile-roll-forming-machine\/","url_meta":{"origin":777,"position":3},"title":"S\u0131rl\u0131 Karo Rulo \u015eekillendirme Makinesi","author":"Believe Industry Group","date":"Ekim 15, 2018","format":false,"excerpt":"Glazed Tile Roll Forming Machine is for produce metal glazed tiles as desired drawings. Believe Industry Company new design tile machine speed can be up to 6m per minute. Glazed Tile Roll Forming Machine Machine Components Hydraulic Uncoiler Guider and Feeder Pre-cutter Roll Forming Mill One-body Hydraulic Punching and\u00a0Cutting Device\u2026","rel":"","context":"\"Construction and Steel Structure\" i\u00e7inde","block_context":{"text":"Construction and Steel Structure","link":"https:\/\/believeindustry.company\/tr\/tag\/construction-and-steel-structure\/"},"img":{"alt_text":"glazed tile roll forming machine","src":"https:\/\/i0.wp.com\/believeindustry.company\/wp-content\/uploads\/2018\/10\/glazed-tile-roll-forming-machine-line-.jpg?resize=350%2C200&ssl=1","width":350,"height":200,"srcset":"https:\/\/i0.wp.com\/believeindustry.company\/wp-content\/uploads\/2018\/10\/glazed-tile-roll-forming-machine-line-.jpg?resize=350%2C200&ssl=1 1x, https:\/\/i0.wp.com\/believeindustry.company\/wp-content\/uploads\/2018\/10\/glazed-tile-roll-forming-machine-line-.jpg?resize=525%2C300&ssl=1 1.5x, https:\/\/i0.wp.com\/believeindustry.company\/wp-content\/uploads\/2018\/10\/glazed-tile-roll-forming-machine-line-.jpg?resize=700%2C400&ssl=1 2x, https:\/\/i0.wp.com\/believeindustry.company\/wp-content\/uploads\/2018\/10\/glazed-tile-roll-forming-machine-line-.jpg?resize=1050%2C600&ssl=1 3x"},"classes":[]},{"id":2555,"url":"https:\/\/believeindustry.company\/tr\/roll-forming-machine\/metal-sheet-roll-forming-machine\/steel-tile-profile-roll-forming-machine\/","url_meta":{"origin":777,"position":4},"title":"Steel Tile Profile Roll Forming Machine","author":"Believe Industry Group","date":"A\u011fustos 1, 2018","format":false,"excerpt":"Steel Tile Profile Roll Forming Machine is for producing steel tile profiles as desired design. \u00a0The latest design depth is up to 30mm. Steel Tile Profile Roll Forming Machine Believe Industry Company \u00a0is engaged in design and manufacturer Steel Tile Profile Roll Forming Machines for over 10 years. We have\u2026","rel":"","context":"\"Construction and Steel Structure\" i\u00e7inde","block_context":{"text":"Construction and Steel Structure","link":"https:\/\/believeindustry.company\/tr\/tag\/construction-and-steel-structure\/"},"img":{"alt_text":"Tile Profile Roll Forming Machine","src":"https:\/\/i0.wp.com\/believeindustry.company\/wp-content\/uploads\/2018\/08\/Tile-Profile-Roll-Forming-Machine.jpg?resize=350%2C200&ssl=1","width":350,"height":200,"srcset":"https:\/\/i0.wp.com\/believeindustry.company\/wp-content\/uploads\/2018\/08\/Tile-Profile-Roll-Forming-Machine.jpg?resize=350%2C200&ssl=1 1x, https:\/\/i0.wp.com\/believeindustry.company\/wp-content\/uploads\/2018\/08\/Tile-Profile-Roll-Forming-Machine.jpg?resize=525%2C300&ssl=1 1.5x, https:\/\/i0.wp.com\/believeindustry.company\/wp-content\/uploads\/2018\/08\/Tile-Profile-Roll-Forming-Machine.jpg?resize=700%2C400&ssl=1 2x, https:\/\/i0.wp.com\/believeindustry.company\/wp-content\/uploads\/2018\/08\/Tile-Profile-Roll-Forming-Machine.jpg?resize=1050%2C600&ssl=1 3x"},"classes":[]},{"id":2353,"url":"https:\/\/believeindustry.company\/tr\/roll-forming-machine\/metal-sheet-roll-forming-machine\/monterey-v1100-tile-roll-forming-machine-for-sale\/","url_meta":{"origin":777,"position":5},"title":"Monterey V1100 Karo Rulo \u015eekillendirme Makinesi","author":"Believe Industry Group","date":"Haziran 25, 2018","format":false,"excerpt":"Believe Industry have different design of \u00a0Monterey V1100 Tile Roll Forming Machine for sale \u00a0and all the machines are fully customized. Monterey V1100 Tile Roll Forming Machine For Sale What's Monterey V1100? Monterey V1100 is a very famous tile profile which is widely used in Russian. As usual, the tiles\u2026","rel":"","context":"\"Construction and Steel Structure\" i\u00e7inde","block_context":{"text":"Construction and Steel Structure","link":"https:\/\/believeindustry.company\/tr\/tag\/construction-and-steel-structure\/"},"img":{"alt_text":"Monterey V1100 Tile Roll Forming Machine","src":"https:\/\/i0.wp.com\/believeindustry.company\/wp-content\/uploads\/2018\/06\/The-Monterey-V1100-Tile-Roll-Forming-Machine.jpg?resize=350%2C200&ssl=1","width":350,"height":200,"srcset":"https:\/\/i0.wp.com\/believeindustry.company\/wp-content\/uploads\/2018\/06\/The-Monterey-V1100-Tile-Roll-Forming-Machine.jpg?resize=350%2C200&ssl=1 1x, https:\/\/i0.wp.com\/believeindustry.company\/wp-content\/uploads\/2018\/06\/The-Monterey-V1100-Tile-Roll-Forming-Machine.jpg?resize=525%2C300&ssl=1 1.5x, https:\/\/i0.wp.com\/believeindustry.company\/wp-content\/uploads\/2018\/06\/The-Monterey-V1100-Tile-Roll-Forming-Machine.jpg?resize=700%2C400&ssl=1 2x, https:\/\/i0.wp.com\/believeindustry.company\/wp-content\/uploads\/2018\/06\/The-Monterey-V1100-Tile-Roll-Forming-Machine.jpg?resize=1050%2C600&ssl=1 3x"},"classes":[]}],"amp_enabled":true,"_links":{"self":[{"href":"https:\/\/believeindustry.company\/tr\/wp-json\/wp\/v2\/pages\/777","targetHints":{"allow":["GET"]}}],"collection":[{"href":"https:\/\/believeindustry.company\/tr\/wp-json\/wp\/v2\/pages"}],"about":[{"href":"https:\/\/believeindustry.company\/tr\/wp-json\/wp\/v2\/types\/page"}],"author":[{"embeddable":true,"href":"https:\/\/believeindustry.company\/tr\/wp-json\/wp\/v2\/users\/2"}],"replies":[{"embeddable":true,"href":"https:\/\/believeindustry.company\/tr\/wp-json\/wp\/v2\/comments?post=777"}],"version-history":[{"count":1,"href":"https:\/\/believeindustry.company\/tr\/wp-json\/wp\/v2\/pages\/777\/revisions"}],"predecessor-version":[{"id":19712,"href":"https:\/\/believeindustry.company\/tr\/wp-json\/wp\/v2\/pages\/777\/revisions\/19712"}],"up":[{"embeddable":true,"href":"https:\/\/believeindustry.company\/tr\/wp-json\/wp\/v2\/pages\/724"}],"wp:featuredmedia":[{"embeddable":true,"href":"https:\/\/believeindustry.company\/tr\/wp-json\/wp\/v2\/media\/908"}],"wp:attachment":[{"href":"https:\/\/believeindustry.company\/tr\/wp-json\/wp\/v2\/media?parent=777"}],"wp:term":[{"taxonomy":"post_tag","embeddable":true,"href":"https:\/\/believeindustry.company\/tr\/wp-json\/wp\/v2\/tags?post=777"}],"curies":[{"name":"wp","href":"https:\/\/api.w.org\/{rel}","templated":true}]}}