{"id":814,"date":"2018-04-01T11:16:44","date_gmt":"2018-04-01T03:16:44","guid":{"rendered":"https:\/\/believeindustry.company\/?page_id=814"},"modified":"2026-04-06T12:47:39","modified_gmt":"2026-04-06T04:47:39","slug":"celik-panjur-citasi-rulo-sekillendirme-makinesi","status":"publish","type":"page","link":"https:\/\/believeindustry.company\/tr\/roll-forming-machine\/steel-door-roll-forming-machine\/steel-rolling-shutter-slat-roll-forming-machine\/","title":{"rendered":"\u00c7elik Kepenk \u00c7ubuk \u015eekillendirme Makinesi"},"content":{"rendered":"<p><strong>\u00c7elik Kepenk \u00c7ubuk \u015eekillendirme Makinesi<\/strong> Bu, otomatik kepenk sistemleri i\u00e7in panjur lamelleri \u00fcretmek i\u00e7indir.&nbsp;<\/p>\n\n\n\n<!--more-->\n\n\n\n<h2 class=\"wp-block-heading\">\u00c7elik Kepenk \u00c7ubuk \u015eekillendirme Makinesinin Tan\u0131t\u0131m\u0131<\/h2>\n\n\n\n<h3 class=\"wp-block-heading\">Panjur ve kap\u0131 nedir?<\/h3>\n\n\n\n<p>Panjur kap\u0131, birbirine mente\u015felenmi\u015f bir\u00e7ok yatay \u00e7\u0131tadan (veya panelden) olu\u015fan bir kap\u0131 veya pencere panjuru t\u00fcr\u00fcd\u00fcr. Kap\u0131 a\u00e7mak i\u00e7in yukar\u0131 kald\u0131r\u0131l\u0131r, kapatmak i\u00e7in a\u015fa\u011f\u0131 indirilir. Kap\u0131 manuel veya motorlu olarak a\u00e7\u0131labilir. Panjur kap\u0131lar\u0131n bir\u00e7ok kullan\u0131m alan\u0131 vard\u0131r; \u00f6rne\u011fin, kamyonetler, mutfaklar, depolar, fabrikalar i\u00e7in kap\u0131lar. D\u00fcnyan\u0131n baz\u0131 b\u00f6lgelerinde panjurlar yal\u0131t\u0131m y\u00f6ntemi olarak (PU panjur), kap\u0131lar\u0131 veya pencereleri dolu hasar\u0131na kar\u015f\u0131 korumak i\u00e7in ve y\u00fcksek r\u00fczgarlara dayanacak \u015fekilde \u00fcretilebilir. BELI\u00ae&#039;nin geni\u015f bir \u00fcr\u00fcn yelpazesi bulunmaktad\u0131r. <strong>\u00c7EL\u0130K HADDELEME PANJURU RULO \u015eEK\u0130LLEND\u0130RME MAK\u0130NES\u0130<\/strong> farkl\u0131 gereksinimler i\u00e7in.<\/p>\n\n\n\n<h3 class=\"wp-block-heading\">Panjur Kap\u0131lar\u0131n A\u00e7\u0131lma Y\u00f6ntemleri<\/h3>\n\n\n\n<div class=\"wp-block-columns has-2-columns is-layout-flex wp-container-core-columns-is-layout-28f84493 wp-block-columns-is-layout-flex\">\n<div class=\"wp-block-column is-layout-flow wp-block-column-is-layout-flow\">\n<figure class=\"wp-block-image is-resized\"><img fetchpriority=\"high\" decoding=\"async\" data-attachment-id=\"818\" data-permalink=\"https:\/\/believeindustry.company\/tr\/roll-forming-machine\/steel-door-roll-forming-machine\/steel-rolling-shutter-slat-roll-forming-machine\/manual\/\" data-orig-file=\"https:\/\/believeindustry.company\/wp-content\/uploads\/2018\/04\/Manual-adjust-roller-shutter-door.jpg\" data-orig-size=\"558,482\" data-comments-opened=\"1\" data-image-meta=\"{&quot;aperture&quot;:&quot;0&quot;,&quot;credit&quot;:&quot;&quot;,&quot;camera&quot;:&quot;&quot;,&quot;caption&quot;:&quot;&quot;,&quot;created_timestamp&quot;:&quot;0&quot;,&quot;copyright&quot;:&quot;&quot;,&quot;focal_length&quot;:&quot;0&quot;,&quot;iso&quot;:&quot;0&quot;,&quot;shutter_speed&quot;:&quot;0&quot;,&quot;title&quot;:&quot;&quot;,&quot;orientation&quot;:&quot;0&quot;}\" data-image-title=\"Manual up and down roller shutter door\" data-image-description=\"&lt;p&gt;Manual up and down roller shutter door&lt;\/p&gt;\" data-image-caption=\"&lt;p&gt;Manual up and down roller shutter door&lt;\/p&gt;\" data-large-file=\"https:\/\/believeindustry.company\/wp-content\/uploads\/2018\/04\/Manual-adjust-roller-shutter-door.jpg\" src=\"https:\/\/believeindustry.company\/wp-content\/uploads\/2018\/04\/Manual-adjust-roller-shutter-door.jpg\" alt=\"Manuel yukar\u0131 ve a\u015fa\u011f\u0131 hareket eden panjur kap\u0131\" class=\"wp-image-818\" width=\"479\" height=\"413\" srcset=\"https:\/\/believeindustry.company\/wp-content\/uploads\/2018\/04\/Manual-adjust-roller-shutter-door.jpg 558w, https:\/\/believeindustry.company\/wp-content\/uploads\/2018\/04\/Manual-adjust-roller-shutter-door-300x259.jpg 300w\" sizes=\"(max-width: 479px) 100vw, 479px\" \/><figcaption>Manuel yukar\u0131 ve a\u015fa\u011f\u0131 hareket eden panjur kap\u0131<\/figcaption><\/figure>\n<\/div>\n\n\n\n<div class=\"wp-block-column is-layout-flow wp-block-column-is-layout-flow\">\n<ol class=\"wp-block-list\"><li>Yan \u00c7er\u00e7eve<\/li><li>Bilyal\u0131 Rulman<\/li><li>U\u00e7 Kapak<\/li><li>\u00c7elik Kutu \u00dcst\u00fc<\/li><li>Sekizgen T\u00fcp<\/li><li>G\u00fcvenlik Yay\u0131<\/li><li>Tahrik Yatak Ba\u015fl\u0131\u011f\u0131<\/li><li>Kay\u0131\u015f Kasna\u011f\u0131<\/li><li>Giri\u015f Rehberi<\/li><li>Kay\u0131\u015f K\u0131lavuzu<\/li><li>Kay\u0131\u015f Sar\u0131c\u0131<\/li><li>Panjur Lamelleri<\/li><li>U\u00e7 \u00c7\u0131ta<\/li><li>\u00c7elik Kutu Taban\u0131<\/li><li>T\u0131pa<\/li><li>S\u00fcrg\u00fcl\u00fc Klips<\/li><li>K\u0131lavuz Ray<\/li><li>K\u0131lavuz Ray Kapa\u011f\u0131<\/li><\/ol>\n<\/div>\n<\/div>\n\n\n\n<hr class=\"wp-block-separator\"\/>\n\n\n\n<div class=\"wp-block-columns has-2-columns is-layout-flex wp-container-core-columns-is-layout-28f84493 wp-block-columns-is-layout-flex\">\n<div class=\"wp-block-column is-layout-flow wp-block-column-is-layout-flow\">\n<figure class=\"wp-block-image is-resized\"><img decoding=\"async\" data-attachment-id=\"819\" data-permalink=\"https:\/\/believeindustry.company\/tr\/roll-forming-machine\/steel-door-roll-forming-machine\/steel-rolling-shutter-slat-roll-forming-machine\/automatic\/\" data-orig-file=\"https:\/\/believeindustry.company\/wp-content\/uploads\/2018\/04\/automatic-roller-up-door.jpg\" data-orig-size=\"538,500\" data-comments-opened=\"1\" data-image-meta=\"{&quot;aperture&quot;:&quot;0&quot;,&quot;credit&quot;:&quot;&quot;,&quot;camera&quot;:&quot;&quot;,&quot;caption&quot;:&quot;&quot;,&quot;created_timestamp&quot;:&quot;0&quot;,&quot;copyright&quot;:&quot;&quot;,&quot;focal_length&quot;:&quot;0&quot;,&quot;iso&quot;:&quot;0&quot;,&quot;shutter_speed&quot;:&quot;0&quot;,&quot;title&quot;:&quot;&quot;,&quot;orientation&quot;:&quot;0&quot;}\" data-image-title=\"automatic roller up door\" data-image-description=\"\" data-image-caption=\"&lt;p&gt;Automatic roller up door can up and down the door automatically.&lt;\/p&gt;\" data-large-file=\"https:\/\/believeindustry.company\/wp-content\/uploads\/2018\/04\/automatic-roller-up-door.jpg\" src=\"https:\/\/believeindustry.company\/wp-content\/uploads\/2018\/04\/automatic-roller-up-door.jpg\" alt=\"otomatik panjur kap\u0131\" class=\"wp-image-819\" width=\"476\" height=\"441\" srcset=\"https:\/\/believeindustry.company\/wp-content\/uploads\/2018\/04\/automatic-roller-up-door.jpg 538w, https:\/\/believeindustry.company\/wp-content\/uploads\/2018\/04\/automatic-roller-up-door-300x279.jpg 300w\" sizes=\"(max-width: 476px) 100vw, 476px\" \/><figcaption>Otomatik a\u00e7\u0131l\u0131r kapan\u0131r kap\u0131, kap\u0131y\u0131 otomatik olarak yukar\u0131 ve a\u015fa\u011f\u0131 hareket ettirebilir.<\/figcaption><\/figure>\n<\/div>\n\n\n\n<div class=\"wp-block-column is-layout-flow wp-block-column-is-layout-flow\">\n<ol class=\"wp-block-list\"><li>Yan \u00c7er\u00e7eve<\/li><li>Bilyal\u0131 Rulman<\/li><li>U\u00e7 Kapak<\/li><li>\u00c7elik Kutu \u00dcst\u00fc<\/li><li>Sekizgen T\u00fcp<\/li><li>\u0130lkbahara uyum sa\u011flay\u0131n<\/li><li>\u0130tme \u00d6nleyici Cihaz<\/li><li>Motor<\/li><li>Giri\u015f Rehberi<\/li><li>Motor Braketleri<\/li><li>K\u0131lavuz Ray Kapaklar\u0131<\/li><li>Anahtar<\/li><li>Panjur Lamelleri<\/li><li>U\u00e7 \u00c7\u0131ta<\/li><li>\u00c7elik Kutu Taban\u0131<\/li><li>T\u0131pa<\/li><li>S\u00fcrg\u00fcl\u00fc Klips<\/li><li>K\u0131lavuz Ray<\/li><\/ol>\n<\/div>\n<\/div>\n\n\n\n<h6 class=\"wp-block-heading\">BELI\u00ae&#039;nin kap\u0131 sistemleri i\u00e7in eksiksiz bir makine yelpazesi bulunmaktad\u0131r:<\/h6>\n\n\n\n<ul class=\"wp-block-list\"><li>Kutu Kapa\u011f\u0131 Rulo \u015eekillendirme Makinesi<\/li><li>Panjur \u00c7\u0131tas\u0131 <a href=\"https:\/\/believeindustry.company\/tr\/rulo-sekillendirme-makinesi\/\">Rulo \u015eekillendirme Makinesi<\/a><\/li><li>Sekizgen Boru Rulo \u015eekillendirme Makinesi<\/li><li>K\u0131lavuz Ray Rulo \u015eekillendirme Makinesi<\/li><li>U\u00e7 \u00c7ubuk Rulo \u015eekillendirme Makinesi<\/li><\/ul>\n\n\n\n<h3 class=\"wp-block-heading\">\u00c7elik Kepenk \u00c7ubuk \u015eekillendirme Makinesinin Genel Bak\u0131\u015f\u0131 ve K\u0131sa Tan\u0131t\u0131m\u0131<\/h3>\n\n\n\n<ol class=\"wp-block-list\"><li>3 Ton Kapasiteli, Manuel veya Elektrikli Bobin A\u00e7\u0131c\u0131<\/li><li>Rulo \u015eekillendirme Makinesi, 16-18 \u015fekillendirme ad\u0131m\u0131, 5,5KW Sistems Motor, Yan Duvar Frezesi veya Krom Kapl\u0131 Stand Frezesi<\/li><li>Kesme Aleti, Hidrolik veya Testere ile Kesme.<\/li><li>Delik A\u00e7ma Cihaz\u0131 (\u0130ste\u011fe ba\u011fl\u0131)<\/li><li>Kontrol Sistemi: Siemens veya Panasonic PLC, Yaskawa invert\u00f6r, Omron Enkoder, Siemens veya MCGS Dokunmatik Ekran<\/li><li>Hidrolik \u0130stasyon. 4KW<\/li><li>Toplama Masas\u0131, Basit veya Otomatik \u0130stifleyici<\/li><\/ol>\n\n\n\n<blockquote class=\"wp-block-quote is-layout-flow wp-block-quote-is-layout-flow\"><p><a href=\"https:\/\/www.belirollforming.com\" target=\"_blank\" rel=\"noopener\">BELI\u00ae<\/a> \u00c7e\u015fitli tasar\u0131mlarda panjur \u00e7\u0131tas\u0131 \u015fekillendirme makinemiz mevcuttur ve ayr\u0131ca \u00f6zel \u00f6l\u00e7\u00fclerde profil makineleri de \u00fcretmekteyiz. <strong>\u015e\u0130MD\u0130 B\u0130Z\u0130 ARAYIN VEYA E-POSTA G\u00d6NDER\u0130N<\/strong>!<\/p><\/blockquote>","protected":false},"excerpt":{"rendered":"<p>Steel Rolling Shutter Slat Roll Forming Machine is for producing roller shutter slats for Roller-Up Door System.&nbsp;<\/p>","protected":false},"author":2,"featured_media":821,"parent":809,"menu_order":1,"comment_status":"closed","ping_status":"closed","template":"","meta":{"_angie_page":false,"footnotes":"","big_sky_generated":false},"tags":[607849630,607846023,607845740,607846478,607846479,607846480,607846228],"class_list":["post-814","page","type-page","status-publish","has-post-thumbnail","hentry","tag-door-lines","tag-roll-forming","tag-roll-forming-machine","tag-rolling-shutter-door-machine","tag-roller-up-door-machine","tag-rolling-shutter-door-slats-roll-forming-machine","tag-rolling-shutter-slat-roll-forming-machine"],"blocksy_meta":[],"jetpack_sharing_enabled":true,"jetpack_shortlink":"https:\/\/wp.me\/P9K5n8-d8","jetpack_likes_enabled":false,"jetpack-related-posts":[{"id":22033,"url":"https:\/\/believeindustry.company\/tr\/door-and-window\/","url_meta":{"origin":814,"position":0},"title":"Kap\u0131 ve Pencere","author":"Believe Industry Group","date":"Nisan 12, 2026","format":false,"excerpt":"A roll forming machine for door and window systems is highly precise manufacturing equipment utilized to create the structural and functional metal profiles required for modern residential and commercial building openings.Operating as a continuous production line, these machines transform steel or aluminum coils into complex, exact-tolerance components. Common applications include\u2026","rel":"","context":"Benzer yaz\u0131","block_context":{"text":"Benzer yaz\u0131","link":""},"img":{"alt_text":"door and window","src":"https:\/\/i0.wp.com\/believeindustry.company\/wp-content\/uploads\/2026\/04\/door-and-window.webp?resize=350%2C200&ssl=1","width":350,"height":200,"srcset":"https:\/\/i0.wp.com\/believeindustry.company\/wp-content\/uploads\/2026\/04\/door-and-window.webp?resize=350%2C200&ssl=1 1x, https:\/\/i0.wp.com\/believeindustry.company\/wp-content\/uploads\/2026\/04\/door-and-window.webp?resize=525%2C300&ssl=1 1.5x, https:\/\/i0.wp.com\/believeindustry.company\/wp-content\/uploads\/2026\/04\/door-and-window.webp?resize=700%2C400&ssl=1 2x, https:\/\/i0.wp.com\/believeindustry.company\/wp-content\/uploads\/2026\/04\/door-and-window.webp?resize=1050%2C600&ssl=1 3x, https:\/\/i0.wp.com\/believeindustry.company\/wp-content\/uploads\/2026\/04\/door-and-window.webp?resize=1400%2C800&ssl=1 4x"},"classes":[]},{"id":5762,"url":"https:\/\/believeindustry.company\/tr\/roll-forming-machine\/steel-door-roll-forming-machine\/pu-foamed-roller-shutter-door-roll-forming-machine\/","url_meta":{"origin":814,"position":1},"title":"PU Foamed Roller Shutter Door Roll Forming Machine","author":"Believe Industry Group","date":"Nisan 19, 2019","format":false,"excerpt":"Pu Foamed Roller Shutter Door Roll Forming Machine is a whole production line for producing PU rolling shutter slats, window slats for Europe market. The Rolling Shutter Door is a kind of door which opened and closed by lifting and descending along guide rail with or with out motor. \u00a0In\u2026","rel":"","context":"\"Roller Up Door Machine\" i\u00e7inde","block_context":{"text":"Roller Up Door Machine","link":"https:\/\/believeindustry.company\/tr\/tag\/roller-up-door-machine\/"},"img":{"alt_text":"PU Roller Shutter Door Roll Forming Machine","src":"https:\/\/i0.wp.com\/believeindustry.company\/wp-content\/uploads\/2019\/04\/PU-Roller-Shutter-Door-Roll-Forming-Machine.jpg?resize=350%2C200&ssl=1","width":350,"height":200,"srcset":"https:\/\/i0.wp.com\/believeindustry.company\/wp-content\/uploads\/2019\/04\/PU-Roller-Shutter-Door-Roll-Forming-Machine.jpg?resize=350%2C200&ssl=1 1x, https:\/\/i0.wp.com\/believeindustry.company\/wp-content\/uploads\/2019\/04\/PU-Roller-Shutter-Door-Roll-Forming-Machine.jpg?resize=525%2C300&ssl=1 1.5x, https:\/\/i0.wp.com\/believeindustry.company\/wp-content\/uploads\/2019\/04\/PU-Roller-Shutter-Door-Roll-Forming-Machine.jpg?resize=700%2C400&ssl=1 2x, https:\/\/i0.wp.com\/believeindustry.company\/wp-content\/uploads\/2019\/04\/PU-Roller-Shutter-Door-Roll-Forming-Machine.jpg?resize=1050%2C600&ssl=1 3x"},"classes":[]},{"id":888,"url":"https:\/\/believeindustry.company\/tr\/roll-forming-machine\/steel-door-roll-forming-machine\/roller-shutter-door-track-roll-forming-machine\/","url_meta":{"origin":814,"position":2},"title":"Panjur Kap\u0131 Ray\u0131 Rulo \u015eekillendirme Makinesi","author":"Believe Industry Group","date":"Nisan 4, 2018","format":false,"excerpt":"Roller Shutter Door Track Roll Forming Machine is for producing rolling shutter track rail for raising and lowering the doors Introduction of Roller Shutter Door Track Roll Forming Machine What's Rolling Shutter Door Track? Curved roller shutter door track for Roller-Up door and garage door The Roller Shutter Track Rail\u2026","rel":"","context":"\"door lines\" i\u00e7inde","block_context":{"text":"door lines","link":"https:\/\/believeindustry.company\/tr\/tag\/door-lines\/"},"img":{"alt_text":"door track roll forming machine","src":"https:\/\/i0.wp.com\/believeindustry.company\/wp-content\/uploads\/2018\/04\/door-track-roll-forming-machine-1-e1522828125688.jpg?resize=350%2C200&ssl=1","width":350,"height":200,"srcset":"https:\/\/i0.wp.com\/believeindustry.company\/wp-content\/uploads\/2018\/04\/door-track-roll-forming-machine-1-e1522828125688.jpg?resize=350%2C200&ssl=1 1x, https:\/\/i0.wp.com\/believeindustry.company\/wp-content\/uploads\/2018\/04\/door-track-roll-forming-machine-1-e1522828125688.jpg?resize=525%2C300&ssl=1 1.5x, https:\/\/i0.wp.com\/believeindustry.company\/wp-content\/uploads\/2018\/04\/door-track-roll-forming-machine-1-e1522828125688.jpg?resize=700%2C400&ssl=1 2x"},"classes":[]},{"id":1715,"url":"https:\/\/believeindustry.company\/tr\/video\/steel-door-roll-forming-machine-video\/","url_meta":{"origin":814,"position":3},"title":"\u00c7elik Kap\u0131 Rulo \u015eekillendirme Makinesi Videosu","author":"Believe Industry Group","date":"May\u0131s 10, 2018","format":false,"excerpt":"Steel Door Roll Forming Machine Video will help you to know how the roll forming machine working, and how to operate the steel door machines. Believe Industry Company have a full range of roll forming machines for door components: rolling shutter door slats, door tracks, door frames, garage door panels,\u2026","rel":"","context":"\"Roll Forming Machine Video\" i\u00e7inde","block_context":{"text":"Roll Forming Machine Video","link":"https:\/\/believeindustry.company\/tr\/tag\/roll-forming-machine-video\/"},"img":{"alt_text":"steel door roll forming machine video","src":"https:\/\/i0.wp.com\/believeindustry.company\/wp-content\/uploads\/2018\/05\/Industrial-Roller-Shutter.jpg?resize=350%2C200&ssl=1","width":350,"height":200,"srcset":"https:\/\/i0.wp.com\/believeindustry.company\/wp-content\/uploads\/2018\/05\/Industrial-Roller-Shutter.jpg?resize=350%2C200&ssl=1 1x, https:\/\/i0.wp.com\/believeindustry.company\/wp-content\/uploads\/2018\/05\/Industrial-Roller-Shutter.jpg?resize=525%2C300&ssl=1 1.5x, https:\/\/i0.wp.com\/believeindustry.company\/wp-content\/uploads\/2018\/05\/Industrial-Roller-Shutter.jpg?resize=700%2C400&ssl=1 2x, https:\/\/i0.wp.com\/believeindustry.company\/wp-content\/uploads\/2018\/05\/Industrial-Roller-Shutter.jpg?resize=1050%2C600&ssl=1 3x"},"classes":[]},{"id":809,"url":"https:\/\/believeindustry.company\/tr\/roll-forming-machine\/steel-door-roll-forming-machine\/","url_meta":{"origin":814,"position":4},"title":"\u00c7elik Kap\u0131 Rulo \u015eekillendirme Makinesi","author":"Believe Industry Group","date":"Nisan 1, 2018","format":false,"excerpt":"Nowadays, Steel Doors are widely used in \u00a0architecture. \u00a0BELI have the full range of roll forming machines for Security Door System, Garage Door System, Roller Shutter System. \u00a0We also have a professional\u00a0team to design and manufacturer customized profiles for steel doors.","rel":"","context":"\"believe industry machine\" i\u00e7inde","block_context":{"text":"believe industry machine","link":"https:\/\/believeindustry.company\/tr\/tag\/believe-industry-machine\/"},"img":{"alt_text":"Industrial-Roller-Shutter door","src":"https:\/\/i0.wp.com\/believeindustry.company\/wp-content\/uploads\/2018\/04\/Industrial-Roller-Shutter.jpg?resize=350%2C200&ssl=1","width":350,"height":200,"srcset":"https:\/\/i0.wp.com\/believeindustry.company\/wp-content\/uploads\/2018\/04\/Industrial-Roller-Shutter.jpg?resize=350%2C200&ssl=1 1x, https:\/\/i0.wp.com\/believeindustry.company\/wp-content\/uploads\/2018\/04\/Industrial-Roller-Shutter.jpg?resize=525%2C300&ssl=1 1.5x, https:\/\/i0.wp.com\/believeindustry.company\/wp-content\/uploads\/2018\/04\/Industrial-Roller-Shutter.jpg?resize=700%2C400&ssl=1 2x, https:\/\/i0.wp.com\/believeindustry.company\/wp-content\/uploads\/2018\/04\/Industrial-Roller-Shutter.jpg?resize=1050%2C600&ssl=1 3x"},"classes":[]},{"id":577,"url":"https:\/\/believeindustry.company\/tr\/roll-forming-machine\/","url_meta":{"origin":814,"position":5},"title":"Rulo \u015eekillendirme Makinesi","author":"Believe Industry Group","date":"Mart 22, 2018","format":false,"excerpt":"As a premier manufacturer and exporter of machinery from Wuxi, China, Beli RollForming specializes in designing and building a vast range of high-performance roll forming machines for various global industries.Beli RollForming's Roll Forming Machines are advanced, continuous production systems that transform flat metal coils (steel, aluminum, etc.) into precise, long-length\u2026","rel":"","context":"\"Coil Roll Forming Machine\" i\u00e7inde","block_context":{"text":"Coil Roll Forming Machine","link":"https:\/\/believeindustry.company\/tr\/tag\/coil-roll-forming-machine\/"},"img":{"alt_text":"roll forming mills","src":"https:\/\/i0.wp.com\/believeindustry.company\/wp-content\/uploads\/2018\/03\/roll-forming-mills-e1522722506357.jpg?resize=350%2C200&ssl=1","width":350,"height":200,"srcset":"https:\/\/i0.wp.com\/believeindustry.company\/wp-content\/uploads\/2018\/03\/roll-forming-mills-e1522722506357.jpg?resize=350%2C200&ssl=1 1x, https:\/\/i0.wp.com\/believeindustry.company\/wp-content\/uploads\/2018\/03\/roll-forming-mills-e1522722506357.jpg?resize=525%2C300&ssl=1 1.5x, https:\/\/i0.wp.com\/believeindustry.company\/wp-content\/uploads\/2018\/03\/roll-forming-mills-e1522722506357.jpg?resize=700%2C400&ssl=1 2x, https:\/\/i0.wp.com\/believeindustry.company\/wp-content\/uploads\/2018\/03\/roll-forming-mills-e1522722506357.jpg?resize=1050%2C600&ssl=1 3x"},"classes":[]}],"amp_enabled":true,"_links":{"self":[{"href":"https:\/\/believeindustry.company\/tr\/wp-json\/wp\/v2\/pages\/814","targetHints":{"allow":["GET"]}}],"collection":[{"href":"https:\/\/believeindustry.company\/tr\/wp-json\/wp\/v2\/pages"}],"about":[{"href":"https:\/\/believeindustry.company\/tr\/wp-json\/wp\/v2\/types\/page"}],"author":[{"embeddable":true,"href":"https:\/\/believeindustry.company\/tr\/wp-json\/wp\/v2\/users\/2"}],"replies":[{"embeddable":true,"href":"https:\/\/believeindustry.company\/tr\/wp-json\/wp\/v2\/comments?post=814"}],"version-history":[{"count":1,"href":"https:\/\/believeindustry.company\/tr\/wp-json\/wp\/v2\/pages\/814\/revisions"}],"predecessor-version":[{"id":19735,"href":"https:\/\/believeindustry.company\/tr\/wp-json\/wp\/v2\/pages\/814\/revisions\/19735"}],"up":[{"embeddable":true,"href":"https:\/\/believeindustry.company\/tr\/wp-json\/wp\/v2\/pages\/809"}],"wp:featuredmedia":[{"embeddable":true,"href":"https:\/\/believeindustry.company\/tr\/wp-json\/wp\/v2\/media\/821"}],"wp:attachment":[{"href":"https:\/\/believeindustry.company\/tr\/wp-json\/wp\/v2\/media?parent=814"}],"wp:term":[{"taxonomy":"post_tag","embeddable":true,"href":"https:\/\/believeindustry.company\/tr\/wp-json\/wp\/v2\/tags?post=814"}],"curies":[{"name":"wp","href":"https:\/\/api.w.org\/{rel}","templated":true}]}}