{"id":829,"date":"2018-04-01T14:23:19","date_gmt":"2018-04-01T06:23:19","guid":{"rendered":"https:\/\/believeindustry.company\/?page_id=829"},"modified":"2018-08-29T09:33:32","modified_gmt":"2018-08-29T01:33:32","slug":"rulo-sekillendirme-makineleri","status":"publish","type":"page","link":"https:\/\/believeindustry.company\/tr\/roll-forming-machines\/","title":{"rendered":"Rulo \u015eekillendirme Makinesi Nas\u0131l \u00c7al\u0131\u015f\u0131r?"},"content":{"rendered":"<div>Metal \u015fekillendirme makinesi, metalleri oda s\u0131cakl\u0131\u011f\u0131nda, sabit silindirlerin hem metali y\u00f6nlendirdi\u011fi hem de gerekli \u015fekillendirmeyi yapt\u0131\u011f\u0131 bir dizi silindir stand\u0131 kullanarak \u015fekillendirir. Metal \u015ferit, \u015fekillendirme makinelerinden ge\u00e7erken, her bir silindir seti, bir \u00f6nceki silindir istasyonuna g\u00f6re metali biraz daha fazla \u015fekillendirir.<\/div>\n<p><!--more--><\/p>\n<div><\/div>\n<div>Bu ilerleyici metal \u015fekillendirme y\u00f6ntemi, i\u015f par\u00e7as\u0131n\u0131n kesit alan\u0131n\u0131 korurken do\u011fru kesit profilinin elde edilmesini sa\u011flar. Genellikle dakikada 12-40 adet aras\u0131nda h\u0131zlarda \u00e7al\u0131\u015fan metal \u015fekillendirme makineleri, b\u00fcy\u00fck miktarlarda par\u00e7a veya \u00e7ok uzun par\u00e7alar\u0131n \u00fcretimi i\u00e7in iyi bir se\u00e7imdir.<\/div>\n<div><\/div>\n<h6>Rulo \u015eekillendirme Makineleri Bile\u015fenleri<\/h6>\n<p>O \u00a0<a title=\"Rulo \u015eekillendirme Makinesi\" href=\"https:\/\/believeindustry.company\/tr\/rulo-sekillendirme-makinesi\/\" rel=\"\">rulo \u015fekillendirme makinesi<\/a> Bu, d\u00f6rt ana b\u00f6l\u00fcmden olu\u015fan bir hatt\u0131r. Birinci b\u00f6l\u00fcm, bobin malzemesinin y\u00fcklendi\u011fi ve 1-15 ton y\u00fck kapasitesine sahip y\u00fckleme b\u00f6l\u00fcm\u00fcd\u00fcr (Bobin A\u00e7\u0131c\u0131). \u0130kinci b\u00f6l\u00fcm, ger\u00e7ek rulo \u015fekillendirme i\u015fleminin ger\u00e7ekle\u015fti\u011fi, istasyonlar\u0131n bulundu\u011fu ve metalin i\u015flem boyunca \u015fekillendi\u011fi rulo \u015fekillendirme de\u011firmenidir. Rulo \u015fekillendirme makineleri sadece metalin \u015fekillendirilmesini sa\u011flayan istasyon silindirlerini de\u011fil, ayn\u0131 zamanda makinenin ana tahrik g\u00fcc\u00fcn\u00fc de i\u00e7erir. Rulo \u015fekillendirme makinelerinin bir sonraki b\u00f6l\u00fcm\u00fc, metalin \u00f6nceden belirlenmi\u015f bir uzunlu\u011fa kesildi\u011fi kesme cihaz\u0131d\u0131r. Son b\u00f6l\u00fcm ise, \u00fcr\u00fcn\u00fcn makineden bir rulo konvey\u00f6r\u00fcne veya masaya \u00e7\u0131kt\u0131\u011f\u0131 ve elle d\u0131\u015far\u0131 ta\u015f\u0131nd\u0131\u011f\u0131 toplama tablas\u0131d\u0131r.<\/p>\n<h6><strong>Rulo \u015eekillendirme Makineleri Toleranslar\u0131<\/strong><\/h6>\n<p>Rulo \u015fekillendirme y\u00f6ntemiyle \u00fcretilen bir par\u00e7an\u0131n boyut varyasyonu, kullan\u0131lan malzeme t\u00fcr\u00fcne, rulo \u015fekillendirme makinelerine ve ger\u00e7ek uygulamaya ba\u011fl\u0131d\u0131r. Toleranslar, metal kal\u0131nl\u0131\u011f\u0131 veya geni\u015fli\u011findeki de\u011fi\u015fikliklerden, \u00fcretim s\u0131ras\u0131nda malzemenin geri yaylanmas\u0131ndan, rulo \u015fekillendirme kal\u0131plar\u0131n\u0131n kalitesinden ve a\u015f\u0131nmas\u0131ndan, makinenin ger\u00e7ek durumundan ve operat\u00f6rlerin deneyim seviyesinden etkilenebilir.<br \/>\n<b><\/b><\/p>\n<p>Believe Industry \u00ae, m\u00fc\u015fteri profiline uygun \u00e7e\u015fitli rulo \u015fekillendirme makineleri tedarik etmektedir.<\/p>","protected":false},"excerpt":{"rendered":"<p>A roll forming machine roll forming the metals at room temperature using a number of roll stands where fixed rollers both guide the metal and make the necessary roll forming. As the strip of metal goes through the roll forming machines, each set of rollers roll forming the metal a little more than the previous [&hellip;]<\/p>\n","protected":false},"author":2,"featured_media":836,"parent":0,"menu_order":0,"comment_status":"closed","ping_status":"closed","template":"","meta":{"_angie_page":false,"footnotes":"","big_sky_generated":false},"tags":[607846622,607846023,607846180,607846388,607845740,607846390],"class_list":["post-829","page","type-page","status-publish","has-post-thumbnail","hentry","tag-how-roll-forming-machine-work","tag-roll-forming","tag-roll-forming-equipment","tag-roll-forming-line","tag-roll-forming-machine","tag-roll-forming-mill"],"blocksy_meta":[],"jetpack_sharing_enabled":true,"jetpack_shortlink":"https:\/\/wp.me\/P9K5n8-dn","jetpack_likes_enabled":false,"jetpack-related-posts":[{"id":22047,"url":"https:\/\/believeindustry.company\/tr\/customized-profiles\/","url_meta":{"origin":829,"position":0},"title":"\u00d6zelle\u015ftirilmi\u015f Profiller","author":"Believe Industry Group","date":"Nisan 12, 2026","format":false,"excerpt":"A roll forming machine for customized profiles is highly specialized manufacturing equipment engineered to produce unique, non-standard metal cross-sections tailored to specific proprietary designs or niche applications.Unlike standard machines built for common shapes like roofing or studs, these systems are custom-designed from the ground up. They utilize uniquely engineered roller\u2026","rel":"","context":"Benzer yaz\u0131","block_context":{"text":"Benzer yaz\u0131","link":""},"img":{"alt_text":"custom roll forming machine","src":"https:\/\/i0.wp.com\/believeindustry.company\/wp-content\/uploads\/2018\/05\/custom-roll-forming-machine.jpg?resize=350%2C200&ssl=1","width":350,"height":200,"srcset":"https:\/\/i0.wp.com\/believeindustry.company\/wp-content\/uploads\/2018\/05\/custom-roll-forming-machine.jpg?resize=350%2C200&ssl=1 1x, https:\/\/i0.wp.com\/believeindustry.company\/wp-content\/uploads\/2018\/05\/custom-roll-forming-machine.jpg?resize=525%2C300&ssl=1 1.5x, https:\/\/i0.wp.com\/believeindustry.company\/wp-content\/uploads\/2018\/05\/custom-roll-forming-machine.jpg?resize=700%2C400&ssl=1 2x, https:\/\/i0.wp.com\/believeindustry.company\/wp-content\/uploads\/2018\/05\/custom-roll-forming-machine.jpg?resize=1050%2C600&ssl=1 3x"},"classes":[]},{"id":2193,"url":"https:\/\/believeindustry.company\/tr\/roll-forming-machine\/metal-sheet-roll-forming-machine\/metal-wall-panel-roll-forming-machine\/","url_meta":{"origin":829,"position":1},"title":"Metal Duvar Paneli Rulo \u015eekillendirme Makinesi","author":"Believe Industry Group","date":"Haziran 7, 2018","format":false,"excerpt":"Metal Wall Panel Roll Forming Machine is for producing wall panels automatically. The Machine can cutoff the wall panel profiles into desire length. Metal Wall Panel Roll Forming Machine Metal Wall Panel As we know, traditional wall panels is made by brick, which is\u00a0 composed of clay-bearing soil, sand, and\u2026","rel":"","context":"\"Cold Roll Forming Machine\" i\u00e7inde","block_context":{"text":"Cold Roll Forming Machine","link":"https:\/\/believeindustry.company\/tr\/tag\/cold-roll-forming-machine\/"},"img":{"alt_text":"metal wall panel roll forming machine","src":"https:\/\/i0.wp.com\/believeindustry.company\/wp-content\/uploads\/2018\/06\/metal-wall-panel-roll-forming-machine-e1529031517454.jpg?resize=350%2C200&ssl=1","width":350,"height":200,"srcset":"https:\/\/i0.wp.com\/believeindustry.company\/wp-content\/uploads\/2018\/06\/metal-wall-panel-roll-forming-machine-e1529031517454.jpg?resize=350%2C200&ssl=1 1x, https:\/\/i0.wp.com\/believeindustry.company\/wp-content\/uploads\/2018\/06\/metal-wall-panel-roll-forming-machine-e1529031517454.jpg?resize=525%2C300&ssl=1 1.5x, https:\/\/i0.wp.com\/believeindustry.company\/wp-content\/uploads\/2018\/06\/metal-wall-panel-roll-forming-machine-e1529031517454.jpg?resize=700%2C400&ssl=1 2x, https:\/\/i0.wp.com\/believeindustry.company\/wp-content\/uploads\/2018\/06\/metal-wall-panel-roll-forming-machine-e1529031517454.jpg?resize=1050%2C600&ssl=1 3x"},"classes":[]},{"id":2440,"url":"https:\/\/believeindustry.company\/tr\/roll-forming-machine\/customized-profile-roll-forming-machine\/metal-embossing-machine-line\/","url_meta":{"origin":829,"position":2},"title":"METAL KABARTMA MAK\u0130NES\u0130 HATTI","author":"Believe Industry Group","date":"Temmuz 9, 2018","format":false,"excerpt":"A Metal Embossing Machine Line \u00a0is a metal forming process unit that emboss a series of straight or parallel ridges onto a metal sheet or strip. Metal Embossing Machine Line A Metal coil embossing\u00a0line is\u00a0a stamping process to produce various designed patterns in metal sheet by passing the sheet in\u2026","rel":"","context":"\"custom designs\" i\u00e7inde","block_context":{"text":"custom designs","link":"https:\/\/believeindustry.company\/tr\/tag\/custom-designs\/"},"img":{"alt_text":"metal embossing machine line","src":"https:\/\/i0.wp.com\/believeindustry.company\/wp-content\/uploads\/2018\/07\/metal-embossing-machine-line.jpg?resize=350%2C200&ssl=1","width":350,"height":200,"srcset":"https:\/\/i0.wp.com\/believeindustry.company\/wp-content\/uploads\/2018\/07\/metal-embossing-machine-line.jpg?resize=350%2C200&ssl=1 1x, https:\/\/i0.wp.com\/believeindustry.company\/wp-content\/uploads\/2018\/07\/metal-embossing-machine-line.jpg?resize=525%2C300&ssl=1 1.5x, https:\/\/i0.wp.com\/believeindustry.company\/wp-content\/uploads\/2018\/07\/metal-embossing-machine-line.jpg?resize=700%2C400&ssl=1 2x, https:\/\/i0.wp.com\/believeindustry.company\/wp-content\/uploads\/2018\/07\/metal-embossing-machine-line.jpg?resize=1050%2C600&ssl=1 3x"},"classes":[]},{"id":1277,"url":"https:\/\/believeindustry.company\/tr\/video\/metal-tile-roll-forming-machine-video\/","url_meta":{"origin":829,"position":3},"title":"Metal Karo Rulo \u015eekillendirme Makinesi Videosu","author":"Believe Industry Group","date":"Nisan 16, 2018","format":false,"excerpt":"The Metal Tile Roll Forming Machine Video will let you easy to know how the machine working and how to operate the machine. Contact us for more details of Metal Tile Roll Forming Machine","rel":"","context":"\"Metal Tile Roll Forming Machine\" i\u00e7inde","block_context":{"text":"Metal Tile Roll Forming Machine","link":"https:\/\/believeindustry.company\/tr\/tag\/metal-tile-roll-forming-machine\/"},"img":{"alt_text":"roll forming machine for metal roof tile","src":"https:\/\/i0.wp.com\/believeindustry.company\/wp-content\/uploads\/2018\/05\/roll-forming-machine-for-metal-roof-tile.jpg?resize=350%2C200&ssl=1","width":350,"height":200,"srcset":"https:\/\/i0.wp.com\/believeindustry.company\/wp-content\/uploads\/2018\/05\/roll-forming-machine-for-metal-roof-tile.jpg?resize=350%2C200&ssl=1 1x, https:\/\/i0.wp.com\/believeindustry.company\/wp-content\/uploads\/2018\/05\/roll-forming-machine-for-metal-roof-tile.jpg?resize=525%2C300&ssl=1 1.5x, https:\/\/i0.wp.com\/believeindustry.company\/wp-content\/uploads\/2018\/05\/roll-forming-machine-for-metal-roof-tile.jpg?resize=700%2C400&ssl=1 2x, https:\/\/i0.wp.com\/believeindustry.company\/wp-content\/uploads\/2018\/05\/roll-forming-machine-for-metal-roof-tile.jpg?resize=1050%2C600&ssl=1 3x"},"classes":[]},{"id":593,"url":"https:\/\/believeindustry.company\/tr\/roll-forming-machine\/metal-sheet-roll-forming-machine\/roofing-sheet-roll-forming-machine\/","url_meta":{"origin":829,"position":4},"title":"\u00c7at\u0131 Sac Rulo \u015eekillendirme Makinesi","author":"Believe Industry Group","date":"Mart 22, 2018","format":false,"excerpt":"Roofing Sheet Roll Forming Machine is designed to produce various kinds of roofing sheets, wall cladding as per design drawing with desired length. The thickness is normal from 0.2 to 0.8mm and the strength is from 235 Mpa to 550 Mpa. Introduction of Roofing Sheet Roll Forming Machine Where to\u2026","rel":"","context":"\"Construction and Steel Structure\" i\u00e7inde","block_context":{"text":"Construction and Steel Structure","link":"https:\/\/believeindustry.company\/tr\/tag\/construction-and-steel-structure\/"},"img":{"alt_text":"roof sheet roll forming machine","src":"https:\/\/i0.wp.com\/believeindustry.company\/wp-content\/uploads\/2018\/06\/roof-sheet-roll-forming-machine_%E5%89%AF%E6%9C%AC.jpg?resize=350%2C200&ssl=1","width":350,"height":200,"srcset":"https:\/\/i0.wp.com\/believeindustry.company\/wp-content\/uploads\/2018\/06\/roof-sheet-roll-forming-machine_%E5%89%AF%E6%9C%AC.jpg?resize=350%2C200&ssl=1 1x, https:\/\/i0.wp.com\/believeindustry.company\/wp-content\/uploads\/2018\/06\/roof-sheet-roll-forming-machine_%E5%89%AF%E6%9C%AC.jpg?resize=525%2C300&ssl=1 1.5x, https:\/\/i0.wp.com\/believeindustry.company\/wp-content\/uploads\/2018\/06\/roof-sheet-roll-forming-machine_%E5%89%AF%E6%9C%AC.jpg?resize=700%2C400&ssl=1 2x, https:\/\/i0.wp.com\/believeindustry.company\/wp-content\/uploads\/2018\/06\/roof-sheet-roll-forming-machine_%E5%89%AF%E6%9C%AC.jpg?resize=1050%2C600&ssl=1 3x"},"classes":[]},{"id":1281,"url":"https:\/\/believeindustry.company\/tr\/video\/metal-sheet-roll-forming-machine-video\/","url_meta":{"origin":829,"position":5},"title":"Metal Sac Rulo \u015eekillendirme Makinesi Videosu","author":"Believe Industry Group","date":"Nisan 16, 2018","format":false,"excerpt":"From the Metal Sheet Roll Forming Machine Video, you will be easy to know how the machines work, and also the different designs of metal roofing sheet machine. Contact us for more details about Believe Industry Company\u00a0 machines.","rel":"","context":"\"Metal Sheet Roll Forming Machine\" i\u00e7inde","block_context":{"text":"Metal Sheet Roll Forming Machine","link":"https:\/\/believeindustry.company\/tr\/tag\/metal-sheet-roll-forming-machine\/"},"img":{"alt_text":"metal sheet roll forming machine video","src":"https:\/\/i0.wp.com\/believeindustry.company\/wp-content\/uploads\/2018\/05\/metal-roofing-sheets.jpg?resize=350%2C200&ssl=1","width":350,"height":200,"srcset":"https:\/\/i0.wp.com\/believeindustry.company\/wp-content\/uploads\/2018\/05\/metal-roofing-sheets.jpg?resize=350%2C200&ssl=1 1x, https:\/\/i0.wp.com\/believeindustry.company\/wp-content\/uploads\/2018\/05\/metal-roofing-sheets.jpg?resize=525%2C300&ssl=1 1.5x, https:\/\/i0.wp.com\/believeindustry.company\/wp-content\/uploads\/2018\/05\/metal-roofing-sheets.jpg?resize=700%2C400&ssl=1 2x, https:\/\/i0.wp.com\/believeindustry.company\/wp-content\/uploads\/2018\/05\/metal-roofing-sheets.jpg?resize=1050%2C600&ssl=1 3x"},"classes":[]}],"amp_enabled":true,"_links":{"self":[{"href":"https:\/\/believeindustry.company\/tr\/wp-json\/wp\/v2\/pages\/829","targetHints":{"allow":["GET"]}}],"collection":[{"href":"https:\/\/believeindustry.company\/tr\/wp-json\/wp\/v2\/pages"}],"about":[{"href":"https:\/\/believeindustry.company\/tr\/wp-json\/wp\/v2\/types\/page"}],"author":[{"embeddable":true,"href":"https:\/\/believeindustry.company\/tr\/wp-json\/wp\/v2\/users\/2"}],"replies":[{"embeddable":true,"href":"https:\/\/believeindustry.company\/tr\/wp-json\/wp\/v2\/comments?post=829"}],"version-history":[{"count":0,"href":"https:\/\/believeindustry.company\/tr\/wp-json\/wp\/v2\/pages\/829\/revisions"}],"wp:featuredmedia":[{"embeddable":true,"href":"https:\/\/believeindustry.company\/tr\/wp-json\/wp\/v2\/media\/836"}],"wp:attachment":[{"href":"https:\/\/believeindustry.company\/tr\/wp-json\/wp\/v2\/media?parent=829"}],"wp:term":[{"taxonomy":"post_tag","embeddable":true,"href":"https:\/\/believeindustry.company\/tr\/wp-json\/wp\/v2\/tags?post=829"}],"curies":[{"name":"wp","href":"https:\/\/api.w.org\/{rel}","templated":true}]}}