{"id":838,"date":"2018-04-02T11:35:50","date_gmt":"2018-04-02T03:35:50","guid":{"rendered":"https:\/\/believeindustry.company\/?page_id=838"},"modified":"2026-04-11T22:01:23","modified_gmt":"2026-04-11T14:01:23","slug":"z-purlin-roll-forming-machine","status":"publish","type":"page","link":"https:\/\/believeindustry.company\/tr\/roll-forming-machine\/purlin-roll-forming-machine\/z-purlin-roll-forming-machine\/","title":{"rendered":"Z Purlin Roll Forming Machine"},"content":{"rendered":"<p>Z &nbsp;Purlin Roll Forming Machine is used to produce Z Purlins, which webs width is 80-350mm, flange width is 35-80mm, thickness is 1.5-5mm.<\/p>\n\n\n\n<!--more-->\n\n\n\n<h1 class=\"wp-block-heading\"><strong><span style=\"font-size: 18pt;\">Introduction of Z Purlin Roll Forming Machine<\/span><\/strong><\/h1>\n\n\n\n<h2 class=\"wp-block-heading\"><strong><span style=\"font-size: 14pt;\">What&#8217;s Z Purlin?<\/span><\/strong><\/h2>\n\n\n\n<p>Z Purlin, &nbsp;which point symmetric sections that are shaped similar to the letter &#8220;Z&#8221; are referenced as Z shapes. Which is also widely used in metal building system. <a title=\"Believe Industry Company\" href=\"http:\/\/www.belirollform.com\" rel=\"noopener\" target=\"_blank\">Believe Industry( BELI\u00ae)<\/a> have series kinds of Z Purlin Roll Forming Machine for all demands<\/p>\n\n\n\n<h2 class=\"wp-block-heading\"><strong><span style=\"font-size: 14pt;\">M\/C of Z Purlin Roll Forming Machine<\/span><\/strong><\/h2>\n\n\n\n<p>Similar like to <a title=\"C Purlin Roll Forming Machine\" href=\"https:\/\/believeindustry.company\/tr\/rulo-sekillendirme-makinesi\/asik-rulo-sekillendirme-makinesi\/c-purlin-roll-forming-machine\/\" rel=\"\">C Purlin Roll Forming Machine<\/a>. Z Purlin Roll Forming Machines is a compete line for producing Z Purlin as desired measurements and length. &nbsp;and M\/C as below:<\/p>\n\n\n\n<ol class=\"wp-block-list\"><li><a href=\"https:\/\/believeindustry.company\/tr\/uncoiler\/\">A\u00e7\u0131c\u0131<\/a>, load the coil strips<\/li><li>Punch Hole or Slot Device.<\/li><li>Z Purlin Roll Forming Mill, which can produce the Zed Purlin in different web sizes(80-350mm) and flange sizes(40-80mm)<\/li><li>Cut Off Device, Cut the Z Purlin in desired length<\/li><li>Controlled System. All operations are on the touch screen and button<\/li><li>Hydraulic Station, power supply for punching and cutting<\/li><li>Collection Table<\/li><\/ol>\n\n\n\n<h2 class=\"wp-block-heading\"><span style=\"font-size: 14pt;\">Different Designs of Various <strong>Z Purlin Roll Forming Machine<\/strong><\/span><\/h2>\n\n\n\n<p>Traditional design: Manual adjust the spacers and replace the cutoff blade. the changeover time is around 3 hours <\/p>\n\n\n\n<figure class=\"wp-block-image alignnone wp-image-844 size-appetite-standard-image\"><img fetchpriority=\"high\" decoding=\"async\" width=\"800\" height=\"224\" data-attachment-id=\"844\" data-permalink=\"https:\/\/believeindustry.company\/tr\/roll-forming-machine\/purlin-roll-forming-machine\/z-purlin-roll-forming-machine\/layout-z-purlin-roll-forming-machine\/\" data-orig-file=\"https:\/\/believeindustry.company\/wp-content\/uploads\/2018\/04\/layout-z-purlin-roll-forming-machine.jpg\" data-orig-size=\"800,224\" data-comments-opened=\"1\" data-image-meta=\"{&quot;aperture&quot;:&quot;0&quot;,&quot;credit&quot;:&quot;&quot;,&quot;camera&quot;:&quot;&quot;,&quot;caption&quot;:&quot;&quot;,&quot;created_timestamp&quot;:&quot;0&quot;,&quot;copyright&quot;:&quot;&quot;,&quot;focal_length&quot;:&quot;0&quot;,&quot;iso&quot;:&quot;0&quot;,&quot;shutter_speed&quot;:&quot;0&quot;,&quot;title&quot;:&quot;&quot;,&quot;orientation&quot;:&quot;0&quot;}\" data-image-title=\"layout-z-purlin-roll-forming-machine\" data-image-description=\"\" data-image-caption=\"\" data-large-file=\"https:\/\/believeindustry.company\/wp-content\/uploads\/2018\/04\/layout-z-purlin-roll-forming-machine.jpg\" src=\"https:\/\/believeindustry.company\/wp-content\/uploads\/2018\/04\/layout-z-purlin-roll-forming-machine-800x224.jpg\" alt=\"z purlin roll forming machine\" class=\"wp-image-844\" srcset=\"https:\/\/believeindustry.company\/wp-content\/uploads\/2018\/04\/layout-z-purlin-roll-forming-machine.jpg 800w, https:\/\/believeindustry.company\/wp-content\/uploads\/2018\/04\/layout-z-purlin-roll-forming-machine-600x168.jpg 600w, https:\/\/believeindustry.company\/wp-content\/uploads\/2018\/04\/layout-z-purlin-roll-forming-machine-300x84.jpg 300w\" sizes=\"(max-width: 800px) 100vw, 800px\" \/><figcaption>Normal design z purlin roll forming machine, manual adjust and change cutoff blade<\/figcaption><\/figure>\n\n\n\n<p>Pre-Cutoff design: Manual adjust the spacers. no need replace the cut off blade. The changeover time is around 2.5 hours. but the ends of Z Purlin will be a bit deformed <\/p>\n\n\n\n<div class=\"wp-block-image wp-image-843\"><figure class=\"aligncenter is-resized\"><img decoding=\"async\" data-attachment-id=\"843\" data-permalink=\"https:\/\/believeindustry.company\/tr\/roll-forming-machine\/purlin-roll-forming-machine\/z-purlin-roll-forming-machine\/layout-of-z-purlin-rollformer\/\" data-orig-file=\"https:\/\/believeindustry.company\/wp-content\/uploads\/2018\/04\/Layout-of-Z-purlin-rollformer.jpg\" data-orig-size=\"632,203\" data-comments-opened=\"1\" data-image-meta=\"{&quot;aperture&quot;:&quot;0&quot;,&quot;credit&quot;:&quot;&quot;,&quot;camera&quot;:&quot;&quot;,&quot;caption&quot;:&quot;&quot;,&quot;created_timestamp&quot;:&quot;0&quot;,&quot;copyright&quot;:&quot;&quot;,&quot;focal_length&quot;:&quot;0&quot;,&quot;iso&quot;:&quot;0&quot;,&quot;shutter_speed&quot;:&quot;0&quot;,&quot;title&quot;:&quot;&quot;,&quot;orientation&quot;:&quot;0&quot;}\" data-image-title=\"Layout-of-Z-purlin-rollformer\" data-image-description=\"\" data-image-caption=\"&lt;p&gt;Normal design z purlin roll forming machine layout&lt;\/p&gt;\" data-large-file=\"https:\/\/believeindustry.company\/wp-content\/uploads\/2018\/04\/Layout-of-Z-purlin-rollformer.jpg\" src=\"https:\/\/believeindustry.company\/wp-content\/uploads\/2018\/04\/Layout-of-Z-purlin-rollformer.jpg\" alt=\"z purlin machine roll forming\" class=\"wp-image-843\" width=\"580\" height=\"186\" srcset=\"https:\/\/believeindustry.company\/wp-content\/uploads\/2018\/04\/Layout-of-Z-purlin-rollformer.jpg 632w, https:\/\/believeindustry.company\/wp-content\/uploads\/2018\/04\/Layout-of-Z-purlin-rollformer-600x193.jpg 600w, https:\/\/believeindustry.company\/wp-content\/uploads\/2018\/04\/Layout-of-Z-purlin-rollformer-300x96.jpg 300w\" sizes=\"(max-width: 580px) 100vw, 580px\" \/><figcaption>Pre-cutoff design z purlin roll forming machine layout<\/figcaption><\/figure><\/div>\n\n\n\n<p>Quick interchange design: Automatic adjust the web sizes and flange size by input the desired data on the touch screen, the machine will be automatically adjust and adopt Multifunctional Cutoff. &nbsp;The Changeover Time is only 2 minutes.<\/p>\n\n\n\n<div class=\"wp-block-image wp-image-847\"><figure class=\"aligncenter\"><img decoding=\"async\" width=\"800\" height=\"341\" data-attachment-id=\"847\" data-permalink=\"https:\/\/believeindustry.company\/tr\/roll-forming-machine\/purlin-roll-forming-machine\/z-purlin-roll-forming-machine\/layout-of-c-and-z-purlin-machine\/\" data-orig-file=\"https:\/\/believeindustry.company\/wp-content\/uploads\/2018\/04\/layout-of-c-and-z-purlin-machine.jpg\" data-orig-size=\"1100,250\" data-comments-opened=\"1\" data-image-meta=\"{&quot;aperture&quot;:&quot;0&quot;,&quot;credit&quot;:&quot;&quot;,&quot;camera&quot;:&quot;&quot;,&quot;caption&quot;:&quot;&quot;,&quot;created_timestamp&quot;:&quot;0&quot;,&quot;copyright&quot;:&quot;&quot;,&quot;focal_length&quot;:&quot;0&quot;,&quot;iso&quot;:&quot;0&quot;,&quot;shutter_speed&quot;:&quot;0&quot;,&quot;title&quot;:&quot;&quot;,&quot;orientation&quot;:&quot;0&quot;}\" data-image-title=\"layout of c and z purlin machine\" data-image-description=\"\" data-image-caption=\"&lt;p&gt;Qucik interchangeable Z Purlin Roll forming machine&lt;\/p&gt;\" data-large-file=\"https:\/\/believeindustry.company\/wp-content\/uploads\/2018\/04\/layout-of-c-and-z-purlin-machine-1024x233.jpg\" src=\"https:\/\/believeindustry.company\/wp-content\/uploads\/2018\/04\/layout-of-c-and-z-purlin-machine-800x341.jpg\" alt=\"Z Purlin Roll Forming Machine layout\" class=\"wp-image-847\"\/><figcaption>Quick interchangeable Z Purlin Roll Forming Machine, latest technology.<\/figcaption><\/figure><\/div>\n\n\n\n<h2 class=\"wp-block-heading\"><strong><span style=\"font-size: 14pt;\">Brief introduction of Z Purlin Roll Forming Machine<\/span><\/strong><\/h2>\n\n\n\n<ol class=\"wp-block-list\"><li>Traditional measurements of Z Purlin: 100-350 mm web, 40-80 mm flange, 10-15 mm lip, thickness is 1.5-3.5mm<\/li><li>9 rollers leveler machine<\/li><li>Rollers Material: GCR 15, quenched and tempered, chromed 0.05mm thickness<\/li><li>Roller stands: 16-22<\/li><li>Main Motor Power: 22 KW<\/li><li>Hydraulic Power: 15 KW<\/li><li>Cutoff blade and punch mould material: CR12<\/li><li>Siemens PLC, Yaskawa Inverter, Omron Encoder, Siemens Touch Screen.<\/li><\/ol>\n\n\n\n<p><a href=\"https:\/\/believeindustry.company\/tr\/contact-us\/\">Bize Ula\u015f\u0131n<\/a> now for more information of <strong>Z Purlin Roll Forming Machines,<a href=\"https:\/\/believeindustry.company\/tr\/rulo-sekillendirme-makinesi\/asik-rulo-sekillendirme-makinesi\/c-purlin-roll-forming-machine\/\"> c purlin roll forming machine<\/a> Ve <a href=\"https:\/\/believeindustry.company\/tr\/rulo-sekillendirme-makinesi\/asik-rulo-sekillendirme-makinesi\/c-z-purlin-roll-forming-machine\/\">c z purlin roll forming machine.&nbsp;<\/a><\/strong><\/p>","protected":false},"excerpt":{"rendered":"<p>Z &nbsp;Purlin Roll Forming Machine is used to produce Z Purlins, which webs width is 80-350mm, flange width is 35-80mm, thickness is 1.5-5mm.<\/p>","protected":false},"author":2,"featured_media":841,"parent":727,"menu_order":2,"comment_status":"closed","ping_status":"closed","template":"","meta":{"_angie_page":false,"footnotes":"","big_sky_generated":false},"tags":[607851244,607849629,607846025,607845740,607846319],"class_list":["post-838","page","type-page","status-publish","has-post-thumbnail","hentry","tag-construction-and-steel-structure","tag-purlin-lines","tag-purlin-roll-forming-machine","tag-roll-forming-machine","tag-z-purlin-roll-forming-machine"],"blocksy_meta":[],"jetpack_sharing_enabled":true,"jetpack_shortlink":"https:\/\/wp.me\/P9K5n8-dw","jetpack_likes_enabled":false,"jetpack-related-posts":[{"id":4625,"url":"https:\/\/believeindustry.company\/tr\/c-z-purlin-cold-roll-forming-machine-video\/","url_meta":{"origin":838,"position":0},"title":"C Z Purlin Cold Roll Forming Machine Video","author":"Believe Industry Group","date":"Mart 8, 2019","format":false,"excerpt":"The C Z Purlin Cold Roll Forming Machine Video will show the working process of purlin machine. And you will easy to find out the machine components. The layout of c z purlin cold roll forming machine C Z Purlin Cold Roll Forming Machine Components Single Mandrel Uncoiler Feeder and\u2026","rel":"","context":"Benzer yaz\u0131","block_context":{"text":"Benzer yaz\u0131","link":""},"img":{"alt_text":"interchangeable c\/z purlin roll forming machine","src":"https:\/\/i0.wp.com\/believeindustry.company\/wp-content\/uploads\/2018\/10\/interchangeable-c-z-purlin-roll-forming-machine.png?resize=350%2C200&ssl=1","width":350,"height":200,"srcset":"https:\/\/i0.wp.com\/believeindustry.company\/wp-content\/uploads\/2018\/10\/interchangeable-c-z-purlin-roll-forming-machine.png?resize=350%2C200&ssl=1 1x, https:\/\/i0.wp.com\/believeindustry.company\/wp-content\/uploads\/2018\/10\/interchangeable-c-z-purlin-roll-forming-machine.png?resize=525%2C300&ssl=1 1.5x, https:\/\/i0.wp.com\/believeindustry.company\/wp-content\/uploads\/2018\/10\/interchangeable-c-z-purlin-roll-forming-machine.png?resize=700%2C400&ssl=1 2x"},"classes":[]},{"id":659,"url":"https:\/\/believeindustry.company\/tr\/roll-forming-machine\/purlin-roll-forming-machine\/c-z-purlin-roll-forming-machine\/","url_meta":{"origin":838,"position":1},"title":"CZ A\u015f\u0131k Rulo \u015eekillendirme Makinesi","author":"Believe Industry Group","date":"Mart 24, 2018","format":false,"excerpt":"C \u00a0Z Purlin Roll Forming Machine is for producing C and Z Purlins with less change over time. \u00a0BELI\u00ae new technology design, exchange time is only 2 minutes. Our latest design c and z purlin machine price is only around 35000$ EXW factory. Contact us for more inforamtion. Believe Industry\u2026","rel":"","context":"&quot;Company News&quot; i\u00e7inde","block_context":{"text":"Company News","link":"https:\/\/believeindustry.company\/tr\/category\/company-news\/"},"img":{"alt_text":"A wide shot displaying the entire integrated C Z Purlin Roll Forming Machine production line, showcasing all components from decoiling to final cut-off in a professional factory setting.","src":"https:\/\/i0.wp.com\/believeindustry.company\/wp-content\/uploads\/2025\/12\/high-speed-c-z-purlin-roll-forming-machine.webp?resize=350%2C200&ssl=1","width":350,"height":200,"srcset":"https:\/\/i0.wp.com\/believeindustry.company\/wp-content\/uploads\/2025\/12\/high-speed-c-z-purlin-roll-forming-machine.webp?resize=350%2C200&ssl=1 1x, https:\/\/i0.wp.com\/believeindustry.company\/wp-content\/uploads\/2025\/12\/high-speed-c-z-purlin-roll-forming-machine.webp?resize=525%2C300&ssl=1 1.5x, https:\/\/i0.wp.com\/believeindustry.company\/wp-content\/uploads\/2025\/12\/high-speed-c-z-purlin-roll-forming-machine.webp?resize=700%2C400&ssl=1 2x"},"classes":[]},{"id":1279,"url":"https:\/\/believeindustry.company\/tr\/video\/purlin-roll-forming-machine-video\/","url_meta":{"origin":838,"position":2},"title":"Purlin Roll Forming Machine Video","author":"Believe Industry Group","date":"Nisan 16, 2018","format":false,"excerpt":"Purlin Roll Forming Machine Video will help you to know how the machine working and how to operate the c z purlin roll forming machine. requirements. Believe Industry Company have a full range of purlin roll forming machines for different:\u00a0C Purlin Roll Forming Machine, Z Purlin Roll Forming Machine. C\u2026","rel":"","context":"\"Purlin Roll Forming Machine\" i\u00e7inde","block_context":{"text":"Purlin Roll Forming Machine","link":"https:\/\/believeindustry.company\/tr\/tag\/purlin-roll-forming-machine\/"},"img":{"alt_text":"c z purlin","src":"https:\/\/i0.wp.com\/believeindustry.company\/wp-content\/uploads\/2018\/05\/c-z-purlin.jpg?resize=350%2C200&ssl=1","width":350,"height":200,"srcset":"https:\/\/i0.wp.com\/believeindustry.company\/wp-content\/uploads\/2018\/05\/c-z-purlin.jpg?resize=350%2C200&ssl=1 1x, https:\/\/i0.wp.com\/believeindustry.company\/wp-content\/uploads\/2018\/05\/c-z-purlin.jpg?resize=525%2C300&ssl=1 1.5x, https:\/\/i0.wp.com\/believeindustry.company\/wp-content\/uploads\/2018\/05\/c-z-purlin.jpg?resize=700%2C400&ssl=1 2x, https:\/\/i0.wp.com\/believeindustry.company\/wp-content\/uploads\/2018\/05\/c-z-purlin.jpg?resize=1050%2C600&ssl=1 3x"},"classes":[]},{"id":727,"url":"https:\/\/believeindustry.company\/tr\/roll-forming-machine\/purlin-roll-forming-machine\/","url_meta":{"origin":838,"position":3},"title":"Purlin Roll Forming Machine","author":"Believe Industry Group","date":"Mart 28, 2018","format":false,"excerpt":"Beli RollForming's Roll Forming Machines for Purlins are amazing, heavy-duty systems specifically engineered for the high-volume, continuous production of C, Z, U, and Sigma-shaped purlins and girts. These machines are designed for positive material efficiency, utilizing pre-punched coil or in-line hydraulic punching to create precise holes for quick assembly. Featuring\u2026","rel":"","context":"\"believe industry machine\" i\u00e7inde","block_context":{"text":"believe industry machine","link":"https:\/\/believeindustry.company\/tr\/tag\/believe-industry-machine\/"},"img":{"alt_text":"c z purlin","src":"https:\/\/i0.wp.com\/believeindustry.company\/wp-content\/uploads\/2018\/05\/c-z-purlin.jpg?resize=350%2C200&ssl=1","width":350,"height":200,"srcset":"https:\/\/i0.wp.com\/believeindustry.company\/wp-content\/uploads\/2018\/05\/c-z-purlin.jpg?resize=350%2C200&ssl=1 1x, https:\/\/i0.wp.com\/believeindustry.company\/wp-content\/uploads\/2018\/05\/c-z-purlin.jpg?resize=525%2C300&ssl=1 1.5x, https:\/\/i0.wp.com\/believeindustry.company\/wp-content\/uploads\/2018\/05\/c-z-purlin.jpg?resize=700%2C400&ssl=1 2x, https:\/\/i0.wp.com\/believeindustry.company\/wp-content\/uploads\/2018\/05\/c-z-purlin.jpg?resize=1050%2C600&ssl=1 3x"},"classes":[]},{"id":3167,"url":"https:\/\/believeindustry.company\/tr\/interchangeable-c-z-purlin-roll-forming-machine-2\/","url_meta":{"origin":838,"position":4},"title":"De\u011fi\u015ftirilebilir C\/Z A\u015f\u0131k Rulo \u015eekillendirme Makinesi","author":"Believe Industry Group","date":"Ekim 17, 2018","format":false,"excerpt":"Interchangeable c\/z purlin roll forming machine produce cee and zed purlins with various sizes. And the size adjustment is whole automatic A traditional c or z purlin roll forming machine only can produce various sizes of c or z purlins. The web size 80-350mm, flange size 50-100mm and the lip\u2026","rel":"","context":"\"c z purlin cold roll forming machine\" i\u00e7inde","block_context":{"text":"c z purlin cold roll forming machine","link":"https:\/\/believeindustry.company\/tr\/tag\/c-z-purlin-cold-roll-forming-machine\/"},"img":{"alt_text":"","src":"https:\/\/i0.wp.com\/believeindustry.company\/wp-content\/uploads\/2018\/10\/cutoff-device-of-c-and-z-purlin-machine.png?resize=350%2C200&ssl=1","width":350,"height":200},"classes":[]},{"id":3099,"url":"https:\/\/believeindustry.company\/tr\/c-purlin-roll-former\/","url_meta":{"origin":838,"position":5},"title":"C Purlin Roll Former","author":"Believe Industry Group","date":"Ekim 6, 2018","format":false,"excerpt":"C Purlin Roll Former is for produce C Purlins as per requirements. The Purlin web size is from 80-350mm, flange size is from 40-60mm, and thickness is 1.0-3.5mm.\u00a0 C Purlin Roll Former C Purlin Specifications Material: CR, HR, Galvanized Steel Yield Strength: 235-400 Mpa Hole designs can be customized C\u2026","rel":"","context":"\"C Purlin Machine\" i\u00e7inde","block_context":{"text":"C Purlin Machine","link":"https:\/\/believeindustry.company\/tr\/tag\/c-purlin-machine\/"},"img":{"alt_text":"c purlin roll former","src":"https:\/\/i0.wp.com\/believeindustry.company\/wp-content\/uploads\/2018\/10\/c-purlin-roll-former-e1538810763224.jpg?resize=350%2C200&ssl=1","width":350,"height":200,"srcset":"https:\/\/i0.wp.com\/believeindustry.company\/wp-content\/uploads\/2018\/10\/c-purlin-roll-former-e1538810763224.jpg?resize=350%2C200&ssl=1 1x, https:\/\/i0.wp.com\/believeindustry.company\/wp-content\/uploads\/2018\/10\/c-purlin-roll-former-e1538810763224.jpg?resize=525%2C300&ssl=1 1.5x, https:\/\/i0.wp.com\/believeindustry.company\/wp-content\/uploads\/2018\/10\/c-purlin-roll-former-e1538810763224.jpg?resize=700%2C400&ssl=1 2x"},"classes":[]}],"amp_enabled":true,"_links":{"self":[{"href":"https:\/\/believeindustry.company\/tr\/wp-json\/wp\/v2\/pages\/838","targetHints":{"allow":["GET"]}}],"collection":[{"href":"https:\/\/believeindustry.company\/tr\/wp-json\/wp\/v2\/pages"}],"about":[{"href":"https:\/\/believeindustry.company\/tr\/wp-json\/wp\/v2\/types\/page"}],"author":[{"embeddable":true,"href":"https:\/\/believeindustry.company\/tr\/wp-json\/wp\/v2\/users\/2"}],"replies":[{"embeddable":true,"href":"https:\/\/believeindustry.company\/tr\/wp-json\/wp\/v2\/comments?post=838"}],"version-history":[{"count":4,"href":"https:\/\/believeindustry.company\/tr\/wp-json\/wp\/v2\/pages\/838\/revisions"}],"predecessor-version":[{"id":21928,"href":"https:\/\/believeindustry.company\/tr\/wp-json\/wp\/v2\/pages\/838\/revisions\/21928"}],"up":[{"embeddable":true,"href":"https:\/\/believeindustry.company\/tr\/wp-json\/wp\/v2\/pages\/727"}],"wp:featuredmedia":[{"embeddable":true,"href":"https:\/\/believeindustry.company\/tr\/wp-json\/wp\/v2\/media\/841"}],"wp:attachment":[{"href":"https:\/\/believeindustry.company\/tr\/wp-json\/wp\/v2\/media?parent=838"}],"wp:term":[{"taxonomy":"post_tag","embeddable":true,"href":"https:\/\/believeindustry.company\/tr\/wp-json\/wp\/v2\/tags?post=838"}],"curies":[{"name":"wp","href":"https:\/\/api.w.org\/{rel}","templated":true}]}}