{"id":8689,"date":"2022-10-19T14:27:12","date_gmt":"2022-10-19T06:27:12","guid":{"rendered":"https:\/\/believeindustry.company\/?page_id=8689"},"modified":"2026-04-12T12:56:38","modified_gmt":"2026-04-12T04:56:38","slug":"din-rail-roll-forming-machine","status":"publish","type":"page","link":"https:\/\/believeindustry.company\/tr\/roll-forming-machine\/customized-profile-roll-forming-machine\/din-rail-roll-forming-machine\/","title":{"rendered":"DIN Rail Roll Forming Machine"},"content":{"rendered":"<p><strong>DIN rail roll forming machine <\/strong>for producing top hat rails, C sections rails and G-type rails. The DIN rails are widely used for mounting circuit breakers and other electrical equipment. Main applicable material are cold rolled carben steel coils, galvanized steel coils, stainless coils with 1.0-1.5mm thickness.  <\/p>\n\n\n\n<div class=\"wp-block-columns is-layout-flex wp-container-core-columns-is-layout-28f84493 wp-block-columns-is-layout-flex\">\n<div class=\"wp-block-column is-layout-flow wp-block-column-is-layout-flow\" style=\"flex-basis:100%\">\n<div id=\"wp-block-themeisle-blocks-advanced-columns-07eb4505\" class=\"wp-block-themeisle-blocks-advanced-columns has-1-columns has-desktop-equal-layout has-tablet-equal-layout has-mobile-equal-layout has-vertical-unset\"><div class=\"wp-block-themeisle-blocks-advanced-columns-overlay\"><\/div><div class=\"innerblocks-wrap\">\n<div id=\"wp-block-themeisle-blocks-advanced-column-27971abc\" class=\"wp-block-themeisle-blocks-advanced-column\">\n<h2 class=\"wp-block-heading has-medium-font-size\" id=\"h-main-components-of-a-din-rail-roll-forming-machine\">Main Components of A DIN Rail Roll Forming Machine<\/h2>\n<p>This Din Rail Roll Forming Mill is to produce top hat rails, the whole production line is mainly consisted of below parts:<\/p>\n<ol>\n<li>3 Ton Decoiler and Leveller<\/li>\n<li> Servo Feeder and Punching Device<\/li>\n<li>Main Roll Forming Unit<\/li>\n<li>Straightener and Servo Tracking Cutting Device<\/li>\n<li>Electric Control Cabinet and Hydraulic Station<\/li>\n<li>Otomatik \u0130stifleyici<\/li>\n<\/ol>\n<\/div>\n<\/div><\/div>\n<\/div>\n<\/div>\n\n\n\n<h2 class=\"wp-block-heading has-medium-font-size\" id=\"h-din-rail-rollformer-work-flow-and-work-process\">DIN Rail Rollformer Work Flow and Work Process<\/h2>\n\n\n\n<figure class=\"wp-block-image size-large\"><img fetchpriority=\"high\" decoding=\"async\" width=\"1024\" height=\"276\" data-attachment-id=\"8692\" data-permalink=\"https:\/\/believeindustry.company\/tr\/roll-forming-machine\/customized-profile-roll-forming-machine\/din-rail-roll-forming-machine\/%e5%9b%be%e7%89%871-2\/\" data-orig-file=\"https:\/\/believeindustry.company\/wp-content\/uploads\/2022\/10\/\u56fe\u72471.png\" data-orig-size=\"1613,435\" data-comments-opened=\"1\" data-image-meta=\"{&quot;aperture&quot;:&quot;0&quot;,&quot;credit&quot;:&quot;&quot;,&quot;camera&quot;:&quot;&quot;,&quot;caption&quot;:&quot;&quot;,&quot;created_timestamp&quot;:&quot;0&quot;,&quot;copyright&quot;:&quot;&quot;,&quot;focal_length&quot;:&quot;0&quot;,&quot;iso&quot;:&quot;0&quot;,&quot;shutter_speed&quot;:&quot;0&quot;,&quot;title&quot;:&quot;&quot;,&quot;orientation&quot;:&quot;0&quot;}\" data-image-title=\"DIN Rail Roll Forming Machine Work Process\" data-image-description=\"\" data-image-caption=\"\" data-large-file=\"https:\/\/believeindustry.company\/wp-content\/uploads\/2022\/10\/\u56fe\u72471-1024x276.png\" src=\"https:\/\/believeindustry.company\/wp-content\/uploads\/2022\/10\/\u56fe\u72471-1024x276.png\" alt=\"DIN Rail Roll Forming Machine\" class=\"wp-image-8692\" srcset=\"https:\/\/believeindustry.company\/wp-content\/uploads\/2022\/10\/\u56fe\u72471-1024x276.png 1024w, https:\/\/believeindustry.company\/wp-content\/uploads\/2022\/10\/\u56fe\u72471-600x162.png 600w, https:\/\/believeindustry.company\/wp-content\/uploads\/2022\/10\/\u56fe\u72471-300x81.png 300w, https:\/\/believeindustry.company\/wp-content\/uploads\/2022\/10\/\u56fe\u72471-768x207.png 768w, https:\/\/believeindustry.company\/wp-content\/uploads\/2022\/10\/\u56fe\u72471-1536x414.png 1536w, https:\/\/believeindustry.company\/wp-content\/uploads\/2022\/10\/\u56fe\u72471.png 1613w\" sizes=\"(max-width: 1024px) 100vw, 1024px\" \/><figcaption><\/figcaption><\/figure>\n\n\n\n<p>Work Flow: uncoiling &#8211;&gt; levelling &#8211;&gt; punching &#8211;&gt; servo feeding &#8211;&gt; guiding &#8211;&gt; roll forming &#8211;&gt; cutting &#8211;&gt; stacking<\/p>\n\n\n\n<h2 class=\"wp-block-heading has-medium-font-size\" id=\"h-technical-parameters\">Technical Parameters<\/h2>\n\n\n\n<p><strong>Uncoiler &amp; Leveller<\/strong> (Integrated design of uncoiler and leveller)<br>1. Uncoiler capacity: 3 Ton<br>2. Uncoiler coil width: Max 200 mm<br>3. Material thickness: Max 2.0 mm<br>4. Uncoiling type: hydraulically tension and expension, electrically unwinding<br>5. Leveller type: 7-roller design, up 3 rollers and down 4 rollers<br>6. Speed of levelling: 0-15m\/min, match the line speed <br><br><strong>Hydraulic Punching Unit<\/strong><br>1. Punching type: hydraulic punching, mounted with limited switch to ensure the speed of the punch matches roll forming machine<br>2. Power for punching: 11kw<br>3. Material of punching mold: CR 12 MOV or SKD 11, HRC 58-62<br><br><strong>Rulo \u015eekillendirme \u00dcnitesi<\/strong><br>1. Forming Stages: 14 stages for top hat section, 14 stages for c section and 16 stages for g type<br>2. Power for roll forming: 7.5kw<br>3. Drive: electrically chain diven or gear box drive<br>4. Control system: automatic PLC control system<br>5. Cutting: stop cutting or servo motor tracking and cutting<br>6. Hydraulic station power: 11kw with accumulator<br>7. Shaft: 42 CR, 80 mm diamteter, HB 220-260, polish<br>8. Bearing: SKF or as designated brand<br><\/p>\n\n\n\n<figure class=\"wp-block-video wp-block-embed is-type-video is-provider-videopress\"><div class=\"wp-block-embed__wrapper\">\n<iframe title=\"VideoPress Video Oynat\u0131c\u0131s\u0131\" aria-label='VideoPress Video Oynat\u0131c\u0131s\u0131' width='1290' height='726' src='https:\/\/videopress.com\/embed\/jO418QlA?cover=1&amp;preloadContent=metadata&amp;useAverageColor=1&amp;hd=0' frameborder='0' allowfullscreen data-resize-to-parent=\"true\" allow='clipboard-write'><\/iframe><script src='https:\/\/v0.wordpress.com\/js\/next\/videopress-iframe.js?m=1739540970'><\/script>\n<\/div><\/figure>\n\n\n\n<p>Besides the top hat rails, C section rails and G-type rails are also popular as the mounting holder for electrical equipment. BELIEVE INDUSTRY COMPANY also has DIN rail roll forming machine solutions for C section rails and G-type rails according to customers&#8217; requirement.<\/p>\n\n\n\n<figure class=\"wp-block-gallery has-nested-images columns-default is-cropped wp-block-gallery-1 is-layout-flex wp-block-gallery-is-layout-flex\">\n<figure class=\"wp-block-image size-large\"><img decoding=\"async\" width=\"700\" height=\"500\" data-attachment-id=\"8727\" data-permalink=\"https:\/\/believeindustry.company\/tr\/roll-forming-machine\/customized-profile-roll-forming-machine\/din-rail-roll-forming-machine\/2-in-1-din-rail-roll-forming-machine-2-3\/\" data-orig-file=\"https:\/\/believeindustry.company\/wp-content\/uploads\/2022\/10\/2-in-1-Din-Rail-Roll-Forming-Machine-2.3.jpg\" data-orig-size=\"700,500\" data-comments-opened=\"1\" data-image-meta=\"{&quot;aperture&quot;:&quot;0&quot;,&quot;credit&quot;:&quot;&quot;,&quot;camera&quot;:&quot;&quot;,&quot;caption&quot;:&quot;&quot;,&quot;created_timestamp&quot;:&quot;0&quot;,&quot;copyright&quot;:&quot;&quot;,&quot;focal_length&quot;:&quot;0&quot;,&quot;iso&quot;:&quot;0&quot;,&quot;shutter_speed&quot;:&quot;0&quot;,&quot;title&quot;:&quot;&quot;,&quot;orientation&quot;:&quot;0&quot;}\" data-image-title=\"2-in-1-Din-Rail-Roll-Forming-Machine-2.3\" data-image-description=\"\" data-image-caption=\"\" data-large-file=\"https:\/\/believeindustry.company\/wp-content\/uploads\/2022\/10\/2-in-1-Din-Rail-Roll-Forming-Machine-2.3.jpg\" data-id=\"8727\" src=\"https:\/\/believeindustry.company\/wp-content\/uploads\/2022\/10\/2-in-1-Din-Rail-Roll-Forming-Machine-2.3.jpg\" alt=\"Din Rail Roll Forming Machine\" class=\"wp-image-8727\" srcset=\"https:\/\/believeindustry.company\/wp-content\/uploads\/2022\/10\/2-in-1-Din-Rail-Roll-Forming-Machine-2.3.jpg 700w, https:\/\/believeindustry.company\/wp-content\/uploads\/2022\/10\/2-in-1-Din-Rail-Roll-Forming-Machine-2.3-600x429.jpg 600w, https:\/\/believeindustry.company\/wp-content\/uploads\/2022\/10\/2-in-1-Din-Rail-Roll-Forming-Machine-2.3-300x214.jpg 300w\" sizes=\"(max-width: 700px) 100vw, 700px\" \/><figcaption class=\"wp-element-caption\">2 in 1 design<\/figcaption><\/figure>\n\n\n\n<figure class=\"wp-block-image size-large\"><img decoding=\"async\" width=\"700\" height=\"500\" data-attachment-id=\"8730\" data-permalink=\"https:\/\/believeindustry.company\/tr\/roll-forming-machine\/customized-profile-roll-forming-machine\/din-rail-roll-forming-machine\/2-in-1-din-rail-roll-forming-machine-3-3\/\" data-orig-file=\"https:\/\/believeindustry.company\/wp-content\/uploads\/2022\/10\/2-in-1-Din-Rail-Roll-Forming-Machine-3.3.jpg\" data-orig-size=\"700,500\" data-comments-opened=\"1\" data-image-meta=\"{&quot;aperture&quot;:&quot;0&quot;,&quot;credit&quot;:&quot;&quot;,&quot;camera&quot;:&quot;&quot;,&quot;caption&quot;:&quot;&quot;,&quot;created_timestamp&quot;:&quot;0&quot;,&quot;copyright&quot;:&quot;&quot;,&quot;focal_length&quot;:&quot;0&quot;,&quot;iso&quot;:&quot;0&quot;,&quot;shutter_speed&quot;:&quot;0&quot;,&quot;title&quot;:&quot;&quot;,&quot;orientation&quot;:&quot;0&quot;}\" data-image-title=\"2-in-1-Din-Rail-Roll-Forming-Machine-3.3\" data-image-description=\"\" data-image-caption=\"\" data-large-file=\"https:\/\/believeindustry.company\/wp-content\/uploads\/2022\/10\/2-in-1-Din-Rail-Roll-Forming-Machine-3.3.jpg\" data-id=\"8730\" src=\"https:\/\/believeindustry.company\/wp-content\/uploads\/2022\/10\/2-in-1-Din-Rail-Roll-Forming-Machine-3.3.jpg\" alt=\"\" class=\"wp-image-8730\" srcset=\"https:\/\/believeindustry.company\/wp-content\/uploads\/2022\/10\/2-in-1-Din-Rail-Roll-Forming-Machine-3.3.jpg 700w, https:\/\/believeindustry.company\/wp-content\/uploads\/2022\/10\/2-in-1-Din-Rail-Roll-Forming-Machine-3.3-600x429.jpg 600w, https:\/\/believeindustry.company\/wp-content\/uploads\/2022\/10\/2-in-1-Din-Rail-Roll-Forming-Machine-3.3-300x214.jpg 300w\" sizes=\"(max-width: 700px) 100vw, 700px\" \/><figcaption class=\"wp-element-caption\">Punching before roll forming<\/figcaption><\/figure>\n\n\n\n<figure class=\"wp-block-image size-large\"><img loading=\"lazy\" decoding=\"async\" width=\"700\" height=\"500\" data-attachment-id=\"8729\" data-permalink=\"https:\/\/believeindustry.company\/tr\/roll-forming-machine\/customized-profile-roll-forming-machine\/din-rail-roll-forming-machine\/2-in1-din-rail-roll-forming-machine-1-3\/\" data-orig-file=\"https:\/\/believeindustry.company\/wp-content\/uploads\/2022\/10\/2-in1-Din-Rail-Roll-Forming-Machine-1.3.jpg\" data-orig-size=\"700,500\" data-comments-opened=\"1\" data-image-meta=\"{&quot;aperture&quot;:&quot;0&quot;,&quot;credit&quot;:&quot;&quot;,&quot;camera&quot;:&quot;&quot;,&quot;caption&quot;:&quot;&quot;,&quot;created_timestamp&quot;:&quot;0&quot;,&quot;copyright&quot;:&quot;&quot;,&quot;focal_length&quot;:&quot;0&quot;,&quot;iso&quot;:&quot;0&quot;,&quot;shutter_speed&quot;:&quot;0&quot;,&quot;title&quot;:&quot;&quot;,&quot;orientation&quot;:&quot;0&quot;}\" data-image-title=\"2-in1-Din-Rail-Roll-Forming-Machine-1.3\" data-image-description=\"\" data-image-caption=\"\" data-large-file=\"https:\/\/believeindustry.company\/wp-content\/uploads\/2022\/10\/2-in1-Din-Rail-Roll-Forming-Machine-1.3.jpg\" data-id=\"8729\" src=\"https:\/\/believeindustry.company\/wp-content\/uploads\/2022\/10\/2-in1-Din-Rail-Roll-Forming-Machine-1.3.jpg\" alt=\"\" class=\"wp-image-8729\" srcset=\"https:\/\/believeindustry.company\/wp-content\/uploads\/2022\/10\/2-in1-Din-Rail-Roll-Forming-Machine-1.3.jpg 700w, https:\/\/believeindustry.company\/wp-content\/uploads\/2022\/10\/2-in1-Din-Rail-Roll-Forming-Machine-1.3-600x429.jpg 600w, https:\/\/believeindustry.company\/wp-content\/uploads\/2022\/10\/2-in1-Din-Rail-Roll-Forming-Machine-1.3-300x214.jpg 300w\" sizes=\"(max-width: 700px) 100vw, 700px\" \/><figcaption class=\"wp-element-caption\">2 in 1 DIN Rail Rollformer<\/figcaption><\/figure>\n\n\n\n<figure class=\"wp-block-image size-large\"><img loading=\"lazy\" decoding=\"async\" width=\"700\" height=\"500\" data-attachment-id=\"8728\" data-permalink=\"https:\/\/believeindustry.company\/tr\/roll-forming-machine\/customized-profile-roll-forming-machine\/din-rail-roll-forming-machine\/decoiling-and-levelling-1-3\/\" data-orig-file=\"https:\/\/believeindustry.company\/wp-content\/uploads\/2022\/10\/decoiling-and-levelling-1.3.jpg\" data-orig-size=\"700,500\" data-comments-opened=\"1\" data-image-meta=\"{&quot;aperture&quot;:&quot;0&quot;,&quot;credit&quot;:&quot;&quot;,&quot;camera&quot;:&quot;&quot;,&quot;caption&quot;:&quot;&quot;,&quot;created_timestamp&quot;:&quot;0&quot;,&quot;copyright&quot;:&quot;&quot;,&quot;focal_length&quot;:&quot;0&quot;,&quot;iso&quot;:&quot;0&quot;,&quot;shutter_speed&quot;:&quot;0&quot;,&quot;title&quot;:&quot;&quot;,&quot;orientation&quot;:&quot;0&quot;}\" data-image-title=\"decoiling-and-levelling-1.3\" data-image-description=\"\" data-image-caption=\"\" data-large-file=\"https:\/\/believeindustry.company\/wp-content\/uploads\/2022\/10\/decoiling-and-levelling-1.3.jpg\" data-id=\"8728\" src=\"https:\/\/believeindustry.company\/wp-content\/uploads\/2022\/10\/decoiling-and-levelling-1.3.jpg\" alt=\"\" class=\"wp-image-8728\" srcset=\"https:\/\/believeindustry.company\/wp-content\/uploads\/2022\/10\/decoiling-and-levelling-1.3.jpg 700w, https:\/\/believeindustry.company\/wp-content\/uploads\/2022\/10\/decoiling-and-levelling-1.3-600x429.jpg 600w, https:\/\/believeindustry.company\/wp-content\/uploads\/2022\/10\/decoiling-and-levelling-1.3-300x214.jpg 300w\" sizes=\"(max-width: 700px) 100vw, 700px\" \/><figcaption class=\"wp-element-caption\">Integrated design of decoiler and leveller<\/figcaption><\/figure>\n\n\n\n<figure class=\"wp-block-image size-large\"><img loading=\"lazy\" decoding=\"async\" width=\"700\" height=\"500\" data-attachment-id=\"8732\" data-permalink=\"https:\/\/believeindustry.company\/tr\/roll-forming-machine\/customized-profile-roll-forming-machine\/din-rail-roll-forming-machine\/din-rail-roll-forming-machine-1-3-1\/\" data-orig-file=\"https:\/\/believeindustry.company\/wp-content\/uploads\/2022\/10\/din-rail-roll-forming-machine-1.3-1.jpg\" data-orig-size=\"700,500\" data-comments-opened=\"1\" data-image-meta=\"{&quot;aperture&quot;:&quot;0&quot;,&quot;credit&quot;:&quot;&quot;,&quot;camera&quot;:&quot;&quot;,&quot;caption&quot;:&quot;&quot;,&quot;created_timestamp&quot;:&quot;0&quot;,&quot;copyright&quot;:&quot;&quot;,&quot;focal_length&quot;:&quot;0&quot;,&quot;iso&quot;:&quot;0&quot;,&quot;shutter_speed&quot;:&quot;0&quot;,&quot;title&quot;:&quot;&quot;,&quot;orientation&quot;:&quot;0&quot;}\" data-image-title=\"din-rail-roll-forming-machine-1.3-1\" data-image-description=\"\" data-image-caption=\"\" data-large-file=\"https:\/\/believeindustry.company\/wp-content\/uploads\/2022\/10\/din-rail-roll-forming-machine-1.3-1.jpg\" data-id=\"8732\" src=\"https:\/\/believeindustry.company\/wp-content\/uploads\/2022\/10\/din-rail-roll-forming-machine-1.3-1.jpg\" alt=\"\" class=\"wp-image-8732\" srcset=\"https:\/\/believeindustry.company\/wp-content\/uploads\/2022\/10\/din-rail-roll-forming-machine-1.3-1.jpg 700w, https:\/\/believeindustry.company\/wp-content\/uploads\/2022\/10\/din-rail-roll-forming-machine-1.3-1-600x429.jpg 600w, https:\/\/believeindustry.company\/wp-content\/uploads\/2022\/10\/din-rail-roll-forming-machine-1.3-1-300x214.jpg 300w\" sizes=\"(max-width: 700px) 100vw, 700px\" \/><figcaption class=\"wp-element-caption\">DIN rail machine with auto stacker<\/figcaption><\/figure>\n\n\n\n<figure class=\"wp-block-image size-large\"><img loading=\"lazy\" decoding=\"async\" width=\"700\" height=\"500\" data-attachment-id=\"8731\" data-permalink=\"https:\/\/believeindustry.company\/tr\/roll-forming-machine\/customized-profile-roll-forming-machine\/din-rail-roll-forming-machine\/punching-1-3\/\" data-orig-file=\"https:\/\/believeindustry.company\/wp-content\/uploads\/2022\/10\/punching-1.3.jpg\" data-orig-size=\"700,500\" data-comments-opened=\"1\" data-image-meta=\"{&quot;aperture&quot;:&quot;0&quot;,&quot;credit&quot;:&quot;&quot;,&quot;camera&quot;:&quot;&quot;,&quot;caption&quot;:&quot;&quot;,&quot;created_timestamp&quot;:&quot;0&quot;,&quot;copyright&quot;:&quot;&quot;,&quot;focal_length&quot;:&quot;0&quot;,&quot;iso&quot;:&quot;0&quot;,&quot;shutter_speed&quot;:&quot;0&quot;,&quot;title&quot;:&quot;&quot;,&quot;orientation&quot;:&quot;0&quot;}\" data-image-title=\"punching-1.3\" data-image-description=\"\" data-image-caption=\"\" data-large-file=\"https:\/\/believeindustry.company\/wp-content\/uploads\/2022\/10\/punching-1.3.jpg\" data-id=\"8731\" src=\"https:\/\/believeindustry.company\/wp-content\/uploads\/2022\/10\/punching-1.3.jpg\" alt=\"\" class=\"wp-image-8731\" srcset=\"https:\/\/believeindustry.company\/wp-content\/uploads\/2022\/10\/punching-1.3.jpg 700w, https:\/\/believeindustry.company\/wp-content\/uploads\/2022\/10\/punching-1.3-600x429.jpg 600w, https:\/\/believeindustry.company\/wp-content\/uploads\/2022\/10\/punching-1.3-300x214.jpg 300w\" sizes=\"(max-width: 700px) 100vw, 700px\" \/><figcaption class=\"wp-element-caption\">Hydraulic punching<\/figcaption><\/figure>\n<\/figure>\n\n\n\n<p>For more machine details, please <a href=\"https:\/\/believeindustry.company\/tr\/popupbuilder\/contact\/\">bize Ula\u015f\u0131n<\/a> directly.<\/p>","protected":false},"excerpt":{"rendered":"<p>DIN rail roll forming machine for producing top hat rails, C sections rails and G-type rails. The DIN rails are widely used for mounting circuit breakers and other electrical equipment. Main applicable material are cold rolled carben steel coils, galvanized steel coils, stainless coils with 1.0-1.5mm thickness. Main Components of A DIN Rail Roll Forming [&hellip;]<\/p>\n","protected":false},"author":2,"featured_media":9171,"parent":1257,"menu_order":0,"comment_status":"closed","ping_status":"closed","template":"","meta":{"_angie_page":false,"footnotes":"","big_sky_generated":false},"tags":[607851247],"class_list":["post-8689","page","type-page","status-publish","has-post-thumbnail","hentry","tag-energy-and-electric"],"blocksy_meta":[],"jetpack_sharing_enabled":true,"jetpack_shortlink":"https:\/\/wp.me\/P9K5n8-2g9","jetpack_likes_enabled":false,"jetpack-related-posts":[],"amp_enabled":true,"_links":{"self":[{"href":"https:\/\/believeindustry.company\/tr\/wp-json\/wp\/v2\/pages\/8689","targetHints":{"allow":["GET"]}}],"collection":[{"href":"https:\/\/believeindustry.company\/tr\/wp-json\/wp\/v2\/pages"}],"about":[{"href":"https:\/\/believeindustry.company\/tr\/wp-json\/wp\/v2\/types\/page"}],"author":[{"embeddable":true,"href":"https:\/\/believeindustry.company\/tr\/wp-json\/wp\/v2\/users\/2"}],"replies":[{"embeddable":true,"href":"https:\/\/believeindustry.company\/tr\/wp-json\/wp\/v2\/comments?post=8689"}],"version-history":[{"count":34,"href":"https:\/\/believeindustry.company\/tr\/wp-json\/wp\/v2\/pages\/8689\/revisions"}],"predecessor-version":[{"id":19856,"href":"https:\/\/believeindustry.company\/tr\/wp-json\/wp\/v2\/pages\/8689\/revisions\/19856"}],"up":[{"embeddable":true,"href":"https:\/\/believeindustry.company\/tr\/wp-json\/wp\/v2\/pages\/1257"}],"wp:featuredmedia":[{"embeddable":true,"href":"https:\/\/believeindustry.company\/tr\/wp-json\/wp\/v2\/media\/9171"}],"wp:attachment":[{"href":"https:\/\/believeindustry.company\/tr\/wp-json\/wp\/v2\/media?parent=8689"}],"wp:term":[{"taxonomy":"post_tag","embeddable":true,"href":"https:\/\/believeindustry.company\/tr\/wp-json\/wp\/v2\/tags?post=8689"}],"curies":[{"name":"wp","href":"https:\/\/api.w.org\/{rel}","templated":true}]}}