{"id":888,"date":"2018-04-04T14:11:42","date_gmt":"2018-04-04T06:11:42","guid":{"rendered":"https:\/\/believeindustry.company\/?page_id=888"},"modified":"2025-12-05T15:38:10","modified_gmt":"2025-12-05T07:38:10","slug":"roller-shutter-door-track-roll-forming-machine","status":"publish","type":"page","link":"https:\/\/believeindustry.company\/tr\/roll-forming-machine\/steel-door-roll-forming-machine\/roller-shutter-door-track-roll-forming-machine\/","title":{"rendered":"Panjur Kap\u0131 Ray\u0131 Rulo \u015eekillendirme Makinesi"},"content":{"rendered":"<p><strong>Panjur Kap\u0131 Ray\u0131 Rulo \u015eekillendirme Makinesi<\/strong> is for producing rolling shutter track rail for raising and lowering the doors<\/p>\n\n\n\n<!--more-->\n\n\n\n<h2 class=\"wp-block-heading\"><strong><span style=\"font-size: 18pt;\">Introduction of Roller Shutter Door Track Roll Forming Machine<\/span><\/strong><\/h2>\n\n\n\n<h3 class=\"wp-block-heading\"><strong><span style=\"font-size: 14pt;\">What&#8217;s Rolling Shutter Door Track?<\/span><\/strong><\/h3>\n\n\n\n<div class=\"wp-block-image wp-image-950\"><figure class=\"alignright\"><img decoding=\"async\" width=\"300\" height=\"151\" data-attachment-id=\"950\" data-permalink=\"https:\/\/believeindustry.company\/tr\/roll-forming-machine\/steel-door-roll-forming-machine\/roller-shutter-door-track-roll-forming-machine\/cof\/\" data-orig-file=\"https:\/\/believeindustry.company\/wp-content\/uploads\/2018\/04\/roller-shutter-door-track-e1522824712927.jpg\" data-orig-size=\"586,294\" data-comments-opened=\"1\" data-image-meta=\"{&quot;aperture&quot;:&quot;0&quot;,&quot;credit&quot;:&quot;&quot;,&quot;camera&quot;:&quot;&quot;,&quot;caption&quot;:&quot;&quot;,&quot;created_timestamp&quot;:&quot;0&quot;,&quot;copyright&quot;:&quot;&quot;,&quot;focal_length&quot;:&quot;0&quot;,&quot;iso&quot;:&quot;0&quot;,&quot;shutter_speed&quot;:&quot;0&quot;,&quot;title&quot;:&quot;&quot;,&quot;orientation&quot;:&quot;0&quot;}\" data-image-title=\"Roller shutter door track\" data-image-description=\"\" data-image-caption=\"&lt;p&gt;Curved roller shutter door track for Roller-Up door and garage roof.&lt;\/p&gt;\" data-large-file=\"https:\/\/believeindustry.company\/wp-content\/uploads\/2018\/04\/roller-shutter-door-track-e1522824712927.jpg\" src=\"https:\/\/believeindustry.company\/wp-content\/uploads\/2018\/04\/roller-shutter-door-track-e1522824712927-300x151.jpg\" alt=\"roller shutter door track roll forming machine\" class=\"wp-image-950\" srcset=\"https:\/\/believeindustry.company\/wp-content\/uploads\/2018\/04\/roller-shutter-door-track-e1522824712927-300x151.jpg 300w, https:\/\/believeindustry.company\/wp-content\/uploads\/2018\/04\/roller-shutter-door-track-e1522824712927.jpg 586w\" sizes=\"(max-width: 300px) 100vw, 300px\" \/><figcaption>Curved roller shutter door track for Roller-Up door and garage door<\/figcaption><\/figure><\/div>\n\n\n\n<p>The Roller Shutter Track Rail is a device to direct the Roller Shutter Doors or <a title=\"Wikipedia Garage Door\" href=\"https:\/\/en.wikipedia.org\/wiki\/Garage_door\" rel=\"noopener\" target=\"_blank\">Garage Doors<\/a> up and down. &nbsp;The door tracks produced by 0.8-1.5mm thickness GI steel or cold roll steel. In addition Pre-Punched Hole on the track rail for easy assembling. Furthermore, the big demands of Curved Door Track is growing highly to use curved walls and doors.<\/p>\n\n\n\n<h3 class=\"wp-block-heading\"><strong><span style=\"font-size: 14pt;\">Makine Bile\u015fenleri<\/span><\/strong><\/h3>\n\n\n\n<ul class=\"wp-block-list\"><li>Coil Uncoiler, load the coli strips. Capacity is 1.5Ton Maximum. Manual and automatic type for choosing<\/li><li><a title=\"Rulo \u015eekillendirme Hatt\u0131\" rel=\"\" href=\"https:\/\/believeindustry.company\/tr\/rulo-sekillendirme-hatti\/\">Rulo \u015eekillendirme De\u011firmeni<\/a>, the main parts of the line. The bed and structure design is customized<\/li><li>Pre-Punch Device, punch the holes for easy assembling.(Option)<\/li><li>Turkey Head, straighten the tracks \u00a0in a good condition<\/li><li>Cutoff device, cut off the tracks into desired length to fit the height of the door.<\/li><li>Controlled System, worker can set all the data(length, quantity, holes position) on the touch Screen<\/li><li>Collect Table, support the product after cutting, move out manually<\/li><\/ul>\n\n\n\n<h3 class=\"wp-block-heading\"><strong><span style=\"font-size: 14pt;\">Working Layout<\/span><\/strong><\/h3>\n\n\n\n<figure class=\"wp-block-image alignnone wp-image-951 size-full\"><img fetchpriority=\"high\" decoding=\"async\" width=\"1100\" height=\"285\" data-attachment-id=\"951\" data-permalink=\"https:\/\/believeindustry.company\/tr\/roll-forming-machine\/steel-door-roll-forming-machine\/roller-shutter-door-track-roll-forming-machine\/layout\/\" data-orig-file=\"https:\/\/believeindustry.company\/wp-content\/uploads\/2018\/04\/layout-of-door-track-roll-forming-machine.jpg\" data-orig-size=\"1100,285\" data-comments-opened=\"1\" data-image-meta=\"{&quot;aperture&quot;:&quot;0&quot;,&quot;credit&quot;:&quot;&quot;,&quot;camera&quot;:&quot;&quot;,&quot;caption&quot;:&quot;&quot;,&quot;created_timestamp&quot;:&quot;0&quot;,&quot;copyright&quot;:&quot;&quot;,&quot;focal_length&quot;:&quot;0&quot;,&quot;iso&quot;:&quot;0&quot;,&quot;shutter_speed&quot;:&quot;0&quot;,&quot;title&quot;:&quot;&quot;,&quot;orientation&quot;:&quot;0&quot;}\" data-image-title=\"layout of the door track roll forming machine\" data-image-description=\"\" data-image-caption=\"&lt;p&gt;Working Flow:&lt;\/p&gt;\" data-large-file=\"https:\/\/believeindustry.company\/wp-content\/uploads\/2018\/04\/layout-of-door-track-roll-forming-machine-1024x265.jpg\" src=\"https:\/\/believeindustry.company\/wp-content\/uploads\/2018\/04\/layout-of-door-track-roll-forming-machine.jpg\" alt=\"layout of the door track roll forming machine\" class=\"wp-image-951\" srcset=\"https:\/\/believeindustry.company\/wp-content\/uploads\/2018\/04\/layout-of-door-track-roll-forming-machine.jpg 1100w, https:\/\/believeindustry.company\/wp-content\/uploads\/2018\/04\/layout-of-door-track-roll-forming-machine-600x155.jpg 600w, https:\/\/believeindustry.company\/wp-content\/uploads\/2018\/04\/layout-of-door-track-roll-forming-machine-300x78.jpg 300w, https:\/\/believeindustry.company\/wp-content\/uploads\/2018\/04\/layout-of-door-track-roll-forming-machine-1024x265.jpg 1024w\" sizes=\"(max-width: 1100px) 100vw, 1100px\" \/><figcaption>Working Flow: Uncoiling&#8211; Feeding and Guiding&#8211; Roll Forming&#8211; Straightening&#8211; Cutting Off&#8211; Collecting.<\/figcaption><\/figure>\n\n\n\n<h3 class=\"wp-block-heading\"><strong><span style=\"font-size: 14pt;\">Technical Specifications of door track guider machine<\/span><\/strong><\/h3>\n\n\n\n<ol class=\"wp-block-list\"><li>Uncoiler Capacity: 1.5 Ton, 480-560 Inner Diameter<\/li><li>Line Speed: 8-15m\/min, exclude cutting and punch time<\/li><li>Machine Voltage: 380 V, 50 HZ(Customized)<\/li><li>Rollers Material: GCR 15, hardness treatment, Chromed 0.05mm<\/li><li>Forming Stands: 16<\/li><li>Motor Power: 5.5KW, China famous brand(Siemens is optional)<\/li><li>Hydraulic Cutoff Power: 4 KW<\/li><li>Punch Mould and Cutoff Blade Material: CR12, heat treatment<\/li><li>Panasonic PLC, Yaskawa Inverter, Omron Encoder, Omron Limit Switch.<\/li><\/ol>\n\n\n\n<h3 class=\"wp-block-heading\"><strong><span style=\"font-size: 14pt;\">Installation and Commission<\/span><\/strong><\/h3>\n\n\n\n<p>We will dispatch one&nbsp;engineer to install machine for customer&nbsp;for free. But the expense including round air ticket, insurance, local&nbsp;accommodation&nbsp;and translator should be covered&nbsp;by buyer&nbsp;.&nbsp;3 to 5 days will be needed to install and commissioning the &nbsp;<strong>Panjur Kap\u0131 Ray\u0131 Rulo \u015eekillendirme Makinesi<\/strong>.<\/p>\n\n\n\n<p>Believe Industry(BELI\u00ae) have a full range of Roll Forming Machines for Steel Door Systems. <a href=\"https:\/\/believeindustry.company\/tr\/bize-ulasin\/\">Bize Ula\u015f\u0131n<\/a> \u015eimdi!<\/p>","protected":false},"excerpt":{"rendered":"<p>Panjur Kap\u0131 Ray\u0131 Rulo \u015eekillendirme Makinesi, panjur kap\u0131lar\u0131n\u0131n a\u00e7\u0131l\u0131p kapanmas\u0131 i\u00e7in kullan\u0131lan raylar\u0131 \u00fcretmek amac\u0131yla kullan\u0131l\u0131r.<\/p>","protected":false},"author":2,"featured_media":955,"parent":809,"menu_order":2,"comment_status":"closed","ping_status":"closed","template":"","meta":{"_angie_page":false,"footnotes":"","big_sky_generated":false},"tags":[607849630,607845740,607846751,607846747],"class_list":["post-888","page","type-page","status-publish","has-post-thumbnail","hentry","tag-door-lines","tag-roll-forming-machine","tag-rolling-shutter-door-roll-forming-machine","tag-steel-door-roll-forming-machine"],"blocksy_meta":[],"jetpack_sharing_enabled":true,"jetpack_shortlink":"https:\/\/wp.me\/P9K5n8-ek","jetpack_likes_enabled":false,"jetpack-related-posts":[{"id":5762,"url":"https:\/\/believeindustry.company\/tr\/roll-forming-machine\/steel-door-roll-forming-machine\/pu-foamed-roller-shutter-door-roll-forming-machine\/","url_meta":{"origin":888,"position":0},"title":"PU K\u00f6p\u00fck Rulo Panjur Kap\u0131 \u015eekillendirme Makinesi","author":"Believe Industry Group","date":"Nisan 19, 2019","format":false,"excerpt":"Pu Foamed Roller Shutter Door Roll Forming Machine is a whole production line for producing PU rolling shutter slats, window slats for Europe market. The Rolling Shutter Door is a kind of door which opened and closed by lifting and descending along guide rail with or with out motor. \u00a0In\u2026","rel":"","context":"\"Roller Up Door Machine\" i\u00e7inde","block_context":{"text":"Roller Up Door Machine","link":"https:\/\/believeindustry.company\/tr\/tag\/roller-up-door-machine\/"},"img":{"alt_text":"PU Roller Shutter Door Roll Forming Machine","src":"https:\/\/i0.wp.com\/believeindustry.company\/wp-content\/uploads\/2019\/04\/PU-Roller-Shutter-Door-Roll-Forming-Machine.jpg?resize=350%2C200&ssl=1","width":350,"height":200,"srcset":"https:\/\/i0.wp.com\/believeindustry.company\/wp-content\/uploads\/2019\/04\/PU-Roller-Shutter-Door-Roll-Forming-Machine.jpg?resize=350%2C200&ssl=1 1x, https:\/\/i0.wp.com\/believeindustry.company\/wp-content\/uploads\/2019\/04\/PU-Roller-Shutter-Door-Roll-Forming-Machine.jpg?resize=525%2C300&ssl=1 1.5x, https:\/\/i0.wp.com\/believeindustry.company\/wp-content\/uploads\/2019\/04\/PU-Roller-Shutter-Door-Roll-Forming-Machine.jpg?resize=700%2C400&ssl=1 2x, https:\/\/i0.wp.com\/believeindustry.company\/wp-content\/uploads\/2019\/04\/PU-Roller-Shutter-Door-Roll-Forming-Machine.jpg?resize=1050%2C600&ssl=1 3x"},"classes":[]},{"id":814,"url":"https:\/\/believeindustry.company\/tr\/roll-forming-machine\/steel-door-roll-forming-machine\/steel-rolling-shutter-slat-roll-forming-machine\/","url_meta":{"origin":888,"position":1},"title":"\u00c7elik Kepenk \u00c7ubuk \u015eekillendirme Makinesi","author":"Believe Industry Group","date":"Nisan 1, 2018","format":false,"excerpt":"Steel Rolling Shutter Slat Roll Forming Machine is for producing roller shutter slats for Roller-Up Door System.\u00a0 Introduction of Steel Rolling Shutter Slat Roll Forming Machine What's Rolling Shutter Slat and Door? A Roller Shutter, Rolling Shutter Door is one type of door or windows shutter consisting of many horizontal\u2026","rel":"","context":"\"door lines\" i\u00e7inde","block_context":{"text":"door lines","link":"https:\/\/believeindustry.company\/tr\/tag\/door-lines\/"},"img":{"alt_text":"steel rolling shutter slat roll forming machine","src":"https:\/\/i0.wp.com\/believeindustry.company\/wp-content\/uploads\/2018\/04\/steel-rolling-shutter-slat-roll-forming-machine.jpg?resize=350%2C200&ssl=1","width":350,"height":200,"srcset":"https:\/\/i0.wp.com\/believeindustry.company\/wp-content\/uploads\/2018\/04\/steel-rolling-shutter-slat-roll-forming-machine.jpg?resize=350%2C200&ssl=1 1x, https:\/\/i0.wp.com\/believeindustry.company\/wp-content\/uploads\/2018\/04\/steel-rolling-shutter-slat-roll-forming-machine.jpg?resize=525%2C300&ssl=1 1.5x, https:\/\/i0.wp.com\/believeindustry.company\/wp-content\/uploads\/2018\/04\/steel-rolling-shutter-slat-roll-forming-machine.jpg?resize=700%2C400&ssl=1 2x"},"classes":[]},{"id":22033,"url":"https:\/\/believeindustry.company\/tr\/door-and-window\/","url_meta":{"origin":888,"position":2},"title":"Kap\u0131 ve Pencere","author":"Believe Industry Group","date":"Nisan 12, 2026","format":false,"excerpt":"A roll forming machine for door and window systems is highly precise manufacturing equipment utilized to create the structural and functional metal profiles required for modern residential and commercial building openings.Operating as a continuous production line, these machines transform steel or aluminum coils into complex, exact-tolerance components. Common applications include\u2026","rel":"","context":"Benzer yaz\u0131","block_context":{"text":"Benzer yaz\u0131","link":""},"img":{"alt_text":"door and window","src":"https:\/\/i0.wp.com\/believeindustry.company\/wp-content\/uploads\/2026\/04\/door-and-window.webp?resize=350%2C200&ssl=1","width":350,"height":200,"srcset":"https:\/\/i0.wp.com\/believeindustry.company\/wp-content\/uploads\/2026\/04\/door-and-window.webp?resize=350%2C200&ssl=1 1x, https:\/\/i0.wp.com\/believeindustry.company\/wp-content\/uploads\/2026\/04\/door-and-window.webp?resize=525%2C300&ssl=1 1.5x, https:\/\/i0.wp.com\/believeindustry.company\/wp-content\/uploads\/2026\/04\/door-and-window.webp?resize=700%2C400&ssl=1 2x, https:\/\/i0.wp.com\/believeindustry.company\/wp-content\/uploads\/2026\/04\/door-and-window.webp?resize=1050%2C600&ssl=1 3x, https:\/\/i0.wp.com\/believeindustry.company\/wp-content\/uploads\/2026\/04\/door-and-window.webp?resize=1400%2C800&ssl=1 4x"},"classes":[]},{"id":809,"url":"https:\/\/believeindustry.company\/tr\/roll-forming-machine\/steel-door-roll-forming-machine\/","url_meta":{"origin":888,"position":3},"title":"\u00c7elik Kap\u0131 Rulo \u015eekillendirme Makinesi","author":"Believe Industry Group","date":"Nisan 1, 2018","format":false,"excerpt":"Nowadays, Steel Doors are widely used in \u00a0architecture. \u00a0BELI have the full range of roll forming machines for Security Door System, Garage Door System, Roller Shutter System. \u00a0We also have a professional\u00a0team to design and manufacturer customized profiles for steel doors.","rel":"","context":"\"believe industry machine\" i\u00e7inde","block_context":{"text":"believe industry machine","link":"https:\/\/believeindustry.company\/tr\/tag\/believe-industry-machine\/"},"img":{"alt_text":"Industrial-Roller-Shutter door","src":"https:\/\/i0.wp.com\/believeindustry.company\/wp-content\/uploads\/2018\/04\/Industrial-Roller-Shutter.jpg?resize=350%2C200&ssl=1","width":350,"height":200,"srcset":"https:\/\/i0.wp.com\/believeindustry.company\/wp-content\/uploads\/2018\/04\/Industrial-Roller-Shutter.jpg?resize=350%2C200&ssl=1 1x, https:\/\/i0.wp.com\/believeindustry.company\/wp-content\/uploads\/2018\/04\/Industrial-Roller-Shutter.jpg?resize=525%2C300&ssl=1 1.5x, https:\/\/i0.wp.com\/believeindustry.company\/wp-content\/uploads\/2018\/04\/Industrial-Roller-Shutter.jpg?resize=700%2C400&ssl=1 2x, https:\/\/i0.wp.com\/believeindustry.company\/wp-content\/uploads\/2018\/04\/Industrial-Roller-Shutter.jpg?resize=1050%2C600&ssl=1 3x"},"classes":[]},{"id":1715,"url":"https:\/\/believeindustry.company\/tr\/video\/steel-door-roll-forming-machine-video\/","url_meta":{"origin":888,"position":4},"title":"\u00c7elik Kap\u0131 Rulo \u015eekillendirme Makinesi Videosu","author":"Believe Industry Group","date":"May\u0131s 10, 2018","format":false,"excerpt":"Steel Door Roll Forming Machine Video will help you to know how the roll forming machine working, and how to operate the steel door machines. Believe Industry Company have a full range of roll forming machines for door components: rolling shutter door slats, door tracks, door frames, garage door panels,\u2026","rel":"","context":"\"Roll Forming Machine Video\" i\u00e7inde","block_context":{"text":"Roll Forming Machine Video","link":"https:\/\/believeindustry.company\/tr\/tag\/roll-forming-machine-video\/"},"img":{"alt_text":"steel door roll forming machine video","src":"https:\/\/i0.wp.com\/believeindustry.company\/wp-content\/uploads\/2018\/05\/Industrial-Roller-Shutter.jpg?resize=350%2C200&ssl=1","width":350,"height":200,"srcset":"https:\/\/i0.wp.com\/believeindustry.company\/wp-content\/uploads\/2018\/05\/Industrial-Roller-Shutter.jpg?resize=350%2C200&ssl=1 1x, https:\/\/i0.wp.com\/believeindustry.company\/wp-content\/uploads\/2018\/05\/Industrial-Roller-Shutter.jpg?resize=525%2C300&ssl=1 1.5x, https:\/\/i0.wp.com\/believeindustry.company\/wp-content\/uploads\/2018\/05\/Industrial-Roller-Shutter.jpg?resize=700%2C400&ssl=1 2x, https:\/\/i0.wp.com\/believeindustry.company\/wp-content\/uploads\/2018\/05\/Industrial-Roller-Shutter.jpg?resize=1050%2C600&ssl=1 3x"},"classes":[]},{"id":979,"url":"https:\/\/believeindustry.company\/tr\/roll-forming-machine\/steel-door-roll-forming-machine\/steel-door-frame-roll-forming-machine\/","url_meta":{"origin":888,"position":5},"title":"\u00c7elik Kap\u0131 \u00c7er\u00e7evesi Rulo \u015eekillendirme Makinesi","author":"Believe Industry Group","date":"May\u0131s 23, 2018","format":false,"excerpt":"A Steel Door Frame Roll Forming Machine is for produce door frames as desired sizes. with multifunctional punch holes and notches for folding into frame. Steel Door Frame Roll Forming Machine Steel Door Frame The Steel Door Frame are light weight, sturdy, and manufactured from Galvanized steel with the thickness\u2026","rel":"","context":"&quot;Company News&quot; i\u00e7inde","block_context":{"text":"Company News","link":"https:\/\/believeindustry.company\/tr\/category\/company-news\/"},"img":{"alt_text":"door frame roll forming machine","src":"https:\/\/i0.wp.com\/believeindustry.company\/wp-content\/uploads\/2018\/06\/door-frame-roll-forming-machine.jpg?resize=350%2C200&ssl=1","width":350,"height":200,"srcset":"https:\/\/i0.wp.com\/believeindustry.company\/wp-content\/uploads\/2018\/06\/door-frame-roll-forming-machine.jpg?resize=350%2C200&ssl=1 1x, https:\/\/i0.wp.com\/believeindustry.company\/wp-content\/uploads\/2018\/06\/door-frame-roll-forming-machine.jpg?resize=525%2C300&ssl=1 1.5x, https:\/\/i0.wp.com\/believeindustry.company\/wp-content\/uploads\/2018\/06\/door-frame-roll-forming-machine.jpg?resize=700%2C400&ssl=1 2x, https:\/\/i0.wp.com\/believeindustry.company\/wp-content\/uploads\/2018\/06\/door-frame-roll-forming-machine.jpg?resize=1050%2C600&ssl=1 3x, https:\/\/i0.wp.com\/believeindustry.company\/wp-content\/uploads\/2018\/06\/door-frame-roll-forming-machine.jpg?resize=1400%2C800&ssl=1 4x"},"classes":[]}],"amp_enabled":true,"_links":{"self":[{"href":"https:\/\/believeindustry.company\/tr\/wp-json\/wp\/v2\/pages\/888","targetHints":{"allow":["GET"]}}],"collection":[{"href":"https:\/\/believeindustry.company\/tr\/wp-json\/wp\/v2\/pages"}],"about":[{"href":"https:\/\/believeindustry.company\/tr\/wp-json\/wp\/v2\/types\/page"}],"author":[{"embeddable":true,"href":"https:\/\/believeindustry.company\/tr\/wp-json\/wp\/v2\/users\/2"}],"replies":[{"embeddable":true,"href":"https:\/\/believeindustry.company\/tr\/wp-json\/wp\/v2\/comments?post=888"}],"version-history":[{"count":1,"href":"https:\/\/believeindustry.company\/tr\/wp-json\/wp\/v2\/pages\/888\/revisions"}],"predecessor-version":[{"id":19736,"href":"https:\/\/believeindustry.company\/tr\/wp-json\/wp\/v2\/pages\/888\/revisions\/19736"}],"up":[{"embeddable":true,"href":"https:\/\/believeindustry.company\/tr\/wp-json\/wp\/v2\/pages\/809"}],"wp:featuredmedia":[{"embeddable":true,"href":"https:\/\/believeindustry.company\/tr\/wp-json\/wp\/v2\/media\/955"}],"wp:attachment":[{"href":"https:\/\/believeindustry.company\/tr\/wp-json\/wp\/v2\/media?parent=888"}],"wp:term":[{"taxonomy":"post_tag","embeddable":true,"href":"https:\/\/believeindustry.company\/tr\/wp-json\/wp\/v2\/tags?post=888"}],"curies":[{"name":"wp","href":"https:\/\/api.w.org\/{rel}","templated":true}]}}