{"id":9483,"date":"2023-09-19T14:51:29","date_gmt":"2023-09-19T06:51:29","guid":{"rendered":"https:\/\/believeindustry.company\/?page_id=9483"},"modified":"2026-04-12T13:32:06","modified_gmt":"2026-04-12T05:32:06","slug":"otomatik-istifleyici","status":"publish","type":"page","link":"https:\/\/believeindustry.company\/tr\/roll-forming-machine\/customized-profile-roll-forming-machine\/auto-stacker\/","title":{"rendered":"Otomatik \u0130stifleyici"},"content":{"rendered":"<p><strong>Otomatik \u0130stifleyici<\/strong> is for stacking c profile, u profiles, struct channels, etc roll formed profiles automatically. <\/p>\n\n\n\n<h2 class=\"wp-block-heading\">Auto Stacker Components<\/h2>\n\n\n\n<p>Believe Industry Company have developed a new design auto stacker for roll formed profile industry, which consist of conveyer, overturn rack, stacker, move-out car and HMI controller.<\/p>\n\n\n\n<figure class=\"wp-block-image size-full\"><img fetchpriority=\"high\" decoding=\"async\" width=\"702\" height=\"275\" data-attachment-id=\"9490\" data-permalink=\"https:\/\/believeindustry.company\/tr\/roll-forming-machine\/customized-profile-roll-forming-machine\/auto-stacker\/auto-stacker-layout\/\" data-orig-file=\"https:\/\/believeindustry.company\/wp-content\/uploads\/2023\/09\/auto-stacker-layout.png\" data-orig-size=\"702,275\" data-comments-opened=\"1\" data-image-meta=\"{&quot;aperture&quot;:&quot;0&quot;,&quot;credit&quot;:&quot;&quot;,&quot;camera&quot;:&quot;&quot;,&quot;caption&quot;:&quot;&quot;,&quot;created_timestamp&quot;:&quot;0&quot;,&quot;copyright&quot;:&quot;&quot;,&quot;focal_length&quot;:&quot;0&quot;,&quot;iso&quot;:&quot;0&quot;,&quot;shutter_speed&quot;:&quot;0&quot;,&quot;title&quot;:&quot;&quot;,&quot;orientation&quot;:&quot;0&quot;}\" data-image-title=\"auto-stacker-layout\" data-image-description=\"\" data-image-caption=\"\" data-large-file=\"https:\/\/believeindustry.company\/wp-content\/uploads\/2023\/09\/auto-stacker-layout.png\" src=\"https:\/\/believeindustry.company\/wp-content\/uploads\/2023\/09\/auto-stacker-layout.png\" alt=\"\" class=\"wp-image-9490\" srcset=\"https:\/\/believeindustry.company\/wp-content\/uploads\/2023\/09\/auto-stacker-layout.png 702w, https:\/\/believeindustry.company\/wp-content\/uploads\/2023\/09\/auto-stacker-layout-600x235.png 600w, https:\/\/believeindustry.company\/wp-content\/uploads\/2023\/09\/auto-stacker-layout-300x118.png 300w\" sizes=\"(max-width: 702px) 100vw, 702px\" \/><figcaption><\/figcaption><\/figure>\n\n\n\n<h3 class=\"wp-block-heading\">Conveyer<\/h3>\n\n\n\n<p>Convey is for move the roll formed profiles from the roll former after cutting, which driven by motor. The total length and width can be cutomized. The end of the convey equipped with position block and sensor to make sure the stacking be aligned.<\/p>\n\n\n\n<h3 class=\"wp-block-heading\">Overturn Rack<\/h3>\n\n\n\n<p>Controlled by PLC to overturn the strut channel or not sequentially, mounted with blocks refer to the profile to make sure the overturn process be stable.<\/p>\n\n\n\n<h3 class=\"wp-block-heading\">Stacker<\/h3>\n\n\n\n<p>The stacker device is for stacking the roll former profiles as per program, which is the main part of the whole stacker machine. Driven by servo motorm higher precision position and speed.<\/p>\n\n\n\n<h3 class=\"wp-block-heading\">Move-out Car<\/h3>\n\n\n\n<p>Move-out the stacked strut channels to package area. which is equipped with 2 cars for quick production, for example, move first car to the package area, the stacker will stake strut channel to the second car, once the second car stacking finished, the first car will be back to stacking area.<\/p>\n\n\n\n<h3 class=\"wp-block-heading\"><strong>HIM Controller<\/strong><\/h3>\n\n\n\n<p>Adopting PLC system, Touch Screen operation, Select on the touch screen when changing production specifications. Adjust the shape of the pile at will on the touch evaluation, speed regulation.<\/p>\n\n\n\n<h2 class=\"wp-block-heading\">Teknik \u00d6zellikler<\/h2>\n\n\n\n<figure class=\"wp-block-table\"><table><tbody><tr><td>1<\/td><td>Voltage<\/td><td>AC480V, 60Hz, 3 Phase<\/td><\/tr><tr><td>2<\/td><td>Total Power<\/td><td>11.6KW(AC)<\/td><\/tr><tr><td>3<\/td><td>Servo Motor<\/td><td>Yaskava<\/td><\/tr><tr><td>4<\/td><td>Reducer<\/td><td>Taiwan Faston<\/td><\/tr><tr><td>5<\/td><td>PLC<\/td><td>Siemens<\/td><\/tr><tr><td>6<\/td><td>Electric Components<\/td><td>Schneider&nbsp;<\/td><\/tr><tr><td>7<\/td><td>Sens\u00f6r<\/td><td>Schneider&nbsp;<\/td><\/tr><tr><td>8<\/td><td>Dokunmatik Ekran<\/td><td>Weinview<\/td><\/tr><tr><td>9<\/td><td>Stacking Speed<\/td><td>240 pc per hour<\/td><\/tr><tr><td>10<\/td><td>Max Stacking Width<\/td><td>1000MM<\/td><\/tr><tr><td>11<\/td><td>Max Staking Height<\/td><td>900MM<\/td><\/tr><tr><td>12<\/td><td>Stacker move Motor<\/td><td>3 KW<\/td><\/tr><tr><td>13<\/td><td>Stacker up and down motor<\/td><td>2 KW<\/td><\/tr><tr><td>14<\/td><td>Conveyer Motor Power<\/td><td>1,5 kW<\/td><\/tr><tr><td>15<\/td><td>Move-out Car Power<\/td><td>1,5 kW<\/td><\/tr><tr><td>16<\/td><td>Air suppler required<\/td><td>0.55-0.8 Mpa<\/td><\/tr><tr><td>17<\/td><td>Dimension<\/td><td>13500mmx4000mmx3800mm<\/td><\/tr><tr><td>18<\/td><td>Convey Rack Dimension<\/td><td>3500mmx700mmx700mm<\/td><\/tr><\/tbody><\/table><\/figure>\n\n\n\n<p><a href=\"http:\/\/rollformingmachine.company\" target=\"_blank\" rel=\"noopener\">Believe Industry Company<\/a> have a full range of roll forming machines, auto stackers for different requirements, <a href=\"https:\/\/believeindustry.company\/tr\/iletisim-kurmak-sektore-inanmak\/\">bize Ula\u015f\u0131n <\/a>now for more info.<\/p>","protected":false},"excerpt":{"rendered":"<p>Auto Stacker is for stacking c profile, u profiles, struct channels, etc roll formed profiles automatically. Auto Stacker Components Believe Industry Company have developed a new design auto stacker for roll formed profile industry, which consist of conveyer, overturn rack, stacker, move-out car and HMI controller. Conveyer Convey is for move the roll formed profiles [&hellip;]<\/p>\n","protected":false},"author":2,"featured_media":9491,"parent":1257,"menu_order":0,"comment_status":"closed","ping_status":"closed","template":"","meta":{"_angie_page":false,"footnotes":"","big_sky_generated":false},"tags":[607850595,607849634,607845740],"class_list":["post-9483","page","type-page","status-publish","has-post-thumbnail","hentry","tag-auto-stacker","tag-custom-designs","tag-roll-forming-machine"],"blocksy_meta":[],"jetpack_sharing_enabled":true,"jetpack_shortlink":"https:\/\/wp.me\/P9K5n8-2sX","jetpack_likes_enabled":false,"jetpack-related-posts":[{"id":8689,"url":"https:\/\/believeindustry.company\/tr\/roll-forming-machine\/customized-profile-roll-forming-machine\/din-rail-roll-forming-machine\/","url_meta":{"origin":9483,"position":0},"title":"DIN Ray Rulo \u015eekillendirme Makinesi","author":"Believe Industry Group","date":"Ekim 19, 2022","format":false,"excerpt":"DIN rail roll forming machine for producing top hat rails, C sections rails and G-type rails. The DIN rails are widely used for mounting circuit breakers and other electrical equipment. Main applicable material are cold rolled carben steel coils, galvanized steel coils, stainless coils with 1.0-1.5mm thickness. Main Components of\u2026","rel":"","context":"\"energy and electric\" i\u00e7inde","block_context":{"text":"energy and electric","link":"https:\/\/believeindustry.company\/tr\/tag\/energy-and-electric\/"},"img":{"alt_text":"din rail roll former machine","src":"https:\/\/i0.wp.com\/believeindustry.company\/wp-content\/uploads\/2023\/05\/din-rail-roll-former-machine-e1684227430309.jpg?resize=350%2C200&ssl=1","width":350,"height":200,"srcset":"https:\/\/i0.wp.com\/believeindustry.company\/wp-content\/uploads\/2023\/05\/din-rail-roll-former-machine-e1684227430309.jpg?resize=350%2C200&ssl=1 1x, https:\/\/i0.wp.com\/believeindustry.company\/wp-content\/uploads\/2023\/05\/din-rail-roll-former-machine-e1684227430309.jpg?resize=525%2C300&ssl=1 1.5x, https:\/\/i0.wp.com\/believeindustry.company\/wp-content\/uploads\/2023\/05\/din-rail-roll-former-machine-e1684227430309.jpg?resize=700%2C400&ssl=1 2x, https:\/\/i0.wp.com\/believeindustry.company\/wp-content\/uploads\/2023\/05\/din-rail-roll-former-machine-e1684227430309.jpg?resize=1050%2C600&ssl=1 3x"},"classes":[]},{"id":605,"url":"https:\/\/believeindustry.company\/tr\/roll-forming-machine\/metal-sheet-roll-forming-machine\/ibr-sheet-roll-forming-machine\/","url_meta":{"origin":9483,"position":1},"title":"IBR Sac Rulo \u015eekillendirme Makinesi","author":"Believe Industry Group","date":"Mart 22, 2018","format":false,"excerpt":"IBR Sheet Roll Forming Machine is for producing IBR sheets for South African Market.\u00a0 IBR Sheet Roll Forming Machine What's IBR \u00a0Sheets? Since it was first introduced to South Africa in 1958, IBR has enjoyed great popularity for use as side cladding or roofing material in commercial, industrial and residential\u2026","rel":"","context":"\"Construction and Steel Structure\" i\u00e7inde","block_context":{"text":"Construction and Steel Structure","link":"https:\/\/believeindustry.company\/tr\/tag\/construction-and-steel-structure\/"},"img":{"alt_text":"ibr roofing sheet making machine line","src":"https:\/\/i0.wp.com\/believeindustry.company\/wp-content\/uploads\/2018\/06\/ibr-roof-sheet-making-machine-line.jpg?resize=350%2C200&ssl=1","width":350,"height":200,"srcset":"https:\/\/i0.wp.com\/believeindustry.company\/wp-content\/uploads\/2018\/06\/ibr-roof-sheet-making-machine-line.jpg?resize=350%2C200&ssl=1 1x, https:\/\/i0.wp.com\/believeindustry.company\/wp-content\/uploads\/2018\/06\/ibr-roof-sheet-making-machine-line.jpg?resize=525%2C300&ssl=1 1.5x, https:\/\/i0.wp.com\/believeindustry.company\/wp-content\/uploads\/2018\/06\/ibr-roof-sheet-making-machine-line.jpg?resize=700%2C400&ssl=1 2x"},"classes":[]},{"id":763,"url":"https:\/\/believeindustry.company\/tr\/roll-forming-machine\/metal-sheet-roll-forming-machine\/double-layer-roll-forming-machine\/","url_meta":{"origin":9483,"position":2},"title":"\u00c7ift Katmanl\u0131 Rulo \u015eekillendirme Makinesi","author":"Believe Industry Group","date":"Mart 29, 2018","format":false,"excerpt":"A Double Layer Roll Forming Machine is an advanced industrial manufacturing system designed to produce two distinct metal profiles on a single machine base. Consequently, this innovative equipment integrates an upper and a lower forming level to maximize factory floor space. Furthermore, it allows operators to switch between different profiles,\u2026","rel":"","context":"\"Construction and Steel Structure\" i\u00e7inde","block_context":{"text":"Construction and Steel Structure","link":"https:\/\/believeindustry.company\/tr\/tag\/construction-and-steel-structure\/"},"img":{"alt_text":"Beli Rollforming precision roll forming rollers and dies, core components of double layer roll forming machine for shaping metal profiles","src":"https:\/\/i0.wp.com\/believeindustry.company\/wp-content\/uploads\/2025\/12\/Double-Layer-Machine-.webp?resize=350%2C200&ssl=1","width":350,"height":200,"srcset":"https:\/\/i0.wp.com\/believeindustry.company\/wp-content\/uploads\/2025\/12\/Double-Layer-Machine-.webp?resize=350%2C200&ssl=1 1x, https:\/\/i0.wp.com\/believeindustry.company\/wp-content\/uploads\/2025\/12\/Double-Layer-Machine-.webp?resize=525%2C300&ssl=1 1.5x, https:\/\/i0.wp.com\/believeindustry.company\/wp-content\/uploads\/2025\/12\/Double-Layer-Machine-.webp?resize=700%2C400&ssl=1 2x, https:\/\/i0.wp.com\/believeindustry.company\/wp-content\/uploads\/2025\/12\/Double-Layer-Machine-.webp?resize=1050%2C600&ssl=1 3x, https:\/\/i0.wp.com\/believeindustry.company\/wp-content\/uploads\/2025\/12\/Double-Layer-Machine-.webp?resize=1400%2C800&ssl=1 4x"},"classes":[]},{"id":593,"url":"https:\/\/believeindustry.company\/tr\/roll-forming-machine\/metal-sheet-roll-forming-machine\/roofing-sheet-roll-forming-machine\/","url_meta":{"origin":9483,"position":3},"title":"\u00c7at\u0131 Sac Rulo \u015eekillendirme Makinesi","author":"Believe Industry Group","date":"Mart 22, 2018","format":false,"excerpt":"Roofing Sheet Roll Forming Machine is designed to produce various kinds of roofing sheets, wall cladding as per design drawing with desired length. The thickness is normal from 0.2 to 0.8mm and the strength is from 235 Mpa to 550 Mpa. Introduction of Roofing Sheet Roll Forming Machine Where to\u2026","rel":"","context":"\"Construction and Steel Structure\" i\u00e7inde","block_context":{"text":"Construction and Steel Structure","link":"https:\/\/believeindustry.company\/tr\/tag\/construction-and-steel-structure\/"},"img":{"alt_text":"roof sheet roll forming machine","src":"https:\/\/i0.wp.com\/believeindustry.company\/wp-content\/uploads\/2018\/06\/roof-sheet-roll-forming-machine_%E5%89%AF%E6%9C%AC.jpg?resize=350%2C200&ssl=1","width":350,"height":200,"srcset":"https:\/\/i0.wp.com\/believeindustry.company\/wp-content\/uploads\/2018\/06\/roof-sheet-roll-forming-machine_%E5%89%AF%E6%9C%AC.jpg?resize=350%2C200&ssl=1 1x, https:\/\/i0.wp.com\/believeindustry.company\/wp-content\/uploads\/2018\/06\/roof-sheet-roll-forming-machine_%E5%89%AF%E6%9C%AC.jpg?resize=525%2C300&ssl=1 1.5x, https:\/\/i0.wp.com\/believeindustry.company\/wp-content\/uploads\/2018\/06\/roof-sheet-roll-forming-machine_%E5%89%AF%E6%9C%AC.jpg?resize=700%2C400&ssl=1 2x, https:\/\/i0.wp.com\/believeindustry.company\/wp-content\/uploads\/2018\/06\/roof-sheet-roll-forming-machine_%E5%89%AF%E6%9C%AC.jpg?resize=1050%2C600&ssl=1 3x"},"classes":[]},{"id":6731,"url":"https:\/\/believeindustry.company\/tr\/roll-forming-machine\/metal-sheet-roll-forming-machine\/ag-panel-roll-forming-machine\/","url_meta":{"origin":9483,"position":4},"title":"AG Panel Rulo \u015eekillendirme Makinesi","author":"Believe Industry Group","date":"May\u0131s 9, 2019","format":false,"excerpt":"An AG Panel Roll Forming Machine is an industrial machine that continuously shapes flat metal coils (typically steel or aluminum) into the finished, ribbed profile known as the AG (Agricultural) Panel. What\u2019s AG Panel? AG Panel Metal Roof, a low depth profile, economical panel solution for residential, commercial and agricultural\u2026","rel":"","context":"\"Construction and Steel Structure\" i\u00e7inde","block_context":{"text":"Construction and Steel Structure","link":"https:\/\/believeindustry.company\/tr\/tag\/construction-and-steel-structure\/"},"img":{"alt_text":"AG Panel Roll Forming Machine","src":"https:\/\/i0.wp.com\/believeindustry.company\/wp-content\/uploads\/2023\/06\/AG-Panel-Roll-Forming-Machine.jpg?resize=350%2C200&ssl=1","width":350,"height":200,"srcset":"https:\/\/i0.wp.com\/believeindustry.company\/wp-content\/uploads\/2023\/06\/AG-Panel-Roll-Forming-Machine.jpg?resize=350%2C200&ssl=1 1x, https:\/\/i0.wp.com\/believeindustry.company\/wp-content\/uploads\/2023\/06\/AG-Panel-Roll-Forming-Machine.jpg?resize=525%2C300&ssl=1 1.5x, https:\/\/i0.wp.com\/believeindustry.company\/wp-content\/uploads\/2023\/06\/AG-Panel-Roll-Forming-Machine.jpg?resize=700%2C400&ssl=1 2x, https:\/\/i0.wp.com\/believeindustry.company\/wp-content\/uploads\/2023\/06\/AG-Panel-Roll-Forming-Machine.jpg?resize=1050%2C600&ssl=1 3x"},"classes":[]},{"id":1515,"url":"https:\/\/believeindustry.company\/tr\/roll-forming-machine\/customized-profile-roll-forming-machine\/highway-guardrail-roll-forming-machine\/","url_meta":{"origin":9483,"position":5},"title":"Karayolu Bariyeri Rulo \u015eekillendirme Makinesi","author":"Believe Industry Group","date":"Nisan 26, 2018","format":false,"excerpt":"Highway Guardrail Roll Forming Machine is for producing Guardrails with holes punched online. Believe Industry have several types of guardrails machines. We have different solutions for both W guardrails, Thrim Guardrails, etc. Feeder and Guider Puncher Auto stacker Guardrfail Production Line Hydraiulic puncher Uncoiler Guardrail Roll Forming Machine Highway Guardrail\u2026","rel":"","context":"\"Crash Barrier Roll Forming Machine\" i\u00e7inde","block_context":{"text":"Crash Barrier Roll Forming Machine","link":"https:\/\/believeindustry.company\/tr\/tag\/crash-barrier-roll-forming-machine\/"},"img":{"alt_text":"","src":"https:\/\/i0.wp.com\/believeindustry.company\/wp-content\/uploads\/2022\/03\/guardrail-roll-forming-machine08.jpg?resize=350%2C200&ssl=1","width":350,"height":200,"srcset":"https:\/\/i0.wp.com\/believeindustry.company\/wp-content\/uploads\/2022\/03\/guardrail-roll-forming-machine08.jpg?resize=350%2C200&ssl=1 1x, https:\/\/i0.wp.com\/believeindustry.company\/wp-content\/uploads\/2022\/03\/guardrail-roll-forming-machine08.jpg?resize=525%2C300&ssl=1 1.5x, https:\/\/i0.wp.com\/believeindustry.company\/wp-content\/uploads\/2022\/03\/guardrail-roll-forming-machine08.jpg?resize=700%2C400&ssl=1 2x"},"classes":[]}],"amp_enabled":true,"_links":{"self":[{"href":"https:\/\/believeindustry.company\/tr\/wp-json\/wp\/v2\/pages\/9483","targetHints":{"allow":["GET"]}}],"collection":[{"href":"https:\/\/believeindustry.company\/tr\/wp-json\/wp\/v2\/pages"}],"about":[{"href":"https:\/\/believeindustry.company\/tr\/wp-json\/wp\/v2\/types\/page"}],"author":[{"embeddable":true,"href":"https:\/\/believeindustry.company\/tr\/wp-json\/wp\/v2\/users\/2"}],"replies":[{"embeddable":true,"href":"https:\/\/believeindustry.company\/tr\/wp-json\/wp\/v2\/comments?post=9483"}],"version-history":[{"count":10,"href":"https:\/\/believeindustry.company\/tr\/wp-json\/wp\/v2\/pages\/9483\/revisions"}],"predecessor-version":[{"id":22052,"href":"https:\/\/believeindustry.company\/tr\/wp-json\/wp\/v2\/pages\/9483\/revisions\/22052"}],"up":[{"embeddable":true,"href":"https:\/\/believeindustry.company\/tr\/wp-json\/wp\/v2\/pages\/1257"}],"wp:featuredmedia":[{"embeddable":true,"href":"https:\/\/believeindustry.company\/tr\/wp-json\/wp\/v2\/media\/9491"}],"wp:attachment":[{"href":"https:\/\/believeindustry.company\/tr\/wp-json\/wp\/v2\/media?parent=9483"}],"wp:term":[{"taxonomy":"post_tag","embeddable":true,"href":"https:\/\/believeindustry.company\/tr\/wp-json\/wp\/v2\/tags?post=9483"}],"curies":[{"name":"wp","href":"https:\/\/api.w.org\/{rel}","templated":true}]}}