{"id":979,"date":"2018-05-23T18:49:11","date_gmt":"2018-05-23T10:49:11","guid":{"rendered":"https:\/\/believeindustry.company\/?page_id=979"},"modified":"2026-03-13T15:25:58","modified_gmt":"2026-03-13T07:25:58","slug":"celik-kapi-cercevesi-rulo-sekillendirme-makinesi","status":"publish","type":"page","link":"https:\/\/believeindustry.company\/tr\/roll-forming-machine\/steel-door-roll-forming-machine\/steel-door-frame-roll-forming-machine\/","title":{"rendered":"\u00c7elik Kap\u0131 \u00c7er\u00e7evesi Rulo \u015eekillendirme Makinesi"},"content":{"rendered":"<p>\u00c7elik Kap\u0131 \u00c7er\u00e7evesi Rulo \u015eekillendirme Makinesi, istenilen boyutlarda kap\u0131 \u00e7er\u00e7eveleri \u00fcretmek i\u00e7in kullan\u0131l\u0131r. \u00c7ok fonksiyonlu delme delikleri ve \u00e7er\u00e7eveye katlama i\u00e7in \u00e7entikler bulunur.<\/p>\n\n\n\n<!--more-->\n\n\n\n<h1 class=\"wp-block-heading\"><span style=\"font-size: 18pt;\">\u00c7elik Kap\u0131 \u00c7er\u00e7evesi Rulo \u015eekillendirme Makinesi<\/span><\/h1>\n\n\n\n<h2 class=\"wp-block-heading\"><span style=\"font-size: 14pt;\">\u00c7elik Kap\u0131 \u00c7er\u00e7evesi<\/span><\/h2>\n\n\n\n<p>\u00c7elik kap\u0131 \u00e7er\u00e7eveleri hafif, sa\u011flam olup 0,9-2,0 mm kal\u0131nl\u0131\u011f\u0131nda galvanizli \u00e7elikten \u00fcretilmi\u015ftir.<\/p>\n\n\n\n<p>\u00c7elik kap\u0131 \u00e7er\u00e7eveleri yayg\u0131n olarak kullan\u0131lmaktad\u0131r ve maliyet etkinli\u011fi nedeniyle ah\u015fap kap\u0131 \u00e7er\u00e7evelerine g\u00f6re daha \u00e7ok tercih edilmektedir; ayr\u0131ca montaj avantajlar\u0131 da bulunmaktad\u0131r. Metal kap\u0131 \u00e7er\u00e7eveleri in\u015faat s\u0131ras\u0131nda kolayca tak\u0131labilir veya sonradan monte edilebilir. Genel dayan\u0131kl\u0131l\u0131klar\u0131 ve y\u00fczey kaliteleri, onlar\u0131 ah\u015faba g\u00f6re daha pop\u00fcler ve genellikle daha uygun bir se\u00e7enek haline getirmektedir.<\/p>\n\n\n\n<p>\u00c7elik kap\u0131 \u00e7er\u00e7evelerinin 2 ana \u00e7e\u015fidi vard\u0131r:<\/p>\n\n\n\n<figure class=\"wp-block-image alignright\"><img fetchpriority=\"high\" decoding=\"async\" width=\"300\" height=\"176\" data-attachment-id=\"2229\" data-permalink=\"https:\/\/believeindustry.company\/tr\/roll-forming-machine\/steel-door-roll-forming-machine\/steel-door-frame-roll-forming-machine\/steel-door-frame\/\" data-orig-file=\"https:\/\/believeindustry.company\/wp-content\/uploads\/2018\/06\/Steel-Door-Frame.png\" data-orig-size=\"527,309\" data-comments-opened=\"1\" data-image-meta=\"{&quot;aperture&quot;:&quot;0&quot;,&quot;credit&quot;:&quot;&quot;,&quot;camera&quot;:&quot;&quot;,&quot;caption&quot;:&quot;&quot;,&quot;created_timestamp&quot;:&quot;0&quot;,&quot;copyright&quot;:&quot;&quot;,&quot;focal_length&quot;:&quot;0&quot;,&quot;iso&quot;:&quot;0&quot;,&quot;shutter_speed&quot;:&quot;0&quot;,&quot;title&quot;:&quot;&quot;,&quot;orientation&quot;:&quot;0&quot;}\" data-image-title=\"Steel Door Frame\" data-image-description=\"\" data-image-caption=\"\" data-large-file=\"https:\/\/believeindustry.company\/wp-content\/uploads\/2018\/06\/Steel-Door-Frame.png\" src=\"https:\/\/believeindustry.company\/wp-content\/uploads\/2018\/06\/Steel-Door-Frame-300x176.png\" alt=\"\u00c7elik Kap\u0131 \u00c7er\u00e7evesi\" class=\"wp-image-2229\" srcset=\"https:\/\/believeindustry.company\/wp-content\/uploads\/2018\/06\/Steel-Door-Frame-300x176.png 300w, https:\/\/believeindustry.company\/wp-content\/uploads\/2018\/06\/Steel-Door-Frame.png 527w\" sizes=\"(max-width: 300px) 100vw, 300px\" \/><figcaption><\/figcaption><\/figure>\n\n\n\n<ul class=\"wp-block-list\">\n<li>Tek Kanatl\u0131 Kap\u0131 \u00c7er\u00e7evesi, Kap\u0131lar yaln\u0131zca \u00e7er\u00e7evenin bir taraf\u0131na monte edilebilir.<\/li>\n\n\n\n<li>\u00c7ift Kanatl\u0131 Kap\u0131 \u00c7er\u00e7evesi, Kap\u0131lar kap\u0131 \u00e7er\u00e7evesinin her iki taraf\u0131na da monte edilebilir.<br><br>(L\u00fctfen sa\u011fdaki resme bak\u0131n\u0131z)<\/li>\n<\/ul>\n\n\n\n<h3 class=\"wp-block-heading\"><span style=\"font-size: 12pt;\">\u00c7elik Kap\u0131 \u00c7er\u00e7evesinin K\u00f6\u015feleri<\/span><\/h3>\n\n\n\n<figure class=\"wp-block-image alignleft\"><img decoding=\"async\" width=\"300\" height=\"207\" data-attachment-id=\"2231\" data-permalink=\"https:\/\/believeindustry.company\/tr\/roll-forming-machine\/steel-door-roll-forming-machine\/steel-door-frame-roll-forming-machine\/steel-door-frame-conrers\/\" data-orig-file=\"https:\/\/believeindustry.company\/wp-content\/uploads\/2018\/06\/steel-door-frame-conrers.jpg\" data-orig-size=\"983,677\" data-comments-opened=\"1\" data-image-meta=\"{&quot;aperture&quot;:&quot;0&quot;,&quot;credit&quot;:&quot;&quot;,&quot;camera&quot;:&quot;&quot;,&quot;caption&quot;:&quot;&quot;,&quot;created_timestamp&quot;:&quot;0&quot;,&quot;copyright&quot;:&quot;&quot;,&quot;focal_length&quot;:&quot;0&quot;,&quot;iso&quot;:&quot;0&quot;,&quot;shutter_speed&quot;:&quot;0&quot;,&quot;title&quot;:&quot;&quot;,&quot;orientation&quot;:&quot;0&quot;}\" data-image-title=\"steel door frame conrers\" data-image-description=\"\" data-image-caption=\"\" data-large-file=\"https:\/\/believeindustry.company\/wp-content\/uploads\/2018\/06\/steel-door-frame-conrers.jpg\" src=\"https:\/\/believeindustry.company\/wp-content\/uploads\/2018\/06\/steel-door-frame-conrers-300x207.jpg\" alt=\"\u00e7elik kap\u0131 \u00e7er\u00e7evesi k\u00f6\u015feleri \" class=\"wp-image-2231\" srcset=\"https:\/\/believeindustry.company\/wp-content\/uploads\/2018\/06\/steel-door-frame-conrers-300x207.jpg 300w, https:\/\/believeindustry.company\/wp-content\/uploads\/2018\/06\/steel-door-frame-conrers-600x413.jpg 600w, https:\/\/believeindustry.company\/wp-content\/uploads\/2018\/06\/steel-door-frame-conrers.jpg 983w\" sizes=\"(max-width: 300px) 100vw, 300px\" \/><figcaption><\/figcaption><\/figure>\n\n\n\n<ol class=\"wp-block-list\">\n<li>Birbirine s\u00fcrt\u00fcnm\u00fc\u015f, devrilmi\u015f eklem<\/li>\n\n\n\n<li>Kaynakl\u0131 Ba\u011flant\u0131<\/li>\n\n\n\n<li>K\u00f6\u015feli Birle\u015fim<\/li>\n\n\n\n<li>Nokta kaynakl\u0131 ba\u011flant\u0131<\/li>\n\n\n\n<li>K\u00f6\u015feli kaynakl\u0131<\/li>\n\n\n\n<li>En yeni tasar\u0131m, kendinden birle\u015ftirmeli. \u00c7elik kap\u0131 sekt\u00f6r\u00fcnde yayg\u0131n olarak kullan\u0131lmaktad\u0131r. Believe Industry Company, bu t\u00fcr kap\u0131 \u00e7er\u00e7evelerini \u00fcretmek i\u00e7in tamamen otomatik bir rulo \u015fekillendirme makinesine sahiptir.<\/li>\n<\/ol>\n\n\n\n<h2 class=\"wp-block-heading\"><span style=\"font-size: 14pt;\">\u00c7elik Kap\u0131 \u00c7er\u00e7evesi Rulo \u015eekillendirme Makinesi Bile\u015fenleri ve \u00d6zellikleri<\/span><\/h2>\n\n\n\n<h3 class=\"wp-block-heading\"><span style=\"font-size: 12pt;\">3 Tonluk Elektrikli Bobin A\u00e7\u0131c\u0131<\/span><\/h3>\n\n\n\n<figure class=\"wp-block-image alignright\"><img decoding=\"async\" width=\"225\" height=\"300\" data-attachment-id=\"2232\" data-permalink=\"https:\/\/believeindustry.company\/tr\/roll-forming-machine\/steel-door-roll-forming-machine\/steel-door-frame-roll-forming-machine\/2-4\/\" data-orig-file=\"https:\/\/believeindustry.company\/wp-content\/uploads\/2018\/06\/2.png\" data-orig-size=\"960,1280\" data-comments-opened=\"1\" data-image-meta=\"{&quot;aperture&quot;:&quot;0&quot;,&quot;credit&quot;:&quot;&quot;,&quot;camera&quot;:&quot;&quot;,&quot;caption&quot;:&quot;&quot;,&quot;created_timestamp&quot;:&quot;0&quot;,&quot;copyright&quot;:&quot;&quot;,&quot;focal_length&quot;:&quot;0&quot;,&quot;iso&quot;:&quot;0&quot;,&quot;shutter_speed&quot;:&quot;0&quot;,&quot;title&quot;:&quot;&quot;,&quot;orientation&quot;:&quot;0&quot;}\" data-image-title=\"Uncoiler\" data-image-description=\"\" data-image-caption=\"\" data-large-file=\"https:\/\/believeindustry.company\/wp-content\/uploads\/2018\/06\/2-768x1024.png\" src=\"https:\/\/believeindustry.company\/wp-content\/uploads\/2018\/06\/2-225x300.png\" alt=\"\u00c7elik Kap\u0131 Rulo \u015eekillendirme Makinesi A\u00e7\u0131c\u0131\" class=\"wp-image-2232\" srcset=\"https:\/\/believeindustry.company\/wp-content\/uploads\/2018\/06\/2-225x300.png 225w, https:\/\/believeindustry.company\/wp-content\/uploads\/2018\/06\/2-600x800.png 600w, https:\/\/believeindustry.company\/wp-content\/uploads\/2018\/06\/2-768x1024.png 768w, https:\/\/believeindustry.company\/wp-content\/uploads\/2018\/06\/2.png 960w\" sizes=\"(max-width: 225px) 100vw, 225px\" \/><figcaption><\/figcaption><\/figure>\n\n\n\n<ol class=\"wp-block-list\">\n<li>Yap\u0131 ve \u0130\u015flev: \u00c7elik levha ve kiri\u015f kaynakl\u0131 yap\u0131, kullan\u0131m amac\u0131:<br><br>\u00c7elik \u015feritlerin desteklenmesi ve a\u00e7\u0131lmas\u0131.<\/li>\n\n\n\n<li>Tip: \u00e7ift ba\u015fl\u0131kl\u0131 bobin a\u00e7\u0131c\u0131<\/li>\n\n\n\n<li>Dekoyler Mil Geni\u015flemesi ve Gerginli\u011fi: manuel ayar<\/li>\n\n\n\n<li>Geni\u015fleme Aral\u0131\u011f\u0131: 450-540 mm<\/li>\n\n\n\n<li>Bobin a\u00e7ma: elektrikli bobin a\u00e7ma<\/li>\n\n\n\n<li>Motor G\u00fcc\u00fc: 3 kW<\/li>\n\n\n\n<li>Maksimum Ta\u015f\u0131ma Kapasitesi: Her iki tarafta 2000 kg<\/li>\n\n\n\n<li>Bobin \u0130\u00e7 \u00c7ap\u0131: 508 mm; Maksimum Bobin D\u0131\u015f \u00c7ap\u0131: 1350 mm<\/li>\n<\/ol>\n\n\n\n<h3 class=\"wp-block-heading\"><span style=\"font-size: 12pt;\">Tesviye Makinesi<\/span><\/h3>\n\n\n\n<ol class=\"wp-block-list\">\n<li>Pn\u00f6matik sistem, silindirler aras\u0131ndaki bo\u015flu\u011fu ayarlar.<figure><figure><img loading=\"lazy\" decoding=\"async\" data-attachment-id=\"2233\" data-permalink=\"https:\/\/believeindustry.company\/tr\/roll-forming-machine\/steel-door-roll-forming-machine\/steel-door-frame-roll-forming-machine\/leveling-machine\/\" data-orig-file=\"https:\/\/believeindustry.company\/wp-content\/uploads\/2018\/06\/Leveling-Machine.png\" data-orig-size=\"960,1280\" data-comments-opened=\"1\" data-image-meta=\"{&quot;aperture&quot;:&quot;0&quot;,&quot;credit&quot;:&quot;&quot;,&quot;camera&quot;:&quot;&quot;,&quot;caption&quot;:&quot;&quot;,&quot;created_timestamp&quot;:&quot;0&quot;,&quot;copyright&quot;:&quot;&quot;,&quot;focal_length&quot;:&quot;0&quot;,&quot;iso&quot;:&quot;0&quot;,&quot;shutter_speed&quot;:&quot;0&quot;,&quot;title&quot;:&quot;&quot;,&quot;orientation&quot;:&quot;0&quot;}\" data-image-title=\"Leveling Machine\" data-image-description=\"\" data-image-caption=\"\" data-large-file=\"https:\/\/believeindustry.company\/wp-content\/uploads\/2018\/06\/Leveling-Machine-768x1024.png\" width=\"244\" height=\"324\" class=\"wp-image-2233 alignleft\" src=\"https:\/\/believeindustry.company\/wp-content\/uploads\/2018\/06\/Leveling-Machine-225x300.png\" alt=\"\" srcset=\"https:\/\/believeindustry.company\/wp-content\/uploads\/2018\/06\/Leveling-Machine-225x300.png 225w, https:\/\/believeindustry.company\/wp-content\/uploads\/2018\/06\/Leveling-Machine-600x800.png 600w, https:\/\/believeindustry.company\/wp-content\/uploads\/2018\/06\/Leveling-Machine-768x1024.png 768w, https:\/\/believeindustry.company\/wp-content\/uploads\/2018\/06\/Leveling-Machine.png 960w\" sizes=\"(max-width: 244px) 100vw, 244px\" \/><\/figure><\/figure><\/li>\n\n\n\n<li>Tip: 2 silindirli s\u0131k\u0131\u015ft\u0131rmal\u0131 besleme, 9 silindirli d\u00fczle\u015ftirme<\/li>\n\n\n\n<li>Tesviye Silindirinin \u00c7ap\u0131: 80 mm<\/li>\n\n\n\n<li>Tesviye Silindirinin Malzemesi: 40Cr, y\u00fcksek frekansl\u0131 sertle\u015ftirme<\/li>\n\n\n\n<li>Tesviye \u0130\u00e7in Motor G\u00fcc\u00fc: <b><b>3 kW <\/b><\/b>di\u015fli motoru<\/li>\n\n\n\n<li>Ana elektrik par\u00e7alar\u0131n\u0131n tamam\u0131 \u00fcnl\u00fc markalara aittir.<\/li>\n\n\n\n<li>Aktar\u0131m sistemi olarak di\u015fli \u00e7ark\u0131 tercih edin.<\/li>\n\n\n\n<li>Tesviye h\u0131z\u0131n\u0131n a\u00e7\u0131c\u0131yla senkronize olmas\u0131n\u0131 sa\u011flamak i\u00e7in limit anahtar\u0131.<\/li>\n<\/ol>\n\n\n\n<h3 class=\"wp-block-heading\"><span style=\"font-size: 12pt;\">\u00c7entik ve Delik A\u00e7ma<\/span><\/h3>\n\n\n\n<figure class=\"wp-block-image alignright\"><img loading=\"lazy\" decoding=\"async\" width=\"300\" height=\"169\" data-attachment-id=\"2234\" data-permalink=\"https:\/\/believeindustry.company\/tr\/roll-forming-machine\/steel-door-roll-forming-machine\/steel-door-frame-roll-forming-machine\/punch-device\/\" data-orig-file=\"https:\/\/believeindustry.company\/wp-content\/uploads\/2018\/06\/Punch-device.jpg\" data-orig-size=\"1280,720\" data-comments-opened=\"1\" data-image-meta=\"{&quot;aperture&quot;:&quot;0&quot;,&quot;credit&quot;:&quot;&quot;,&quot;camera&quot;:&quot;&quot;,&quot;caption&quot;:&quot;&quot;,&quot;created_timestamp&quot;:&quot;0&quot;,&quot;copyright&quot;:&quot;&quot;,&quot;focal_length&quot;:&quot;0&quot;,&quot;iso&quot;:&quot;0&quot;,&quot;shutter_speed&quot;:&quot;0&quot;,&quot;title&quot;:&quot;&quot;,&quot;orientation&quot;:&quot;1&quot;}\" data-image-title=\"Punch device\" data-image-description=\"\" data-image-caption=\"\" data-large-file=\"https:\/\/believeindustry.company\/wp-content\/uploads\/2018\/06\/Punch-device-1024x576.jpg\" src=\"https:\/\/believeindustry.company\/wp-content\/uploads\/2018\/06\/Punch-device-300x169.jpg\" alt=\"\u00c7elik Kap\u0131 \u00c7er\u00e7evesi Rulo \u015eekillendirme Makinesi Delme Cihaz\u0131\" class=\"wp-image-2234\" srcset=\"https:\/\/believeindustry.company\/wp-content\/uploads\/2018\/06\/Punch-device-300x169.jpg 300w, https:\/\/believeindustry.company\/wp-content\/uploads\/2018\/06\/Punch-device-600x338.jpg 600w, https:\/\/believeindustry.company\/wp-content\/uploads\/2018\/06\/Punch-device-1024x576.jpg 1024w, https:\/\/believeindustry.company\/wp-content\/uploads\/2018\/06\/Punch-device.jpg 1280w\" sizes=\"(max-width: 300px) 100vw, 300px\" \/><figcaption><\/figcaption><\/figure>\n\n\n\n<ol class=\"wp-block-list\">\n<li>Delme aleti, kolay k\u00f6\u015fe birle\u015ftirme (kendinden ge\u00e7meli) i\u00e7in \u00e7entikler a\u00e7mak ve destek, mente\u015fe ve kilitler i\u00e7in delikler a\u00e7mak i\u00e7in kullan\u0131l\u0131r.<\/li>\n\n\n\n<li>Servo motor g\u00fcc\u00fc: 1,9 kW; YASKAWA marka<\/li>\n\n\n\n<li>Delme Cihaz\u0131 Yap\u0131s\u0131: 4 k\u0131lavuzlu s\u00fctun tipi<\/li>\n\n\n\n<li>Delme Kal\u0131b\u0131: 1 set; Malzeme: SDK11, HRC58-62<\/li>\n\n\n\n<li>Hidrolik G\u00fc\u00e7: 11 kW; Hidrolik Bas\u0131n\u00e7: 20 MPa<\/li>\n\n\n\n<li>Elektromanyetik valf: Pekin HUADE<\/li>\n<\/ol>\n\n\n\n<h3 class=\"wp-block-heading\"><span style=\"font-size: 12pt;\">Rulo \u015eekillendirme Makinesi <\/span><\/h3>\n\n\n\n<figure class=\"wp-block-image alignleft\"><img loading=\"lazy\" decoding=\"async\" width=\"225\" height=\"300\" data-attachment-id=\"2236\" data-permalink=\"https:\/\/believeindustry.company\/tr\/roll-forming-machine\/steel-door-roll-forming-machine\/steel-door-frame-roll-forming-machine\/cof-4\/\" data-orig-file=\"https:\/\/believeindustry.company\/wp-content\/uploads\/2018\/06\/steel-frame-roll-forming-machine.jpg\" data-orig-size=\"2976,3968\" data-comments-opened=\"1\" data-image-meta=\"{&quot;aperture&quot;:&quot;2.2&quot;,&quot;credit&quot;:&quot;&quot;,&quot;camera&quot;:&quot;VIE-AL10&quot;,&quot;caption&quot;:&quot;cof&quot;,&quot;created_timestamp&quot;:&quot;1488805101&quot;,&quot;copyright&quot;:&quot;&quot;,&quot;focal_length&quot;:&quot;4.5&quot;,&quot;iso&quot;:&quot;160&quot;,&quot;shutter_speed&quot;:&quot;0.03&quot;,&quot;title&quot;:&quot;cof&quot;,&quot;orientation&quot;:&quot;0&quot;}\" data-image-title=\"steel frame roll forming\" data-image-description=\"\" data-image-caption=\"\" data-large-file=\"https:\/\/believeindustry.company\/wp-content\/uploads\/2018\/06\/steel-frame-roll-forming-machine-768x1024.jpg\" src=\"https:\/\/believeindustry.company\/wp-content\/uploads\/2018\/06\/steel-frame-roll-forming-machine-225x300.jpg\" alt=\"\u00e7elik kap\u0131 \u00e7er\u00e7evesi rulo \u015fekillendirme makinesi\" class=\"wp-image-2236\" srcset=\"https:\/\/believeindustry.company\/wp-content\/uploads\/2018\/06\/steel-frame-roll-forming-machine-225x300.jpg 225w, https:\/\/believeindustry.company\/wp-content\/uploads\/2018\/06\/steel-frame-roll-forming-machine-600x800.jpg 600w, https:\/\/believeindustry.company\/wp-content\/uploads\/2018\/06\/steel-frame-roll-forming-machine-768x1024.jpg 768w\" sizes=\"(max-width: 225px) 100vw, 225px\" \/><figcaption><\/figcaption><\/figure>\n\n\n\n<ul class=\"wp-block-list\">\n<li>Makine Yap\u0131s\u0131: Makine g\u00f6vdesinde H kiri\u015fli \u00e7elik kaynakl\u0131 \u00e7er\u00e7eve kullan\u0131lm\u0131\u015ft\u0131r.<\/li>\n\n\n\n<li>Makine taban\u0131na vidalanm\u0131\u015f, k\u0131lavuz direk tipi makaral\u0131 ayaklar.<\/li>\n\n\n\n<li>Silindir \u0130stasyonu: <b><b>22 \u015fekillendirme ad\u0131m\u0131<\/b><\/b><\/li>\n\n\n\n<li>Malzeme Kal\u0131nl\u0131\u011f\u0131:<b> 0.8-2.0<\/b><\/li>\n\n\n\n<li>Mil Malzemesi: 40Cr HB220-260; \u00c7ap: 75 mm<\/li>\n\n\n\n<li>Silindir Malzemesi: 45# \u00e7elik, hassas i\u015fleme; silindir y\u00fczeyi 0,05 mm&#039;den fazla krom kaplama kal\u0131nl\u0131\u011f\u0131na sahip.<\/li>\n\n\n\n<li>Ana Motor G\u00fcc\u00fc:<b><b><b>11 kW<\/b><\/b><\/b><\/li>\n\n\n\n<li><b><b>\u015eekillenme H\u0131z\u0131: <\/b><\/b><b><b><b>15-20 m\/dak<\/b><\/b><\/b><\/li>\n\n\n\n<li>Tahrik sistemi: Zincir ve di\u015fli<\/li>\n\n\n\n<li><b>H\u0131z Kontrol\u00fc: Frekans \u0130nvert\u00f6r\u00fc ile<\/b><\/li>\n<\/ul>\n\n\n\n<h3 class=\"wp-block-heading\"><span style=\"font-size: 12pt;\"><b><b>Kontrol Sistemi<\/b><\/b><\/span><\/h3>\n\n\n\n<figure class=\"wp-block-image alignright\"><img loading=\"lazy\" decoding=\"async\" width=\"225\" height=\"300\" data-attachment-id=\"2051\" data-permalink=\"https:\/\/believeindustry.company\/tr\/roll-forming-machine\/customized-profile-roll-forming-machine\/highway-guardrail-roll-forming-machine\/cof-2\/\" data-orig-file=\"https:\/\/believeindustry.company\/wp-content\/uploads\/2018\/06\/controlled-cabinet-2.jpg\" data-orig-size=\"2976,3968\" data-comments-opened=\"1\" data-image-meta=\"{&quot;aperture&quot;:&quot;2.2&quot;,&quot;credit&quot;:&quot;&quot;,&quot;camera&quot;:&quot;VIE-AL10&quot;,&quot;caption&quot;:&quot;cof&quot;,&quot;created_timestamp&quot;:&quot;1497688628&quot;,&quot;copyright&quot;:&quot;&quot;,&quot;focal_length&quot;:&quot;4.5&quot;,&quot;iso&quot;:&quot;200&quot;,&quot;shutter_speed&quot;:&quot;0.02&quot;,&quot;title&quot;:&quot;cof&quot;,&quot;orientation&quot;:&quot;0&quot;}\" data-image-title=\"PLC Controlled Cabinet\" data-image-description=\"\" data-image-caption=\"&lt;p&gt;The worker can set all the data of length, quantity, holes position on the touch screen which will controll the machnne&lt;\/p&gt;\" data-large-file=\"https:\/\/believeindustry.company\/wp-content\/uploads\/2018\/06\/controlled-cabinet-2-768x1024.jpg\" src=\"https:\/\/believeindustry.company\/wp-content\/uploads\/2018\/06\/controlled-cabinet-2-225x300.jpg\" alt=\"korkuluk makinesi kontroll\u00fc kabin\" class=\"wp-image-2051\" srcset=\"https:\/\/believeindustry.company\/wp-content\/uploads\/2018\/06\/controlled-cabinet-2-225x300.jpg 225w, https:\/\/believeindustry.company\/wp-content\/uploads\/2018\/06\/controlled-cabinet-2-600x800.jpg 600w, https:\/\/believeindustry.company\/wp-content\/uploads\/2018\/06\/controlled-cabinet-2-768x1024.jpg 768w\" sizes=\"(max-width: 225px) 100vw, 225px\" \/><figcaption><\/figcaption><\/figure>\n\n\n\n<ol class=\"wp-block-list\">\n<li>Kullan\u0131c\u0131lar \u00fcr\u00fcn\u00fcn uzunlu\u011funu ve miktar\u0131n\u0131 dokunmatik ekran \u00fczerinden girer; dokunmatik ekran makinenin \u00e7al\u0131\u015fma durumunu g\u00f6sterir.<\/li>\n\n\n\n<li>PLC Kontrol Kutusu: 700mm x 300mm x 1000mm (Uzunluk x Geni\u015flik x Y\u00fckseklik)<\/li>\n\n\n\n<li>Kontrol Sistemi: Panasonic PLC kontrol sistemi<\/li>\n\n\n\n<li>Kodlay\u0131c\u0131: Omron Markas\u0131<\/li>\n\n\n\n<li>\u0130nverter: Yaskawa Markas\u0131<\/li>\n\n\n\n<li>Dokunmatik Ekran: MCGS<\/li>\n\n\n\n<li>Hidrolik \u0130stasyonun Bas\u0131nc\u0131: \u226712 MPa<\/li>\n\n\n\n<li>Frekans ve Voltaj: m\u00fc\u015fterilerin standartlar\u0131na g\u00f6re<\/li>\n\n\n\n<li>Kablolar\u0131n kolayca ba\u011flanmas\u0131 i\u00e7in havac\u0131l\u0131k tipi fi\u015f kullan\u0131lm\u0131\u015ft\u0131r.<\/li>\n<\/ol>\n\n\n\n<p><a href=\"http:\/\/www.belirollforming.com\" target=\"_blank\" rel=\"noopener\">Believe Industry Company<\/a> Ayr\u0131ca ba\u015fka \u00e7elik kap\u0131 rulo \u015fekillendirme makinelerimiz de bulunmaktad\u0131r. <a href=\"https:\/\/believeindustry.company\/tr\/rulo-sekillendirme-makinesi\/celik-kapi-rulo-sekillendirme-makinesi\/garage-door-roll-forming-machine\/\">garaj kap\u0131s\u0131,<\/a> <a href=\"https:\/\/believeindustry.company\/tr\/rulo-sekillendirme-makinesi\/celik-kapi-rulo-sekillendirme-makinesi\/celik-panjur-citasi-rulo-sekillendirme-makinesi\/\">panjur lamelleri<\/a>, <a href=\"https:\/\/believeindustry.company\/tr\/rulo-sekillendirme-makinesi\/celik-kapi-rulo-sekillendirme-makinesi\/roller-shutter-door-track-roll-forming-machine\/\">kap\u0131 ray\u0131<\/a>, vesaire.<\/p>\n\n\n\n<p><a href=\"https:\/\/believeindustry.company\/tr\/bize-ulasin\/\">Bize Ula\u015f\u0131n<\/a> daha fazla bilgi i\u00e7in<\/p>","protected":false},"excerpt":{"rendered":"<p>\u00c7elik Kap\u0131 \u00c7er\u00e7evesi Rulo \u015eekillendirme Makinesi, istenilen boyutlarda kap\u0131 \u00e7er\u00e7eveleri \u00fcretmek i\u00e7in kullan\u0131l\u0131r. \u00c7ok fonksiyonlu delme delikleri ve \u00e7er\u00e7eveye katlama i\u00e7in \u00e7entikler bulunur.<\/p>","protected":false},"author":2,"featured_media":2235,"parent":809,"menu_order":4,"comment_status":"closed","ping_status":"closed","template":"","meta":{"_angie_page":false,"footnotes":"","big_sky_generated":false},"tags":[607849630,607846747],"class_list":["post-979","page","type-page","status-publish","has-post-thumbnail","hentry","tag-door-lines","tag-steel-door-roll-forming-machine"],"blocksy_meta":[],"jetpack_sharing_enabled":true,"jetpack_shortlink":"https:\/\/wp.me\/P9K5n8-fN","jetpack_likes_enabled":false,"jetpack-related-posts":[],"amp_enabled":true,"_links":{"self":[{"href":"https:\/\/believeindustry.company\/tr\/wp-json\/wp\/v2\/pages\/979","targetHints":{"allow":["GET"]}}],"collection":[{"href":"https:\/\/believeindustry.company\/tr\/wp-json\/wp\/v2\/pages"}],"about":[{"href":"https:\/\/believeindustry.company\/tr\/wp-json\/wp\/v2\/types\/page"}],"author":[{"embeddable":true,"href":"https:\/\/believeindustry.company\/tr\/wp-json\/wp\/v2\/users\/2"}],"replies":[{"embeddable":true,"href":"https:\/\/believeindustry.company\/tr\/wp-json\/wp\/v2\/comments?post=979"}],"version-history":[{"count":2,"href":"https:\/\/believeindustry.company\/tr\/wp-json\/wp\/v2\/pages\/979\/revisions"}],"predecessor-version":[{"id":20909,"href":"https:\/\/believeindustry.company\/tr\/wp-json\/wp\/v2\/pages\/979\/revisions\/20909"}],"up":[{"embeddable":true,"href":"https:\/\/believeindustry.company\/tr\/wp-json\/wp\/v2\/pages\/809"}],"wp:featuredmedia":[{"embeddable":true,"href":"https:\/\/believeindustry.company\/tr\/wp-json\/wp\/v2\/media\/2235"}],"wp:attachment":[{"href":"https:\/\/believeindustry.company\/tr\/wp-json\/wp\/v2\/media?parent=979"}],"wp:term":[{"taxonomy":"post_tag","embeddable":true,"href":"https:\/\/believeindustry.company\/tr\/wp-json\/wp\/v2\/tags?post=979"}],"curies":[{"name":"wp","href":"https:\/\/api.w.org\/{rel}","templated":true}]}}