{"id":1707,"date":"2018-05-10T14:36:48","date_gmt":"2018-05-10T06:36:48","guid":{"rendered":"https:\/\/believeindustry.company\/?post_type=product&#038;p=1707"},"modified":"2025-11-11T10:11:25","modified_gmt":"2025-11-11T02:11:25","slug":"tile-roll-forming-machine","status":"publish","type":"product","link":"https:\/\/believeindustry.company\/tr\/product\/tile-roll-forming-machine\/","title":{"rendered":"Karo Rulo \u015eekillendirme Makinesi"},"content":{"rendered":"<h1><span style=\"font-size: 18pt;\">Karo Rulo \u015eekillendirme Makinesi<\/span><\/h1>\n<p>Tile Roll Forming Machine is a whole automatic line to produce Tiles. The workers only need input the desired data( length, quantity, step length) on the touch screen.<\/p>\n<h2><span style=\"font-size: 14pt;\">Profile Drawings of Tiles<\/span><\/h2>\n<table style=\"height: 112px; width: 831px;\">\n<tbody>\n<tr>\n<td style=\"width: 95px;\">25-200-1000<\/td>\n<td style=\"width: 720px;\"><img fetchpriority=\"high\" decoding=\"async\" data-attachment-id=\"1699\" data-permalink=\"https:\/\/believeindustry.company\/tr\/?attachment_id=1699\" data-orig-file=\"https:\/\/believeindustry.company\/wp-content\/uploads\/2018\/05\/1000-steel-tile.jpg\" data-orig-size=\"750,112\" data-comments-opened=\"1\" data-image-meta=\"{&quot;aperture&quot;:&quot;0&quot;,&quot;credit&quot;:&quot;&quot;,&quot;camera&quot;:&quot;&quot;,&quot;caption&quot;:&quot;&quot;,&quot;created_timestamp&quot;:&quot;0&quot;,&quot;copyright&quot;:&quot;&quot;,&quot;focal_length&quot;:&quot;0&quot;,&quot;iso&quot;:&quot;0&quot;,&quot;shutter_speed&quot;:&quot;0&quot;,&quot;title&quot;:&quot;&quot;,&quot;orientation&quot;:&quot;0&quot;}\" data-image-title=\"1000 steel tile\" data-image-description=\"\" data-image-caption=\"\" data-large-file=\"https:\/\/believeindustry.company\/wp-content\/uploads\/2018\/05\/1000-steel-tile.jpg\" class=\"alignnone size-full wp-image-1699\" src=\"https:\/\/believeindustry.company\/wp-content\/uploads\/2018\/05\/1000-steel-tile.jpg\" alt=\"\" width=\"750\" height=\"112\" srcset=\"https:\/\/believeindustry.company\/wp-content\/uploads\/2018\/05\/1000-steel-tile.jpg 750w, https:\/\/believeindustry.company\/wp-content\/uploads\/2018\/05\/1000-steel-tile-600x90.jpg 600w, https:\/\/believeindustry.company\/wp-content\/uploads\/2018\/05\/1000-steel-tile-300x45.jpg 300w\" sizes=\"(max-width: 750px) 100vw, 750px\" \/><\/td>\n<\/tr>\n<tr>\n<td style=\"width: 95px;\">35-192-960<\/td>\n<td style=\"width: 720px;\"><img decoding=\"async\" data-attachment-id=\"1698\" data-permalink=\"https:\/\/believeindustry.company\/tr\/?attachment_id=1698\" data-orig-file=\"https:\/\/believeindustry.company\/wp-content\/uploads\/2018\/05\/960-steel-tile.jpg\" data-orig-size=\"750,112\" data-comments-opened=\"1\" data-image-meta=\"{&quot;aperture&quot;:&quot;0&quot;,&quot;credit&quot;:&quot;&quot;,&quot;camera&quot;:&quot;&quot;,&quot;caption&quot;:&quot;&quot;,&quot;created_timestamp&quot;:&quot;0&quot;,&quot;copyright&quot;:&quot;&quot;,&quot;focal_length&quot;:&quot;0&quot;,&quot;iso&quot;:&quot;0&quot;,&quot;shutter_speed&quot;:&quot;0&quot;,&quot;title&quot;:&quot;&quot;,&quot;orientation&quot;:&quot;0&quot;}\" data-image-title=\"960 steel tile\" data-image-description=\"\" data-image-caption=\"\" data-large-file=\"https:\/\/believeindustry.company\/wp-content\/uploads\/2018\/05\/960-steel-tile.jpg\" class=\"alignnone size-full wp-image-1698\" src=\"https:\/\/believeindustry.company\/wp-content\/uploads\/2018\/05\/960-steel-tile.jpg\" alt=\"\" width=\"750\" height=\"112\" srcset=\"https:\/\/believeindustry.company\/wp-content\/uploads\/2018\/05\/960-steel-tile.jpg 750w, https:\/\/believeindustry.company\/wp-content\/uploads\/2018\/05\/960-steel-tile-600x90.jpg 600w, https:\/\/believeindustry.company\/wp-content\/uploads\/2018\/05\/960-steel-tile-300x45.jpg 300w\" sizes=\"(max-width: 750px) 100vw, 750px\" \/><\/td>\n<\/tr>\n<tr>\n<td style=\"width: 95px;\">28-176-704<\/td>\n<td style=\"width: 720px;\"><img decoding=\"async\" data-attachment-id=\"1697\" data-permalink=\"https:\/\/believeindustry.company\/tr\/?attachment_id=1697\" data-orig-file=\"https:\/\/believeindustry.company\/wp-content\/uploads\/2018\/05\/704-steel-tile.jpg\" data-orig-size=\"750,127\" data-comments-opened=\"1\" data-image-meta=\"{&quot;aperture&quot;:&quot;0&quot;,&quot;credit&quot;:&quot;&quot;,&quot;camera&quot;:&quot;&quot;,&quot;caption&quot;:&quot;&quot;,&quot;created_timestamp&quot;:&quot;0&quot;,&quot;copyright&quot;:&quot;&quot;,&quot;focal_length&quot;:&quot;0&quot;,&quot;iso&quot;:&quot;0&quot;,&quot;shutter_speed&quot;:&quot;0&quot;,&quot;title&quot;:&quot;&quot;,&quot;orientation&quot;:&quot;0&quot;}\" data-image-title=\"704 steel tile\" data-image-description=\"\" data-image-caption=\"\" data-large-file=\"https:\/\/believeindustry.company\/wp-content\/uploads\/2018\/05\/704-steel-tile.jpg\" class=\"alignnone size-full wp-image-1697\" src=\"https:\/\/believeindustry.company\/wp-content\/uploads\/2018\/05\/704-steel-tile.jpg\" alt=\"\" width=\"750\" height=\"127\" srcset=\"https:\/\/believeindustry.company\/wp-content\/uploads\/2018\/05\/704-steel-tile.jpg 750w, https:\/\/believeindustry.company\/wp-content\/uploads\/2018\/05\/704-steel-tile-600x102.jpg 600w, https:\/\/believeindustry.company\/wp-content\/uploads\/2018\/05\/704-steel-tile-300x51.jpg 300w\" sizes=\"(max-width: 750px) 100vw, 750px\" \/><\/td>\n<\/tr>\n<tr>\n<td style=\"width: 95px;\">38-200-1000<\/td>\n<td style=\"width: 720px;\"><img loading=\"lazy\" decoding=\"async\" data-attachment-id=\"1696\" data-permalink=\"https:\/\/believeindustry.company\/tr\/?attachment_id=1696\" data-orig-file=\"https:\/\/believeindustry.company\/wp-content\/uploads\/2018\/05\/38-1000-steel-tile.jpg\" data-orig-size=\"750,132\" data-comments-opened=\"1\" data-image-meta=\"{&quot;aperture&quot;:&quot;0&quot;,&quot;credit&quot;:&quot;&quot;,&quot;camera&quot;:&quot;&quot;,&quot;caption&quot;:&quot;&quot;,&quot;created_timestamp&quot;:&quot;0&quot;,&quot;copyright&quot;:&quot;&quot;,&quot;focal_length&quot;:&quot;0&quot;,&quot;iso&quot;:&quot;0&quot;,&quot;shutter_speed&quot;:&quot;0&quot;,&quot;title&quot;:&quot;&quot;,&quot;orientation&quot;:&quot;0&quot;}\" data-image-title=\"38-1000 steel tile\" data-image-description=\"\" data-image-caption=\"\" data-large-file=\"https:\/\/believeindustry.company\/wp-content\/uploads\/2018\/05\/38-1000-steel-tile.jpg\" class=\"alignnone size-full wp-image-1696\" src=\"https:\/\/believeindustry.company\/wp-content\/uploads\/2018\/05\/38-1000-steel-tile.jpg\" alt=\"\u00e7elik karolar\" width=\"750\" height=\"132\" srcset=\"https:\/\/believeindustry.company\/wp-content\/uploads\/2018\/05\/38-1000-steel-tile.jpg 750w, https:\/\/believeindustry.company\/wp-content\/uploads\/2018\/05\/38-1000-steel-tile-600x106.jpg 600w, https:\/\/believeindustry.company\/wp-content\/uploads\/2018\/05\/38-1000-steel-tile-300x53.jpg 300w\" sizes=\"(max-width: 750px) 100vw, 750px\" \/><\/td>\n<\/tr>\n<\/tbody>\n<\/table>\n<h2><span style=\"font-size: 14pt;\">\u00a0Layout of Tile Roll Forming Machine<\/span><\/h2>\n<figure id=\"attachment_1700\" aria-describedby=\"caption-attachment-1700\" style=\"width: 720px\" class=\"wp-caption alignnone\"><img loading=\"lazy\" decoding=\"async\" data-attachment-id=\"1700\" data-permalink=\"https:\/\/believeindustry.company\/tr\/?attachment_id=1700\" data-orig-file=\"https:\/\/believeindustry.company\/wp-content\/uploads\/2018\/05\/metal-tile-roll-forming-precess.jpg\" data-orig-size=\"720,201\" data-comments-opened=\"1\" data-image-meta=\"{&quot;aperture&quot;:&quot;0&quot;,&quot;credit&quot;:&quot;&quot;,&quot;camera&quot;:&quot;&quot;,&quot;caption&quot;:&quot;&quot;,&quot;created_timestamp&quot;:&quot;0&quot;,&quot;copyright&quot;:&quot;&quot;,&quot;focal_length&quot;:&quot;0&quot;,&quot;iso&quot;:&quot;0&quot;,&quot;shutter_speed&quot;:&quot;0&quot;,&quot;title&quot;:&quot;&quot;,&quot;orientation&quot;:&quot;0&quot;}\" data-image-title=\"Layout of Steel Tile Roll Forming Machine\" data-image-description=\"\" data-image-caption=\"&lt;p&gt;The layout of steel tile roll forming machine is Uncoling, Roll Forming Machine, Punching Step, Cutting Off, Collecting&lt;\/p&gt;\" data-large-file=\"https:\/\/believeindustry.company\/wp-content\/uploads\/2018\/05\/metal-tile-roll-forming-precess.jpg\" class=\"size-full wp-image-1700\" src=\"https:\/\/believeindustry.company\/wp-content\/uploads\/2018\/05\/metal-tile-roll-forming-precess.jpg\" alt=\"\u00c7elik Karo Rulo \u015eekillendirme Makinesi S\u00fcreci\" width=\"720\" height=\"201\" srcset=\"https:\/\/believeindustry.company\/wp-content\/uploads\/2018\/05\/metal-tile-roll-forming-precess.jpg 720w, https:\/\/believeindustry.company\/wp-content\/uploads\/2018\/05\/metal-tile-roll-forming-precess-600x168.jpg 600w, https:\/\/believeindustry.company\/wp-content\/uploads\/2018\/05\/metal-tile-roll-forming-precess-300x84.jpg 300w\" sizes=\"(max-width: 720px) 100vw, 720px\" \/><figcaption id=\"caption-attachment-1700\" class=\"wp-caption-text\">The layout of Tile roll forming machine is uncoiling, Roll Forming Machine, Punching Step, Cutting Off, Collecting<\/figcaption><\/figure>\n<h2><span style=\"font-size: 14pt;\">Technical Parameters of Tile Roll Forming Machine<\/span><\/h2>\n<h3><span style=\"font-size: 12pt;\">5 Tonluk Hidrolik Bobin A\u00e7\u0131c\u0131<\/span><\/h3>\n<ol>\n<li>Besleme \u00fcnitesi, \u00fcretim hatt\u0131n\u0131n geri kalan\u0131ndan mekanik olarak ayr\u0131lm\u0131\u015ft\u0131r.<\/li>\n<li>Steel coil width:600-1250 mm<\/li>\n<li>Internal diameter of coil: \u00a0480 mm to 560 mm<\/li>\n<li>Maximal out diameter:1200mm<\/li>\n<li>Maksimum bobin ta\u015f\u0131ma kapasitesi: 5000 kg;<\/li>\n<li>\u00c7al\u0131\u015fma h\u0131z\u0131: 0-15 m\/dak ayarlanabilir.<\/li>\n<li>Ana motor g\u00fcc\u00fc: 5,5 kW AC motor<\/li>\n<li>Hidrolik g\u00fc\u00e7: 4 kW<\/li>\n<li>H\u0131z, Yaskawa marka frekans d\u00f6n\u00fc\u015ft\u00fcr\u00fcc\u00fc ile kontrol edilir.<\/li>\n<\/ol>\n<figure id=\"attachment_779\" aria-describedby=\"caption-attachment-779\" style=\"width: 509px\" class=\"wp-caption alignnone\"><img loading=\"lazy\" decoding=\"async\" data-attachment-id=\"779\" data-permalink=\"https:\/\/believeindustry.company\/tr\/roll-forming-machine\/metal-sheet-roll-forming-machine\/metal-roof-tile-roll-forming-machine\/hydraulic-uncoiler\/\" data-orig-file=\"https:\/\/believeindustry.company\/wp-content\/uploads\/2018\/03\/hydraulic-uncoiler.jpg\" data-orig-size=\"509,358\" data-comments-opened=\"1\" data-image-meta=\"{&quot;aperture&quot;:&quot;0&quot;,&quot;credit&quot;:&quot;&quot;,&quot;camera&quot;:&quot;&quot;,&quot;caption&quot;:&quot;&quot;,&quot;created_timestamp&quot;:&quot;0&quot;,&quot;copyright&quot;:&quot;&quot;,&quot;focal_length&quot;:&quot;0&quot;,&quot;iso&quot;:&quot;0&quot;,&quot;shutter_speed&quot;:&quot;0&quot;,&quot;title&quot;:&quot;&quot;,&quot;orientation&quot;:&quot;0&quot;}\" data-image-title=\"hydraulic uncoiler\" data-image-description=\"&lt;p&gt;The hydraulic uncoiler is an option and widely used in roll forming line.&lt;\/p&gt;\" data-image-caption=\"&lt;p&gt;Hydraulic expansion and electric uncoiling&lt;\/p&gt;\" data-large-file=\"https:\/\/believeindustry.company\/wp-content\/uploads\/2018\/03\/hydraulic-uncoiler.jpg\" class=\"size-full wp-image-779\" src=\"https:\/\/believeindustry.company\/wp-content\/uploads\/2018\/03\/hydraulic-uncoiler.jpg\" alt=\"Otomatik Hidrolik Bobin A\u00e7\u0131c\u0131\" width=\"509\" height=\"358\" srcset=\"https:\/\/believeindustry.company\/wp-content\/uploads\/2018\/03\/hydraulic-uncoiler.jpg 509w, https:\/\/believeindustry.company\/wp-content\/uploads\/2018\/03\/hydraulic-uncoiler-300x211.jpg 300w\" sizes=\"(max-width: 509px) 100vw, 509px\" \/><figcaption id=\"caption-attachment-779\" class=\"wp-caption-text\">Hydraulic expansion and electric uncoiling<\/figcaption><\/figure>\n<h3><span style=\"font-size: 12pt;\">Rulo \u015eekillendirme Makinesi<\/span><\/h3>\n<ol>\n<li>Structure: Adopt H beam steel and wall panel welded<\/li>\n<li>Rollers Station: 16 stations<\/li>\n<li>Diameter of Shaft: 75mm<\/li>\n<li>Mil Malzemesi: Y\u00fcksek kaliteli 45# \u00c7elik<\/li>\n<li>Material of Rollers: 45# Steel, chroming of 0.05mm thickness<\/li>\n<li>Motor Power: 7.5kw<\/li>\n<li>Power Transition: Chain and gear<\/li>\n<li>H\u0131z Kontrol\u00fc: Frekans d\u00f6n\u00fc\u015ft\u00fcr\u00fcc\u00fc ile<\/li>\n<li>\u015eekillendirme H\u0131z\u0131: 3-4 m\/dak (delme ve kesme i\u015flemleri hari\u00e7)<\/li>\n<li>Total weight: About8.5 tons<\/li>\n<\/ol>\n<figure id=\"attachment_1701\" aria-describedby=\"caption-attachment-1701\" style=\"width: 750px\" class=\"wp-caption alignnone\"><img loading=\"lazy\" decoding=\"async\" data-attachment-id=\"1701\" data-permalink=\"https:\/\/believeindustry.company\/tr\/?attachment_id=1701\" data-orig-file=\"https:\/\/believeindustry.company\/wp-content\/uploads\/2018\/05\/steel-tile-roll-forming.jpg\" data-orig-size=\"750,421\" data-comments-opened=\"1\" data-image-meta=\"{&quot;aperture&quot;:&quot;0&quot;,&quot;credit&quot;:&quot;&quot;,&quot;camera&quot;:&quot;&quot;,&quot;caption&quot;:&quot;&quot;,&quot;created_timestamp&quot;:&quot;0&quot;,&quot;copyright&quot;:&quot;&quot;,&quot;focal_length&quot;:&quot;0&quot;,&quot;iso&quot;:&quot;0&quot;,&quot;shutter_speed&quot;:&quot;0&quot;,&quot;title&quot;:&quot;&quot;,&quot;orientation&quot;:&quot;0&quot;}\" data-image-title=\"steel tile roll forming\" data-image-description=\"\" data-image-caption=\"&lt;p&gt;Steel Tile Roll forming Mill. Quality design and safety&lt;\/p&gt;\" data-large-file=\"https:\/\/believeindustry.company\/wp-content\/uploads\/2018\/05\/steel-tile-roll-forming.jpg\" class=\"size-full wp-image-1701\" src=\"https:\/\/believeindustry.company\/wp-content\/uploads\/2018\/05\/steel-tile-roll-forming.jpg\" alt=\"\u00e7elik karo rulo \u015fekillendirme\" width=\"750\" height=\"421\" srcset=\"https:\/\/believeindustry.company\/wp-content\/uploads\/2018\/05\/steel-tile-roll-forming.jpg 750w, https:\/\/believeindustry.company\/wp-content\/uploads\/2018\/05\/steel-tile-roll-forming-600x337.jpg 600w, https:\/\/believeindustry.company\/wp-content\/uploads\/2018\/05\/steel-tile-roll-forming-300x168.jpg 300w\" sizes=\"(max-width: 750px) 100vw, 750px\" \/><figcaption id=\"caption-attachment-1701\" class=\"wp-caption-text\">Tile Roll forming Mill. Quality design and safety<\/figcaption><\/figure>\n<h3><span style=\"font-size: 12pt;\">Delme Ad\u0131mlar\u0131 ve Kesme \u00dcnitesi<\/span><\/h3>\n<ol>\n<li>Z\u0131mbalama makineleri tek bir hidrolik \u00fcniteye ba\u011flanacakt\u0131r. Bu \u00fcnite tank, motor, pompa, bas\u0131n\u00e7 kontrol vanalar\u0131, bas\u0131n\u00e7 g\u00f6stergeleri, solenoid vanalar ve hidrolik hortumlardan olu\u015fmaktad\u0131r. Bunlar\u0131n t\u00fcm\u00fc, gerekli \u00e7al\u0131\u015fma bas\u0131nc\u0131nda g\u00fcvenli bir \u015fekilde \u00e7al\u0131\u015facak \u015fekilde tasarlanm\u0131\u015ft\u0131r.<\/li>\n<li>Z\u0131mbalar\u0131n malzemesi: Cr12, HRC 58-62, krom kaplama.<\/li>\n<li>Hidrolik g\u00fc\u00e7: 7,5 kW<\/li>\n<li>\u00c7al\u0131\u015fma bas\u0131nc\u0131: 12-16 MPa<\/li>\n<li>Delme Kal\u0131plar\u0131: 1 grup<\/li>\n<li>Kesme kal\u0131b\u0131: 1 grup<\/li>\n<li>Kesme ve delme i\u015flemlerini tek bir cihazda birle\u015ftirdik.<\/li>\n<\/ol>\n<figure id=\"attachment_1702\" aria-describedby=\"caption-attachment-1702\" style=\"width: 750px\" class=\"wp-caption alignnone\"><img loading=\"lazy\" decoding=\"async\" data-attachment-id=\"1702\" data-permalink=\"https:\/\/believeindustry.company\/tr\/?attachment_id=1702\" data-orig-file=\"https:\/\/believeindustry.company\/wp-content\/uploads\/2018\/05\/punch-and-cutting-of-steel-tile-roll-forming-machine.jpg\" data-orig-size=\"750,421\" data-comments-opened=\"1\" data-image-meta=\"{&quot;aperture&quot;:&quot;0&quot;,&quot;credit&quot;:&quot;&quot;,&quot;camera&quot;:&quot;&quot;,&quot;caption&quot;:&quot;&quot;,&quot;created_timestamp&quot;:&quot;0&quot;,&quot;copyright&quot;:&quot;&quot;,&quot;focal_length&quot;:&quot;0&quot;,&quot;iso&quot;:&quot;0&quot;,&quot;shutter_speed&quot;:&quot;0&quot;,&quot;title&quot;:&quot;&quot;,&quot;orientation&quot;:&quot;0&quot;}\" data-image-title=\"punch and cutting of steel tile roll forming machine\" data-image-description=\"\" data-image-caption=\"&lt;p&gt;Punch and Cutting Unit for punch the sheet into tiles and then cut off the tiles into desired length&lt;\/p&gt;\" data-large-file=\"https:\/\/believeindustry.company\/wp-content\/uploads\/2018\/05\/punch-and-cutting-of-steel-tile-roll-forming-machine.jpg\" class=\"size-full wp-image-1702\" src=\"https:\/\/believeindustry.company\/wp-content\/uploads\/2018\/05\/punch-and-cutting-of-steel-tile-roll-forming-machine.jpg\" alt=\"\u00e7elik karo rulo \u015fekillendirme makinesi\" width=\"750\" height=\"421\" srcset=\"https:\/\/believeindustry.company\/wp-content\/uploads\/2018\/05\/punch-and-cutting-of-steel-tile-roll-forming-machine.jpg 750w, https:\/\/believeindustry.company\/wp-content\/uploads\/2018\/05\/punch-and-cutting-of-steel-tile-roll-forming-machine-600x337.jpg 600w, https:\/\/believeindustry.company\/wp-content\/uploads\/2018\/05\/punch-and-cutting-of-steel-tile-roll-forming-machine-300x168.jpg 300w\" sizes=\"(max-width: 750px) 100vw, 750px\" \/><figcaption id=\"caption-attachment-1702\" class=\"wp-caption-text\">Sac levhay\u0131 karo \u015feklinde delmek ve ard\u0131ndan karolar\u0131 istenilen uzunlukta kesmek i\u00e7in kullan\u0131lan delme ve kesme \u00fcnitesi.<\/figcaption><\/figure>\n<p>&nbsp;<\/p>\n<h3><span style=\"font-size: 12pt;\">Hidrolik istasyon<\/span><\/h3>\n<ol>\n<li>Hidrolik g\u00fc\u00e7: 7,5 kW<\/li>\n<li>Working pressure: 12-16 Mpa adjustable<\/li>\n<li>Solenoid valf: Pekin Huade<\/li>\n<li>Hidrolik ya\u011f: 46# hidrolik ya\u011f<\/li>\n<\/ol>\n<h3><span style=\"font-size: 12pt;\">Kontrol Sistemi<\/span><\/h3>\n<ol>\n<li>\u0130\u015f\u00e7i, dokunmatik ekran arac\u0131l\u0131\u011f\u0131yla \u00fcr\u00fcn\u00fcn uzunlu\u011funu ve miktar\u0131n\u0131 girer (toplam 20 grup). Dokunmatik ekran, makinenin \u00e7al\u0131\u015fma durumunu g\u00f6sterir.<\/li>\n<li>Bilgisayar Kontrol Sistemi: Panasonic PLC<\/li>\n<li>Encoder: Omron brand<\/li>\n<li>Frekans D\u00f6n\u00fc\u015ft\u00fcr\u00fcc\u00fc: Yaskawa<\/li>\n<li>Dokunmatik Ekran: MCSG<\/li>\n<li>PLC Brand: Panasonic brand<\/li>\n<li>Controlled System Power: Overloadprotection<\/li>\n<li>Voltage: 380V, 50Hz, 3Phase<\/li>\n<\/ol>\n<p><a href=\"http:\/\/www.belirollform.com\" target=\"_blank\" rel=\"noopener\">Believe Industry Company<\/a> also have roll forming machines for <a href=\"https:\/\/believeindustry.company\/tr\/cati-kaplama-levhasi-rulo-sekillendirme-makinesi-fiyati\/\">Roofing Sheets<\/a>, \u00a0<a href=\"https:\/\/believeindustry.company\/tr\/rulo-sekillendirme-makinesi\/ozellestirilmis-profil-rulo-sekillendirme-makinesi\/kompozit-zemin-kaplama-rulo-sekillendirme-makinesi\/\">Zemin Kaplamas\u0131<\/a>, <a href=\"https:\/\/believeindustry.company\/tr\/rulo-sekillendirme-makinesi\/ozellestirilmis-profil-rulo-sekillendirme-makinesi\/kompozit-zemin-kaplama-rulo-sekillendirme-makinesi\/\">Ya\u011fmur olu\u011fu<\/a>, And also <a href=\"https:\/\/believeindustry.company\/tr\/ozel-rulo-sekillendirme-makinesi\/\">\u00f6zel rulo \u015fekillendirme makinesi<\/a> \u00d6zel gereksinimler i\u00e7in tasarlanm\u0131\u015ft\u0131r.<\/p>\n<p>&nbsp;<\/p>\n<p>&nbsp;<\/p>","protected":false},"excerpt":{"rendered":"<p>Tile Roll Forming Machine Tile Roll Forming Machine is a whole automatic line to produce Tiles. The workers only need input the desired data( length, quantity, step length) on the touch screen. Profile Drawings of Tiles 25-200-1000 35-192-960 28-176-704 38-200-1000 \u00a0Layout of Tile Roll Forming Machine Technical Parameters of Tile Roll Forming Machine 5 Ton [&hellip;]<\/p>\n","protected":false},"featured_media":1708,"comment_status":"closed","ping_status":"closed","template":"","meta":{"_angie_page":false,"jetpack_publicize_message":"","jetpack_publicize_feature_enabled":true,"jetpack_social_post_already_shared":true,"jetpack_social_options":{"image_generator_settings":{"template":"highway","default_image_id":0,"font":"","enabled":false},"version":2},"_wpas_customize_per_network":false},"product_brand":[607850681],"product_cat":[607850689],"product_tag":[607846169,607846170,607846171,607846122,607846166,607846168,607846167,607846172],"class_list":{"0":"post-1707","1":"product","2":"type-product","3":"status-publish","4":"has-post-thumbnail","6":"product_brand-believe-industry-company","7":"product_cat-metal-panel","8":"product_tag-glazed-tile-roll-forming-machine","9":"product_tag-metal-tile-roll-forming-machine","10":"product_tag-roof-tile-roll-forming-machine","11":"product_tag-steel-roll-forming-machine","12":"product_tag-steel-tile-roll-forming-machine","13":"product_tag-step-tile-roll-forming-machine","14":"product_tag-tile-roll-forming-machine","15":"product_tag-tile-roll-forming-machine-supplier","17":"first","18":"instock","19":"sale","20":"shipping-taxable","21":"purchasable","22":"product-type-simple"},"jetpack_publicize_connections":[],"jetpack_sharing_enabled":true,"jetpack_likes_enabled":false,"jetpack-related-posts":[],"amp_enabled":true,"_links":{"self":[{"href":"https:\/\/believeindustry.company\/tr\/wp-json\/wp\/v2\/product\/1707","targetHints":{"allow":["GET"]}}],"collection":[{"href":"https:\/\/believeindustry.company\/tr\/wp-json\/wp\/v2\/product"}],"about":[{"href":"https:\/\/believeindustry.company\/tr\/wp-json\/wp\/v2\/types\/product"}],"replies":[{"embeddable":true,"href":"https:\/\/believeindustry.company\/tr\/wp-json\/wp\/v2\/comments?post=1707"}],"version-history":[{"count":1,"href":"https:\/\/believeindustry.company\/tr\/wp-json\/wp\/v2\/product\/1707\/revisions"}],"predecessor-version":[{"id":19339,"href":"https:\/\/believeindustry.company\/tr\/wp-json\/wp\/v2\/product\/1707\/revisions\/19339"}],"wp:featuredmedia":[{"embeddable":true,"href":"https:\/\/believeindustry.company\/tr\/wp-json\/wp\/v2\/media\/1708"}],"wp:attachment":[{"href":"https:\/\/believeindustry.company\/tr\/wp-json\/wp\/v2\/media?parent=1707"}],"wp:term":[{"taxonomy":"product_brand","embeddable":true,"href":"https:\/\/believeindustry.company\/tr\/wp-json\/wp\/v2\/product_brand?post=1707"},{"taxonomy":"product_cat","embeddable":true,"href":"https:\/\/believeindustry.company\/tr\/wp-json\/wp\/v2\/product_cat?post=1707"},{"taxonomy":"product_tag","embeddable":true,"href":"https:\/\/believeindustry.company\/tr\/wp-json\/wp\/v2\/product_tag?post=1707"}],"curies":[{"name":"wp","href":"https:\/\/api.w.org\/{rel}","templated":true}]}}