{"id":1760,"date":"2018-05-14T16:15:53","date_gmt":"2018-05-14T08:15:53","guid":{"rendered":"https:\/\/believeindustry.company\/?post_type=product&#038;p=1760"},"modified":"2025-11-11T10:11:10","modified_gmt":"2025-11-11T02:11:10","slug":"686-ibr-sac-rulo-sekillendirme-makinesi","status":"publish","type":"product","link":"https:\/\/believeindustry.company\/tr\/product\/686-ibr-sheet-roll-forming-machine\/","title":{"rendered":"686 IBR Sac Rulo \u015eekillendirme Makinesi"},"content":{"rendered":"<h1><span style=\"font-size: 18pt;\">686 IBR Sac Rulo \u015eekillendirme Makinesi<\/span><\/h1>\n<p>686 IBR Sheet Roll Forming Machine is a whole line to produce IBR sheets as desired length.<\/p>\n<h2><span style=\"font-size: 14pt;\">IBR levha \u00e7izimi<\/span><\/h2>\n<figure id=\"attachment_1761\" aria-describedby=\"caption-attachment-1761\" style=\"width: 681px\" class=\"wp-caption alignnone\"><img fetchpriority=\"high\" decoding=\"async\" data-attachment-id=\"1761\" data-permalink=\"https:\/\/believeindustry.company\/tr\/?attachment_id=1761\" data-orig-file=\"https:\/\/believeindustry.company\/wp-content\/uploads\/2018\/05\/686IBR-sheet.png\" data-orig-size=\"681,197\" data-comments-opened=\"1\" data-image-meta=\"{&quot;aperture&quot;:&quot;0&quot;,&quot;credit&quot;:&quot;&quot;,&quot;camera&quot;:&quot;&quot;,&quot;caption&quot;:&quot;&quot;,&quot;created_timestamp&quot;:&quot;0&quot;,&quot;copyright&quot;:&quot;&quot;,&quot;focal_length&quot;:&quot;0&quot;,&quot;iso&quot;:&quot;0&quot;,&quot;shutter_speed&quot;:&quot;0&quot;,&quot;title&quot;:&quot;&quot;,&quot;orientation&quot;:&quot;0&quot;}\" data-image-title=\"686IBR sheet\" data-image-description=\"\" data-image-caption=\"\" data-large-file=\"https:\/\/believeindustry.company\/wp-content\/uploads\/2018\/05\/686IBR-sheet.png\" class=\"size-full wp-image-1761\" src=\"https:\/\/believeindustry.company\/wp-content\/uploads\/2018\/05\/686IBR-sheet.png\" alt=\"IBR levhas\u0131\" width=\"681\" height=\"197\" srcset=\"https:\/\/believeindustry.company\/wp-content\/uploads\/2018\/05\/686IBR-sheet.png 681w, https:\/\/believeindustry.company\/wp-content\/uploads\/2018\/05\/686IBR-sheet-600x174.png 600w, https:\/\/believeindustry.company\/wp-content\/uploads\/2018\/05\/686IBR-sheet-300x87.png 300w\" sizes=\"(max-width: 681px) 100vw, 681px\" \/><figcaption id=\"caption-attachment-1761\" class=\"wp-caption-text\">686 tipi IBR sac levha G\u00fcney Afrika&#039;da kullan\u0131lmaktad\u0131r.<\/figcaption><\/figure>\n<h2><span style=\"font-size: 14pt;\">Technical Specifications of 686 IBR Sheet Roll Forming Machine<\/span><\/h2>\n<h3><span style=\"font-size: 12pt;\">IBR Sac Rulo \u015eekillendirme Makinesinin Yerle\u015fim Plan\u0131<\/span><\/h3>\n<figure id=\"attachment_1763\" aria-describedby=\"caption-attachment-1763\" style=\"width: 629px\" class=\"wp-caption alignnone\"><img decoding=\"async\" data-attachment-id=\"1763\" data-permalink=\"https:\/\/believeindustry.company\/tr\/?attachment_id=1763\" data-orig-file=\"https:\/\/believeindustry.company\/wp-content\/uploads\/2018\/05\/ibr-sheet-roll-forming-machine-layout.jpg\" data-orig-size=\"629,153\" data-comments-opened=\"1\" data-image-meta=\"{&quot;aperture&quot;:&quot;0&quot;,&quot;credit&quot;:&quot;&quot;,&quot;camera&quot;:&quot;&quot;,&quot;caption&quot;:&quot;&quot;,&quot;created_timestamp&quot;:&quot;0&quot;,&quot;copyright&quot;:&quot;&quot;,&quot;focal_length&quot;:&quot;0&quot;,&quot;iso&quot;:&quot;0&quot;,&quot;shutter_speed&quot;:&quot;0&quot;,&quot;title&quot;:&quot;&quot;,&quot;orientation&quot;:&quot;0&quot;}\" data-image-title=\"ibr sheet roll forming machine layout\" data-image-description=\"\" data-image-caption=\"&lt;p&gt;Uncoiling&amp;#8211;Feeding and Guiding&amp;#8211;Roll Forming&amp;#8211;Cutting&amp;#8211;Collecting&lt;\/p&gt;\" data-large-file=\"https:\/\/believeindustry.company\/wp-content\/uploads\/2018\/05\/ibr-sheet-roll-forming-machine-layout.jpg\" class=\"size-full wp-image-1763\" src=\"https:\/\/believeindustry.company\/wp-content\/uploads\/2018\/05\/ibr-sheet-roll-forming-machine-layout.jpg\" alt=\"IBR sac rulo \u015fekillendirme makinesinin yerle\u015fim plan\u0131\" width=\"629\" height=\"153\" srcset=\"https:\/\/believeindustry.company\/wp-content\/uploads\/2018\/05\/ibr-sheet-roll-forming-machine-layout.jpg 629w, https:\/\/believeindustry.company\/wp-content\/uploads\/2018\/05\/ibr-sheet-roll-forming-machine-layout-600x146.jpg 600w, https:\/\/believeindustry.company\/wp-content\/uploads\/2018\/05\/ibr-sheet-roll-forming-machine-layout-300x73.jpg 300w\" sizes=\"(max-width: 629px) 100vw, 629px\" \/><figcaption id=\"caption-attachment-1763\" class=\"wp-caption-text\">Sarmal A\u00e7ma\u2013Besleme ve Y\u00f6nlendirme\u2013Rulo \u015eekillendirme\u2013Kesme\u2013Toplama<\/figcaption><\/figure>\n<h3><span style=\"font-size: 12pt;\">M\/C of 686 IBR Sheet Roll Forming Machine<\/span><\/h3>\n<ol>\n<li>Hidrolik Bobin A\u00e7\u0131c\u0131<\/li>\n<li>Rulo \u015eekillendirme Makinesi<\/li>\n<li>Kesme \u00dcnitesi<\/li>\n<li>Koleksiyon Tablosu<\/li>\n<li>Hidrolik \u0130stasyon<\/li>\n<li>Kontrol Kutusu<\/li>\n<li>Otomatik Diki\u015f Makinesi<\/li>\n<\/ol>\n<p>Specifications of 686 IBR Sheet Roll Forming Machine<\/p>\n<h4><span style=\"font-size: 12pt;\">5T hydraulic Uncoiler <\/span><\/h4>\n<ol>\n<li>Besleme \u00fcnitesi, \u00fcretim hatt\u0131n\u0131n geri kalan\u0131ndan mekanik olarak ayr\u0131lm\u0131\u015ft\u0131r.<\/li>\n<li>Coil holder: Hydraulic mechanism for securing the coiled steel in the device, suitable for the required coil weight;<\/li>\n<li>Steel coil width:914 MM<\/li>\n<li>Internal diameter of coil: Variable, from 480 mm to 560 mm<\/li>\n<li>Maximal out diameter:1200mm<\/li>\n<li>Maksimum bobin ta\u015f\u0131ma kapasitesi: 5000 kg;<\/li>\n<li>Working speed: 0-15m\/min adjustable<\/li>\n<li>Main motor power: 5.5KW AC motor<\/li>\n<\/ol>\n<h4><a href=\"https:\/\/believeindustry.company\/tr\/roll-forming-equipment\/\">Rulo \u015eekillendirme Makinesi<\/a><\/h4>\n<ol>\n<li>Machine base frame adopt H beam and 20 mm steel plate\u00a0welded<\/li>\n<li>Roll station: 18<\/li>\n<li>Silindir malzemesi: 45# (ASTM 1045) \u00e7elik, krom kaplama y\u00fczey, 58-62 derece sertlik, CNC.,<\/li>\n<li>Mil \u00e7ap\u0131: 80 mm, 45# (ASTM1045) \u00e7elik<\/li>\n<li>T\u00fcm ara par\u00e7alar\u0131n y\u00fczeyleri krom kapl\u0131d\u0131r.<\/li>\n<li>Ana motor g\u00fcc\u00fc: 7,5 kW<\/li>\n<li>Aktar\u0131m: 1,0 in\u00e7 zincir<\/li>\n<li>Kazalar\u0131 \u00f6nlemek i\u00e7in, t\u00fcm tahrik par\u00e7alar\u0131 koruyucu kapaklarla donat\u0131lm\u0131\u015ft\u0131r.<\/li>\n<li>Line speed: Max. 15m\/min, not include cutting.<\/li>\n<li>Kazalar\u0131 \u00f6nlemek i\u00e7in, t\u00fcm tahrik par\u00e7alar\u0131 koruyucu kapaklarla donat\u0131lm\u0131\u015ft\u0131r.<\/li>\n<\/ol>\n<h4>Kesme Aleti<\/h4>\n<ol>\n<li>Kesme tipi: Hidrolik, delme hidrolik \u00fcnitesine ba\u011flan\u0131r.<\/li>\n<li>B\u0131\u00e7ak malzemesi: Is\u0131l i\u015flem g\u00f6rm\u00fc\u015f Cr12, 58-62<\/li>\n<li>Uzunluk \u00f6l\u00e7\u00fcm\u00fc: Otomatik kodlay\u0131c\u0131 uzunluk \u00f6l\u00e7\u00fcm\u00fc, marka: Omron<\/li>\n<li>Uzunluk tolerans\u0131: Her bir nihai \u00fcr\u00fcn i\u00e7in +\/- 1,5 mm.<\/li>\n<\/ol>\n<h4>So\u011futma fanl\u0131 hidrolik istasyon<\/h4>\n<ol>\n<li>Hidrolik g\u00fc\u00e7: 4 kW<\/li>\n<li>\u00c7al\u0131\u015fma bas\u0131nc\u0131: 12-16 MPa ayarlanabilir<\/li>\n<li>Hidrolik ya\u011f: 46# hidrolik ya\u011f<\/li>\n<li>Solenoid kapak: 2 grup<\/li>\n<\/ol>\n<h4>\u00c7\u0131kt\u0131 tablosu<\/h4>\n<ol>\n<li>Kesilmi\u015f profillerin teslim al\u0131nmas\u0131 i\u00e7in masa: Kesilmi\u015f profillerin serbest\u00e7e bo\u015falt\u0131lmas\u0131n\u0131 sa\u011flayan makaral\u0131 ta\u015f\u0131y\u0131c\u0131ya sahiptir.<\/li>\n<li>Kesilmi\u015f profillerin bulundu\u011fu masadan bitmi\u015f \u00fcr\u00fcnlerin bo\u015falt\u0131lmas\u0131: Manuel<\/li>\n<li>\u00c7er\u00e7eve: Boru ile kaynaklama<\/li>\n<li>Size: About 2.0m long*0.6mwide*0.9mhigh<\/li>\n<li>(Son tasar\u0131ma g\u00f6re) birka\u00e7 destek tekerle\u011fi olan tek bir masa<\/li>\n<li>Destekleyici silindir: Kromlu ASTM 1045<\/li>\n<li>Silindirlerin \u00e7ap\u0131: 55 mm<\/li>\n<li>Renk: Mavi veya m\u00fc\u015fteri iste\u011fine g\u00f6re<\/li>\n<\/ol>\n<h4>Kontrol Sistemi<\/h4>\n<ol>\n<li>Kesme program\u0131n\u0131n tamamlanmas\u0131n\u0131n ard\u0131ndan ekipman\u0131n otomatik olarak durdurulmas\u0131.<\/li>\n<li>\u0130\u015fletim sistemi dili: \u0130ngilizce ve \u00c7ince.<\/li>\n<li>Gerilim, frekans, faz: 415V, 50 Hz, 3 Faz<\/li>\n<li>Uzunluktaki hassasiyet hatalar\u0131 kolayca d\u00fczeltilebilir.<\/li>\n<li>Kontrol paneli: D\u00fc\u011fme tipi anahtar ve dokunmatik ekran (MCGS)<\/li>\n<li>\u00d6l\u00e7\u00fc birimi: Milimetre (kontrol panelinden de\u011fi\u015ftirilebilir)<\/li>\n<li>PLC brand: Panasonic<\/li>\n<li>Frekans d\u00f6n\u00fc\u015ft\u00fcr\u00fcc\u00fc markas\u0131: Yaskawa<\/li>\n<li>Omron kodlay\u0131c\u0131<\/li>\n<li>Ba\u015fl\u0131ca elektrik bile\u015fenleri: Schneider<\/li>\n<li>Kablolar\u0131 kolayca ba\u011flamak i\u00e7in havac\u0131l\u0131k tipi ba\u011flant\u0131 fi\u015fleri kullan\u0131n.<\/li>\n<\/ol>\n<p><a href=\"http:\/\/www.belirollform.com\" target=\"_blank\" rel=\"noopener\">Believe Industry Company<\/a>farkl\u0131 tasar\u0131mlara sahip olmak <a href=\"https:\/\/believeindustry.company\/tr\/rulo-sekillendirme-makinesi\/metal-levha-rulo-sekillendirme-makinesi\/ibr-sheet-roll-forming-machine\/\">IBR sac rulo \u015fekillendirme makinesi<\/a>, ve ayr\u0131ca \u00e7e\u015fitli t\u00fcrleri de var. <a href=\"https:\/\/believeindustry.company\/tr\/ozel-rulo-sekillendirme-makinesi\/\">\u00f6zel rulo \u015fekillendirme makinesi<\/a>. Hemen bizimle ileti\u015fime ge\u00e7in.<\/p>\n<p>&nbsp;<\/p>\n<p>&nbsp;<\/p>\n<p>&nbsp;<\/p>\n<p>&nbsp;<\/p>","protected":false},"excerpt":{"rendered":"<p>686 IBR Sheet Roll Forming Machine 686 IBR Sheet Roll Forming Machine is a whole line to produce IBR sheets as desired length. IBR sheet drawing Technical Specifications of 686 IBR Sheet Roll Forming Machine Layout of IBR Sheet Roll Forming Machine M\/C of 686 IBR Sheet Roll Forming Machine Hydraulic Uncoiler Roll Forming Machine [&hellip;]<\/p>\n","protected":false},"featured_media":1764,"comment_status":"closed","ping_status":"closed","template":"","meta":{"_angie_page":false,"jetpack_publicize_message":"","jetpack_publicize_feature_enabled":true,"jetpack_social_post_already_shared":true,"jetpack_social_options":{"image_generator_settings":{"template":"highway","default_image_id":0,"font":"","enabled":false},"version":2},"_wpas_customize_per_network":false},"product_brand":[607850681],"product_cat":[607850689],"product_tag":[607846441,607846440,607846439,607846084,607846083],"class_list":{"0":"post-1760","1":"product","2":"type-product","3":"status-publish","4":"has-post-thumbnail","6":"product_brand-believe-industry-company","7":"product_cat-metal-panel","8":"product_tag-686-ibr-sheet-roll-forming-machine","9":"product_tag-ibr-roll-forming-machine","10":"product_tag-ibr-sheet-roll-forming-machine","11":"product_tag-roll-forming","12":"product_tag-roll-forming-machine","14":"first","15":"instock","16":"sale","17":"shipping-taxable","18":"purchasable","19":"product-type-simple"},"jetpack_publicize_connections":[],"jetpack_sharing_enabled":true,"jetpack_likes_enabled":false,"jetpack-related-posts":[{"id":2209,"url":"https:\/\/believeindustry.company\/tr\/product\/ibr-roofing-sheet-making-machine\/","url_meta":{"origin":1760,"position":0},"title":"IBR \u00c7at\u0131 Sac\u0131 \u00dcretim Makinesi","author":"Believe Industry Group","date":"Haziran 8, 2018","format":false,"excerpt":"IBR Roofing Sheet Making Machine IBR Roofing Sheet Making Machine is a whole line to produce \u00a0IBR Roof Sheeting as desired length. Believe Industry Have 2 types of roll forming machines for 686 and 890 IBR sheeting IBR sheet drawing Technical Specifications of IBR Roofing Sheet Making Machine Layout of\u2026","rel":"","context":"Benzer yaz\u0131","block_context":{"text":"Benzer yaz\u0131","link":""},"img":{"alt_text":"ibr roofing sheet making machine line","src":"https:\/\/i0.wp.com\/believeindustry.company\/wp-content\/uploads\/2018\/06\/ibr-roof-sheet-making-machine-line.jpg?resize=350%2C200&ssl=1","width":350,"height":200,"srcset":"https:\/\/i0.wp.com\/believeindustry.company\/wp-content\/uploads\/2018\/06\/ibr-roof-sheet-making-machine-line.jpg?resize=350%2C200&ssl=1 1x, https:\/\/i0.wp.com\/believeindustry.company\/wp-content\/uploads\/2018\/06\/ibr-roof-sheet-making-machine-line.jpg?resize=525%2C300&ssl=1 1.5x, https:\/\/i0.wp.com\/believeindustry.company\/wp-content\/uploads\/2018\/06\/ibr-roof-sheet-making-machine-line.jpg?resize=700%2C400&ssl=1 2x"},"classes":[]},{"id":1777,"url":"https:\/\/believeindustry.company\/tr\/product\/ibr-roof-sheeting-roll-forming-machine\/","url_meta":{"origin":1760,"position":1},"title":"IBR \u00c7at\u0131 Kaplama Levhas\u0131 Rulo \u015eekillendirme Makinesi","author":"Believe Industry Group","date":"May\u0131s 15, 2018","format":false,"excerpt":"IBR Roof Sheeting Roll Forming Machine IBR Roof Sheeting Roll Forming Machine is a whole line to produce IBR Roof Sheeting as desired length. IBR sheet drawing Technical Specifications of IBR Roof Sheeting Roll Forming Machine Layout of IBR Sheet Roll Forming Machine M\/C of IBR Roof Sheeting Roll Forming\u2026","rel":"","context":"Benzer yaz\u0131","block_context":{"text":"Benzer yaz\u0131","link":""},"img":{"alt_text":"ibr roof sheeting roll forming machine","src":"https:\/\/i0.wp.com\/believeindustry.company\/wp-content\/uploads\/2018\/05\/ibr-roof-sheeting-roll-forming-machine.jpg?resize=350%2C200&ssl=1","width":350,"height":200,"srcset":"https:\/\/i0.wp.com\/believeindustry.company\/wp-content\/uploads\/2018\/05\/ibr-roof-sheeting-roll-forming-machine.jpg?resize=350%2C200&ssl=1 1x, https:\/\/i0.wp.com\/believeindustry.company\/wp-content\/uploads\/2018\/05\/ibr-roof-sheeting-roll-forming-machine.jpg?resize=525%2C300&ssl=1 1.5x, https:\/\/i0.wp.com\/believeindustry.company\/wp-content\/uploads\/2018\/05\/ibr-roof-sheeting-roll-forming-machine.jpg?resize=700%2C400&ssl=1 2x"},"classes":[]},{"id":1765,"url":"https:\/\/believeindustry.company\/tr\/product\/890-ibr-sheet-roll-forming-machine\/","url_meta":{"origin":1760,"position":2},"title":"890 IBR Sac Rulo \u015eekillendirme Makinesi","author":"Believe Industry Group","date":"May\u0131s 14, 2018","format":false,"excerpt":"890 IBR Sheet Roll Forming Machine 890 IBR Sheet Roll Forming Machine is a whole line to produce IBR sheets as desired length. IBR sheet drawing Technical Specifications of 890 IBR Sheet Roll Forming Machine Layout of IBR Sheet Roll Forming Machine M\/C of 890 IBR Sheet Roll Forming Machine\u2026","rel":"","context":"Benzer yaz\u0131","block_context":{"text":"Benzer yaz\u0131","link":""},"img":{"alt_text":"890 ibr sheet roll forming machine","src":"https:\/\/i0.wp.com\/believeindustry.company\/wp-content\/uploads\/2018\/05\/890-ibr-sheet-roll-forming-machine.jpg?resize=350%2C200&ssl=1","width":350,"height":200,"srcset":"https:\/\/i0.wp.com\/believeindustry.company\/wp-content\/uploads\/2018\/05\/890-ibr-sheet-roll-forming-machine.jpg?resize=350%2C200&ssl=1 1x, https:\/\/i0.wp.com\/believeindustry.company\/wp-content\/uploads\/2018\/05\/890-ibr-sheet-roll-forming-machine.jpg?resize=525%2C300&ssl=1 1.5x, https:\/\/i0.wp.com\/believeindustry.company\/wp-content\/uploads\/2018\/05\/890-ibr-sheet-roll-forming-machine.jpg?resize=700%2C400&ssl=1 2x"},"classes":[]},{"id":5105,"url":"https:\/\/believeindustry.company\/tr\/product\/metal-roof-deck-roll-forming-machine\/","url_meta":{"origin":1760,"position":3},"title":"Metal \u00c7at\u0131 Kaplama Rulo \u015eekillendirme Makinesi","author":"Believe Industry Group","date":"Mart 18, 2019","format":false,"excerpt":"Metal roof deck roll forming machine is for producing metal\/steel\/aluminum roof decks as per requirements. \u00a0 Metal Roof Deck Roll Forming Machine What's Metal Roof Deck? Metal deck is a cold formed corrugated steel sheet supported by steel joists\u00a0or beams. It is used to support concrete or insulating membrane of\u2026","rel":"","context":"Benzer yaz\u0131","block_context":{"text":"Benzer yaz\u0131","link":""},"img":{"alt_text":"Complete automated metal roof deck roll forming machine production line by Beli.","src":"https:\/\/i0.wp.com\/believeindustry.company\/wp-content\/uploads\/2019\/03\/metal-roof-deck-roll-forming-machine-1.webp?resize=350%2C200&ssl=1","width":350,"height":200,"srcset":"https:\/\/i0.wp.com\/believeindustry.company\/wp-content\/uploads\/2019\/03\/metal-roof-deck-roll-forming-machine-1.webp?resize=350%2C200&ssl=1 1x, https:\/\/i0.wp.com\/believeindustry.company\/wp-content\/uploads\/2019\/03\/metal-roof-deck-roll-forming-machine-1.webp?resize=525%2C300&ssl=1 1.5x, https:\/\/i0.wp.com\/believeindustry.company\/wp-content\/uploads\/2019\/03\/metal-roof-deck-roll-forming-machine-1.webp?resize=700%2C400&ssl=1 2x, https:\/\/i0.wp.com\/believeindustry.company\/wp-content\/uploads\/2019\/03\/metal-roof-deck-roll-forming-machine-1.webp?resize=1050%2C600&ssl=1 3x, https:\/\/i0.wp.com\/believeindustry.company\/wp-content\/uploads\/2019\/03\/metal-roof-deck-roll-forming-machine-1.webp?resize=1400%2C800&ssl=1 4x"},"classes":[]},{"id":5079,"url":"https:\/\/believeindustry.company\/tr\/product\/high-speed-corrugated-roof-sheet-roll-forming-machine\/","url_meta":{"origin":1760,"position":4},"title":"High Speed Corrugated Roof Sheet Roll Forming Machine","author":"Believe Industry Group","date":"Ekim 30, 2025","format":false,"excerpt":"High Speed Corrugated Roof Sheet Roll Forming Machine is for producing corrugated sheets as per desired drawings.","rel":"","context":"Benzer yaz\u0131","block_context":{"text":"Benzer yaz\u0131","link":""},"img":{"alt_text":"high speed corrugated roof sheet roll forming machine","src":"https:\/\/i0.wp.com\/believeindustry.company\/wp-content\/uploads\/2025\/10\/High-Speed-Corrugated-Roof-Sheet-Roll-Forming-Machine.webp?resize=350%2C200&ssl=1","width":350,"height":200,"srcset":"https:\/\/i0.wp.com\/believeindustry.company\/wp-content\/uploads\/2025\/10\/High-Speed-Corrugated-Roof-Sheet-Roll-Forming-Machine.webp?resize=350%2C200&ssl=1 1x, https:\/\/i0.wp.com\/believeindustry.company\/wp-content\/uploads\/2025\/10\/High-Speed-Corrugated-Roof-Sheet-Roll-Forming-Machine.webp?resize=525%2C300&ssl=1 1.5x, https:\/\/i0.wp.com\/believeindustry.company\/wp-content\/uploads\/2025\/10\/High-Speed-Corrugated-Roof-Sheet-Roll-Forming-Machine.webp?resize=700%2C400&ssl=1 2x, https:\/\/i0.wp.com\/believeindustry.company\/wp-content\/uploads\/2025\/10\/High-Speed-Corrugated-Roof-Sheet-Roll-Forming-Machine.webp?resize=1050%2C600&ssl=1 3x, https:\/\/i0.wp.com\/believeindustry.company\/wp-content\/uploads\/2025\/10\/High-Speed-Corrugated-Roof-Sheet-Roll-Forming-Machine.webp?resize=1400%2C800&ssl=1 4x"},"classes":[]},{"id":1819,"url":"https:\/\/believeindustry.company\/tr\/product\/corrugated-roof-sheet-roll-forming-machine\/","url_meta":{"origin":1760,"position":5},"title":"Oluklu \u00c7at\u0131 Sac\u0131 Rulo \u015eekillendirme Makinesi","author":"Believe Industry Group","date":"May\u0131s 17, 2018","format":false,"excerpt":"A corrugated roof sheet roll forming machine is a continuous metal processing system that bends flat steel or aluminum coils into corrugated roofing panels through a series of sequential roller stations. The machine feeds raw coil stock through 16 to 22 forming stations, where each pair of rollers incrementally bends\u2026","rel":"","context":"Benzer yaz\u0131","block_context":{"text":"Benzer yaz\u0131","link":""},"img":{"alt_text":"Fully Automatic Corrugated Roof Sheet Roll Forming Machine Production Line by Beli RollForming","src":"https:\/\/i0.wp.com\/believeindustry.company\/wp-content\/uploads\/2018\/05\/corrugated-roof-sheet-roll-forming-machine.webp?resize=350%2C200&ssl=1","width":350,"height":200,"srcset":"https:\/\/i0.wp.com\/believeindustry.company\/wp-content\/uploads\/2018\/05\/corrugated-roof-sheet-roll-forming-machine.webp?resize=350%2C200&ssl=1 1x, https:\/\/i0.wp.com\/believeindustry.company\/wp-content\/uploads\/2018\/05\/corrugated-roof-sheet-roll-forming-machine.webp?resize=525%2C300&ssl=1 1.5x, https:\/\/i0.wp.com\/believeindustry.company\/wp-content\/uploads\/2018\/05\/corrugated-roof-sheet-roll-forming-machine.webp?resize=700%2C400&ssl=1 2x, https:\/\/i0.wp.com\/believeindustry.company\/wp-content\/uploads\/2018\/05\/corrugated-roof-sheet-roll-forming-machine.webp?resize=1050%2C600&ssl=1 3x, https:\/\/i0.wp.com\/believeindustry.company\/wp-content\/uploads\/2018\/05\/corrugated-roof-sheet-roll-forming-machine.webp?resize=1400%2C800&ssl=1 4x"},"classes":[]}],"amp_enabled":true,"_links":{"self":[{"href":"https:\/\/believeindustry.company\/tr\/wp-json\/wp\/v2\/product\/1760","targetHints":{"allow":["GET"]}}],"collection":[{"href":"https:\/\/believeindustry.company\/tr\/wp-json\/wp\/v2\/product"}],"about":[{"href":"https:\/\/believeindustry.company\/tr\/wp-json\/wp\/v2\/types\/product"}],"replies":[{"embeddable":true,"href":"https:\/\/believeindustry.company\/tr\/wp-json\/wp\/v2\/comments?post=1760"}],"version-history":[{"count":1,"href":"https:\/\/believeindustry.company\/tr\/wp-json\/wp\/v2\/product\/1760\/revisions"}],"predecessor-version":[{"id":19338,"href":"https:\/\/believeindustry.company\/tr\/wp-json\/wp\/v2\/product\/1760\/revisions\/19338"}],"wp:featuredmedia":[{"embeddable":true,"href":"https:\/\/believeindustry.company\/tr\/wp-json\/wp\/v2\/media\/1764"}],"wp:attachment":[{"href":"https:\/\/believeindustry.company\/tr\/wp-json\/wp\/v2\/media?parent=1760"}],"wp:term":[{"taxonomy":"product_brand","embeddable":true,"href":"https:\/\/believeindustry.company\/tr\/wp-json\/wp\/v2\/product_brand?post=1760"},{"taxonomy":"product_cat","embeddable":true,"href":"https:\/\/believeindustry.company\/tr\/wp-json\/wp\/v2\/product_cat?post=1760"},{"taxonomy":"product_tag","embeddable":true,"href":"https:\/\/believeindustry.company\/tr\/wp-json\/wp\/v2\/product_tag?post=1760"}],"curies":[{"name":"wp","href":"https:\/\/api.w.org\/{rel}","templated":true}]}}