{"id":19055,"date":"2025-10-29T14:33:02","date_gmt":"2025-10-29T06:33:02","guid":{"rendered":"https:\/\/believeindustry.company\/?post_type=product&#038;p=19055"},"modified":"2025-11-11T10:54:11","modified_gmt":"2025-11-11T02:54:11","slug":"raf-paneli-rulo-sekillendirme-makinesi","status":"publish","type":"product","link":"https:\/\/believeindustry.company\/tr\/product\/shelf-panel-roll-forming-machine\/","title":{"rendered":"Raf Paneli Rulo \u015eekillendirme Makinesi"},"content":{"rendered":"<div data-elementor-type=\"product-post\" data-elementor-id=\"19055\" class=\"elementor elementor-19055\" data-elementor-post-type=\"product\">\n\t\t\t\t<div data-particle_enable=\"false\" data-particle-mobile-disabled=\"false\" class=\"elementor-element elementor-element-0358db3 e-flex e-con-boxed e-con e-parent\" data-id=\"0358db3\" data-element_type=\"container\" data-e-type=\"container\">\n\t\t\t\t\t<div class=\"e-con-inner\">\n\t\t\t\t<div class=\"elementor-element elementor-element-6453c98 elementor-widget elementor-widget-heading\" data-id=\"6453c98\" data-element_type=\"widget\" data-e-type=\"widget\" data-widget_type=\"heading.default\">\n\t\t\t\t<div class=\"elementor-widget-container\">\n\t\t\t\t\t<h2 class=\"elementor-heading-title elementor-size-default\">Raf Paneli Rulo \u015eekillendirme Makinesinin Tan\u0131m\u0131<\/h2>\t\t\t\t<\/div>\n\t\t\t\t<\/div>\n\t\t\t\t\t<\/div>\n\t\t\t\t<\/div>\n\t\t<div data-particle_enable=\"false\" data-particle-mobile-disabled=\"false\" class=\"elementor-element elementor-element-eb77ca2 e-flex e-con-boxed e-con e-parent\" data-id=\"eb77ca2\" data-element_type=\"container\" data-e-type=\"container\">\n\t\t\t\t\t<div class=\"e-con-inner\">\n\t\t\t\t<div class=\"elementor-element elementor-element-09ed203 elementor-widget elementor-widget-text-editor\" data-id=\"09ed203\" data-element_type=\"widget\" data-e-type=\"widget\" data-widget_type=\"text-editor.default\">\n\t\t\t\t<div class=\"elementor-widget-container\">\n\t\t\t\t\t\t\t\t\t<p>Bizim <strong>raf paneli rulo \u015fekillendirme makinesi<\/strong> Bu, s\u00fcrekli ve y\u00fcksek hacimli \u00fcretim i\u00e7in tasarlanm\u0131\u015f, tamamen otomatik bir \u00fcretim hatt\u0131d\u0131r. S\u00fcre\u00e7, \u00f6nceden boyanm\u0131\u015f veya galvanizlenmi\u015f b\u00fcy\u00fck bir \u00e7elik bobini sisteme besleyen bir a\u00e7\u0131c\u0131 ile ba\u015flar. Malzeme, bir dizi \u015fekillendirme istasyonundan kademeli olarak ge\u00e7irilmeden \u00f6nce hassas bir \u015fekilde d\u00fczle\u015ftirilir.<\/p><p>Her istasyonda, \u00e7elik \u015feridi kademeli olarak istenen raf paneli kesit profiline \u015fekillendiren hassas m\u00fchendislik \u00fcr\u00fcn\u00fc silindirler bulunur. \u00dcretim s\u00fcreci, s\u00fcrekli olarak \u015fekillendirilen profili, i\u015flemi kesintiye u\u011fratmadan \u00f6nceden belirlenmi\u015f uzunluklara kadar kesen bir hareketli kesme mekanizmas\u0131yla sona erer; b\u00f6ylece optimum verimlilik ve tutarl\u0131 \u00fcr\u00fcn kalitesi sa\u011flan\u0131r.<\/p>\t\t\t\t\t\t\t\t<\/div>\n\t\t\t\t<\/div>\n\t\t\t\t<div class=\"elementor-element elementor-element-dde9066 elementor-widget elementor-widget-heading\" data-id=\"dde9066\" data-element_type=\"widget\" data-e-type=\"widget\" data-widget_type=\"heading.default\">\n\t\t\t\t<div class=\"elementor-widget-container\">\n\t\t\t\t\t<h2 class=\"elementor-heading-title elementor-size-default\">Makinenin Temel Bile\u015fenleri ve Makine Yerle\u015fimi<\/h2>\t\t\t\t<\/div>\n\t\t\t\t<\/div>\n\t\t\t\t<div class=\"elementor-element elementor-element-ca8eefd elementor-widget elementor-widget-text-editor\" data-id=\"ca8eefd\" data-element_type=\"widget\" data-e-type=\"widget\" data-widget_type=\"text-editor.default\">\n\t\t\t\t<div class=\"elementor-widget-container\">\n\t\t\t\t\t\t\t\t\t<p>Makine Bile\u015fenleri: a\u00e7\u0131c\u0131 \u2013 d\u00fczle\u015ftirme \u00fcnitesi \u2013 servo besleyici \u2013 delme \u00fcnitesi \u2013 besleme ve y\u00f6nlendirme \u00fcnitesi \u2013 rulo \u015fekillendirme \u00fcnitesi \u2013 kesme ve b\u00fckme \u00fcnitesi \u2013 toplama tablalar\u0131<\/p>\t\t\t\t\t\t\t\t<\/div>\n\t\t\t\t<\/div>\n\t\t\t\t<div class=\"elementor-element elementor-element-5bdb1b5 elementor-widget elementor-widget-image\" data-id=\"5bdb1b5\" data-element_type=\"widget\" data-e-type=\"widget\" data-widget_type=\"image.default\">\n\t\t\t\t<div class=\"elementor-widget-container\">\n\t\t\t\t\t\t\t\t\t\t\t\t\t\t\t<img fetchpriority=\"high\" decoding=\"async\" data-attachment-id=\"19072\" data-permalink=\"https:\/\/believeindustry.company\/tr\/?attachment_id=19072\" data-orig-file=\"https:\/\/believeindustry.company\/wp-content\/uploads\/2025\/10\/Shelf-Panel-Roll-Forming-Machine-Layout.webp\" data-orig-size=\"1284,199\" data-comments-opened=\"1\" data-image-meta=\"{&quot;aperture&quot;:&quot;0&quot;,&quot;credit&quot;:&quot;&quot;,&quot;camera&quot;:&quot;&quot;,&quot;caption&quot;:&quot;&quot;,&quot;created_timestamp&quot;:&quot;0&quot;,&quot;copyright&quot;:&quot;&quot;,&quot;focal_length&quot;:&quot;0&quot;,&quot;iso&quot;:&quot;0&quot;,&quot;shutter_speed&quot;:&quot;0&quot;,&quot;title&quot;:&quot;&quot;,&quot;orientation&quot;:&quot;0&quot;}\" data-image-title=\"Shelf Panel Roll Forming Machine Layout\" data-image-description=\"\" data-image-caption=\"\" data-large-file=\"https:\/\/believeindustry.company\/wp-content\/uploads\/2025\/10\/Shelf-Panel-Roll-Forming-Machine-Layout-1024x159.webp\" width=\"1024\" height=\"159\" src=\"https:\/\/believeindustry.company\/wp-content\/uploads\/2025\/10\/Shelf-Panel-Roll-Forming-Machine-Layout-1024x159.webp\" class=\"attachment-large size-large wp-image-19072\" alt=\"raf-panel-rulo-\u015fekillendirme-makinesi-yerle\u015fimi\" srcset=\"https:\/\/believeindustry.company\/wp-content\/uploads\/2025\/10\/Shelf-Panel-Roll-Forming-Machine-Layout-1024x159.webp 1024w, https:\/\/believeindustry.company\/wp-content\/uploads\/2025\/10\/Shelf-Panel-Roll-Forming-Machine-Layout-300x46.webp 300w, https:\/\/believeindustry.company\/wp-content\/uploads\/2025\/10\/Shelf-Panel-Roll-Forming-Machine-Layout-768x119.webp 768w, https:\/\/believeindustry.company\/wp-content\/uploads\/2025\/10\/Shelf-Panel-Roll-Forming-Machine-Layout-600x93.webp 600w, https:\/\/believeindustry.company\/wp-content\/uploads\/2025\/10\/Shelf-Panel-Roll-Forming-Machine-Layout.webp 1284w\" sizes=\"(max-width: 1024px) 100vw, 1024px\" \/>\t\t\t\t\t\t\t\t\t\t\t\t\t\t\t<\/div>\n\t\t\t\t<\/div>\n\t\t\t\t\t<\/div>\n\t\t\t\t<\/div>\n\t\t<div data-particle_enable=\"false\" data-particle-mobile-disabled=\"false\" class=\"elementor-element elementor-element-6bf5672 e-flex e-con-boxed e-con e-parent\" data-id=\"6bf5672\" data-element_type=\"container\" data-e-type=\"container\">\n\t\t\t\t\t<div class=\"e-con-inner\">\n\t\t\t\t<div class=\"elementor-element elementor-element-1311255 elementor-widget elementor-widget-heading\" data-id=\"1311255\" data-element_type=\"widget\" data-e-type=\"widget\" data-widget_type=\"heading.default\">\n\t\t\t\t<div class=\"elementor-widget-container\">\n\t\t\t\t\t<h2 class=\"elementor-heading-title elementor-size-default\">K\u0131sa Teknik \u00d6zellikler Parametreleri<\/h2>\t\t\t\t<\/div>\n\t\t\t\t<\/div>\n\t\t\t\t<div class=\"elementor-element elementor-element-50bafcb elementor-widget elementor-widget-text-editor\" data-id=\"50bafcb\" data-element_type=\"widget\" data-e-type=\"widget\" data-widget_type=\"text-editor.default\">\n\t\t\t\t<div class=\"elementor-widget-container\">\n\t\t\t\t\t\t\t\t\t<table><tbody><tr><td width=\"55\"><p>1.<\/p><\/td><td width=\"235\"><p>Uygulanabilir Malzeme<\/p><\/td><td width=\"419\"><p>so\u011fuk haddelenmi\u015f \u00e7elik bobinler, galvanizli \u00e7elik bobinler<\/p><\/td><\/tr><tr><td width=\"55\"><p>2.<\/p><\/td><td width=\"235\"><p>Malzeme kal\u0131nl\u0131\u011f\u0131<\/p><\/td><td width=\"419\"><p>0,6-1,2 mm<\/p><\/td><\/tr><tr><td width=\"55\"><p>3.<\/p><\/td><td width=\"235\"><p>Dekoiler<\/p><\/td><td width=\"419\"><p>5 tonluk hidrolik bobin \u00e7\u00f6z\u00fcc\u00fc<\/p><\/td><\/tr><tr><td width=\"55\"><p>4.<\/p><\/td><td width=\"235\"><p>Tesviye \u00fcnitesi<\/p><\/td><td width=\"419\"><p>7 silindirli tesviye makinesi, \u00fcstte 3 silindir ve altta 4 silindir<\/p><\/td><\/tr><tr><td width=\"55\"><p>5.<\/p><\/td><td width=\"235\"><p>Tesviye silindirlerinin malzemesi<\/p><\/td><td width=\"419\"><p>40Cr, Kromlu<\/p><\/td><\/tr><tr><td width=\"55\"><p>6.<\/p><\/td><td width=\"235\"><p>Dengeleme g\u00fcc\u00fc<\/p><\/td><td width=\"419\"><p>5,5 kW<\/p><\/td><\/tr><tr><td width=\"55\"><p>7.<\/p><\/td><td width=\"235\"><p>Yumruk g\u00fcc\u00fc<\/p><\/td><td width=\"419\"><p>11 kW<\/p><\/td><\/tr><tr><td width=\"55\"><p>8.<\/p><\/td><td width=\"235\"><p>Delme kal\u0131plar\u0131n\u0131n malzemesi<\/p><\/td><td width=\"419\"><p>Cr12, HRC58-62<\/p><\/td><\/tr><tr><td width=\"55\"><p>9.<\/p><\/td><td width=\"235\"><p>Servo besleyici i\u00e7in g\u00fc\u00e7<\/p><\/td><td width=\"419\"><p>3 kW<\/p><\/td><\/tr><tr><td width=\"55\"><p>10.<\/p><\/td><td width=\"235\"><p>Rulo \u015fekillendirme ad\u0131mlar\u0131<\/p><\/td><td width=\"419\"><p>14 ad\u0131m<\/p><\/td><\/tr><tr><td width=\"55\"><p>11.<\/p><\/td><td width=\"235\"><p>Silindirlerin malzemesi<\/p><\/td><td width=\"419\"><p>GCr15, HRC58-62, Kromlu<\/p><\/td><\/tr><tr><td width=\"55\"><p>12.<\/p><\/td><td width=\"235\"><p>Mil malzemesi<\/p><\/td><td width=\"419\"><p>40Cr kat\u0131 miller, 70 mm \u00e7ap\u0131nda, krom kapl\u0131.<\/p><\/td><\/tr><tr><td width=\"55\"><p>13.<\/p><\/td><td width=\"235\"><p>Rulo \u015fekillendirme i\u00e7in g\u00fc\u00e7<\/p><\/td><td width=\"419\"><p>11 kW<\/p><\/td><\/tr><tr><td width=\"55\"><p>14.<\/p><\/td><td width=\"235\"><p>Bula\u015fma<\/p><\/td><td width=\"419\"><p>elektrikli zincir aktar\u0131m\u0131<\/p><\/td><\/tr><tr><td width=\"55\"><p>15.<\/p><\/td><td width=\"235\"><p>Makine h\u0131z\u0131<\/p><\/td><td width=\"419\"><p>0-10 m\/dak<\/p><\/td><\/tr><tr><td width=\"55\"><p>16.<\/p><\/td><td width=\"235\"><p>Kesme ve b\u00fckme<\/p><\/td><td width=\"419\"><p>hidrolik tahrikli kesme, ard\u0131ndan u\u00e7 b\u00fckme<\/p><\/td><\/tr><tr><td width=\"55\"><p>17.<\/p><\/td><td width=\"235\"><p>Kesme ve b\u00fckme g\u00fcc\u00fc<\/p><\/td><td width=\"419\"><p>11 kW<\/p><\/td><\/tr><tr><td width=\"55\"><p>18.<\/p><\/td><td width=\"235\"><p>Kesme uzunlu\u011fu tolerans\u0131<\/p><\/td><td width=\"419\"><p>+\/-0,5 mm<\/p><\/td><\/tr><\/tbody><\/table>\t\t\t\t\t\t\t\t<\/div>\n\t\t\t\t<\/div>\n\t\t\t\t<div class=\"elementor-element elementor-element-deee203 elementor-widget elementor-widget-heading\" data-id=\"deee203\" data-element_type=\"widget\" data-e-type=\"widget\" data-widget_type=\"heading.default\">\n\t\t\t\t<div class=\"elementor-widget-container\">\n\t\t\t\t\t<h2 class=\"elementor-heading-title elementor-size-default\">Bitmi\u015f \u00dcr\u00fcn\u00fcn Uygulanmas\u0131<\/h2>\t\t\t\t<\/div>\n\t\t\t\t<\/div>\n\t\t\t\t<div class=\"elementor-element elementor-element-e392583 elementor-widget elementor-widget-text-editor\" data-id=\"e392583\" data-element_type=\"widget\" data-e-type=\"widget\" data-widget_type=\"text-editor.default\">\n\t\t\t\t<div class=\"elementor-widget-container\">\n\t\t\t\t\t\t\t\t\t<p>Bu makinenin ba\u015fl\u0131ca \u00fcr\u00fcn\u00fc \u015fudur:<strong>raf paneli<\/strong>, \u00c7e\u015fitli depolama sistemleri i\u00e7in hayati bir bile\u015fen olan bu paneller, genellikle ek g\u00fc\u00e7 i\u00e7in g\u00fc\u00e7lendirilmi\u015f nerv\u00fcrler ve g\u00fcvenlik ve raf kiri\u015fleriyle entegrasyon i\u00e7in kenar \u00e7\u0131k\u0131nt\u0131lar\u0131 i\u00e7eren \u00f6zel profilleriyle karakterize edilir.<\/p><ul class=\"ybc-ul-component\"><li class=\"ybc-li-component ybc-li-component_ul\"><p>\u200b<strong>End\u00fcstriyel Palet Raf Sistemleri:<\/strong>Depolarda a\u011f\u0131r paletlerin saklanmas\u0131 i\u00e7in dayan\u0131kl\u0131 zemin kaplamas\u0131.<\/p><\/li><li class=\"ybc-li-component ybc-li-component_ul\"><p>\u200b<strong>Ticari Raf \u00dcniteleri:<\/strong>Perakende ma\u011fazalar\u0131, ar\u015fivler ve depolar i\u00e7in raflar.<\/p><\/li><li class=\"ybc-li-component ybc-li-component_ul\"><p>\u200b<strong>Oluklu A\u00e7\u0131l\u0131 Raflar:<\/strong>\u00c7ok y\u00f6nl\u00fc, c\u0131vata gerektirmeyen raf sistemleri i\u00e7in ana yatay y\u00fczey.<\/p><\/li><\/ul>\t\t\t\t\t\t\t\t<\/div>\n\t\t\t\t<\/div>\n\t\t\t\t<div class=\"elementor-element elementor-element-6bd1bf7 elementor-widget elementor-widget-image\" data-id=\"6bd1bf7\" data-element_type=\"widget\" data-e-type=\"widget\" data-widget_type=\"image.default\">\n\t\t\t\t<div class=\"elementor-widget-container\">\n\t\t\t\t\t\t\t\t\t\t\t\t\t\t\t<img decoding=\"async\" data-attachment-id=\"19075\" data-permalink=\"https:\/\/believeindustry.company\/tr\/?attachment_id=19075\" data-orig-file=\"https:\/\/believeindustry.company\/wp-content\/uploads\/2025\/10\/Shelf-Panel-Completed-Products.webp\" data-orig-size=\"1602,602\" data-comments-opened=\"1\" data-image-meta=\"{&quot;aperture&quot;:&quot;0&quot;,&quot;credit&quot;:&quot;&quot;,&quot;camera&quot;:&quot;&quot;,&quot;caption&quot;:&quot;&quot;,&quot;created_timestamp&quot;:&quot;0&quot;,&quot;copyright&quot;:&quot;&quot;,&quot;focal_length&quot;:&quot;0&quot;,&quot;iso&quot;:&quot;0&quot;,&quot;shutter_speed&quot;:&quot;0&quot;,&quot;title&quot;:&quot;&quot;,&quot;orientation&quot;:&quot;0&quot;}\" data-image-title=\"Shelf Panel Completed Products\" data-image-description=\"\" data-image-caption=\"\" data-large-file=\"https:\/\/believeindustry.company\/wp-content\/uploads\/2025\/10\/Shelf-Panel-Completed-Products-1024x385.webp\" width=\"1024\" height=\"385\" src=\"https:\/\/believeindustry.company\/wp-content\/uploads\/2025\/10\/Shelf-Panel-Completed-Products-1024x385.webp\" class=\"attachment-large size-large wp-image-19075\" alt=\"raf-paneli-tamamlanm\u0131\u015f-\u00fcr\u00fcnler\" srcset=\"https:\/\/believeindustry.company\/wp-content\/uploads\/2025\/10\/Shelf-Panel-Completed-Products-1024x385.webp 1024w, https:\/\/believeindustry.company\/wp-content\/uploads\/2025\/10\/Shelf-Panel-Completed-Products-300x113.webp 300w, https:\/\/believeindustry.company\/wp-content\/uploads\/2025\/10\/Shelf-Panel-Completed-Products-768x289.webp 768w, https:\/\/believeindustry.company\/wp-content\/uploads\/2025\/10\/Shelf-Panel-Completed-Products-1536x577.webp 1536w, https:\/\/believeindustry.company\/wp-content\/uploads\/2025\/10\/Shelf-Panel-Completed-Products-600x225.webp 600w, https:\/\/believeindustry.company\/wp-content\/uploads\/2025\/10\/Shelf-Panel-Completed-Products.webp 1602w\" sizes=\"(max-width: 1024px) 100vw, 1024px\" \/>\t\t\t\t\t\t\t\t\t\t\t\t\t\t\t<\/div>\n\t\t\t\t<\/div>\n\t\t\t\t\t<\/div>\n\t\t\t\t<\/div>\n\t\t\t\t<\/div>","protected":false},"excerpt":{"rendered":"<p>Believe Industry Company, depo ve s\u00fcpermarket depolama sistemleri i\u00e7in \u00f6zel olarak tasarlanm\u0131\u015f kapsaml\u0131 bir metal rulo \u015fekillendirme makinesi yelpazesi sunmaktad\u0131r. Bu raf paneli rulo \u015fekillendirme makinesi, 100 mm ile 600 mm aras\u0131nda de\u011fi\u015fen geni\u015fliklerde raf panelleri \u00fcretmek i\u00e7in \u00f6zel olarak tasarlanm\u0131\u015f ve \u00fcretilmi\u015ftir.<\/p>","protected":false},"featured_media":19067,"comment_status":"closed","ping_status":"closed","template":"","meta":{"_angie_page":false,"jetpack_publicize_message":"","jetpack_publicize_feature_enabled":true,"jetpack_social_post_already_shared":true,"jetpack_social_options":{"image_generator_settings":{"template":"highway","default_image_id":0,"font":"","enabled":false},"version":2},"_wpas_customize_per_network":false},"product_brand":[607850681],"product_cat":[607850697],"product_tag":[],"class_list":{"0":"post-19055","1":"product","2":"type-product","3":"status-publish","4":"has-post-thumbnail","6":"product_brand-believe-industry-company","7":"product_cat-supermarket-display-solution","9":"first","10":"instock","11":"sale","12":"shipping-taxable","13":"purchasable","14":"product-type-simple"},"jetpack_publicize_connections":[],"jetpack_sharing_enabled":true,"jetpack_likes_enabled":false,"jetpack-related-posts":[{"id":19473,"url":"https:\/\/believeindustry.company\/tr\/product\/metal-tile-roof-panel-roll-forming-machine\/","url_meta":{"origin":19055,"position":0},"title":"Metal Kiremit \u00c7at\u0131 Paneli Rulo \u015eekillendirme Makinesi","author":"Believe Industry Group","date":"Kas\u0131m 13, 2025","format":false,"excerpt":"Metal kiremit \u00e7at\u0131 paneli rulo \u015fekillendirme makineleri, modern ve verimli in\u015faat malzemesi \u00fcretiminin temel ta\u015flar\u0131ndan birini olu\u015fturmaktad\u0131r. Beli RollForming olarak, ham \u00e7elik bobinleri y\u00fcksek hassasiyetli, estetik a\u00e7\u0131dan ho\u015f metal kiremit panellere ola\u011fan\u00fcst\u00fc tutarl\u0131l\u0131k ve h\u0131zla d\u00f6n\u00fc\u015ft\u00fcrmek i\u00e7in bu geli\u015fmi\u015f sistemleri tasarl\u0131yoruz.","rel":"","context":"Benzer yaz\u0131","block_context":{"text":"Benzer yaz\u0131","link":""},"img":{"alt_text":"metal tile roof panel roll forming machine","src":"https:\/\/i0.wp.com\/believeindustry.company\/wp-content\/uploads\/2025\/11\/Metal-Tile-Roof-Panel-Roll-Forming-Machine.webp?resize=350%2C200&ssl=1","width":350,"height":200,"srcset":"https:\/\/i0.wp.com\/believeindustry.company\/wp-content\/uploads\/2025\/11\/Metal-Tile-Roof-Panel-Roll-Forming-Machine.webp?resize=350%2C200&ssl=1 1x, https:\/\/i0.wp.com\/believeindustry.company\/wp-content\/uploads\/2025\/11\/Metal-Tile-Roof-Panel-Roll-Forming-Machine.webp?resize=525%2C300&ssl=1 1.5x, https:\/\/i0.wp.com\/believeindustry.company\/wp-content\/uploads\/2025\/11\/Metal-Tile-Roof-Panel-Roll-Forming-Machine.webp?resize=700%2C400&ssl=1 2x"},"classes":[]},{"id":1672,"url":"https:\/\/believeindustry.company\/tr\/product\/c-channel-roll-forming-machine\/","url_meta":{"origin":19055,"position":1},"title":"C Profilli Rulo \u015eekillendirme Makinesi","author":"Believe Industry Group","date":"May\u0131s 8, 2018","format":false,"excerpt":"The C Channel Roll Forming Machine automatically converts steel coil into precise, high-strength C-shaped purlins and profiles essential for structural building frames. Featuring an uncoiler, multiple forming stations, and a hydraulic cutter, this PLC-controlled line ensures efficient, continuous, and dimensionally accurate production of essential construction components.","rel":"","context":"Benzer yaz\u0131","block_context":{"text":"Benzer yaz\u0131","link":""},"img":{"alt_text":"Complete High-Efficiency C Channel Roll Forming Machine Line - Automated production line for C\/Z purlin or metal roof panels from Beli RollForming.","src":"https:\/\/i0.wp.com\/believeindustry.company\/wp-content\/uploads\/2018\/05\/C-Channel-Roll-Forming-Machine.webp?resize=350%2C200&ssl=1","width":350,"height":200,"srcset":"https:\/\/i0.wp.com\/believeindustry.company\/wp-content\/uploads\/2018\/05\/C-Channel-Roll-Forming-Machine.webp?resize=350%2C200&ssl=1 1x, https:\/\/i0.wp.com\/believeindustry.company\/wp-content\/uploads\/2018\/05\/C-Channel-Roll-Forming-Machine.webp?resize=525%2C300&ssl=1 1.5x, https:\/\/i0.wp.com\/believeindustry.company\/wp-content\/uploads\/2018\/05\/C-Channel-Roll-Forming-Machine.webp?resize=700%2C400&ssl=1 2x, https:\/\/i0.wp.com\/believeindustry.company\/wp-content\/uploads\/2018\/05\/C-Channel-Roll-Forming-Machine.webp?resize=1050%2C600&ssl=1 3x, https:\/\/i0.wp.com\/believeindustry.company\/wp-content\/uploads\/2018\/05\/C-Channel-Roll-Forming-Machine.webp?resize=1400%2C800&ssl=1 4x"},"classes":[]},{"id":18712,"url":"https:\/\/believeindustry.company\/tr\/product\/double-layer-roofing-sheet-roll-forming-machine\/","url_meta":{"origin":19055,"position":2},"title":"\u00c7ift Katmanl\u0131 \u00c7at\u0131 Sac\u0131 Rulo \u015eekillendirme Makinesi","author":"Believe Industry Group","date":"Ekim 16, 2025","format":false,"excerpt":"\u00c7ift Katmanl\u0131 \u00c7at\u0131 Sac\u0131 Rulo \u015eekillendirme Makinesi, ad\u0131ndan da anla\u015f\u0131laca\u011f\u0131 gibi, her biri farkl\u0131 bir \u00e7at\u0131 profili \u00fcretebilen iki ba\u011f\u0131ms\u0131z rulo \u015fekillendirme katman\u0131n\u0131 i\u00e7erir.","rel":"","context":"Benzer yaz\u0131","block_context":{"text":"Benzer yaz\u0131","link":""},"img":{"alt_text":"Double Layer Roofing Roll Forming Machine","src":"https:\/\/i0.wp.com\/believeindustry.company\/wp-content\/uploads\/2025\/10\/Double-Layer-Roofing-Roll-Forming-Machine.webp?resize=350%2C200&ssl=1","width":350,"height":200,"srcset":"https:\/\/i0.wp.com\/believeindustry.company\/wp-content\/uploads\/2025\/10\/Double-Layer-Roofing-Roll-Forming-Machine.webp?resize=350%2C200&ssl=1 1x, https:\/\/i0.wp.com\/believeindustry.company\/wp-content\/uploads\/2025\/10\/Double-Layer-Roofing-Roll-Forming-Machine.webp?resize=525%2C300&ssl=1 1.5x, https:\/\/i0.wp.com\/believeindustry.company\/wp-content\/uploads\/2025\/10\/Double-Layer-Roofing-Roll-Forming-Machine.webp?resize=700%2C400&ssl=1 2x, https:\/\/i0.wp.com\/believeindustry.company\/wp-content\/uploads\/2025\/10\/Double-Layer-Roofing-Roll-Forming-Machine.webp?resize=1050%2C600&ssl=1 3x, https:\/\/i0.wp.com\/believeindustry.company\/wp-content\/uploads\/2025\/10\/Double-Layer-Roofing-Roll-Forming-Machine.webp?resize=1400%2C800&ssl=1 4x"},"classes":[]},{"id":19368,"url":"https:\/\/believeindustry.company\/tr\/product\/trapezoidal-ribbed-spandeck-roof-and-wall-cladding-roll-forming-machine\/","url_meta":{"origin":19055,"position":3},"title":"Trapezoidal Oluklu Spandeck \u00c7at\u0131 ve Duvar Kaplama Rulo \u015eekillendirme Makinesi","author":"Believe Industry Group","date":"Kas\u0131m 12, 2025","format":false,"excerpt":"Trapezoidal Ribbed Spandeck Roof and Wall Cladding Roll Forming Machine\u200b from Beli RollForming is the ultimate industrial solution for manufacturers seeking to produce high-quality, durable building panels with unmatched precision and speed. This advanced machine is engineered to transform raw metal coils into robust spandeck profiles, a cornerstone of modern\u2026","rel":"","context":"Benzer yaz\u0131","block_context":{"text":"Benzer yaz\u0131","link":""},"img":{"alt_text":"Trapezoidal Ribbed Spandeck Roof and Wall Cladding Roll Forming Machine","src":"https:\/\/i0.wp.com\/believeindustry.company\/wp-content\/uploads\/2025\/11\/Trapezoidal-Ribbed-Spandeck-Roof-and-Wall-Cladding-Roll-Forming-Machine.webp?resize=350%2C200&ssl=1","width":350,"height":200,"srcset":"https:\/\/i0.wp.com\/believeindustry.company\/wp-content\/uploads\/2025\/11\/Trapezoidal-Ribbed-Spandeck-Roof-and-Wall-Cladding-Roll-Forming-Machine.webp?resize=350%2C200&ssl=1 1x, https:\/\/i0.wp.com\/believeindustry.company\/wp-content\/uploads\/2025\/11\/Trapezoidal-Ribbed-Spandeck-Roof-and-Wall-Cladding-Roll-Forming-Machine.webp?resize=525%2C300&ssl=1 1.5x, https:\/\/i0.wp.com\/believeindustry.company\/wp-content\/uploads\/2025\/11\/Trapezoidal-Ribbed-Spandeck-Roof-and-Wall-Cladding-Roll-Forming-Machine.webp?resize=700%2C400&ssl=1 2x"},"classes":[]},{"id":19273,"url":"https:\/\/believeindustry.company\/tr\/product\/75mm-deep-galvanized-steel-floor-decking-sheet-roll-forming-machine\/","url_meta":{"origin":19055,"position":4},"title":"75 mm Derinli\u011finde Galvanizli \u00c7elik Zemin Kaplama Sac Rulo \u015eekillendirme Makinesi","author":"Believe Industry Group","date":"Kas\u0131m 11, 2025","format":false,"excerpt":"The \u200b75mm Deep Galvanized Steel Floor Decking Sheet Roll Forming Machine\u200b is a precision-engineered solution for manufacturing one of the most robust profiles in modern construction. At Beli RollForming, we design this machine to deliver unmatched reliability, speed, and consistency, enabling producers to meet the stringent demands of large-scale commercial\u2026","rel":"","context":"Benzer yaz\u0131","block_context":{"text":"Benzer yaz\u0131","link":""},"img":{"alt_text":"75mm Deep Galvanized Steel Floor Decking Sheet Roll Forming Machine","src":"https:\/\/i0.wp.com\/believeindustry.company\/wp-content\/uploads\/2025\/11\/75mm-Deep-Galvanized-Steel-Floor-Decking-Sheet-Roll-Forming-Machine.webp?resize=350%2C200&ssl=1","width":350,"height":200,"srcset":"https:\/\/i0.wp.com\/believeindustry.company\/wp-content\/uploads\/2025\/11\/75mm-Deep-Galvanized-Steel-Floor-Decking-Sheet-Roll-Forming-Machine.webp?resize=350%2C200&ssl=1 1x, https:\/\/i0.wp.com\/believeindustry.company\/wp-content\/uploads\/2025\/11\/75mm-Deep-Galvanized-Steel-Floor-Decking-Sheet-Roll-Forming-Machine.webp?resize=525%2C300&ssl=1 1.5x, https:\/\/i0.wp.com\/believeindustry.company\/wp-content\/uploads\/2025\/11\/75mm-Deep-Galvanized-Steel-Floor-Decking-Sheet-Roll-Forming-Machine.webp?resize=700%2C400&ssl=1 2x"},"classes":[]},{"id":1819,"url":"https:\/\/believeindustry.company\/tr\/product\/corrugated-roof-sheet-roll-forming-machine\/","url_meta":{"origin":19055,"position":5},"title":"Oluklu \u00c7at\u0131 Sac\u0131 Rulo \u015eekillendirme Makinesi","author":"Believe Industry Group","date":"May\u0131s 17, 2018","format":false,"excerpt":"A corrugated roof sheet roll forming machine is a continuous metal processing system that bends flat steel or aluminum coils into corrugated roofing panels through a series of sequential roller stations. The machine feeds raw coil stock through 16 to 22 forming stations, where each pair of rollers incrementally bends\u2026","rel":"","context":"Benzer yaz\u0131","block_context":{"text":"Benzer yaz\u0131","link":""},"img":{"alt_text":"Fully Automatic Corrugated Roof Sheet Roll Forming Machine Production Line by Beli RollForming","src":"https:\/\/i0.wp.com\/believeindustry.company\/wp-content\/uploads\/2018\/05\/corrugated-roof-sheet-roll-forming-machine.webp?resize=350%2C200&ssl=1","width":350,"height":200,"srcset":"https:\/\/i0.wp.com\/believeindustry.company\/wp-content\/uploads\/2018\/05\/corrugated-roof-sheet-roll-forming-machine.webp?resize=350%2C200&ssl=1 1x, https:\/\/i0.wp.com\/believeindustry.company\/wp-content\/uploads\/2018\/05\/corrugated-roof-sheet-roll-forming-machine.webp?resize=525%2C300&ssl=1 1.5x, https:\/\/i0.wp.com\/believeindustry.company\/wp-content\/uploads\/2018\/05\/corrugated-roof-sheet-roll-forming-machine.webp?resize=700%2C400&ssl=1 2x, https:\/\/i0.wp.com\/believeindustry.company\/wp-content\/uploads\/2018\/05\/corrugated-roof-sheet-roll-forming-machine.webp?resize=1050%2C600&ssl=1 3x, https:\/\/i0.wp.com\/believeindustry.company\/wp-content\/uploads\/2018\/05\/corrugated-roof-sheet-roll-forming-machine.webp?resize=1400%2C800&ssl=1 4x"},"classes":[]}],"amp_enabled":true,"_links":{"self":[{"href":"https:\/\/believeindustry.company\/tr\/wp-json\/wp\/v2\/product\/19055","targetHints":{"allow":["GET"]}}],"collection":[{"href":"https:\/\/believeindustry.company\/tr\/wp-json\/wp\/v2\/product"}],"about":[{"href":"https:\/\/believeindustry.company\/tr\/wp-json\/wp\/v2\/types\/product"}],"replies":[{"embeddable":true,"href":"https:\/\/believeindustry.company\/tr\/wp-json\/wp\/v2\/comments?post=19055"}],"version-history":[{"count":15,"href":"https:\/\/believeindustry.company\/tr\/wp-json\/wp\/v2\/product\/19055\/revisions"}],"predecessor-version":[{"id":19364,"href":"https:\/\/believeindustry.company\/tr\/wp-json\/wp\/v2\/product\/19055\/revisions\/19364"}],"wp:featuredmedia":[{"embeddable":true,"href":"https:\/\/believeindustry.company\/tr\/wp-json\/wp\/v2\/media\/19067"}],"wp:attachment":[{"href":"https:\/\/believeindustry.company\/tr\/wp-json\/wp\/v2\/media?parent=19055"}],"wp:term":[{"taxonomy":"product_brand","embeddable":true,"href":"https:\/\/believeindustry.company\/tr\/wp-json\/wp\/v2\/product_brand?post=19055"},{"taxonomy":"product_cat","embeddable":true,"href":"https:\/\/believeindustry.company\/tr\/wp-json\/wp\/v2\/product_cat?post=19055"},{"taxonomy":"product_tag","embeddable":true,"href":"https:\/\/believeindustry.company\/tr\/wp-json\/wp\/v2\/product_tag?post=19055"}],"curies":[{"name":"wp","href":"https:\/\/api.w.org\/{rel}","templated":true}]}}