{"id":19368,"date":"2025-11-12T14:40:52","date_gmt":"2025-11-12T06:40:52","guid":{"rendered":"https:\/\/believeindustry.company\/?post_type=product&#038;p=19368"},"modified":"2025-11-12T15:18:43","modified_gmt":"2025-11-12T07:18:43","slug":"trapezoidal-ribbed-spandeck-roof-and-wall-cladding-roll-forming-machine","status":"publish","type":"product","link":"https:\/\/believeindustry.company\/tr\/product\/trapezoidal-ribbed-spandeck-roof-and-wall-cladding-roll-forming-machine\/","title":{"rendered":"Trapezoidal Ribbed Spandeck Roof and Wall Cladding Roll Forming Machine"},"content":{"rendered":"<div data-elementor-type=\"product-post\" data-elementor-id=\"19368\" class=\"elementor elementor-19368\" data-elementor-post-type=\"product\">\n\t\t\t\t<div data-particle_enable=\"false\" data-particle-mobile-disabled=\"false\" class=\"elementor-element elementor-element-b5804d4 e-flex e-con-boxed e-con e-parent\" data-id=\"b5804d4\" data-element_type=\"container\" data-e-type=\"container\">\n\t\t\t\t\t<div class=\"e-con-inner\">\n\t\t\t\t<div class=\"elementor-element elementor-element-ae66b95 elementor-widget elementor-widget-heading\" data-id=\"ae66b95\" data-element_type=\"widget\" data-e-type=\"widget\" data-widget_type=\"heading.default\">\n\t\t\t\t<div class=\"elementor-widget-container\">\n\t\t\t\t\t<h2 class=\"elementor-heading-title elementor-size-default\">Brief Introduction<\/h2>\t\t\t\t<\/div>\n\t\t\t\t<\/div>\n\t\t\t\t\t<\/div>\n\t\t\t\t<\/div>\n\t\t<div data-particle_enable=\"false\" data-particle-mobile-disabled=\"false\" class=\"elementor-element elementor-element-bd8d2d6 e-flex e-con-boxed e-con e-parent\" data-id=\"bd8d2d6\" data-element_type=\"container\" data-e-type=\"container\">\n\t\t\t\t\t<div class=\"e-con-inner\">\n\t\t\t\t<div class=\"elementor-element elementor-element-92201ec elementor-widget elementor-widget-text-editor\" data-id=\"92201ec\" data-element_type=\"widget\" data-e-type=\"widget\" data-widget_type=\"text-editor.default\">\n\t\t\t\t<div class=\"elementor-widget-container\">\n\t\t\t\t\t\t\t\t\t<p>The Trapezoidal Ribbed Spandeck Roof and Wall Cladding Roll Forming Machine is designed for the production of metal roof and wall panels featuring trapezoidal ribs. Controlled by a PLC system, the machine is user-friendly; operators need only input the required quantity and length via the touch screen interface, after which the machine automatically initiates production and stops upon completion of the programmed task.<\/p>\t\t\t\t\t\t\t\t<\/div>\n\t\t\t\t<\/div>\n\t\t\t\t\t<\/div>\n\t\t\t\t<\/div>\n\t\t<div data-particle_enable=\"false\" data-particle-mobile-disabled=\"false\" class=\"elementor-element elementor-element-727880a e-flex e-con-boxed e-con e-parent\" data-id=\"727880a\" data-element_type=\"container\" data-e-type=\"container\">\n\t\t\t\t\t<div class=\"e-con-inner\">\n\t\t\t\t<div class=\"elementor-element elementor-element-47b99bf elementor-widget elementor-widget-heading\" data-id=\"47b99bf\" data-element_type=\"widget\" data-e-type=\"widget\" data-widget_type=\"heading.default\">\n\t\t\t\t<div class=\"elementor-widget-container\">\n\t\t\t\t\t<h2 class=\"elementor-heading-title elementor-size-default\">Key Machine Components and Work Process<\/h2>\t\t\t\t<\/div>\n\t\t\t\t<\/div>\n\t\t\t\t<div class=\"elementor-element elementor-element-b9679a3 elementor-widget elementor-widget-text-editor\" data-id=\"b9679a3\" data-element_type=\"widget\" data-e-type=\"widget\" data-widget_type=\"text-editor.default\">\n\t\t\t\t<div class=\"elementor-widget-container\">\n\t\t\t\t\t\t\t\t\t<ol><li>5Ton Hydraulic Decoiler<\/li><li>Plastic Film Coating Device<\/li><li>Feeding Guide<\/li><li>Roll Forming Unit<\/li><li>Kesme Aleti<\/li><li>Toplama Tablosu<\/li><\/ol>\t\t\t\t\t\t\t\t<\/div>\n\t\t\t\t<\/div>\n\t\t\t\t<div class=\"elementor-element elementor-element-9a6b23d elementor-widget elementor-widget-image\" data-id=\"9a6b23d\" data-element_type=\"widget\" data-e-type=\"widget\" data-widget_type=\"image.default\">\n\t\t\t\t<div class=\"elementor-widget-container\">\n\t\t\t\t\t\t\t\t\t\t\t\t\t\t\t<img fetchpriority=\"high\" decoding=\"async\" data-attachment-id=\"19305\" data-permalink=\"https:\/\/believeindustry.company\/tr\/?attachment_id=19305\" data-orig-file=\"https:\/\/believeindustry.company\/wp-content\/uploads\/2025\/11\/75mm-Deep-Galvanized-Steel-Floor-Decking-Sheet-Roll-Forming-Machine-Layout.webp\" data-orig-size=\"1449,263\" data-comments-opened=\"1\" data-image-meta=\"{&quot;aperture&quot;:&quot;0&quot;,&quot;credit&quot;:&quot;&quot;,&quot;camera&quot;:&quot;&quot;,&quot;caption&quot;:&quot;&quot;,&quot;created_timestamp&quot;:&quot;0&quot;,&quot;copyright&quot;:&quot;&quot;,&quot;focal_length&quot;:&quot;0&quot;,&quot;iso&quot;:&quot;0&quot;,&quot;shutter_speed&quot;:&quot;0&quot;,&quot;title&quot;:&quot;&quot;,&quot;orientation&quot;:&quot;0&quot;}\" data-image-title=\"75mm Deep Galvanized Steel Floor Decking Sheet Roll Forming Machine Layout\" data-image-description=\"\" data-image-caption=\"\" data-large-file=\"https:\/\/believeindustry.company\/wp-content\/uploads\/2025\/11\/75mm-Deep-Galvanized-Steel-Floor-Decking-Sheet-Roll-Forming-Machine-Layout-1024x186.webp\" width=\"1024\" height=\"186\" src=\"https:\/\/believeindustry.company\/wp-content\/uploads\/2025\/11\/75mm-Deep-Galvanized-Steel-Floor-Decking-Sheet-Roll-Forming-Machine-Layout-1024x186.webp\" class=\"attachment-large size-large wp-image-19305\" alt=\"75mm Deep Galvanized Steel Floor Decking Sheet Roll Forming Machine\" srcset=\"https:\/\/believeindustry.company\/wp-content\/uploads\/2025\/11\/75mm-Deep-Galvanized-Steel-Floor-Decking-Sheet-Roll-Forming-Machine-Layout-1024x186.webp 1024w, https:\/\/believeindustry.company\/wp-content\/uploads\/2025\/11\/75mm-Deep-Galvanized-Steel-Floor-Decking-Sheet-Roll-Forming-Machine-Layout-300x54.webp 300w, https:\/\/believeindustry.company\/wp-content\/uploads\/2025\/11\/75mm-Deep-Galvanized-Steel-Floor-Decking-Sheet-Roll-Forming-Machine-Layout-768x139.webp 768w, https:\/\/believeindustry.company\/wp-content\/uploads\/2025\/11\/75mm-Deep-Galvanized-Steel-Floor-Decking-Sheet-Roll-Forming-Machine-Layout-600x109.webp 600w, https:\/\/believeindustry.company\/wp-content\/uploads\/2025\/11\/75mm-Deep-Galvanized-Steel-Floor-Decking-Sheet-Roll-Forming-Machine-Layout.webp 1449w\" sizes=\"(max-width: 1024px) 100vw, 1024px\" \/>\t\t\t\t\t\t\t\t\t\t\t\t\t\t\t<\/div>\n\t\t\t\t<\/div>\n\t\t\t\t<div class=\"elementor-element elementor-element-b34e462 elementor-widget elementor-widget-text-editor\" data-id=\"b34e462\" data-element_type=\"widget\" data-e-type=\"widget\" data-widget_type=\"text-editor.default\">\n\t\t\t\t<div class=\"elementor-widget-container\">\n\t\t\t\t\t\t\t\t\t<p>Work Process: decoiling &#8212; film coating &#8212; feeding and guiding &#8212; roll forming &#8212; cutting &#8212; collecting<\/p>\t\t\t\t\t\t\t\t<\/div>\n\t\t\t\t<\/div>\n\t\t\t\t\t<\/div>\n\t\t\t\t<\/div>\n\t\t<div data-particle_enable=\"false\" data-particle-mobile-disabled=\"false\" class=\"elementor-element elementor-element-a72ac5f e-flex e-con-boxed e-con e-parent\" data-id=\"a72ac5f\" data-element_type=\"container\" data-e-type=\"container\">\n\t\t\t\t\t<div class=\"e-con-inner\">\n\t\t\t\t<div class=\"elementor-element elementor-element-4351b83 elementor-widget elementor-widget-heading\" data-id=\"4351b83\" data-element_type=\"widget\" data-e-type=\"widget\" data-widget_type=\"heading.default\">\n\t\t\t\t<div class=\"elementor-widget-container\">\n\t\t\t\t\t<h2 class=\"elementor-heading-title elementor-size-default\">Technical Specifications<\/h2>\t\t\t\t<\/div>\n\t\t\t\t<\/div>\n\t\t\t\t<div class=\"elementor-element elementor-element-38dc776 elementor-widget elementor-widget-text-editor\" data-id=\"38dc776\" data-element_type=\"widget\" data-e-type=\"widget\" data-widget_type=\"text-editor.default\">\n\t\t\t\t<div class=\"elementor-widget-container\">\n\t\t\t\t\t\t\t\t\t<p>The table below presents the standard specifications of our Spandeck roll forming machine. Customization options are available to accommodate specific production requirements.<\/p>\t\t\t\t\t\t\t\t<\/div>\n\t\t\t\t<\/div>\n\t\t\t\t<div class=\"elementor-element elementor-element-6b6fdc6 elementor-widget elementor-widget-text-editor\" data-id=\"6b6fdc6\" data-element_type=\"widget\" data-e-type=\"widget\" data-widget_type=\"text-editor.default\">\n\t\t\t\t<div class=\"elementor-widget-container\">\n\t\t\t\t\t\t\t\t\t<table><tbody><tr><td colspan=\"3\" width=\"698\"><p><strong><b>Trapezoidal Ribbed Spandeck Roof and Wall Cladding Roll Forming Machine<\/b><\/strong><\/p><\/td><\/tr><tr><td width=\"36\"><p>1.\u00a0<\/p><\/td><td width=\"267\"><p>Coil Capacity<\/p><\/td><td width=\"395\"><p>Max 5,000 kg<\/p><\/td><\/tr><tr><td width=\"36\"><p>2.\u00a0<\/p><\/td><td width=\"267\"><p>Coil Inner Expansion Range<\/p><\/td><td width=\"395\"><p>480-520mm<\/p><\/td><\/tr><tr><td width=\"36\"><p>3.\u00a0<\/p><\/td><td width=\"267\"><p>H\u0131z\u0131n A\u00e7\u0131lmas\u0131<\/p><\/td><td width=\"395\"><p>Max 15m\/min<\/p><\/td><\/tr><tr><td width=\"36\"><p>4.\u00a0<\/p><\/td><td width=\"267\"><p>Makaral\u0131 \u0130stasyonlar<\/p><\/td><td width=\"395\"><p>20 stations<\/p><\/td><\/tr><tr><td width=\"36\"><p>5.\u00a0<\/p><\/td><td width=\"267\"><p>\u015eaft Malzemesi<\/p><\/td><td width=\"395\"><p>40Cr, 75 mm in diameter, HB 220-260<\/p><\/td><\/tr><tr><td width=\"36\"><p>6.\u00a0<\/p><\/td><td width=\"267\"><p>Silindir Malzemesi<\/p><\/td><td width=\"395\"><p>No.45 steel,quenching and tempering; chromed with 0.05mm thickness<\/p><\/td><\/tr><tr><td width=\"36\"><p>7.\u00a0<\/p><\/td><td width=\"267\"><p>Embossing Roller Material<\/p><\/td><td width=\"395\"><p>CR 12 MOV, heat treatment 58-62<\/p><\/td><\/tr><tr><td width=\"36\"><p>8.\u00a0<\/p><\/td><td width=\"267\"><p>\u015eekillendirme H\u0131z\u0131<\/p><\/td><td width=\"395\"><p>15-20m\/min<\/p><\/td><\/tr><tr><td width=\"36\"><p>9.\u00a0<\/p><\/td><td width=\"267\"><p>Motor Power<\/p><\/td><td width=\"395\"><p>7,5 kW<\/p><\/td><\/tr><tr><td width=\"36\"><p>10.\u00a0<\/p><\/td><td width=\"267\"><p>Dirve\u00a0Method<\/p><\/td><td width=\"395\"><p>1.5\u201ddouble row chain drive<\/p><\/td><\/tr><tr><td width=\"36\"><p>11.\u00a0<\/p><\/td><td width=\"267\"><p>Cutting Power<\/p><\/td><td width=\"395\"><p>5.5 kW<\/p><\/td><\/tr><tr><td width=\"36\"><p>12.\u00a0<\/p><\/td><td width=\"267\"><p>Cutting Blade Material<\/p><\/td><td width=\"395\"><p>Cr12 Mov, HRC58-62\u00b0<\/p><\/td><\/tr><tr><td width=\"36\"><p>13.\u00a0<\/p><\/td><td width=\"267\"><p>Cutting Length Tolerance<\/p><\/td><td width=\"395\"><p>\u00b12mm for 6 meters<\/p><\/td><\/tr><\/tbody><\/table>\t\t\t\t\t\t\t\t<\/div>\n\t\t\t\t<\/div>\n\t\t\t\t<div class=\"elementor-element elementor-element-00451db elementor-widget elementor-widget-heading\" data-id=\"00451db\" data-element_type=\"widget\" data-e-type=\"widget\" data-widget_type=\"heading.default\">\n\t\t\t\t<div class=\"elementor-widget-container\">\n\t\t\t\t\t<h2 class=\"elementor-heading-title elementor-size-default\">Why Choose Beli RollForming\u2019s Spandeck Machine?\u200b<\/h2>\t\t\t\t<\/div>\n\t\t\t\t<\/div>\n\t\t\t\t<div class=\"elementor-element elementor-element-ec765a0 elementor-widget elementor-widget-text-editor\" data-id=\"ec765a0\" data-element_type=\"widget\" data-e-type=\"widget\" data-widget_type=\"text-editor.default\">\n\t\t\t\t<div class=\"elementor-widget-container\">\n\t\t\t\t\t\t\t\t\t<p>Investing in our Trapezoidal Ribbed Spandeck Roof and Wall Cladding Roll Forming Machine represents a strategic commitment to the future growth and sustainability of your manufacturing operations. You will achieve a competitive advantage through enhanced product quality, high production efficiency, and substantial reductions in labor and material costs.\u00a0 \u00a0<\/p><p>Ready to enhance your production line? Explore our complete range of high-performance roll forming machines or <a href=\"https:\/\/believeindustry.company\/tr\/contact\/\">contact our expert team<\/a> today to schedule a personalized consultation and obtain a detailed quotation.<\/p>\t\t\t\t\t\t\t\t<\/div>\n\t\t\t\t<\/div>\n\t\t\t\t\t<\/div>\n\t\t\t\t<\/div>\n\t\t\t\t<\/div>","protected":false},"excerpt":{"rendered":"<p><strong>Trapezoidal Ribbed Spandeck Roof and Wall Cladding Roll Forming Machine<\/strong>\u200b from Beli RollForming is the ultimate industrial solution for manufacturers seeking to produce high-quality, durable building panels with unmatched precision and speed. This advanced machine is engineered to transform raw metal coils into robust spandeck profiles, a cornerstone of modern construction.<\/p>","protected":false},"featured_media":19411,"comment_status":"closed","ping_status":"closed","template":"","meta":{"_angie_page":false,"jetpack_publicize_message":"","jetpack_publicize_feature_enabled":true,"jetpack_social_post_already_shared":true,"jetpack_social_options":{"image_generator_settings":{"template":"highway","default_image_id":0,"font":"","enabled":false},"version":2},"_wpas_customize_per_network":false},"product_brand":[],"product_cat":[607850689,607850687],"product_tag":[],"class_list":{"0":"post-19368","1":"product","2":"type-product","3":"status-publish","4":"has-post-thumbnail","6":"product_cat-metal-panel","7":"product_cat-steel-structure-and-construction","9":"first","10":"instock","11":"sale","12":"shipping-taxable","13":"purchasable","14":"product-type-simple"},"jetpack_publicize_connections":[],"jetpack_sharing_enabled":true,"jetpack_likes_enabled":false,"jetpack-related-posts":[{"id":4894,"url":"https:\/\/believeindustry.company\/tr\/product\/roofseal-clip680-roll-forming-machine\/","url_meta":{"origin":19368,"position":0},"title":"Roofseal Clip680 Roll Forming Machine","author":"Believe Industry Group","date":"Mart 13, 2019","format":false,"excerpt":"Roofseal Clip680 Roll Forming Machine Roofseal Clip680 Roll Forming Machine is for product Roofseal clip680 roof as desired length. Which is very famous in Malaysia. Roofseal clip680 Description A premium concealed fixing profile roll formed from high-tensile steel substrate protected with corrosion inhibitive treatment. Possibility of water leakage can be\u2026","rel":"","context":"Benzer yaz\u0131","block_context":{"text":"Benzer yaz\u0131","link":""},"img":{"alt_text":"roofseal deck762 roll forming machine","src":"https:\/\/i0.wp.com\/believeindustry.company\/wp-content\/uploads\/2019\/01\/roofseal-deck762-roll-forming-machine.jpg?resize=350%2C200&ssl=1","width":350,"height":200,"srcset":"https:\/\/i0.wp.com\/believeindustry.company\/wp-content\/uploads\/2019\/01\/roofseal-deck762-roll-forming-machine.jpg?resize=350%2C200&ssl=1 1x, https:\/\/i0.wp.com\/believeindustry.company\/wp-content\/uploads\/2019\/01\/roofseal-deck762-roll-forming-machine.jpg?resize=525%2C300&ssl=1 1.5x, https:\/\/i0.wp.com\/believeindustry.company\/wp-content\/uploads\/2019\/01\/roofseal-deck762-roll-forming-machine.jpg?resize=700%2C400&ssl=1 2x"},"classes":[]},{"id":5105,"url":"https:\/\/believeindustry.company\/tr\/product\/metal-roof-deck-roll-forming-machine\/","url_meta":{"origin":19368,"position":1},"title":"Metal Roof Deck Roll Forming Machine","author":"Believe Industry Group","date":"Mart 18, 2019","format":false,"excerpt":"Metal roof deck roll forming machine is for producing metal\/steel\/aluminum roof decks as per requirements. \u00a0 Metal Roof Deck Roll Forming Machine What's Metal Roof Deck? Metal deck is a cold formed corrugated steel sheet supported by steel joists\u00a0or beams. It is used to support concrete or insulating membrane of\u2026","rel":"","context":"Benzer yaz\u0131","block_context":{"text":"Benzer yaz\u0131","link":""},"img":{"alt_text":"Complete automated metal roof deck roll forming machine production line by Beli.","src":"https:\/\/i0.wp.com\/believeindustry.company\/wp-content\/uploads\/2019\/03\/metal-roof-deck-roll-forming-machine-1.webp?resize=350%2C200&ssl=1","width":350,"height":200,"srcset":"https:\/\/i0.wp.com\/believeindustry.company\/wp-content\/uploads\/2019\/03\/metal-roof-deck-roll-forming-machine-1.webp?resize=350%2C200&ssl=1 1x, https:\/\/i0.wp.com\/believeindustry.company\/wp-content\/uploads\/2019\/03\/metal-roof-deck-roll-forming-machine-1.webp?resize=525%2C300&ssl=1 1.5x, https:\/\/i0.wp.com\/believeindustry.company\/wp-content\/uploads\/2019\/03\/metal-roof-deck-roll-forming-machine-1.webp?resize=700%2C400&ssl=1 2x, https:\/\/i0.wp.com\/believeindustry.company\/wp-content\/uploads\/2019\/03\/metal-roof-deck-roll-forming-machine-1.webp?resize=1050%2C600&ssl=1 3x, https:\/\/i0.wp.com\/believeindustry.company\/wp-content\/uploads\/2019\/03\/metal-roof-deck-roll-forming-machine-1.webp?resize=1400%2C800&ssl=1 4x"},"classes":[]},{"id":1819,"url":"https:\/\/believeindustry.company\/tr\/product\/corrugated-roof-sheet-roll-forming-machine\/","url_meta":{"origin":19368,"position":2},"title":"Corrugated Roof Sheet Roll Forming Machine","author":"Believe Industry Group","date":"May\u0131s 17, 2018","format":false,"excerpt":"A corrugated roof sheet roll forming machine is a continuous metal processing system that bends flat steel or aluminum coils into corrugated roofing panels through a series of sequential roller stations. The machine feeds raw coil stock through 16 to 22 forming stations, where each pair of rollers incrementally bends\u2026","rel":"","context":"Benzer yaz\u0131","block_context":{"text":"Benzer yaz\u0131","link":""},"img":{"alt_text":"Fully Automatic Corrugated Roof Sheet Roll Forming Machine Production Line by Beli RollForming","src":"https:\/\/i0.wp.com\/believeindustry.company\/wp-content\/uploads\/2018\/05\/corrugated-roof-sheet-roll-forming-machine.webp?resize=350%2C200&ssl=1","width":350,"height":200,"srcset":"https:\/\/i0.wp.com\/believeindustry.company\/wp-content\/uploads\/2018\/05\/corrugated-roof-sheet-roll-forming-machine.webp?resize=350%2C200&ssl=1 1x, https:\/\/i0.wp.com\/believeindustry.company\/wp-content\/uploads\/2018\/05\/corrugated-roof-sheet-roll-forming-machine.webp?resize=525%2C300&ssl=1 1.5x, https:\/\/i0.wp.com\/believeindustry.company\/wp-content\/uploads\/2018\/05\/corrugated-roof-sheet-roll-forming-machine.webp?resize=700%2C400&ssl=1 2x, https:\/\/i0.wp.com\/believeindustry.company\/wp-content\/uploads\/2018\/05\/corrugated-roof-sheet-roll-forming-machine.webp?resize=1050%2C600&ssl=1 3x, https:\/\/i0.wp.com\/believeindustry.company\/wp-content\/uploads\/2018\/05\/corrugated-roof-sheet-roll-forming-machine.webp?resize=1400%2C800&ssl=1 4x"},"classes":[]},{"id":19473,"url":"https:\/\/believeindustry.company\/tr\/product\/metal-tile-roof-panel-roll-forming-machine\/","url_meta":{"origin":19368,"position":3},"title":"Metal Tile Roof Panel Roll Forming Machine","author":"Believe Industry Group","date":"Kas\u0131m 13, 2025","format":false,"excerpt":"Metal Tile Roof Panel Roll Forming Machines serve as the cornerstone of modern and efficient construction material manufacturing. At Beli RollForming, we engineer these advanced systems to convert raw steel coils into high-precision, aesthetically pleasing metal tile panels with exceptional consistency and speed.","rel":"","context":"Benzer yaz\u0131","block_context":{"text":"Benzer yaz\u0131","link":""},"img":{"alt_text":"metal tile roof panel roll forming machine","src":"https:\/\/i0.wp.com\/believeindustry.company\/wp-content\/uploads\/2025\/11\/Metal-Tile-Roof-Panel-Roll-Forming-Machine.webp?resize=350%2C200&ssl=1","width":350,"height":200,"srcset":"https:\/\/i0.wp.com\/believeindustry.company\/wp-content\/uploads\/2025\/11\/Metal-Tile-Roof-Panel-Roll-Forming-Machine.webp?resize=350%2C200&ssl=1 1x, https:\/\/i0.wp.com\/believeindustry.company\/wp-content\/uploads\/2025\/11\/Metal-Tile-Roof-Panel-Roll-Forming-Machine.webp?resize=525%2C300&ssl=1 1.5x, https:\/\/i0.wp.com\/believeindustry.company\/wp-content\/uploads\/2025\/11\/Metal-Tile-Roof-Panel-Roll-Forming-Machine.webp?resize=700%2C400&ssl=1 2x"},"classes":[]},{"id":1777,"url":"https:\/\/believeindustry.company\/tr\/product\/ibr-roof-sheeting-roll-forming-machine\/","url_meta":{"origin":19368,"position":4},"title":"IBR Roof Sheeting Roll Forming Machine","author":"Believe Industry Group","date":"May\u0131s 15, 2018","format":false,"excerpt":"IBR Roof Sheeting Roll Forming Machine IBR Roof Sheeting Roll Forming Machine is a whole line to produce IBR Roof Sheeting as desired length. IBR sheet drawing Technical Specifications of IBR Roof Sheeting Roll Forming Machine Layout of IBR Sheet Roll Forming Machine M\/C of IBR Roof Sheeting Roll Forming\u2026","rel":"","context":"Benzer yaz\u0131","block_context":{"text":"Benzer yaz\u0131","link":""},"img":{"alt_text":"ibr roof sheeting roll forming machine","src":"https:\/\/i0.wp.com\/believeindustry.company\/wp-content\/uploads\/2018\/05\/ibr-roof-sheeting-roll-forming-machine.jpg?resize=350%2C200&ssl=1","width":350,"height":200,"srcset":"https:\/\/i0.wp.com\/believeindustry.company\/wp-content\/uploads\/2018\/05\/ibr-roof-sheeting-roll-forming-machine.jpg?resize=350%2C200&ssl=1 1x, https:\/\/i0.wp.com\/believeindustry.company\/wp-content\/uploads\/2018\/05\/ibr-roof-sheeting-roll-forming-machine.jpg?resize=525%2C300&ssl=1 1.5x, https:\/\/i0.wp.com\/believeindustry.company\/wp-content\/uploads\/2018\/05\/ibr-roof-sheeting-roll-forming-machine.jpg?resize=700%2C400&ssl=1 2x"},"classes":[]},{"id":2209,"url":"https:\/\/believeindustry.company\/tr\/product\/ibr-roofing-sheet-making-machine\/","url_meta":{"origin":19368,"position":5},"title":"IBR Roof Sheet Making Machine","author":"Believe Industry Group","date":"Haziran 8, 2018","format":false,"excerpt":"IBR Roofing Sheet Making Machine IBR Roofing Sheet Making Machine is a whole line to produce \u00a0IBR Roof Sheeting as desired length. Believe Industry Have 2 types of roll forming machines for 686 and 890 IBR sheeting IBR sheet drawing Technical Specifications of IBR Roofing Sheet Making Machine Layout of\u2026","rel":"","context":"Benzer yaz\u0131","block_context":{"text":"Benzer yaz\u0131","link":""},"img":{"alt_text":"ibr roofing sheet making machine line","src":"https:\/\/i0.wp.com\/believeindustry.company\/wp-content\/uploads\/2018\/06\/ibr-roof-sheet-making-machine-line.jpg?resize=350%2C200&ssl=1","width":350,"height":200,"srcset":"https:\/\/i0.wp.com\/believeindustry.company\/wp-content\/uploads\/2018\/06\/ibr-roof-sheet-making-machine-line.jpg?resize=350%2C200&ssl=1 1x, https:\/\/i0.wp.com\/believeindustry.company\/wp-content\/uploads\/2018\/06\/ibr-roof-sheet-making-machine-line.jpg?resize=525%2C300&ssl=1 1.5x, https:\/\/i0.wp.com\/believeindustry.company\/wp-content\/uploads\/2018\/06\/ibr-roof-sheet-making-machine-line.jpg?resize=700%2C400&ssl=1 2x"},"classes":[]}],"amp_enabled":true,"_links":{"self":[{"href":"https:\/\/believeindustry.company\/tr\/wp-json\/wp\/v2\/product\/19368","targetHints":{"allow":["GET"]}}],"collection":[{"href":"https:\/\/believeindustry.company\/tr\/wp-json\/wp\/v2\/product"}],"about":[{"href":"https:\/\/believeindustry.company\/tr\/wp-json\/wp\/v2\/types\/product"}],"replies":[{"embeddable":true,"href":"https:\/\/believeindustry.company\/tr\/wp-json\/wp\/v2\/comments?post=19368"}],"version-history":[{"count":15,"href":"https:\/\/believeindustry.company\/tr\/wp-json\/wp\/v2\/product\/19368\/revisions"}],"predecessor-version":[{"id":19441,"href":"https:\/\/believeindustry.company\/tr\/wp-json\/wp\/v2\/product\/19368\/revisions\/19441"}],"wp:featuredmedia":[{"embeddable":true,"href":"https:\/\/believeindustry.company\/tr\/wp-json\/wp\/v2\/media\/19411"}],"wp:attachment":[{"href":"https:\/\/believeindustry.company\/tr\/wp-json\/wp\/v2\/media?parent=19368"}],"wp:term":[{"taxonomy":"product_brand","embeddable":true,"href":"https:\/\/believeindustry.company\/tr\/wp-json\/wp\/v2\/product_brand?post=19368"},{"taxonomy":"product_cat","embeddable":true,"href":"https:\/\/believeindustry.company\/tr\/wp-json\/wp\/v2\/product_cat?post=19368"},{"taxonomy":"product_tag","embeddable":true,"href":"https:\/\/believeindustry.company\/tr\/wp-json\/wp\/v2\/product_tag?post=19368"}],"curies":[{"name":"wp","href":"https:\/\/api.w.org\/{rel}","templated":true}]}}